{"id":1005893,"date":"2020-06-10T14:27:41","date_gmt":"2020-06-10T12:27:41","guid":{"rendered":"https:\/\/mollersomega3.nl\/feragatname\/"},"modified":"2020-06-10T14:27:41","modified_gmt":"2020-06-10T12:27:41","slug":"feragatname","status":"publish","type":"page","link":"https:\/\/mollersomega3.nl\/tr\/feragatname\/","title":{"rendered":"Feragatname"},"content":{"rendered":"<h3>Telif Hakk\u0131 Korumas\u0131<\/h3>\n<p>Bu web sitesi telif hakk\u0131 korumas\u0131 alt\u0131ndad\u0131r. Aksi belirtilmedik\u00e7e, bu web sitesindeki t\u00fcm metin ve g\u00f6rsel markalar Good Life International BV&#8217;nin m\u00fclkiyetindedir. Bu, yaz\u0131l\u0131 izin olmadan bu markalar\u0131 kullanman\u0131n yasak oldu\u011fu anlam\u0131na gelir.  <\/p>\n<p><a href=\"https:\/\/mollersomega3.nl\/tr\/\" target=\"_self\" rel=\"noopener noreferrer\">www.mollersomega3.nl<\/a> web sitesi, M\u00f6ller&#8217;s \u00fcr\u00fcnleri hakk\u0131nda bilgi verir. Ayr\u0131ca site, omega-3 ya\u011f asitleri ve A, D ve E vitaminleri hakk\u0131nda bilgiler sunmaktad\u0131r. <\/p>\n<h3>Web sitesi \u00f6zenle haz\u0131rlanm\u0131\u015ft\u0131r<\/h3>\n<p>Web sitesi \u00f6zenle haz\u0131rlanm\u0131\u015ft\u0131r. Ancak, \u00f6zellikle t\u0131bbi ve bilimsel alandaki geli\u015fmeler nedeniyle, web sitesinin yanl\u0131\u015fl\u0131klar i\u00e7ermesi ka\u00e7\u0131n\u0131lmazd\u0131r. Good Life International BV \u00e7al\u0131\u015fanlar\u0131, \u00f6nceden haber vermeksizin web sitesindeki bilgileri de\u011fi\u015ftirebilir.  <\/p>\n<p>Good Life International BV, sunulan bilgilerin do\u011frulu\u011funu ve eksiksizli\u011fini hi\u00e7bir \u015fekilde garanti edemez. \u015eirket ve \u00e7al\u0131\u015fanlar\u0131, web sitesindeki bilgilere dayal\u0131 eylemlerden kaynaklanan herhangi bir t\u00fcrde zarardan hi\u00e7bir \u015fekilde sorumlu de\u011fildir. <\/p>\n<p>Good Life International BV, siteyi s\u00fcrekli olarak eri\u015filebilir tutmaya \u00e7al\u0131\u015fmaktad\u0131r. Sitenin ge\u00e7ici olarak eri\u015filemez olmas\u0131n\u0131n olas\u0131 sonu\u00e7lar\u0131 i\u00e7in hi\u00e7bir sorumluluk kabul etmemekteyiz. <\/p>\n<p>Bu web sitesi di\u011fer web sitelerine harici ba\u011flant\u0131lar i\u00e7ermektedir. Good Life International BV, bu web sitelerinin i\u00e7eri\u011fi, eksiksizli\u011fi ve yasall\u0131\u011f\u0131ndan hi\u00e7bir \u015fekilde sorumlu de\u011fildir. <\/p>\n<p>Sunulan bilgiler uzman tavsiyesinin yerini tutmaz. \u015eikayetleriniz varsa, her zaman tan\u0131nm\u0131\u015f bir doktora dan\u0131\u015fman\u0131z \u00f6nerilir. Bu, \u00f6zellikle \u015f\u00fcphe durumunda ve uzun s\u00fcreli veya tekrarlayan \u015fikayetlerde ge\u00e7erlidir. Bu nedenle, web sitesindeki bilgilerin kullan\u0131m\u0131 tamamen kendi sorumlulu\u011funuzdad\u0131r.<\/p>\n","protected":false},"excerpt":{"rendered":"<p>Telif Hakk\u0131 Korumas\u0131 Bu web sitesi telif hakk\u0131 korumas\u0131 alt\u0131ndad\u0131r. Aksi belirtilmedik\u00e7e, bu web sitesindeki t\u00fcm metin ve g\u00f6rsel markalar Good Life International BV&#8217;nin m\u00fclkiyetindedir. Bu, yaz\u0131l\u0131 izin olmadan bu markalar\u0131 kullanman\u0131n yasak oldu\u011fu anlam\u0131na gelir. www.mollersomega3.nl web sitesi, M\u00f6ller&#8217;s \u00fcr\u00fcnleri hakk\u0131nda bilgi verir. Ayr\u0131ca site, omega-3 ya\u011f asitleri ve A, D ve E vitaminleri [&hellip;]<\/p>\n","protected":false},"author":1,"featured_media":0,"parent":0,"menu_order":0,"comment_status":"closed","ping_status":"closed","template":"","meta":{"_yoast_wpseo_focuskw":"web sitesi \u00f6zenle haz\u0131rlanm\u0131\u015ft\u0131r","_yoast_wpseo_title":"%%title%%: bu web sitesi \u00f6zenle haz\u0131rlanm\u0131\u015ft\u0131r %%page%% %%sep%% %%sitename%%","_yoast_wpseo_metadesc":"Feragatname: web sitesi \u00f6zenle haz\u0131rlanm\u0131\u015ft\u0131r. Ancak, ilerleyen bilimsel bilgi nedeniyle yanl\u0131\u015fl\u0131klar ka\u00e7\u0131n\u0131lmaz olabilir.","_monsterinsights_skip_tracking":false,"_monsterinsights_sitenote_active":false,"_monsterinsights_sitenote_note":"","_monsterinsights_sitenote_category":0,"footnotes":""},"class_list":["post-1005893","page","type-page","status-publish","hentry"],"yoast_head":"<!-- This site is optimized with the Yoast SEO Premium plugin v25.1 (Yoast SEO v25.1) - https:\/\/yoast.com\/wordpress\/plugins\/seo\/ -->\n<title>Feragatname: bu web sitesi \u00f6zenle haz\u0131rlanm\u0131\u015ft\u0131r - M\u00f6llers Omega-3<\/title>\n<meta name=\"description\" content=\"Feragatname: web sitesi \u00f6zenle haz\u0131rlanm\u0131\u015ft\u0131r. Ancak, ilerleyen bilimsel bilgi nedeniyle yanl\u0131\u015fl\u0131klar ka\u00e7\u0131n\u0131lmaz olabilir.\" \/>\n<meta name=\"robots\" content=\"index, follow, max-snippet:-1, max-image-preview:large, max-video-preview:-1\" \/>\n<link rel=\"canonical\" href=\"https:\/\/mollersomega3.nl\/disclaimer\/\" \/>\n<meta property=\"og:locale\" content=\"tr_TR\" \/>\n<meta property=\"og:type\" content=\"article\" \/>\n<meta property=\"og:title\" content=\"Feragatname\" \/>\n<meta property=\"og:description\" content=\"Feragatname: web sitesi \u00f6zenle haz\u0131rlanm\u0131\u015ft\u0131r. Ancak, ilerleyen bilimsel bilgi nedeniyle yanl\u0131\u015fl\u0131klar ka\u00e7\u0131n\u0131lmaz olabilir.\" \/>\n<meta property=\"og:url\" content=\"https:\/\/mollersomega3.nl\/disclaimer\/\" \/>\n<meta property=\"og:site_name\" content=\"M\u00f6llers Omega-3\" \/>\n<meta property=\"article:publisher\" content=\"https:\/\/www.facebook.com\/mollersomega3nl\" \/>\n<meta property=\"og:image\" content=\"https:\/\/mollersomega3.nl\/wp-content\/uploads\/2020\/12\/Mollers_logo_Flag_omega3_ENG_vertical_641x589_300PPI.png\" \/>\n\t<meta property=\"og:image:width\" content=\"641\" \/>\n\t<meta property=\"og:image:height\" content=\"589\" \/>\n\t<meta property=\"og:image:type\" content=\"image\/png\" \/>\n<meta name=\"twitter:card\" content=\"summary_large_image\" \/>\n<meta name=\"twitter:site\" content=\"@mollersomega3nl\" \/>\n<meta name=\"twitter:label1\" content=\"Est. reading time\" \/>\n\t<meta name=\"twitter:data1\" content=\"1 minute\" \/>\n<script type=\"application\/ld+json\" class=\"yoast-schema-graph\">{\"@context\":\"https:\/\/schema.org\",\"@graph\":[{\"@type\":\"WebPage\",\"@id\":\"https:\/\/mollersomega3.nl\/disclaimer\/\",\"url\":\"https:\/\/mollersomega3.nl\/disclaimer\/\",\"name\":\"Feragatname: bu web sitesi \u00f6zenle haz\u0131rlanm\u0131\u015ft\u0131r - M\u00f6llers Omega-3\",\"isPartOf\":{\"@id\":\"https:\/\/mollersomega3.nl\/#website\"},\"datePublished\":\"2020-06-10T12:27:41+00:00\",\"description\":\"Feragatname: web sitesi \u00f6zenle haz\u0131rlanm\u0131\u015ft\u0131r. Ancak, ilerleyen bilimsel bilgi nedeniyle yanl\u0131\u015fl\u0131klar ka\u00e7\u0131n\u0131lmaz olabilir.\",\"breadcrumb\":{\"@id\":\"https:\/\/mollersomega3.nl\/disclaimer\/#breadcrumb\"},\"inLanguage\":\"tr-TR\",\"potentialAction\":[{\"@type\":\"ReadAction\",\"target\":[\"https:\/\/mollersomega3.nl\/disclaimer\/\"]}]},{\"@type\":\"BreadcrumbList\",\"@id\":\"https:\/\/mollersomega3.nl\/disclaimer\/#breadcrumb\",\"itemListElement\":[{\"@type\":\"ListItem\",\"position\":1,\"name\":\"Ana Sayfa\",\"item\":\"https:\/\/mollersomega3.nl\/tr\/\"},{\"@type\":\"ListItem\",\"position\":2,\"name\":\"Feragatname\"}]},{\"@type\":\"WebSite\",\"@id\":\"https:\/\/mollersomega3.nl\/#website\",\"url\":\"https:\/\/mollersomega3.nl\/\",\"name\":\"M\u00f6llers Omega-3\",\"description\":\"A Spoonful of Life since 1854\",\"publisher\":{\"@id\":\"https:\/\/mollersomega3.nl\/#organization\"},\"potentialAction\":[{\"@type\":\"SearchAction\",\"target\":{\"@type\":\"EntryPoint\",\"urlTemplate\":\"https:\/\/mollersomega3.nl\/?s={search_term_string}\"},\"query-input\":{\"@type\":\"PropertyValueSpecification\",\"valueRequired\":true,\"valueName\":\"search_term_string\"}}],\"inLanguage\":\"tr-TR\"},{\"@type\":\"Organization\",\"@id\":\"https:\/\/mollersomega3.nl\/#organization\",\"name\":\"M\u00f6llers Omega-3\",\"url\":\"https:\/\/mollersomega3.nl\/\",\"logo\":{\"@type\":\"ImageObject\",\"inLanguage\":\"tr-TR\",\"@id\":\"https:\/\/mollersomega3.nl\/#\/schema\/logo\/image\/\",\"url\":\"https:\/\/mollersomega3.nl\/wp-content\/uploads\/2020\/07\/mollers-logo-bestellingen.png\",\"contentUrl\":\"https:\/\/mollersomega3.nl\/wp-content\/uploads\/2020\/07\/mollers-logo-bestellingen.png\",\"width\":250,\"height\":86,\"caption\":\"M\u00f6llers Omega-3\"},\"image\":{\"@id\":\"https:\/\/mollersomega3.nl\/#\/schema\/logo\/image\/\"},\"sameAs\":[\"https:\/\/www.facebook.com\/MollersOmega3NL\",\"https:\/\/www.instagram.com\/mollersomega3nl\/\",\"https:\/\/nl.linkedin.com\/company\/good-life-international\",\"https:\/\/www.bol.com\/nl\/nl\/m\/mollers\/\",\"https:\/\/mollersomega3.nl\/en\/\"],\"foundingDate\":\"1854\",\"areaServed\":[\"GB\",\"IE\",\"US\",\"CA\",\"AU\",\"NZ\",\"NL\"],\"knowsAbout\":[\"omega-3\",\"cod liver oil\",\"fish oil\",\"DHA\",\"EPA\",\"vitamin D\"],\"description\":\"Norwegian premium omega-3 brand since 1854. Cod liver oil and fish oil supplements with omega-3, vitamins A, D and E.\"}]}<\/script>\n<!-- \/ Yoast SEO Premium plugin. -->","yoast_head_json":{"title":"Feragatname: bu web sitesi \u00f6zenle haz\u0131rlanm\u0131\u015ft\u0131r - M\u00f6llers Omega-3","description":"Feragatname: web sitesi \u00f6zenle haz\u0131rlanm\u0131\u015ft\u0131r. Ancak, ilerleyen bilimsel bilgi nedeniyle yanl\u0131\u015fl\u0131klar ka\u00e7\u0131n\u0131lmaz olabilir.","robots":{"index":"index","follow":"follow","max-snippet":"max-snippet:-1","max-image-preview":"max-image-preview:large","max-video-preview":"max-video-preview:-1"},"canonical":"https:\/\/mollersomega3.nl\/disclaimer\/","og_locale":"tr_TR","og_type":"article","og_title":"Feragatname","og_description":"Feragatname: web sitesi \u00f6zenle haz\u0131rlanm\u0131\u015ft\u0131r. Ancak, ilerleyen bilimsel bilgi nedeniyle yanl\u0131\u015fl\u0131klar ka\u00e7\u0131n\u0131lmaz olabilir.","og_url":"https:\/\/mollersomega3.nl\/disclaimer\/","og_site_name":"M\u00f6llers Omega-3","article_publisher":"https:\/\/www.facebook.com\/mollersomega3nl","og_image":[{"width":641,"height":589,"url":"https:\/\/mollersomega3.nl\/wp-content\/uploads\/2020\/12\/Mollers_logo_Flag_omega3_ENG_vertical_641x589_300PPI.png","type":"image\/png"}],"twitter_card":"summary_large_image","twitter_site":"@mollersomega3nl","twitter_misc":{"Est. reading time":"1 minute"},"schema":{"@context":"https:\/\/schema.org","@graph":[{"@type":"WebPage","@id":"https:\/\/mollersomega3.nl\/disclaimer\/","url":"https:\/\/mollersomega3.nl\/disclaimer\/","name":"Feragatname: bu web sitesi \u00f6zenle haz\u0131rlanm\u0131\u015ft\u0131r - M\u00f6llers Omega-3","isPartOf":{"@id":"https:\/\/mollersomega3.nl\/#website"},"datePublished":"2020-06-10T12:27:41+00:00","description":"Feragatname: web sitesi \u00f6zenle haz\u0131rlanm\u0131\u015ft\u0131r. Ancak, ilerleyen bilimsel bilgi nedeniyle yanl\u0131\u015fl\u0131klar ka\u00e7\u0131n\u0131lmaz olabilir.","breadcrumb":{"@id":"https:\/\/mollersomega3.nl\/disclaimer\/#breadcrumb"},"inLanguage":"tr-TR","potentialAction":[{"@type":"ReadAction","target":["https:\/\/mollersomega3.nl\/disclaimer\/"]}]},{"@type":"BreadcrumbList","@id":"https:\/\/mollersomega3.nl\/disclaimer\/#breadcrumb","itemListElement":[{"@type":"ListItem","position":1,"name":"Ana Sayfa","item":"https:\/\/mollersomega3.nl\/tr\/"},{"@type":"ListItem","position":2,"name":"Feragatname"}]},{"@type":"WebSite","@id":"https:\/\/mollersomega3.nl\/#website","url":"https:\/\/mollersomega3.nl\/","name":"M\u00f6llers Omega-3","description":"A Spoonful of Life since 1854","publisher":{"@id":"https:\/\/mollersomega3.nl\/#organization"},"potentialAction":[{"@type":"SearchAction","target":{"@type":"EntryPoint","urlTemplate":"https:\/\/mollersomega3.nl\/?s={search_term_string}"},"query-input":{"@type":"PropertyValueSpecification","valueRequired":true,"valueName":"search_term_string"}}],"inLanguage":"tr-TR"},{"@type":"Organization","@id":"https:\/\/mollersomega3.nl\/#organization","name":"M\u00f6llers Omega-3","url":"https:\/\/mollersomega3.nl\/","logo":{"@type":"ImageObject","inLanguage":"tr-TR","@id":"https:\/\/mollersomega3.nl\/#\/schema\/logo\/image\/","url":"https:\/\/mollersomega3.nl\/wp-content\/uploads\/2020\/07\/mollers-logo-bestellingen.png","contentUrl":"https:\/\/mollersomega3.nl\/wp-content\/uploads\/2020\/07\/mollers-logo-bestellingen.png","width":250,"height":86,"caption":"M\u00f6llers Omega-3"},"image":{"@id":"https:\/\/mollersomega3.nl\/#\/schema\/logo\/image\/"},"sameAs":["https:\/\/www.facebook.com\/MollersOmega3NL","https:\/\/www.instagram.com\/mollersomega3nl\/","https:\/\/nl.linkedin.com\/company\/good-life-international","https:\/\/www.bol.com\/nl\/nl\/m\/mollers\/","https:\/\/mollersomega3.nl\/en\/"],"foundingDate":"1854","areaServed":["GB","IE","US","CA","AU","NZ","NL"],"knowsAbout":["omega-3","cod liver oil","fish oil","DHA","EPA","vitamin D"],"description":"Norwegian premium omega-3 brand since 1854. Cod liver oil and fish oil supplements with omega-3, vitamins A, D and E."}]}},"_links":{"self":[{"href":"https:\/\/mollersomega3.nl\/tr\/wp-json\/wp\/v2\/pages\/1005893","targetHints":{"allow":["GET"]}}],"collection":[{"href":"https:\/\/mollersomega3.nl\/tr\/wp-json\/wp\/v2\/pages"}],"about":[{"href":"https:\/\/mollersomega3.nl\/tr\/wp-json\/wp\/v2\/types\/page"}],"author":[{"embeddable":true,"href":"https:\/\/mollersomega3.nl\/tr\/wp-json\/wp\/v2\/users\/1"}],"replies":[{"embeddable":true,"href":"https:\/\/mollersomega3.nl\/tr\/wp-json\/wp\/v2\/comments?post=1005893"}],"version-history":[{"count":0,"href":"https:\/\/mollersomega3.nl\/tr\/wp-json\/wp\/v2\/pages\/1005893\/revisions"}],"wp:attachment":[{"href":"https:\/\/mollersomega3.nl\/tr\/wp-json\/wp\/v2\/media?parent=1005893"}],"curies":[{"name":"wp","href":"https:\/\/api.w.org\/{rel}","templated":true}]}}