{"id":1005894,"date":"2020-06-10T10:57:03","date_gmt":"2020-06-10T08:57:03","guid":{"rendered":"https:\/\/mollersomega3.nl\/omega-3-a-vitamini-ve-cilt\/"},"modified":"2020-06-10T10:57:03","modified_gmt":"2020-06-10T08:57:03","slug":"omega-3-a-vitamini-ve-cilt","status":"publish","type":"page","link":"https:\/\/mollersomega3.nl\/tr\/omega-3-a-vitamini-ve-cilt\/","title":{"rendered":"Omega-3, A vitamini ve cilt"},"content":{"rendered":"<h2>M\u00f6ller&#8217;s Omega-3 i\u00e7ten d\u0131\u015fa g\u00fczel bir cilt sa\u011flar!<\/h2>\n<p>Cilt en b\u00fcy\u00fck organ\u0131m\u0131zd\u0131r. \u00c7e\u015fitli besin maddelerinin cilt \u00fczerinde bilimsel olarak kan\u0131tlanm\u0131\u015f olumlu etkileri vard\u0131r. \u00d6rne\u011fin, A vitamini ve cilt aras\u0131nda bir ba\u011flant\u0131 vard\u0131r.  <\/p>\n<ul>\n<li>A vitamini ve cilt: A vitamini, ciltteki h\u00fccrelerin olu\u015fumu i\u00e7in gereklidir ve cildin iyi durumda olmas\u0131n\u0131 sa\u011flar.<\/li>\n<li>Antioksidanlar, h\u00fccrelerinizi serbest radikallerden korumak i\u00e7in gereklidir. Bunlar cilt ya\u015flanmas\u0131n\u0131 h\u0131zland\u0131ran zararl\u0131 maddelerdir. C ve E vitamini gibi antioksidanlar, bu serbest radikallerin at\u0131lmas\u0131n\u0131 sa\u011flar.  <\/li>\n<li>B vitaminleri, \u00f6zellikle B2, B3 ve B8, sa\u011fl\u0131kl\u0131 bir cilt i\u00e7in vazge\u00e7ilmezdir.<\/li>\n<li>Cilt i\u00e7in \u00e7ok \u00f6nemli bir besin maddesi omega-3&#8217;t\u00fcr. Bilimsel ara\u015ft\u0131rmalar, egzama ve akne gibi cilt sorunlar\u0131 \u00fczerinde olumlu etkiler g\u00f6stermektedir. Omega-3, h\u00fccreleri esnek tutar ve iltihap \u00f6nleyici etki g\u00f6sterir. Kuru cildi de omega-3 ya\u011f asitleriyle \u00f6nleyebilirsiniz.   <\/li>\n<\/ul>\n<h3>Omega-3: A vitamini ve cilt<\/h3>\n<p>M\u00f6ller&#8217;s Omega-3&#8217;\u00fcn sad\u0131k kullan\u0131c\u0131lar\u0131, \u00fcr\u00fcn\u00fcn ciltleri \u00fczerindeki etkisinden \u00e7ok memnun. Yorumlardan baz\u0131lar\u0131: <\/p>\n<p><strong>\u201cSorunlu cildim nedeniyle <em>bal\u0131k ya\u011f\u0131<\/em> kullanmaya ba\u015flad\u0131m. Kesinlikle bir fark g\u00f6r\u00fcyor ve hissediyorum.\u201d <\/strong><\/p>\n<p><em><strong>&#8220;Ortomolek\u00fcler doktorum bana M\u00f6ller&#8217;s Limon Bal\u0131k Ya\u011f\u0131 kullanmam\u0131 tavsiye etti, bu \u00fcr\u00fcn\u00fc hemen sat\u0131n ald\u0131m ve yakla\u015f\u0131k 3-4 ayd\u0131r kullan\u0131yorum. K\u0131sa s\u00fcrede fark ettim, \u00f6zellikle cildim \u00e7ok daha az kuru oldu.&#8221;<\/strong><\/em><\/p>\n<p><img decoding=\"async\" class=\"alignnone wp-image-458\" src=\"https:\/\/mollersomega3.nl\/wp-content\/uploads\/2020\/06\/icoontjes-groen-los_huid.png\" alt=\"A Vitamini ve Cilt\" width=\"150\" height=\"150\" srcset=\"https:\/\/mollersomega3.nl\/wp-content\/uploads\/2020\/06\/icoontjes-groen-los_huid.png 418w, https:\/\/mollersomega3.nl\/wp-content\/uploads\/2020\/06\/icoontjes-groen-los_huid-300x300.png 300w, https:\/\/mollersomega3.nl\/wp-content\/uploads\/2020\/06\/icoontjes-groen-los_huid-100x100.png 100w\" sizes=\"(max-width: 150px) 100vw, 150px\" \/><\/p>\n<p><strong>Biliyor muydunuz&#8230; ciltte, g\u00fcne\u015f \u0131\u015f\u0131\u011f\u0131na maruz kald\u0131\u011f\u0131nda <a href=\"https:\/\/mollersomega3.nl\/tr\/kemikler-disler-ve-kaslar-icin-d-vitamini\/\">D vitamini<\/a> \u00fcretilir?<\/strong><\/p>\n","protected":false},"excerpt":{"rendered":"<p>M\u00f6ller&#8217;s Omega-3 i\u00e7ten d\u0131\u015fa g\u00fczel bir cilt sa\u011flar! Cilt en b\u00fcy\u00fck organ\u0131m\u0131zd\u0131r. \u00c7e\u015fitli besin maddelerinin cilt \u00fczerinde bilimsel olarak kan\u0131tlanm\u0131\u015f olumlu etkileri vard\u0131r. \u00d6rne\u011fin, A vitamini ve cilt aras\u0131nda bir ba\u011flant\u0131 vard\u0131r. A vitamini ve cilt: A vitamini, ciltteki h\u00fccrelerin olu\u015fumu i\u00e7in gereklidir ve cildin iyi durumda olmas\u0131n\u0131 sa\u011flar. Antioksidanlar, h\u00fccrelerinizi serbest radikallerden korumak i\u00e7in [&hellip;]<\/p>\n","protected":false},"author":1,"featured_media":0,"parent":0,"menu_order":0,"comment_status":"closed","ping_status":"closed","template":"","meta":{"_yoast_wpseo_focuskw":"A vitamini ve cilt","_yoast_wpseo_title":"","_yoast_wpseo_metadesc":"A vitamini ve cilt. Besin maddeleri cildi etkiler. M\u00f6ller's Omega-3 i\u00e7ten d\u0131\u015fa g\u00fczel bir cilt sa\u011flar!","_monsterinsights_skip_tracking":false,"_monsterinsights_sitenote_active":false,"_monsterinsights_sitenote_note":"","_monsterinsights_sitenote_category":0,"footnotes":""},"class_list":["post-1005894","page","type-page","status-publish","hentry"],"yoast_head":"<!-- This site is optimized with the Yoast SEO Premium plugin v25.1 (Yoast SEO v25.1) - https:\/\/yoast.com\/wordpress\/plugins\/seo\/ -->\n<title>Omega-3, A vitamini ve cilt - M\u00f6llers Omega-3<\/title>\n<meta name=\"description\" content=\"A vitamini ve cilt. Besin maddeleri cildi etkiler. M\u00f6ller&#039;s Omega-3 i\u00e7ten d\u0131\u015fa g\u00fczel bir cilt sa\u011flar!\" \/>\n<meta name=\"robots\" content=\"index, follow, max-snippet:-1, max-image-preview:large, max-video-preview:-1\" \/>\n<link rel=\"canonical\" href=\"https:\/\/mollersomega3.nl\/vitamine-a-en-de-huid\/\" \/>\n<meta property=\"og:locale\" content=\"tr_TR\" \/>\n<meta property=\"og:type\" content=\"article\" \/>\n<meta property=\"og:title\" content=\"Omega-3, A vitamini ve cilt\" \/>\n<meta property=\"og:description\" content=\"A vitamini ve cilt. Besin maddeleri cildi etkiler. M\u00f6ller&#039;s Omega-3 i\u00e7ten d\u0131\u015fa g\u00fczel bir cilt sa\u011flar!\" \/>\n<meta property=\"og:url\" content=\"https:\/\/mollersomega3.nl\/vitamine-a-en-de-huid\/\" \/>\n<meta property=\"og:site_name\" content=\"M\u00f6llers Omega-3\" \/>\n<meta property=\"article:publisher\" content=\"https:\/\/www.facebook.com\/mollersomega3nl\" \/>\n<meta property=\"og:image\" content=\"https:\/\/mollersomega3.nl\/wp-content\/uploads\/2020\/06\/icoontjes-groen-los_huid.png\" \/>\n<meta name=\"twitter:card\" content=\"summary_large_image\" \/>\n<meta name=\"twitter:site\" content=\"@mollersomega3nl\" \/>\n<meta name=\"twitter:label1\" content=\"Est. reading time\" \/>\n\t<meta name=\"twitter:data1\" content=\"1 minute\" \/>\n<script type=\"application\/ld+json\" class=\"yoast-schema-graph\">{\"@context\":\"https:\/\/schema.org\",\"@graph\":[{\"@type\":\"WebPage\",\"@id\":\"https:\/\/mollersomega3.nl\/vitamine-a-en-de-huid\/\",\"url\":\"https:\/\/mollersomega3.nl\/vitamine-a-en-de-huid\/\",\"name\":\"Omega-3, A vitamini ve cilt - M\u00f6llers Omega-3\",\"isPartOf\":{\"@id\":\"https:\/\/mollersomega3.nl\/#website\"},\"primaryImageOfPage\":{\"@id\":\"https:\/\/mollersomega3.nl\/vitamine-a-en-de-huid\/#primaryimage\"},\"image\":{\"@id\":\"https:\/\/mollersomega3.nl\/vitamine-a-en-de-huid\/#primaryimage\"},\"thumbnailUrl\":\"https:\/\/mollersomega3.nl\/wp-content\/uploads\/2020\/06\/icoontjes-groen-los_huid.png\",\"datePublished\":\"2020-06-10T08:57:03+00:00\",\"description\":\"A vitamini ve cilt. Besin maddeleri cildi etkiler. M\u00f6ller's Omega-3 i\u00e7ten d\u0131\u015fa g\u00fczel bir cilt sa\u011flar!\",\"breadcrumb\":{\"@id\":\"https:\/\/mollersomega3.nl\/vitamine-a-en-de-huid\/#breadcrumb\"},\"inLanguage\":\"tr-TR\",\"potentialAction\":[{\"@type\":\"ReadAction\",\"target\":[\"https:\/\/mollersomega3.nl\/vitamine-a-en-de-huid\/\"]}]},{\"@type\":\"ImageObject\",\"inLanguage\":\"tr-TR\",\"@id\":\"https:\/\/mollersomega3.nl\/vitamine-a-en-de-huid\/#primaryimage\",\"url\":\"https:\/\/mollersomega3.nl\/wp-content\/uploads\/2020\/06\/icoontjes-groen-los_huid.png\",\"contentUrl\":\"https:\/\/mollersomega3.nl\/wp-content\/uploads\/2020\/06\/icoontjes-groen-los_huid.png\"},{\"@type\":\"BreadcrumbList\",\"@id\":\"https:\/\/mollersomega3.nl\/vitamine-a-en-de-huid\/#breadcrumb\",\"itemListElement\":[{\"@type\":\"ListItem\",\"position\":1,\"name\":\"Ana Sayfa\",\"item\":\"https:\/\/mollersomega3.nl\/tr\/\"},{\"@type\":\"ListItem\",\"position\":2,\"name\":\"Omega-3, A vitamini ve cilt\"}]},{\"@type\":\"WebSite\",\"@id\":\"https:\/\/mollersomega3.nl\/#website\",\"url\":\"https:\/\/mollersomega3.nl\/\",\"name\":\"M\u00f6llers Omega-3\",\"description\":\"A Spoonful of Life since 1854\",\"publisher\":{\"@id\":\"https:\/\/mollersomega3.nl\/#organization\"},\"potentialAction\":[{\"@type\":\"SearchAction\",\"target\":{\"@type\":\"EntryPoint\",\"urlTemplate\":\"https:\/\/mollersomega3.nl\/?s={search_term_string}\"},\"query-input\":{\"@type\":\"PropertyValueSpecification\",\"valueRequired\":true,\"valueName\":\"search_term_string\"}}],\"inLanguage\":\"tr-TR\"},{\"@type\":\"Organization\",\"@id\":\"https:\/\/mollersomega3.nl\/#organization\",\"name\":\"M\u00f6llers Omega-3\",\"url\":\"https:\/\/mollersomega3.nl\/\",\"logo\":{\"@type\":\"ImageObject\",\"inLanguage\":\"tr-TR\",\"@id\":\"https:\/\/mollersomega3.nl\/#\/schema\/logo\/image\/\",\"url\":\"https:\/\/mollersomega3.nl\/wp-content\/uploads\/2020\/07\/mollers-logo-bestellingen.png\",\"contentUrl\":\"https:\/\/mollersomega3.nl\/wp-content\/uploads\/2020\/07\/mollers-logo-bestellingen.png\",\"width\":250,\"height\":86,\"caption\":\"M\u00f6llers Omega-3\"},\"image\":{\"@id\":\"https:\/\/mollersomega3.nl\/#\/schema\/logo\/image\/\"},\"sameAs\":[\"https:\/\/www.facebook.com\/MollersOmega3NL\",\"https:\/\/www.instagram.com\/mollersomega3nl\/\",\"https:\/\/nl.linkedin.com\/company\/good-life-international\",\"https:\/\/www.bol.com\/nl\/nl\/m\/mollers\/\",\"https:\/\/mollersomega3.nl\/en\/\"],\"foundingDate\":\"1854\",\"areaServed\":[\"GB\",\"IE\",\"US\",\"CA\",\"AU\",\"NZ\",\"NL\"],\"knowsAbout\":[\"omega-3\",\"cod liver oil\",\"fish oil\",\"DHA\",\"EPA\",\"vitamin D\"],\"description\":\"Norwegian premium omega-3 brand since 1854. Cod liver oil and fish oil supplements with omega-3, vitamins A, D and E.\"}]}<\/script>\n<!-- \/ Yoast SEO Premium plugin. -->","yoast_head_json":{"title":"Omega-3, A vitamini ve cilt - M\u00f6llers Omega-3","description":"A vitamini ve cilt. Besin maddeleri cildi etkiler. M\u00f6ller's Omega-3 i\u00e7ten d\u0131\u015fa g\u00fczel bir cilt sa\u011flar!","robots":{"index":"index","follow":"follow","max-snippet":"max-snippet:-1","max-image-preview":"max-image-preview:large","max-video-preview":"max-video-preview:-1"},"canonical":"https:\/\/mollersomega3.nl\/vitamine-a-en-de-huid\/","og_locale":"tr_TR","og_type":"article","og_title":"Omega-3, A vitamini ve cilt","og_description":"A vitamini ve cilt. Besin maddeleri cildi etkiler. M\u00f6ller's Omega-3 i\u00e7ten d\u0131\u015fa g\u00fczel bir cilt sa\u011flar!","og_url":"https:\/\/mollersomega3.nl\/vitamine-a-en-de-huid\/","og_site_name":"M\u00f6llers Omega-3","article_publisher":"https:\/\/www.facebook.com\/mollersomega3nl","og_image":[{"url":"https:\/\/mollersomega3.nl\/wp-content\/uploads\/2020\/06\/icoontjes-groen-los_huid.png","type":"","width":"","height":""}],"twitter_card":"summary_large_image","twitter_site":"@mollersomega3nl","twitter_misc":{"Est. reading time":"1 minute"},"schema":{"@context":"https:\/\/schema.org","@graph":[{"@type":"WebPage","@id":"https:\/\/mollersomega3.nl\/vitamine-a-en-de-huid\/","url":"https:\/\/mollersomega3.nl\/vitamine-a-en-de-huid\/","name":"Omega-3, A vitamini ve cilt - M\u00f6llers Omega-3","isPartOf":{"@id":"https:\/\/mollersomega3.nl\/#website"},"primaryImageOfPage":{"@id":"https:\/\/mollersomega3.nl\/vitamine-a-en-de-huid\/#primaryimage"},"image":{"@id":"https:\/\/mollersomega3.nl\/vitamine-a-en-de-huid\/#primaryimage"},"thumbnailUrl":"https:\/\/mollersomega3.nl\/wp-content\/uploads\/2020\/06\/icoontjes-groen-los_huid.png","datePublished":"2020-06-10T08:57:03+00:00","description":"A vitamini ve cilt. Besin maddeleri cildi etkiler. M\u00f6ller's Omega-3 i\u00e7ten d\u0131\u015fa g\u00fczel bir cilt sa\u011flar!","breadcrumb":{"@id":"https:\/\/mollersomega3.nl\/vitamine-a-en-de-huid\/#breadcrumb"},"inLanguage":"tr-TR","potentialAction":[{"@type":"ReadAction","target":["https:\/\/mollersomega3.nl\/vitamine-a-en-de-huid\/"]}]},{"@type":"ImageObject","inLanguage":"tr-TR","@id":"https:\/\/mollersomega3.nl\/vitamine-a-en-de-huid\/#primaryimage","url":"https:\/\/mollersomega3.nl\/wp-content\/uploads\/2020\/06\/icoontjes-groen-los_huid.png","contentUrl":"https:\/\/mollersomega3.nl\/wp-content\/uploads\/2020\/06\/icoontjes-groen-los_huid.png"},{"@type":"BreadcrumbList","@id":"https:\/\/mollersomega3.nl\/vitamine-a-en-de-huid\/#breadcrumb","itemListElement":[{"@type":"ListItem","position":1,"name":"Ana Sayfa","item":"https:\/\/mollersomega3.nl\/tr\/"},{"@type":"ListItem","position":2,"name":"Omega-3, A vitamini ve cilt"}]},{"@type":"WebSite","@id":"https:\/\/mollersomega3.nl\/#website","url":"https:\/\/mollersomega3.nl\/","name":"M\u00f6llers Omega-3","description":"A Spoonful of Life since 1854","publisher":{"@id":"https:\/\/mollersomega3.nl\/#organization"},"potentialAction":[{"@type":"SearchAction","target":{"@type":"EntryPoint","urlTemplate":"https:\/\/mollersomega3.nl\/?s={search_term_string}"},"query-input":{"@type":"PropertyValueSpecification","valueRequired":true,"valueName":"search_term_string"}}],"inLanguage":"tr-TR"},{"@type":"Organization","@id":"https:\/\/mollersomega3.nl\/#organization","name":"M\u00f6llers Omega-3","url":"https:\/\/mollersomega3.nl\/","logo":{"@type":"ImageObject","inLanguage":"tr-TR","@id":"https:\/\/mollersomega3.nl\/#\/schema\/logo\/image\/","url":"https:\/\/mollersomega3.nl\/wp-content\/uploads\/2020\/07\/mollers-logo-bestellingen.png","contentUrl":"https:\/\/mollersomega3.nl\/wp-content\/uploads\/2020\/07\/mollers-logo-bestellingen.png","width":250,"height":86,"caption":"M\u00f6llers Omega-3"},"image":{"@id":"https:\/\/mollersomega3.nl\/#\/schema\/logo\/image\/"},"sameAs":["https:\/\/www.facebook.com\/MollersOmega3NL","https:\/\/www.instagram.com\/mollersomega3nl\/","https:\/\/nl.linkedin.com\/company\/good-life-international","https:\/\/www.bol.com\/nl\/nl\/m\/mollers\/","https:\/\/mollersomega3.nl\/en\/"],"foundingDate":"1854","areaServed":["GB","IE","US","CA","AU","NZ","NL"],"knowsAbout":["omega-3","cod liver oil","fish oil","DHA","EPA","vitamin D"],"description":"Norwegian premium omega-3 brand since 1854. Cod liver oil and fish oil supplements with omega-3, vitamins A, D and E."}]}},"_links":{"self":[{"href":"https:\/\/mollersomega3.nl\/tr\/wp-json\/wp\/v2\/pages\/1005894","targetHints":{"allow":["GET"]}}],"collection":[{"href":"https:\/\/mollersomega3.nl\/tr\/wp-json\/wp\/v2\/pages"}],"about":[{"href":"https:\/\/mollersomega3.nl\/tr\/wp-json\/wp\/v2\/types\/page"}],"author":[{"embeddable":true,"href":"https:\/\/mollersomega3.nl\/tr\/wp-json\/wp\/v2\/users\/1"}],"replies":[{"embeddable":true,"href":"https:\/\/mollersomega3.nl\/tr\/wp-json\/wp\/v2\/comments?post=1005894"}],"version-history":[{"count":0,"href":"https:\/\/mollersomega3.nl\/tr\/wp-json\/wp\/v2\/pages\/1005894\/revisions"}],"wp:attachment":[{"href":"https:\/\/mollersomega3.nl\/tr\/wp-json\/wp\/v2\/media?parent=1005894"}],"curies":[{"name":"wp","href":"https:\/\/api.w.org\/{rel}","templated":true}]}}