{"id":1005895,"date":"2020-06-06T13:37:47","date_gmt":"2020-06-06T11:37:47","guid":{"rendered":"https:\/\/mollersomega3.nl\/omega-3-kalp-ve-kan-damarlari\/"},"modified":"2020-06-06T13:37:47","modified_gmt":"2020-06-06T11:37:47","slug":"omega-3-kalp-ve-kan-damarlari","status":"publish","type":"page","link":"https:\/\/mollersomega3.nl\/tr\/omega-3-kalp-ve-kan-damarlari\/","title":{"rendered":"Omega-3: kalp ve kan damarlar\u0131"},"content":{"rendered":"<h2>Omega-3: kalp ve kan damarlar\u0131<\/h2>\n<p><a href=\"https:\/\/mollersomega3.nl\/tr\/omega-3-nedir\/\">DHA ve EPA<\/a> omega-3 ya\u011f asitleri, kalp ve kan damarlar\u0131n\u0131n h\u00fccre zarlar\u0131n\u0131n i\u015fleyi\u015fi \u00fczerinde olumlu bir etkiye sahiptir.<\/p>\n<h3>Neden omega-3 ya\u011f asitleri almal\u0131y\u0131z?<\/h3>\n<p>DHA ve EPA, kalp ve kan damarlar\u0131 i\u00e7in \u00f6nemlidir, bu nedenle kelimenin tam anlam\u0131yla hayati \u00f6nem ta\u015f\u0131rlar. Omega-3 ya\u011f asitleri o kadar \u00f6nemlidir ki, <a href=\"https:\/\/www.efsa.europa.eu\/\">Avrupa g\u0131da g\u00fcvenli\u011fi otoriteleri<\/a> g\u00fcnl\u00fck 250 mg EPA ve DHA t\u00fcketiminin iyi bir kalp fonksiyonuna ve sa\u011fl\u0131kl\u0131 kan damarlar\u0131na katk\u0131da bulundu\u011funu a\u00e7\u0131klam\u0131\u015ft\u0131r. Kalp, sabah olsun ak\u015fam olsun, k\u0131\u015f olsun yaz olsun, dakikada yakla\u015f\u0131k 60-100 kez atar, kalbin hi\u00e7 tatili yoktur. Kalp, akci\u011ferlerle birlikte \u00e7al\u0131\u015f\u0131r ve v\u00fccutta oksijen bak\u0131m\u0131ndan zengin kan\u0131n dola\u015fmas\u0131n\u0131 sa\u011flar. Bu \u015fekilde v\u00fccuttaki her h\u00fccre yeterli oksijeni al\u0131r.    <\/p>\n<h3>Omega-3 ya\u011f asitleri, g\u00fcnl\u00fck minimum 250 mg EPA ve DHA t\u00fcketimi ile kalbin normal i\u015flevine katk\u0131da bulunur.<\/h3>\n<p>Olumlu etki, g\u00fcnl\u00fck 250 mg DHA ve EPA al\u0131m\u0131 ile elde edilir. M\u00f6ller \u201cs Omega-3, g\u00fcnl\u00fck porsiyonda 900 mg DHA ve EPA i\u00e7erir. Bu nedenle M\u00f6ller\u201d s Omega-3, iyi bir kalp fonksiyonunun korunmas\u0131nda \u00f6nemli bir destektir.  <\/p>\n<p><img decoding=\"async\" class=\"alignnone wp-image-456\" src=\"https:\/\/mollersomega3.nl\/wp-content\/uploads\/2020\/06\/icoontjes-groen-los_hart.png\" alt=\"kalp ve kan damarlar\u0131\" width=\"150\" height=\"150\" srcset=\"https:\/\/mollersomega3.nl\/wp-content\/uploads\/2020\/06\/icoontjes-groen-los_hart.png 418w, https:\/\/mollersomega3.nl\/wp-content\/uploads\/2020\/06\/icoontjes-groen-los_hart-300x300.png 300w, https:\/\/mollersomega3.nl\/wp-content\/uploads\/2020\/06\/icoontjes-groen-los_hart-100x100.png 100w\" sizes=\"(max-width: 150px) 100vw, 150px\" \/><\/p>\n<p><strong>Biliyor muydunuz&#8230; kalbin yakla\u015f\u0131k yumru\u011funuz b\u00fcy\u00fckl\u00fc\u011f\u00fcnde oldu\u011funu?<\/strong><\/p>\n","protected":false},"excerpt":{"rendered":"<p>Omega-3: kalp ve kan damarlar\u0131 DHA ve EPA omega-3 ya\u011f asitleri, kalp ve kan damarlar\u0131n\u0131n h\u00fccre zarlar\u0131n\u0131n i\u015fleyi\u015fi \u00fczerinde olumlu bir etkiye sahiptir. Neden omega-3 ya\u011f asitleri almal\u0131y\u0131z? DHA ve EPA, kalp ve kan damarlar\u0131 i\u00e7in \u00f6nemlidir, bu nedenle kelimenin tam anlam\u0131yla hayati \u00f6nem ta\u015f\u0131rlar. Omega-3 ya\u011f asitleri o kadar \u00f6nemlidir ki, Avrupa g\u0131da g\u00fcvenli\u011fi [&hellip;]<\/p>\n","protected":false},"author":1,"featured_media":0,"parent":0,"menu_order":0,"comment_status":"closed","ping_status":"closed","template":"","meta":{"_yoast_wpseo_focuskw":"kalp ve kan damarlar\u0131","_yoast_wpseo_title":"Kalp ve kan damarlar\u0131 %%sep%% DHA ve EPA \u00f6nemlidir %%sep%% %%sitename%%","_yoast_wpseo_metadesc":"Omega-3: kalp ve kan damarlar\u0131. DHA ve EPA omega-3 ya\u011f asitleri, kalp ve kan damarlar\u0131n\u0131n h\u00fccre zarlar\u0131n\u0131n i\u015fleyi\u015fi \u00fczerinde olumlu bir etkiye sahiptir.","_monsterinsights_skip_tracking":false,"_monsterinsights_sitenote_active":false,"_monsterinsights_sitenote_note":"","_monsterinsights_sitenote_category":0,"footnotes":""},"class_list":["post-1005895","page","type-page","status-publish","hentry"],"yoast_head":"<!-- This site is optimized with the Yoast SEO Premium plugin v25.1 (Yoast SEO v25.1) - https:\/\/yoast.com\/wordpress\/plugins\/seo\/ -->\n<title>Kalp ve kan damarlar\u0131 - DHA ve EPA \u00f6nemlidir - M\u00f6llers Omega-3<\/title>\n<meta name=\"description\" content=\"Omega-3: kalp ve kan damarlar\u0131. DHA ve EPA omega-3 ya\u011f asitleri, kalp ve kan damarlar\u0131n\u0131n h\u00fccre zarlar\u0131n\u0131n i\u015fleyi\u015fi \u00fczerinde olumlu bir etkiye sahiptir.\" \/>\n<meta name=\"robots\" content=\"index, follow, max-snippet:-1, max-image-preview:large, max-video-preview:-1\" \/>\n<link rel=\"canonical\" href=\"https:\/\/mollersomega3.nl\/omega-3-hart-en-bloedvaten\/\" \/>\n<meta property=\"og:locale\" content=\"tr_TR\" \/>\n<meta property=\"og:type\" content=\"article\" \/>\n<meta property=\"og:title\" content=\"Omega-3: kalp ve kan damarlar\u0131\" \/>\n<meta property=\"og:description\" content=\"Omega-3: kalp ve kan damarlar\u0131. DHA ve EPA omega-3 ya\u011f asitleri, kalp ve kan damarlar\u0131n\u0131n h\u00fccre zarlar\u0131n\u0131n i\u015fleyi\u015fi \u00fczerinde olumlu bir etkiye sahiptir.\" \/>\n<meta property=\"og:url\" content=\"https:\/\/mollersomega3.nl\/omega-3-hart-en-bloedvaten\/\" \/>\n<meta property=\"og:site_name\" content=\"M\u00f6llers Omega-3\" \/>\n<meta property=\"article:publisher\" content=\"https:\/\/www.facebook.com\/mollersomega3nl\" \/>\n<meta property=\"og:image\" content=\"https:\/\/mollersomega3.nl\/wp-content\/uploads\/2020\/06\/icoontjes-groen-los_hart.png\" \/>\n<meta name=\"twitter:card\" content=\"summary_large_image\" \/>\n<meta name=\"twitter:site\" content=\"@mollersomega3nl\" \/>\n<meta name=\"twitter:label1\" content=\"Est. reading time\" \/>\n\t<meta name=\"twitter:data1\" content=\"1 minute\" \/>\n<script type=\"application\/ld+json\" class=\"yoast-schema-graph\">{\"@context\":\"https:\/\/schema.org\",\"@graph\":[{\"@type\":\"WebPage\",\"@id\":\"https:\/\/mollersomega3.nl\/omega-3-hart-en-bloedvaten\/\",\"url\":\"https:\/\/mollersomega3.nl\/omega-3-hart-en-bloedvaten\/\",\"name\":\"Kalp ve kan damarlar\u0131 - DHA ve EPA \u00f6nemlidir - M\u00f6llers Omega-3\",\"isPartOf\":{\"@id\":\"https:\/\/mollersomega3.nl\/#website\"},\"primaryImageOfPage\":{\"@id\":\"https:\/\/mollersomega3.nl\/omega-3-hart-en-bloedvaten\/#primaryimage\"},\"image\":{\"@id\":\"https:\/\/mollersomega3.nl\/omega-3-hart-en-bloedvaten\/#primaryimage\"},\"thumbnailUrl\":\"https:\/\/mollersomega3.nl\/wp-content\/uploads\/2020\/06\/icoontjes-groen-los_hart.png\",\"datePublished\":\"2020-06-06T11:37:47+00:00\",\"description\":\"Omega-3: kalp ve kan damarlar\u0131. DHA ve EPA omega-3 ya\u011f asitleri, kalp ve kan damarlar\u0131n\u0131n h\u00fccre zarlar\u0131n\u0131n i\u015fleyi\u015fi \u00fczerinde olumlu bir etkiye sahiptir.\",\"breadcrumb\":{\"@id\":\"https:\/\/mollersomega3.nl\/omega-3-hart-en-bloedvaten\/#breadcrumb\"},\"inLanguage\":\"tr-TR\",\"potentialAction\":[{\"@type\":\"ReadAction\",\"target\":[\"https:\/\/mollersomega3.nl\/omega-3-hart-en-bloedvaten\/\"]}]},{\"@type\":\"ImageObject\",\"inLanguage\":\"tr-TR\",\"@id\":\"https:\/\/mollersomega3.nl\/omega-3-hart-en-bloedvaten\/#primaryimage\",\"url\":\"https:\/\/mollersomega3.nl\/wp-content\/uploads\/2020\/06\/icoontjes-groen-los_hart.png\",\"contentUrl\":\"https:\/\/mollersomega3.nl\/wp-content\/uploads\/2020\/06\/icoontjes-groen-los_hart.png\"},{\"@type\":\"BreadcrumbList\",\"@id\":\"https:\/\/mollersomega3.nl\/omega-3-hart-en-bloedvaten\/#breadcrumb\",\"itemListElement\":[{\"@type\":\"ListItem\",\"position\":1,\"name\":\"Ana Sayfa\",\"item\":\"https:\/\/mollersomega3.nl\/tr\/\"},{\"@type\":\"ListItem\",\"position\":2,\"name\":\"Omega-3: kalp ve kan damarlar\u0131\"}]},{\"@type\":\"WebSite\",\"@id\":\"https:\/\/mollersomega3.nl\/#website\",\"url\":\"https:\/\/mollersomega3.nl\/\",\"name\":\"M\u00f6llers Omega-3\",\"description\":\"A Spoonful of Life since 1854\",\"publisher\":{\"@id\":\"https:\/\/mollersomega3.nl\/#organization\"},\"potentialAction\":[{\"@type\":\"SearchAction\",\"target\":{\"@type\":\"EntryPoint\",\"urlTemplate\":\"https:\/\/mollersomega3.nl\/?s={search_term_string}\"},\"query-input\":{\"@type\":\"PropertyValueSpecification\",\"valueRequired\":true,\"valueName\":\"search_term_string\"}}],\"inLanguage\":\"tr-TR\"},{\"@type\":\"Organization\",\"@id\":\"https:\/\/mollersomega3.nl\/#organization\",\"name\":\"M\u00f6llers Omega-3\",\"url\":\"https:\/\/mollersomega3.nl\/\",\"logo\":{\"@type\":\"ImageObject\",\"inLanguage\":\"tr-TR\",\"@id\":\"https:\/\/mollersomega3.nl\/#\/schema\/logo\/image\/\",\"url\":\"https:\/\/mollersomega3.nl\/wp-content\/uploads\/2020\/07\/mollers-logo-bestellingen.png\",\"contentUrl\":\"https:\/\/mollersomega3.nl\/wp-content\/uploads\/2020\/07\/mollers-logo-bestellingen.png\",\"width\":250,\"height\":86,\"caption\":\"M\u00f6llers Omega-3\"},\"image\":{\"@id\":\"https:\/\/mollersomega3.nl\/#\/schema\/logo\/image\/\"},\"sameAs\":[\"https:\/\/www.facebook.com\/MollersOmega3NL\",\"https:\/\/www.instagram.com\/mollersomega3nl\/\",\"https:\/\/nl.linkedin.com\/company\/good-life-international\",\"https:\/\/www.bol.com\/nl\/nl\/m\/mollers\/\",\"https:\/\/mollersomega3.nl\/en\/\"],\"foundingDate\":\"1854\",\"areaServed\":[\"GB\",\"IE\",\"US\",\"CA\",\"AU\",\"NZ\",\"NL\"],\"knowsAbout\":[\"omega-3\",\"cod liver oil\",\"fish oil\",\"DHA\",\"EPA\",\"vitamin D\"],\"description\":\"Norwegian premium omega-3 brand since 1854. Cod liver oil and fish oil supplements with omega-3, vitamins A, D and E.\"}]}<\/script>\n<!-- \/ Yoast SEO Premium plugin. -->","yoast_head_json":{"title":"Kalp ve kan damarlar\u0131 - DHA ve EPA \u00f6nemlidir - M\u00f6llers Omega-3","description":"Omega-3: kalp ve kan damarlar\u0131. DHA ve EPA omega-3 ya\u011f asitleri, kalp ve kan damarlar\u0131n\u0131n h\u00fccre zarlar\u0131n\u0131n i\u015fleyi\u015fi \u00fczerinde olumlu bir etkiye sahiptir.","robots":{"index":"index","follow":"follow","max-snippet":"max-snippet:-1","max-image-preview":"max-image-preview:large","max-video-preview":"max-video-preview:-1"},"canonical":"https:\/\/mollersomega3.nl\/omega-3-hart-en-bloedvaten\/","og_locale":"tr_TR","og_type":"article","og_title":"Omega-3: kalp ve kan damarlar\u0131","og_description":"Omega-3: kalp ve kan damarlar\u0131. DHA ve EPA omega-3 ya\u011f asitleri, kalp ve kan damarlar\u0131n\u0131n h\u00fccre zarlar\u0131n\u0131n i\u015fleyi\u015fi \u00fczerinde olumlu bir etkiye sahiptir.","og_url":"https:\/\/mollersomega3.nl\/omega-3-hart-en-bloedvaten\/","og_site_name":"M\u00f6llers Omega-3","article_publisher":"https:\/\/www.facebook.com\/mollersomega3nl","og_image":[{"url":"https:\/\/mollersomega3.nl\/wp-content\/uploads\/2020\/06\/icoontjes-groen-los_hart.png","type":"","width":"","height":""}],"twitter_card":"summary_large_image","twitter_site":"@mollersomega3nl","twitter_misc":{"Est. reading time":"1 minute"},"schema":{"@context":"https:\/\/schema.org","@graph":[{"@type":"WebPage","@id":"https:\/\/mollersomega3.nl\/omega-3-hart-en-bloedvaten\/","url":"https:\/\/mollersomega3.nl\/omega-3-hart-en-bloedvaten\/","name":"Kalp ve kan damarlar\u0131 - DHA ve EPA \u00f6nemlidir - M\u00f6llers Omega-3","isPartOf":{"@id":"https:\/\/mollersomega3.nl\/#website"},"primaryImageOfPage":{"@id":"https:\/\/mollersomega3.nl\/omega-3-hart-en-bloedvaten\/#primaryimage"},"image":{"@id":"https:\/\/mollersomega3.nl\/omega-3-hart-en-bloedvaten\/#primaryimage"},"thumbnailUrl":"https:\/\/mollersomega3.nl\/wp-content\/uploads\/2020\/06\/icoontjes-groen-los_hart.png","datePublished":"2020-06-06T11:37:47+00:00","description":"Omega-3: kalp ve kan damarlar\u0131. DHA ve EPA omega-3 ya\u011f asitleri, kalp ve kan damarlar\u0131n\u0131n h\u00fccre zarlar\u0131n\u0131n i\u015fleyi\u015fi \u00fczerinde olumlu bir etkiye sahiptir.","breadcrumb":{"@id":"https:\/\/mollersomega3.nl\/omega-3-hart-en-bloedvaten\/#breadcrumb"},"inLanguage":"tr-TR","potentialAction":[{"@type":"ReadAction","target":["https:\/\/mollersomega3.nl\/omega-3-hart-en-bloedvaten\/"]}]},{"@type":"ImageObject","inLanguage":"tr-TR","@id":"https:\/\/mollersomega3.nl\/omega-3-hart-en-bloedvaten\/#primaryimage","url":"https:\/\/mollersomega3.nl\/wp-content\/uploads\/2020\/06\/icoontjes-groen-los_hart.png","contentUrl":"https:\/\/mollersomega3.nl\/wp-content\/uploads\/2020\/06\/icoontjes-groen-los_hart.png"},{"@type":"BreadcrumbList","@id":"https:\/\/mollersomega3.nl\/omega-3-hart-en-bloedvaten\/#breadcrumb","itemListElement":[{"@type":"ListItem","position":1,"name":"Ana Sayfa","item":"https:\/\/mollersomega3.nl\/tr\/"},{"@type":"ListItem","position":2,"name":"Omega-3: kalp ve kan damarlar\u0131"}]},{"@type":"WebSite","@id":"https:\/\/mollersomega3.nl\/#website","url":"https:\/\/mollersomega3.nl\/","name":"M\u00f6llers Omega-3","description":"A Spoonful of Life since 1854","publisher":{"@id":"https:\/\/mollersomega3.nl\/#organization"},"potentialAction":[{"@type":"SearchAction","target":{"@type":"EntryPoint","urlTemplate":"https:\/\/mollersomega3.nl\/?s={search_term_string}"},"query-input":{"@type":"PropertyValueSpecification","valueRequired":true,"valueName":"search_term_string"}}],"inLanguage":"tr-TR"},{"@type":"Organization","@id":"https:\/\/mollersomega3.nl\/#organization","name":"M\u00f6llers Omega-3","url":"https:\/\/mollersomega3.nl\/","logo":{"@type":"ImageObject","inLanguage":"tr-TR","@id":"https:\/\/mollersomega3.nl\/#\/schema\/logo\/image\/","url":"https:\/\/mollersomega3.nl\/wp-content\/uploads\/2020\/07\/mollers-logo-bestellingen.png","contentUrl":"https:\/\/mollersomega3.nl\/wp-content\/uploads\/2020\/07\/mollers-logo-bestellingen.png","width":250,"height":86,"caption":"M\u00f6llers Omega-3"},"image":{"@id":"https:\/\/mollersomega3.nl\/#\/schema\/logo\/image\/"},"sameAs":["https:\/\/www.facebook.com\/MollersOmega3NL","https:\/\/www.instagram.com\/mollersomega3nl\/","https:\/\/nl.linkedin.com\/company\/good-life-international","https:\/\/www.bol.com\/nl\/nl\/m\/mollers\/","https:\/\/mollersomega3.nl\/en\/"],"foundingDate":"1854","areaServed":["GB","IE","US","CA","AU","NZ","NL"],"knowsAbout":["omega-3","cod liver oil","fish oil","DHA","EPA","vitamin D"],"description":"Norwegian premium omega-3 brand since 1854. Cod liver oil and fish oil supplements with omega-3, vitamins A, D and E."}]}},"_links":{"self":[{"href":"https:\/\/mollersomega3.nl\/tr\/wp-json\/wp\/v2\/pages\/1005895","targetHints":{"allow":["GET"]}}],"collection":[{"href":"https:\/\/mollersomega3.nl\/tr\/wp-json\/wp\/v2\/pages"}],"about":[{"href":"https:\/\/mollersomega3.nl\/tr\/wp-json\/wp\/v2\/types\/page"}],"author":[{"embeddable":true,"href":"https:\/\/mollersomega3.nl\/tr\/wp-json\/wp\/v2\/users\/1"}],"replies":[{"embeddable":true,"href":"https:\/\/mollersomega3.nl\/tr\/wp-json\/wp\/v2\/comments?post=1005895"}],"version-history":[{"count":0,"href":"https:\/\/mollersomega3.nl\/tr\/wp-json\/wp\/v2\/pages\/1005895\/revisions"}],"wp:attachment":[{"href":"https:\/\/mollersomega3.nl\/tr\/wp-json\/wp\/v2\/media?parent=1005895"}],"curies":[{"name":"wp","href":"https:\/\/api.w.org\/{rel}","templated":true}]}}