{"id":1005900,"date":"2020-06-10T14:27:19","date_gmt":"2020-06-10T12:27:19","guid":{"rendered":"https:\/\/mollersomega3.nl\/gizlilik-beyani\/"},"modified":"2025-07-04T09:03:46","modified_gmt":"2025-07-04T07:03:46","slug":"gizlilik-beyani","status":"publish","type":"page","link":"https:\/\/mollersomega3.nl\/tr\/gizlilik-beyani\/","title":{"rendered":"Gizlilik Beyan\u0131"},"content":{"rendered":"<p>M\u00f6ller&#8217;s Omega-3, Good Life International BV&#8217;nin ticari markas\u0131d\u0131r.<\/p><p>Good Life International BV, gizlili\u011finizi ne kadar ciddiye ald\u0131\u011f\u0131m\u0131z\u0131 g\u00f6stermek i\u00e7in bu gizlilik beyan\u0131n\u0131 haz\u0131rlam\u0131\u015ft\u0131r. A\u015fa\u011f\u0131daki metin, M\u00f6ller&#8217;s Omega-3 web sitesinde ki\u015fisel bilgilerle nas\u0131l ba\u015fa \u00e7\u0131kt\u0131\u011f\u0131m\u0131z\u0131 a\u00e7\u0131klamaktad\u0131r. Bu, a\u015fa\u011f\u0131daki web sitelerini kapsamaktad\u0131r: <a href=\"https:\/\/www.mollersomega3.nl\/\" target=\"_self\" rel=\"noopener noreferrer\">www.mollersomega3.nl<\/a>  <\/p><p>Good Life International BV taraf\u0131ndan toplanan t\u00fcm veriler kesinlikle gizli tutulacak ve \u00f6d\u00fcn\u00e7 verilmeyecek, kiralanmayacak veya sat\u0131lmayacak, ne de herhangi bir \u015fekilde kamuya a\u00e7\u0131klanmayacakt\u0131r. Good Life International BV&#8217;ye verdi\u011finiz bilgiler en b\u00fcy\u00fck \u00f6zenle i\u015flenecektir. <\/p><p>Good Life International BV taraf\u0131ndan ki\u015fisel verilerin kaydedilmesinin amac\u0131, ziyaret\u00e7ilerimize \u00f6zel edit\u00f6ryal ve ticari bilgiler sunabilmektir.<br\/>IP adresinizi sunucumuzla ilgili sorunlar\u0131n \u00e7\u00f6z\u00fcm\u00fc ve web sitelerimizin y\u00f6netimi i\u00e7in kullan\u0131r\u0131z. IP adresi ayr\u0131ca ziyaret\u00e7ileri tan\u0131mak i\u00e7in de kullan\u0131l\u0131r. <\/p><p>Web sitelerimiz \u00e7erez ad\u0131 verilen teknoloji kullan\u0131r. \u00c7erezler, belirli giri\u015f bilgilerini kullan\u0131c\u0131n\u0131n sisteminde saklamam\u0131z\u0131 ve eri\u015fmemizi sa\u011flayan standart bir internet teknolojisinden olu\u015fur. \u00c7erezler ki\u015fileri tan\u0131mlamak i\u00e7in kullan\u0131lamaz, yaln\u0131zca makineleri tan\u0131yabilir. Her ziyaret\u00e7i bilgisayar\u0131n\u0131 \u00e7erezleri kabul etmeyecek \u015fekilde ayarlayabilir.   <\/p><p>Kay\u0131t formlar\u0131m\u0131z kullan\u0131c\u0131lardan hem ki\u015fisel hem de mesleki bilgiler (isim, adres, e-posta ve g\u00f6rev gibi) sa\u011flamalar\u0131n\u0131 ister.<br\/>Web sitelerimiz Good Life International BV&#8217;ye ait olmayan di\u011fer web sitelerine ve (i\u015f) ortaklar\u0131n\u0131n web sitelerine ba\u011flant\u0131lar i\u00e7erir. Bu t\u00fcr web sitelerinin gizlilik uygulamalar\u0131ndan ve i\u00e7eri\u011finden sorumlu de\u011filiz. <\/p><p>\u0130stisnai durumlarda Good Life International BV, isteklerinizi daha iyi kar\u015f\u0131layabilmek i\u00e7in \u00f6zenle se\u00e7ilmi\u015f ortaklarla bilgi payla\u015f\u0131r. Bundan her zaman haberdar edileceksiniz. <\/p><p>Good Life International BV, bilgilerin kaybolmas\u0131, bozulmas\u0131 veya ba\u015fka bir \u015fekilde zarar g\u00f6rmesini \u00f6nlemek i\u00e7in g\u00fcvenlik teknikleri kullan\u0131r.<br\/>Good Life International BV, bir talep \u00fczerine kay\u0131tl\u0131 her ziyaret\u00e7iyi (ve ki\u015fisel verilerini) veritaban\u0131m\u0131zdan \u00e7\u0131karacakt\u0131r. Ayr\u0131ca ziyaret\u00e7i verilerini \u00e7evrimi\u00e7i olarak de\u011fi\u015ftirebilir ve g\u00fcncelleyebilir. <\/p><h2>Toestemming voor het gebruik van cookies.<\/h2><p>Om onze website goed te laten functioneren maken wij gebruik van cookies. Om uw geldige toestemming te verkrijgen voor het gebruik en de opslag van cookies in de browser die u gebruikt om onze website te bezoeken en om dit goed te documenteren maken wij gebruik van een cookie consent management platform: CookieFirst. Deze technologie wordt geleverd door Digital Data Solutions BV, Plantage Middenlaan 42a, 1018 DH, Amsterdam, Nederland. Website: <a href=\"https:\/\/cookiefirst.com\/nl\/cookie-consent\/\" title=\"Cookiefirst Cookie Consent pagina\">Cookiefirst Cookie Consent pagina<\/a> aangeduid als CookieFirst.<\/p><p>Wanneer u onze website bezoekt, wordt er een verbinding tot stand gebracht met de server van CookieFirst om ons de mogelijkheid te geven geldige toestemming van u te verkrijgen voor het gebruik van bepaalde cookies. CookieFirst slaat vervolgens een cookie op in uw browser om alleen die cookies te kunnen activeren waarvoor u toestemming heeft gegeven en dit goed te kunnen documenteren. De verwerkte gegevens worden bewaard totdat de vooraf bepaalde bewaartermijn verstrijkt of u verzoekt de gegevens te verwijderen. Onverminderd het bovenstaande kunnen bepaalde verplichte wettelijke bewaartermijnen van toepassing zijn.<\/p><p>CookieFirst wordt gebruikt om de wettelijk vereiste toestemming voor het gebruik van cookies te verkrijgen. De wettelijke basis hiervoor is artikel 6(1)(c) van de Algemene Verordening Gegevensbescherming (AVG).<\/p><h2>Gegevensverwerkingsovereenkomst<\/h2><p>Wij hebben een gegevensverwerkingsovereenkomst gesloten met CookieFirst. Dit is een door de wet op de gegevensbescherming vereiste overeenkomst, die garandeert dat gegevens van onze websitebezoekers alleen worden verwerkt volgens onze instructies en in overeenstemming met de AVG.<\/p><h2>Serverlogbestanden<\/h2><p>Onze website en CookieFirst verzamelen en bewaren automatisch informatie in zogenaamde serverlogbestanden, die uw browser automatisch naar ons doorstuurt. De volgende gegevens worden verzameld: <\/p><ul>Uw toestemmingsstatus of het intrekken van toestemming<li>Uw geanonimiseerde IP-adres<\/li><li>Informatie over uw Browser<\/li><li>Informatie over uw Apparaat<\/li><li>De datum en tijd waarop u onze website heeft bezocht<\/li><li>De webpagina url waar u uw toestemmingsvoorkeuren hebt opgeslagen of bijgewerkt<\/li>\n<li>De locatie bij benadering van de gebruiker die zijn toestemmingsvoorkeur heeft opgeslagen<\/li>\n<li>Een universeel uniek identificatienummer (UUID) van de websitebezoeker die op de cookiebanner heeft geklikt<\/li>\n<\/ul>","protected":false},"excerpt":{"rendered":"<p>M\u00f6ller&#8217;s Omega-3, Good Life International BV&#8217;nin ticari markas\u0131d\u0131r. Good Life International BV, gizlili\u011finizi ne kadar ciddiye ald\u0131\u011f\u0131m\u0131z\u0131 g\u00f6stermek i\u00e7in bu gizlilik beyan\u0131n\u0131 haz\u0131rlam\u0131\u015ft\u0131r. A\u015fa\u011f\u0131daki metin, M\u00f6ller&#8217;s Omega-3 web sitesinde ki\u015fisel bilgilerle nas\u0131l ba\u015fa \u00e7\u0131kt\u0131\u011f\u0131m\u0131z\u0131 a\u00e7\u0131klamaktad\u0131r. Bu, a\u015fa\u011f\u0131daki web sitelerini kapsamaktad\u0131r: www.mollersomega3.nl Good Life International BV taraf\u0131ndan toplanan t\u00fcm veriler kesinlikle gizli tutulacak ve \u00f6d\u00fcn\u00e7 verilmeyecek, [&hellip;]<\/p>\n","protected":false},"author":1,"featured_media":0,"parent":0,"menu_order":0,"comment_status":"closed","ping_status":"closed","template":"","meta":{"_yoast_wpseo_focuskw":"","_yoast_wpseo_title":"","_yoast_wpseo_metadesc":"Good Life International BV, gizlili\u011finizi ne kadar ciddiye ald\u0131\u011f\u0131m\u0131z\u0131 g\u00f6stermek i\u00e7in bu gizlilik beyan\u0131n\u0131 haz\u0131rlam\u0131\u015ft\u0131r.","_monsterinsights_skip_tracking":false,"_monsterinsights_sitenote_active":false,"_monsterinsights_sitenote_note":"","_monsterinsights_sitenote_category":0,"footnotes":""},"class_list":["post-1005900","page","type-page","status-publish","hentry"],"yoast_head":"<!-- This site is optimized with the Yoast SEO Premium plugin v25.1 (Yoast SEO v25.1) - https:\/\/yoast.com\/wordpress\/plugins\/seo\/ -->\n<title>Gizlilik Beyan\u0131 - M\u00f6llers Omega-3<\/title>\n<meta name=\"description\" content=\"Good Life International BV, gizlili\u011finizi ne kadar ciddiye ald\u0131\u011f\u0131m\u0131z\u0131 g\u00f6stermek i\u00e7in bu gizlilik beyan\u0131n\u0131 haz\u0131rlam\u0131\u015ft\u0131r.\" \/>\n<meta name=\"robots\" content=\"index, follow, max-snippet:-1, max-image-preview:large, max-video-preview:-1\" \/>\n<link rel=\"canonical\" href=\"https:\/\/mollersomega3.nl\/privacy-verklaring\/\" \/>\n<meta property=\"og:locale\" content=\"tr_TR\" \/>\n<meta property=\"og:type\" content=\"article\" \/>\n<meta property=\"og:title\" content=\"Gizlilik Beyan\u0131\" \/>\n<meta property=\"og:description\" content=\"Good Life International BV, gizlili\u011finizi ne kadar ciddiye ald\u0131\u011f\u0131m\u0131z\u0131 g\u00f6stermek i\u00e7in bu gizlilik beyan\u0131n\u0131 haz\u0131rlam\u0131\u015ft\u0131r.\" \/>\n<meta property=\"og:url\" content=\"https:\/\/mollersomega3.nl\/privacy-verklaring\/\" \/>\n<meta property=\"og:site_name\" content=\"M\u00f6llers Omega-3\" \/>\n<meta property=\"article:publisher\" content=\"https:\/\/www.facebook.com\/mollersomega3nl\" \/>\n<meta property=\"article:modified_time\" content=\"2025-07-04T07:03:46+00:00\" \/>\n<meta property=\"og:image\" content=\"https:\/\/mollersomega3.nl\/wp-content\/uploads\/2020\/12\/Mollers_logo_Flag_omega3_ENG_vertical_641x589_300PPI.png\" \/>\n\t<meta property=\"og:image:width\" content=\"641\" \/>\n\t<meta property=\"og:image:height\" content=\"589\" \/>\n\t<meta property=\"og:image:type\" content=\"image\/png\" \/>\n<meta name=\"twitter:card\" content=\"summary_large_image\" \/>\n<meta name=\"twitter:site\" content=\"@mollersomega3nl\" \/>\n<meta name=\"twitter:label1\" content=\"Est. reading time\" \/>\n\t<meta name=\"twitter:data1\" content=\"3 minutes\" \/>\n<script type=\"application\/ld+json\" class=\"yoast-schema-graph\">{\"@context\":\"https:\/\/schema.org\",\"@graph\":[{\"@type\":\"WebPage\",\"@id\":\"https:\/\/mollersomega3.nl\/privacy-verklaring\/\",\"url\":\"https:\/\/mollersomega3.nl\/privacy-verklaring\/\",\"name\":\"Gizlilik Beyan\u0131 - M\u00f6llers Omega-3\",\"isPartOf\":{\"@id\":\"https:\/\/mollersomega3.nl\/#website\"},\"datePublished\":\"2020-06-10T12:27:19+00:00\",\"dateModified\":\"2025-07-04T07:03:46+00:00\",\"description\":\"Good Life International BV, gizlili\u011finizi ne kadar ciddiye ald\u0131\u011f\u0131m\u0131z\u0131 g\u00f6stermek i\u00e7in bu gizlilik beyan\u0131n\u0131 haz\u0131rlam\u0131\u015ft\u0131r.\",\"breadcrumb\":{\"@id\":\"https:\/\/mollersomega3.nl\/privacy-verklaring\/#breadcrumb\"},\"inLanguage\":\"tr-TR\",\"potentialAction\":[{\"@type\":\"ReadAction\",\"target\":[\"https:\/\/mollersomega3.nl\/privacy-verklaring\/\"]}]},{\"@type\":\"BreadcrumbList\",\"@id\":\"https:\/\/mollersomega3.nl\/privacy-verklaring\/#breadcrumb\",\"itemListElement\":[{\"@type\":\"ListItem\",\"position\":1,\"name\":\"Ana Sayfa\",\"item\":\"https:\/\/mollersomega3.nl\/tr\/\"},{\"@type\":\"ListItem\",\"position\":2,\"name\":\"Gizlilik Beyan\u0131\"}]},{\"@type\":\"WebSite\",\"@id\":\"https:\/\/mollersomega3.nl\/#website\",\"url\":\"https:\/\/mollersomega3.nl\/\",\"name\":\"M\u00f6llers Omega-3\",\"description\":\"A Spoonful of Life since 1854\",\"publisher\":{\"@id\":\"https:\/\/mollersomega3.nl\/#organization\"},\"potentialAction\":[{\"@type\":\"SearchAction\",\"target\":{\"@type\":\"EntryPoint\",\"urlTemplate\":\"https:\/\/mollersomega3.nl\/?s={search_term_string}\"},\"query-input\":{\"@type\":\"PropertyValueSpecification\",\"valueRequired\":true,\"valueName\":\"search_term_string\"}}],\"inLanguage\":\"tr-TR\"},{\"@type\":\"Organization\",\"@id\":\"https:\/\/mollersomega3.nl\/#organization\",\"name\":\"M\u00f6llers Omega-3\",\"url\":\"https:\/\/mollersomega3.nl\/\",\"logo\":{\"@type\":\"ImageObject\",\"inLanguage\":\"tr-TR\",\"@id\":\"https:\/\/mollersomega3.nl\/#\/schema\/logo\/image\/\",\"url\":\"https:\/\/mollersomega3.nl\/wp-content\/uploads\/2020\/07\/mollers-logo-bestellingen.png\",\"contentUrl\":\"https:\/\/mollersomega3.nl\/wp-content\/uploads\/2020\/07\/mollers-logo-bestellingen.png\",\"width\":250,\"height\":86,\"caption\":\"M\u00f6llers Omega-3\"},\"image\":{\"@id\":\"https:\/\/mollersomega3.nl\/#\/schema\/logo\/image\/\"},\"sameAs\":[\"https:\/\/www.facebook.com\/MollersOmega3NL\",\"https:\/\/www.instagram.com\/mollersomega3nl\/\",\"https:\/\/nl.linkedin.com\/company\/good-life-international\",\"https:\/\/www.bol.com\/nl\/nl\/m\/mollers\/\",\"https:\/\/mollersomega3.nl\/en\/\"],\"foundingDate\":\"1854\",\"areaServed\":[\"GB\",\"IE\",\"US\",\"CA\",\"AU\",\"NZ\",\"NL\"],\"knowsAbout\":[\"omega-3\",\"cod liver oil\",\"fish oil\",\"DHA\",\"EPA\",\"vitamin D\"],\"description\":\"Norwegian premium omega-3 brand since 1854. Cod liver oil and fish oil supplements with omega-3, vitamins A, D and E.\"}]}<\/script>\n<!-- \/ Yoast SEO Premium plugin. -->","yoast_head_json":{"title":"Gizlilik Beyan\u0131 - M\u00f6llers Omega-3","description":"Good Life International BV, gizlili\u011finizi ne kadar ciddiye ald\u0131\u011f\u0131m\u0131z\u0131 g\u00f6stermek i\u00e7in bu gizlilik beyan\u0131n\u0131 haz\u0131rlam\u0131\u015ft\u0131r.","robots":{"index":"index","follow":"follow","max-snippet":"max-snippet:-1","max-image-preview":"max-image-preview:large","max-video-preview":"max-video-preview:-1"},"canonical":"https:\/\/mollersomega3.nl\/privacy-verklaring\/","og_locale":"tr_TR","og_type":"article","og_title":"Gizlilik Beyan\u0131","og_description":"Good Life International BV, gizlili\u011finizi ne kadar ciddiye ald\u0131\u011f\u0131m\u0131z\u0131 g\u00f6stermek i\u00e7in bu gizlilik beyan\u0131n\u0131 haz\u0131rlam\u0131\u015ft\u0131r.","og_url":"https:\/\/mollersomega3.nl\/privacy-verklaring\/","og_site_name":"M\u00f6llers Omega-3","article_publisher":"https:\/\/www.facebook.com\/mollersomega3nl","article_modified_time":"2025-07-04T07:03:46+00:00","og_image":[{"width":641,"height":589,"url":"https:\/\/mollersomega3.nl\/wp-content\/uploads\/2020\/12\/Mollers_logo_Flag_omega3_ENG_vertical_641x589_300PPI.png","type":"image\/png"}],"twitter_card":"summary_large_image","twitter_site":"@mollersomega3nl","twitter_misc":{"Est. reading time":"3 minutes"},"schema":{"@context":"https:\/\/schema.org","@graph":[{"@type":"WebPage","@id":"https:\/\/mollersomega3.nl\/privacy-verklaring\/","url":"https:\/\/mollersomega3.nl\/privacy-verklaring\/","name":"Gizlilik Beyan\u0131 - M\u00f6llers Omega-3","isPartOf":{"@id":"https:\/\/mollersomega3.nl\/#website"},"datePublished":"2020-06-10T12:27:19+00:00","dateModified":"2025-07-04T07:03:46+00:00","description":"Good Life International BV, gizlili\u011finizi ne kadar ciddiye ald\u0131\u011f\u0131m\u0131z\u0131 g\u00f6stermek i\u00e7in bu gizlilik beyan\u0131n\u0131 haz\u0131rlam\u0131\u015ft\u0131r.","breadcrumb":{"@id":"https:\/\/mollersomega3.nl\/privacy-verklaring\/#breadcrumb"},"inLanguage":"tr-TR","potentialAction":[{"@type":"ReadAction","target":["https:\/\/mollersomega3.nl\/privacy-verklaring\/"]}]},{"@type":"BreadcrumbList","@id":"https:\/\/mollersomega3.nl\/privacy-verklaring\/#breadcrumb","itemListElement":[{"@type":"ListItem","position":1,"name":"Ana Sayfa","item":"https:\/\/mollersomega3.nl\/tr\/"},{"@type":"ListItem","position":2,"name":"Gizlilik Beyan\u0131"}]},{"@type":"WebSite","@id":"https:\/\/mollersomega3.nl\/#website","url":"https:\/\/mollersomega3.nl\/","name":"M\u00f6llers Omega-3","description":"A Spoonful of Life since 1854","publisher":{"@id":"https:\/\/mollersomega3.nl\/#organization"},"potentialAction":[{"@type":"SearchAction","target":{"@type":"EntryPoint","urlTemplate":"https:\/\/mollersomega3.nl\/?s={search_term_string}"},"query-input":{"@type":"PropertyValueSpecification","valueRequired":true,"valueName":"search_term_string"}}],"inLanguage":"tr-TR"},{"@type":"Organization","@id":"https:\/\/mollersomega3.nl\/#organization","name":"M\u00f6llers Omega-3","url":"https:\/\/mollersomega3.nl\/","logo":{"@type":"ImageObject","inLanguage":"tr-TR","@id":"https:\/\/mollersomega3.nl\/#\/schema\/logo\/image\/","url":"https:\/\/mollersomega3.nl\/wp-content\/uploads\/2020\/07\/mollers-logo-bestellingen.png","contentUrl":"https:\/\/mollersomega3.nl\/wp-content\/uploads\/2020\/07\/mollers-logo-bestellingen.png","width":250,"height":86,"caption":"M\u00f6llers Omega-3"},"image":{"@id":"https:\/\/mollersomega3.nl\/#\/schema\/logo\/image\/"},"sameAs":["https:\/\/www.facebook.com\/MollersOmega3NL","https:\/\/www.instagram.com\/mollersomega3nl\/","https:\/\/nl.linkedin.com\/company\/good-life-international","https:\/\/www.bol.com\/nl\/nl\/m\/mollers\/","https:\/\/mollersomega3.nl\/en\/"],"foundingDate":"1854","areaServed":["GB","IE","US","CA","AU","NZ","NL"],"knowsAbout":["omega-3","cod liver oil","fish oil","DHA","EPA","vitamin D"],"description":"Norwegian premium omega-3 brand since 1854. Cod liver oil and fish oil supplements with omega-3, vitamins A, D and E."}]}},"_links":{"self":[{"href":"https:\/\/mollersomega3.nl\/tr\/wp-json\/wp\/v2\/pages\/1005900","targetHints":{"allow":["GET"]}}],"collection":[{"href":"https:\/\/mollersomega3.nl\/tr\/wp-json\/wp\/v2\/pages"}],"about":[{"href":"https:\/\/mollersomega3.nl\/tr\/wp-json\/wp\/v2\/types\/page"}],"author":[{"embeddable":true,"href":"https:\/\/mollersomega3.nl\/tr\/wp-json\/wp\/v2\/users\/1"}],"replies":[{"embeddable":true,"href":"https:\/\/mollersomega3.nl\/tr\/wp-json\/wp\/v2\/comments?post=1005900"}],"version-history":[{"count":0,"href":"https:\/\/mollersomega3.nl\/tr\/wp-json\/wp\/v2\/pages\/1005900\/revisions"}],"wp:attachment":[{"href":"https:\/\/mollersomega3.nl\/tr\/wp-json\/wp\/v2\/media?parent=1005900"}],"curies":[{"name":"wp","href":"https:\/\/api.w.org\/{rel}","templated":true}]}}