{"id":1005915,"date":"2020-07-06T13:11:41","date_gmt":"2020-07-06T11:11:41","guid":{"rendered":"https:\/\/mollersomega3.nl\/norvecten-kalite-ve-saflik\/"},"modified":"2020-07-06T13:11:41","modified_gmt":"2020-07-06T11:11:41","slug":"norvecten-kalite-ve-saflik","status":"publish","type":"page","link":"https:\/\/mollersomega3.nl\/tr\/norvecten-kalite-ve-saflik\/","title":{"rendered":"Norve\u00e7&#8217;ten kalite ve safl\u0131k"},"content":{"rendered":"<h2>Norve\u00e7&#8217;ten saf bal\u0131k ya\u011f\u0131<\/h2>\n<p>M\u00f6ller&#8217;s Omega-3 Bal\u0131k Ya\u011f\u0131, %100 taze Arktik morinan\u0131n karaci\u011ferinden elde edilir. Bu bal\u0131klar, Norve\u00e7&#8217;teki Lofoten&#8217;in temiz ve s\u0131k\u0131 bir \u015fekilde d\u00fczenlenmi\u015f sular\u0131nda s\u00fcrd\u00fcr\u00fclebilir bir \u015fekilde avlan\u0131r. S\u00fcrd\u00fcr\u00fclebilirlik, kalite ve safl\u0131k bizim i\u00e7in \u00f6nemli de\u011ferlerdir.  <\/p>\n<p>M\u00f6ller&#8217;s, \u0130skandinavya&#8217;da 1 numaral\u0131 bal\u0131k ya\u011f\u0131d\u0131r. Norve\u00e7&#8217;te bal\u0131k ya\u011f\u0131 g\u00fcnl\u00fck beslenmenin sabit bir par\u00e7as\u0131d\u0131r. Norve\u00e7 Sa\u011fl\u0131k Otoritesi bile g\u00fcnl\u00fck al\u0131m\u0131 tavsiye eder.  <\/p>\n<h4><a href=\"https:\/\/mollersomega3.nl\/over-ons\/\">Bal\u0131k ya\u011f\u0131n\u0131n tarih\u00e7esi&#8230;<\/a><\/h4>\n<h2>Temiz denizlerden bal\u0131k<\/h2>\n<p><img decoding=\"async\" class=\"alignleft wp-image-794\" style=\"color: #333333; float: right; quot;quot;quot;quot;,times,serif;font-size: 16px; font-style: normal; font-variant: normal; font-weight: 400; height: auto; letter-spacing: normal; max-width: 100%; text-align: left; text-decoration: none; text-indent: 0px; text-transform: none; margin: 0.5em 0px 0.5em 1em;\" src=\"https:\/\/mollersomega3.nl\/wp-content\/uploads\/2020\/07\/1594650633_tmp_shutterstock_Lofoten-min.jpg\" alt=\"Norve\u00e7'ten kalite ve safl\u0131k\" width=\"300\" height=\"200\" srcset=\"https:\/\/mollersomega3.nl\/wp-content\/uploads\/2020\/07\/1594650633_tmp_shutterstock_Lofoten-min.jpg 1440w, https:\/\/mollersomega3.nl\/wp-content\/uploads\/2020\/07\/1594650633_tmp_shutterstock_Lofoten-min-768x512.jpg 768w, https:\/\/mollersomega3.nl\/wp-content\/uploads\/2020\/07\/1594650633_tmp_shutterstock_Lofoten-min-300x200.jpg 300w, https:\/\/mollersomega3.nl\/wp-content\/uploads\/2020\/07\/1594650633_tmp_shutterstock_Lofoten-min-600x400.jpg 600w\" sizes=\"(max-width: 300px) 100vw, 300px\" \/>Arktik morina, d\u00fcnyan\u0131n en temiz denizlerinden biri olan Lofoten yak\u0131nlar\u0131ndaki Arktik Denizi&#8217;nden gelir; burada toksik maddeler ve di\u011fer \u00e7evre kirleticilerin seviyeleri minimum d\u00fczeydedir. Morinan\u0131n s\u00fcrd\u00fcr\u00fclebilir avlanmas\u0131, yerel bal\u0131k\u00e7\u0131l\u0131k taraf\u0131ndan g\u00fcnl\u00fck olarak sa\u011flan\u0131r. Bu nedenle bal\u0131k karaci\u011feri 24 saatten daha az bir s\u00fcre \u00f6nce avlanm\u0131\u015f ve \u00e7ok tazedir. Arktik morina karaci\u011feri do\u011fal olarak omega-3 ve A ve D vitaminleri a\u00e7\u0131s\u0131ndan \u00e7ok zengindir, bu da onu y\u00fcksek kaliteli bal\u0131k ya\u011f\u0131 \u00fcretimi i\u00e7in son derece uygun hale getirir.   <\/p>\n<h2>Benzersiz \u00fcretim y\u00f6ntemi kalite ve safl\u0131\u011f\u0131 garanti eder<\/h2>\n<p>Avland\u0131ktan sonra, morinan\u0131n karaci\u011feri M\u00f6ller&#8217;s i\u00e7in kullan\u0131l\u0131r, bal\u0131\u011f\u0131n geri kalan\u0131 at\u0131lmaz, ayn\u0131 zamanda t\u00fcketim i\u00e7in de kullan\u0131l\u0131r. M\u00f6ller&#8217;s \u00fcretim y\u00f6ntemi benzersizdir. Markan\u0131n kurucusu Peter M\u00f6ller, M\u00f6ller metodunu tan\u0131tt\u0131: buhar \u0131s\u0131tmas\u0131 yoluyla morina karaci\u011ferinden ya\u011f ay\u0131rma. Karaci\u011fer d\u00fc\u015f\u00fck s\u0131cakl\u0131kta buharlan\u0131r, b\u00f6ylece omega-3 a\u00e7\u0131s\u0131ndan zengin ya\u011f yava\u015f\u00e7a ayr\u0131l\u0131r ve ya\u011f asitlerinin do\u011fal formu korunur.   <\/p>\n<p>M\u00f6ller&#8217;s Omega-3&#8217;\u00fcn bu \u00fcretim y\u00f6ntemi, \u00e7ok y\u00fcksek kalitede bir \u00fcr\u00fcn sa\u011flar. Arktik morina karaci\u011feri do\u011fal olarak omega-3 ve A ve D vitaminleri a\u00e7\u0131s\u0131ndan \u00e7ok zengindir. D\u00fc\u015f\u00fck s\u0131cakl\u0131kta buharlama sayesinde, omega-3&#8217;\u00fcn do\u011fal formu ve etkinli\u011fi korunur. Bu benzersiz \u00fcretim y\u00f6ntemi sayesinde y\u00fcksek omega-3 i\u00e7eri\u011fi garanti edilir. Ayr\u0131ca, M\u00f6ller&#8217;s Bal\u0131k Ya\u011f\u0131 <a href=\"https:\/\/mollersomega3.nl\/tr\/a-d-ve-e-vitaminleri-nelerdir\/\">A, D ve E vitaminleri<\/a> a\u00e7\u0131s\u0131ndan da zengindir.   <\/p>\n<p>1854&#8217;teki kurulu\u015fundan bu yana, \u00fcretim y\u00f6ntemi daha da geli\u015ftirilmi\u015f, b\u00f6ylece M\u00f6ller&#8217;s Bal\u0131k Ya\u011f\u0131&#8217;n\u0131n kalitesi, safl\u0131\u011f\u0131 ve tad\u0131 s\u00fcrekli olarak iyile\u015ftirilmi\u015ftir. <a title=\"Web Ma\u011fazas\u0131\" href=\"https:\/\/mollersomega3.nl\/producten\/\" target=\"_blank\" rel=\"noopener noreferrer\">\u015eimdi M\u00f6ller&#8217;s&#8217;i kendiniz deneyin!<\/a><\/p>\n<h2>Kalite Kontrolleri<\/h2>\n<p>M\u00f6ller&#8217;s Omega-3 do\u011fal bir \u00fcr\u00fcnd\u00fcr ve %100 yabani Arktik morinadan elde edilir. \u00dcr\u00fcn, \u015fi\u015felenmeden \u00f6nce s\u0131k\u0131 kalite kontrollerinden ge\u00e7er. <\/p>\n<p>\u00dcr\u00fcnlerimiz hem \u00e7ocuklar hem de yeti\u015fkinler i\u00e7in g\u00fcvenlidir. M\u00f6ller&#8217;s \u00fcr\u00fcnleri d\u00fczenli olarak ba\u011f\u0131ms\u0131z laboratuvarlar taraf\u0131ndan safl\u0131k ve tazelik a\u00e7\u0131s\u0131ndan test edilir. T\u00fcm \u00fcr\u00fcnler, \u00fcr\u00fcnlerin safl\u0131\u011f\u0131 i\u00e7in uluslararas\u0131 kurallar\u0131 (GOED: <a href=\"https:\/\/goedomega3.com\/\">Global Organization for EPA and DHA Omega-3<\/a> dahil) kar\u015f\u0131lar ve hatta a\u015far.  <\/p>\n<p>T\u00fcm \u00fcr\u00fcnlerin \u00fcretimi, safla\u015ft\u0131r\u0131lmas\u0131 ve s\u0131k\u0131 kontrolleri Norve\u00e7&#8217;teki kendi fabrikam\u0131zda yap\u0131l\u0131r.<\/p>\n<h3>A\u011f\u0131r metallerden ar\u0131nd\u0131r\u0131lm\u0131\u015f<\/h3>\n<p>M\u00f6ller&#8217;s en iyi kalite ve y\u00fcksek safl\u0131k anlam\u0131na gelir. Ba\u011f\u0131ms\u0131z laboratuvarlar, ya\u011f\u0131 s\u00fcrekli olarak kirleticilerin, PCB&#8217;lerin, a\u011f\u0131r metallerin ve dioksinlerin varl\u0131\u011f\u0131 a\u00e7\u0131s\u0131ndan kontrol eder. \u00dcr\u00fcnlerin safl\u0131\u011f\u0131n\u0131 garanti etmek i\u00e7in, istenmeyen maddeleri \u00e7\u0131karmak i\u00e7in hafif ama etkili bir temizleme yap\u0131l\u0131r. T\u00fcm bunlar kimyasal kullanmadan ger\u00e7ekle\u015ftirilir. Bu safla\u015ft\u0131rma ve kalite kontrol\u00fc, M\u00f6ller&#8217;s Omega-3&#8217;\u00fcn en y\u00fcksek safl\u0131\u011f\u0131n\u0131 sa\u011flar. C\u0131va, kadmiyum, kur\u015fun, PCB&#8217;ler ve di\u011fer 28 olas\u0131 kirletici maddenin tespit edilebilir seviyelerinden ar\u0131nd\u0131r\u0131lm\u0131\u015ft\u0131r. M\u00f6ller&#8217;s, AB&#8217;nin t\u00fcm gereksinimlerini ve GOED standartlar\u0131n\u0131 kar\u015f\u0131lar.      <\/p>\n<h3>D\u00fc\u015f\u00fck totoks de\u011ferine sahip taze bal\u0131k ya\u011f\u0131 (&lt;5)<\/h3>\n<p>M\u00f6ller&#8217;s \u00e7ok y\u00fcksek miktarda omega-3 ya\u011f asitleri (DHA ve EPA) i\u00e7erir. Bu sa\u011fl\u0131kl\u0131 ya\u011f asitleri ayn\u0131 zamanda oksidasyona en duyarl\u0131 olanlard\u0131r: oksijene maruz kald\u0131\u011f\u0131nda ya\u011f asitlerinin bozulmas\u0131. Y\u00fcksek kalite, ya\u011f \u00e7ok taze oldu\u011funda garanti edilir. M\u00f6ller&#8217;s Omega-3, a\u015fa\u011f\u0131daki fakt\u00f6rler sayesinde omega-3 ya\u011f asitlerinin oksidasyonunu s\u0131n\u0131rlar:   <\/p>\n<ul>\n<li>Bal\u0131k avland\u0131ktan sonra 24 saat i\u00e7inde bal\u0131k karaci\u011ferlerinin h\u0131zl\u0131 i\u015flenmesi.<\/li>\n<li>Oksijenden ar\u0131nd\u0131r\u0131lm\u0131\u015f bir azot ortam\u0131nda \u00fcretim.<\/li>\n<li>Ya\u011f\u0131 oksidasyondan korumak i\u00e7in antioksidan olarak E vitamini eklenmesi.<\/li>\n<li>Ya\u011f\u0131 ye\u015fil cam \u015fi\u015fede \u015fi\u015feleyerek \u0131\u015f\u0131\u011fa maruz kalmay\u0131 s\u0131n\u0131rlama.<\/li>\n<li>\u015ei\u015fe a\u00e7\u0131ld\u0131ktan sonra bal\u0131k ya\u011f\u0131n\u0131 buzdolab\u0131nda saklayarak optimum raf \u00f6mr\u00fc sa\u011flama.<\/li>\n<\/ul>\n<p>Omega-3 ya\u011f asitlerinin \u00f6zelliklerini korumak i\u00e7in bal\u0131k ya\u011f\u0131na E vitamini eklenmi\u015ftir. E vitamini, hem \u015fi\u015fede hem de v\u00fccudumuzda omega-3&#8217;\u00fcn oksidasyonuna kar\u015f\u0131 korur. Bal\u0131k ya\u011f\u0131m\u0131zdaki omega-3 ya\u011f asitleri do\u011fal trigliserit formlar\u0131n\u0131 korur. \u00dcretim s\u00fcreci oksijeni az bir \u015fekilde ger\u00e7ekle\u015fir. Bu nedenle oksidasyon m\u00fcmk\u00fcn de\u011fildir ve b\u00f6ylece bal\u0131k ya\u011f\u0131n\u0131n taze tad\u0131 garanti edilir. Ye\u015fil \u015fi\u015fenin nedeni de oksidasyonu \u00f6nlemektir. Bu renk, \u015fi\u015fenin i\u00e7eri\u011fini daha iyi korur.      <\/p>\n<p>Oksidasyon de\u011ferlerinin kontrol\u00fc her \u00fcretim partisinde ger\u00e7ekle\u015ftirilir. De\u011ferler partiden partiye de\u011fi\u015fir, ancak \u015fi\u015feleme sonras\u0131 M\u00f6ller&#8217;s Omega-3&#8217;\u00fcn ortalama totoks de\u011feri 5&#8217;ten d\u00fc\u015f\u00fckt\u00fcr. Bu harika bir de\u011ferdir. GOED (Global Organization for EPA and DHA Omega-3) taraf\u0131ndan belirlenen standart, maksimum 26 oksidasyon de\u011feridir. M\u00f6ller&#8217;s Omega-3 bu standard\u0131 fazlas\u0131yla kar\u015f\u0131lar.<\/p>\n","protected":false},"excerpt":{"rendered":"<p>Norve\u00e7&#8217;ten saf bal\u0131k ya\u011f\u0131 M\u00f6ller&#8217;s Omega-3 Bal\u0131k Ya\u011f\u0131, %100 taze Arktik morinan\u0131n karaci\u011ferinden elde edilir. Bu bal\u0131klar, Norve\u00e7&#8217;teki Lofoten&#8217;in temiz ve s\u0131k\u0131 bir \u015fekilde d\u00fczenlenmi\u015f sular\u0131nda s\u00fcrd\u00fcr\u00fclebilir bir \u015fekilde avlan\u0131r. S\u00fcrd\u00fcr\u00fclebilirlik, kalite ve safl\u0131k bizim i\u00e7in \u00f6nemli de\u011ferlerdir. M\u00f6ller&#8217;s, \u0130skandinavya&#8217;da 1 numaral\u0131 bal\u0131k ya\u011f\u0131d\u0131r. Norve\u00e7&#8217;te bal\u0131k ya\u011f\u0131 g\u00fcnl\u00fck beslenmenin sabit bir par\u00e7as\u0131d\u0131r. Norve\u00e7 Sa\u011fl\u0131k Otoritesi [&hellip;]<\/p>\n","protected":false},"author":1,"featured_media":0,"parent":0,"menu_order":0,"comment_status":"closed","ping_status":"closed","template":"","meta":{"_yoast_wpseo_focuskw":"Kalite ve safl\u0131k","_yoast_wpseo_title":"%%title%% %%page%% %%sep%% Bal\u0131k Ya\u011f\u0131 %%sep%% %%sitename%%","_yoast_wpseo_metadesc":"Kalite ve safl\u0131k bizim i\u00e7in \u00f6nemli de\u011ferlerdir. Norve\u00e7'ten 0 taze Arktik morinadan M\u00f6ller's Omega-3 Bal\u0131k Ya\u011f\u0131.","_monsterinsights_skip_tracking":false,"_monsterinsights_sitenote_active":false,"_monsterinsights_sitenote_note":"","_monsterinsights_sitenote_category":0,"footnotes":""},"class_list":["post-1005915","page","type-page","status-publish","hentry"],"yoast_head":"<!-- This site is optimized with the Yoast SEO Premium plugin v25.1 (Yoast SEO v25.1) - https:\/\/yoast.com\/wordpress\/plugins\/seo\/ -->\n<title>Norve\u00e7&#039;ten kalite ve safl\u0131k - Bal\u0131k Ya\u011f\u0131 - M\u00f6llers Omega-3<\/title>\n<meta name=\"description\" content=\"Kalite ve safl\u0131k bizim i\u00e7in \u00f6nemli de\u011ferlerdir. Norve\u00e7&#039;ten 0 taze Arktik morinadan M\u00f6ller&#039;s Omega-3 Bal\u0131k Ya\u011f\u0131.\" \/>\n<meta name=\"robots\" content=\"index, follow, max-snippet:-1, max-image-preview:large, max-video-preview:-1\" \/>\n<link rel=\"canonical\" href=\"https:\/\/mollersomega3.nl\/noorse-kwaliteit-en-zuiverheid\/\" \/>\n<meta property=\"og:locale\" content=\"tr_TR\" \/>\n<meta property=\"og:type\" content=\"article\" \/>\n<meta property=\"og:title\" content=\"Norve\u00e7&#039;ten kalite ve safl\u0131k\" \/>\n<meta property=\"og:description\" content=\"Kalite ve safl\u0131k bizim i\u00e7in \u00f6nemli de\u011ferlerdir. Norve\u00e7&#039;ten 0 taze Arktik morinadan M\u00f6ller&#039;s Omega-3 Bal\u0131k Ya\u011f\u0131.\" \/>\n<meta property=\"og:url\" content=\"https:\/\/mollersomega3.nl\/noorse-kwaliteit-en-zuiverheid\/\" \/>\n<meta property=\"og:site_name\" content=\"M\u00f6llers Omega-3\" \/>\n<meta property=\"article:publisher\" content=\"https:\/\/www.facebook.com\/mollersomega3nl\" \/>\n<meta property=\"og:image\" content=\"https:\/\/mollersomega3.nl\/wp-content\/uploads\/2020\/07\/1594650633_tmp_shutterstock_Lofoten-min.jpg\" \/>\n<meta name=\"twitter:card\" content=\"summary_large_image\" \/>\n<meta name=\"twitter:site\" content=\"@mollersomega3nl\" \/>\n<meta name=\"twitter:label1\" content=\"Est. reading time\" \/>\n\t<meta name=\"twitter:data1\" content=\"5 minutes\" \/>\n<script type=\"application\/ld+json\" class=\"yoast-schema-graph\">{\"@context\":\"https:\/\/schema.org\",\"@graph\":[{\"@type\":\"WebPage\",\"@id\":\"https:\/\/mollersomega3.nl\/noorse-kwaliteit-en-zuiverheid\/\",\"url\":\"https:\/\/mollersomega3.nl\/noorse-kwaliteit-en-zuiverheid\/\",\"name\":\"Norve\u00e7'ten kalite ve safl\u0131k - Bal\u0131k Ya\u011f\u0131 - M\u00f6llers Omega-3\",\"isPartOf\":{\"@id\":\"https:\/\/mollersomega3.nl\/#website\"},\"primaryImageOfPage\":{\"@id\":\"https:\/\/mollersomega3.nl\/noorse-kwaliteit-en-zuiverheid\/#primaryimage\"},\"image\":{\"@id\":\"https:\/\/mollersomega3.nl\/noorse-kwaliteit-en-zuiverheid\/#primaryimage\"},\"thumbnailUrl\":\"https:\/\/mollersomega3.nl\/wp-content\/uploads\/2020\/07\/1594650633_tmp_shutterstock_Lofoten-min.jpg\",\"datePublished\":\"2020-07-06T11:11:41+00:00\",\"description\":\"Kalite ve safl\u0131k bizim i\u00e7in \u00f6nemli de\u011ferlerdir. Norve\u00e7'ten 0 taze Arktik morinadan M\u00f6ller's Omega-3 Bal\u0131k Ya\u011f\u0131.\",\"breadcrumb\":{\"@id\":\"https:\/\/mollersomega3.nl\/noorse-kwaliteit-en-zuiverheid\/#breadcrumb\"},\"inLanguage\":\"tr-TR\",\"potentialAction\":[{\"@type\":\"ReadAction\",\"target\":[\"https:\/\/mollersomega3.nl\/noorse-kwaliteit-en-zuiverheid\/\"]}]},{\"@type\":\"ImageObject\",\"inLanguage\":\"tr-TR\",\"@id\":\"https:\/\/mollersomega3.nl\/noorse-kwaliteit-en-zuiverheid\/#primaryimage\",\"url\":\"https:\/\/mollersomega3.nl\/wp-content\/uploads\/2020\/07\/1594650633_tmp_shutterstock_Lofoten-min.jpg\",\"contentUrl\":\"https:\/\/mollersomega3.nl\/wp-content\/uploads\/2020\/07\/1594650633_tmp_shutterstock_Lofoten-min.jpg\"},{\"@type\":\"BreadcrumbList\",\"@id\":\"https:\/\/mollersomega3.nl\/noorse-kwaliteit-en-zuiverheid\/#breadcrumb\",\"itemListElement\":[{\"@type\":\"ListItem\",\"position\":1,\"name\":\"Ana Sayfa\",\"item\":\"https:\/\/mollersomega3.nl\/tr\/\"},{\"@type\":\"ListItem\",\"position\":2,\"name\":\"Norve\u00e7&#8217;ten kalite ve safl\u0131k\"}]},{\"@type\":\"WebSite\",\"@id\":\"https:\/\/mollersomega3.nl\/#website\",\"url\":\"https:\/\/mollersomega3.nl\/\",\"name\":\"M\u00f6llers Omega-3\",\"description\":\"A Spoonful of Life since 1854\",\"publisher\":{\"@id\":\"https:\/\/mollersomega3.nl\/#organization\"},\"potentialAction\":[{\"@type\":\"SearchAction\",\"target\":{\"@type\":\"EntryPoint\",\"urlTemplate\":\"https:\/\/mollersomega3.nl\/?s={search_term_string}\"},\"query-input\":{\"@type\":\"PropertyValueSpecification\",\"valueRequired\":true,\"valueName\":\"search_term_string\"}}],\"inLanguage\":\"tr-TR\"},{\"@type\":\"Organization\",\"@id\":\"https:\/\/mollersomega3.nl\/#organization\",\"name\":\"M\u00f6llers Omega-3\",\"url\":\"https:\/\/mollersomega3.nl\/\",\"logo\":{\"@type\":\"ImageObject\",\"inLanguage\":\"tr-TR\",\"@id\":\"https:\/\/mollersomega3.nl\/#\/schema\/logo\/image\/\",\"url\":\"https:\/\/mollersomega3.nl\/wp-content\/uploads\/2020\/07\/mollers-logo-bestellingen.png\",\"contentUrl\":\"https:\/\/mollersomega3.nl\/wp-content\/uploads\/2020\/07\/mollers-logo-bestellingen.png\",\"width\":250,\"height\":86,\"caption\":\"M\u00f6llers Omega-3\"},\"image\":{\"@id\":\"https:\/\/mollersomega3.nl\/#\/schema\/logo\/image\/\"},\"sameAs\":[\"https:\/\/www.facebook.com\/MollersOmega3NL\",\"https:\/\/www.instagram.com\/mollersomega3nl\/\",\"https:\/\/nl.linkedin.com\/company\/good-life-international\",\"https:\/\/www.bol.com\/nl\/nl\/m\/mollers\/\",\"https:\/\/mollersomega3.nl\/en\/\"],\"foundingDate\":\"1854\",\"areaServed\":[\"GB\",\"IE\",\"US\",\"CA\",\"AU\",\"NZ\",\"NL\"],\"knowsAbout\":[\"omega-3\",\"cod liver oil\",\"fish oil\",\"DHA\",\"EPA\",\"vitamin D\"],\"description\":\"Norwegian premium omega-3 brand since 1854. Cod liver oil and fish oil supplements with omega-3, vitamins A, D and E.\"}]}<\/script>\n<!-- \/ Yoast SEO Premium plugin. -->","yoast_head_json":{"title":"Norve\u00e7'ten kalite ve safl\u0131k - Bal\u0131k Ya\u011f\u0131 - M\u00f6llers Omega-3","description":"Kalite ve safl\u0131k bizim i\u00e7in \u00f6nemli de\u011ferlerdir. Norve\u00e7'ten 0 taze Arktik morinadan M\u00f6ller's Omega-3 Bal\u0131k Ya\u011f\u0131.","robots":{"index":"index","follow":"follow","max-snippet":"max-snippet:-1","max-image-preview":"max-image-preview:large","max-video-preview":"max-video-preview:-1"},"canonical":"https:\/\/mollersomega3.nl\/noorse-kwaliteit-en-zuiverheid\/","og_locale":"tr_TR","og_type":"article","og_title":"Norve\u00e7'ten kalite ve safl\u0131k","og_description":"Kalite ve safl\u0131k bizim i\u00e7in \u00f6nemli de\u011ferlerdir. Norve\u00e7'ten 0 taze Arktik morinadan M\u00f6ller's Omega-3 Bal\u0131k Ya\u011f\u0131.","og_url":"https:\/\/mollersomega3.nl\/noorse-kwaliteit-en-zuiverheid\/","og_site_name":"M\u00f6llers Omega-3","article_publisher":"https:\/\/www.facebook.com\/mollersomega3nl","og_image":[{"url":"https:\/\/mollersomega3.nl\/wp-content\/uploads\/2020\/07\/1594650633_tmp_shutterstock_Lofoten-min.jpg","type":"","width":"","height":""}],"twitter_card":"summary_large_image","twitter_site":"@mollersomega3nl","twitter_misc":{"Est. reading time":"5 minutes"},"schema":{"@context":"https:\/\/schema.org","@graph":[{"@type":"WebPage","@id":"https:\/\/mollersomega3.nl\/noorse-kwaliteit-en-zuiverheid\/","url":"https:\/\/mollersomega3.nl\/noorse-kwaliteit-en-zuiverheid\/","name":"Norve\u00e7'ten kalite ve safl\u0131k - Bal\u0131k Ya\u011f\u0131 - M\u00f6llers Omega-3","isPartOf":{"@id":"https:\/\/mollersomega3.nl\/#website"},"primaryImageOfPage":{"@id":"https:\/\/mollersomega3.nl\/noorse-kwaliteit-en-zuiverheid\/#primaryimage"},"image":{"@id":"https:\/\/mollersomega3.nl\/noorse-kwaliteit-en-zuiverheid\/#primaryimage"},"thumbnailUrl":"https:\/\/mollersomega3.nl\/wp-content\/uploads\/2020\/07\/1594650633_tmp_shutterstock_Lofoten-min.jpg","datePublished":"2020-07-06T11:11:41+00:00","description":"Kalite ve safl\u0131k bizim i\u00e7in \u00f6nemli de\u011ferlerdir. Norve\u00e7'ten 0 taze Arktik morinadan M\u00f6ller's Omega-3 Bal\u0131k Ya\u011f\u0131.","breadcrumb":{"@id":"https:\/\/mollersomega3.nl\/noorse-kwaliteit-en-zuiverheid\/#breadcrumb"},"inLanguage":"tr-TR","potentialAction":[{"@type":"ReadAction","target":["https:\/\/mollersomega3.nl\/noorse-kwaliteit-en-zuiverheid\/"]}]},{"@type":"ImageObject","inLanguage":"tr-TR","@id":"https:\/\/mollersomega3.nl\/noorse-kwaliteit-en-zuiverheid\/#primaryimage","url":"https:\/\/mollersomega3.nl\/wp-content\/uploads\/2020\/07\/1594650633_tmp_shutterstock_Lofoten-min.jpg","contentUrl":"https:\/\/mollersomega3.nl\/wp-content\/uploads\/2020\/07\/1594650633_tmp_shutterstock_Lofoten-min.jpg"},{"@type":"BreadcrumbList","@id":"https:\/\/mollersomega3.nl\/noorse-kwaliteit-en-zuiverheid\/#breadcrumb","itemListElement":[{"@type":"ListItem","position":1,"name":"Ana Sayfa","item":"https:\/\/mollersomega3.nl\/tr\/"},{"@type":"ListItem","position":2,"name":"Norve\u00e7&#8217;ten kalite ve safl\u0131k"}]},{"@type":"WebSite","@id":"https:\/\/mollersomega3.nl\/#website","url":"https:\/\/mollersomega3.nl\/","name":"M\u00f6llers Omega-3","description":"A Spoonful of Life since 1854","publisher":{"@id":"https:\/\/mollersomega3.nl\/#organization"},"potentialAction":[{"@type":"SearchAction","target":{"@type":"EntryPoint","urlTemplate":"https:\/\/mollersomega3.nl\/?s={search_term_string}"},"query-input":{"@type":"PropertyValueSpecification","valueRequired":true,"valueName":"search_term_string"}}],"inLanguage":"tr-TR"},{"@type":"Organization","@id":"https:\/\/mollersomega3.nl\/#organization","name":"M\u00f6llers Omega-3","url":"https:\/\/mollersomega3.nl\/","logo":{"@type":"ImageObject","inLanguage":"tr-TR","@id":"https:\/\/mollersomega3.nl\/#\/schema\/logo\/image\/","url":"https:\/\/mollersomega3.nl\/wp-content\/uploads\/2020\/07\/mollers-logo-bestellingen.png","contentUrl":"https:\/\/mollersomega3.nl\/wp-content\/uploads\/2020\/07\/mollers-logo-bestellingen.png","width":250,"height":86,"caption":"M\u00f6llers Omega-3"},"image":{"@id":"https:\/\/mollersomega3.nl\/#\/schema\/logo\/image\/"},"sameAs":["https:\/\/www.facebook.com\/MollersOmega3NL","https:\/\/www.instagram.com\/mollersomega3nl\/","https:\/\/nl.linkedin.com\/company\/good-life-international","https:\/\/www.bol.com\/nl\/nl\/m\/mollers\/","https:\/\/mollersomega3.nl\/en\/"],"foundingDate":"1854","areaServed":["GB","IE","US","CA","AU","NZ","NL"],"knowsAbout":["omega-3","cod liver oil","fish oil","DHA","EPA","vitamin D"],"description":"Norwegian premium omega-3 brand since 1854. Cod liver oil and fish oil supplements with omega-3, vitamins A, D and E."}]}},"_links":{"self":[{"href":"https:\/\/mollersomega3.nl\/tr\/wp-json\/wp\/v2\/pages\/1005915","targetHints":{"allow":["GET"]}}],"collection":[{"href":"https:\/\/mollersomega3.nl\/tr\/wp-json\/wp\/v2\/pages"}],"about":[{"href":"https:\/\/mollersomega3.nl\/tr\/wp-json\/wp\/v2\/types\/page"}],"author":[{"embeddable":true,"href":"https:\/\/mollersomega3.nl\/tr\/wp-json\/wp\/v2\/users\/1"}],"replies":[{"embeddable":true,"href":"https:\/\/mollersomega3.nl\/tr\/wp-json\/wp\/v2\/comments?post=1005915"}],"version-history":[{"count":0,"href":"https:\/\/mollersomega3.nl\/tr\/wp-json\/wp\/v2\/pages\/1005915\/revisions"}],"wp:attachment":[{"href":"https:\/\/mollersomega3.nl\/tr\/wp-json\/wp\/v2\/media?parent=1005915"}],"curies":[{"name":"wp","href":"https:\/\/api.w.org\/{rel}","templated":true}]}}