{"id":1005920,"date":"2020-06-06T18:52:19","date_gmt":"2020-06-06T16:52:19","guid":{"rendered":"https:\/\/mollersomega3.nl\/bagisiklik-sistemi\/"},"modified":"2020-06-06T18:52:19","modified_gmt":"2020-06-06T16:52:19","slug":"bagisiklik-sistemi","status":"publish","type":"page","link":"https:\/\/mollersomega3.nl\/tr\/bagisiklik-sistemi\/","title":{"rendered":"Ba\u011f\u0131\u015f\u0131kl\u0131k sistemi"},"content":{"rendered":"<h2>M\u00f6ller&#8217;s Omega-3&#8217;teki A ve D vitaminleri g\u00fc\u00e7l\u00fc bir ba\u011f\u0131\u015f\u0131kl\u0131\u011fa katk\u0131da bulunur<\/h2>\n<p>\u0130nsan v\u00fccudu, bizi hastal\u0131klardan koruyan harika bir ba\u011f\u0131\u015f\u0131kl\u0131k sistemi ile donat\u0131lm\u0131\u015ft\u0131r. \u0130stenmeyen istilac\u0131lara kar\u015f\u0131 sava\u015fabilir. M\u00f6ller \u201cs Omega-3, ba\u011f\u0131\u015f\u0131kl\u0131k sistemini b\u00fcy\u00fck \u00f6l\u00e7\u00fcde iyi durumda tutan A ve D vitaminlerini i\u00e7erir. Hem \u00e7ocuklar hem de yeti\u015fkinler y\u0131l boyunca M\u00f6ller\u201d s kullan\u0131m\u0131ndan fayda g\u00f6recektir.   <\/p>\n<p>M\u00f6ller&#8217;s Omega-3, <a href=\"https:\/\/mollersomega3.nl\/tr\/a-d-ve-e-vitaminleri-nelerdir\/\">ba\u011f\u0131\u015f\u0131kl\u0131k vitaminleri A ve D<\/a>&#8216;yi i\u00e7erir. Bunlar ba\u011f\u0131\u015f\u0131kl\u0131\u011f\u0131n\u0131za ekstra destek sa\u011flar. Ayr\u0131ca, D vitamini bir\u00e7ok insan\u0131n beslenme takviyesine ihtiya\u00e7 duydu\u011fu vitaminlerden biridir. D vitaminini derimize gelen <a href=\"https:\/\/mollersomega3.nl\/insmeren-en-vitamine-d-aanmaak\/\">g\u00fcne\u015f \u0131\u015f\u0131\u011f\u0131<\/a> yoluyla al\u0131r\u0131z. Ancak g\u00fcne\u015ften her zaman yeterince alamad\u0131\u011f\u0131m\u0131z i\u00e7in D vitamini eksikli\u011fi olduk\u00e7a yayg\u0131nd\u0131r.    <\/p>\n<h3>Hastal\u0131k yap\u0131c\u0131lara kar\u015f\u0131 kalkan<\/h3>\n<p><span style=\"font-weight: 400;\">D vitamini, \u00e7ocuklarda da ba\u011f\u0131\u015f\u0131kl\u0131k sisteminin vazge\u00e7ilmez dostudur. Bu \u00f6nemli besin maddesi, ba\u011f\u0131\u015f\u0131kl\u0131\u011f\u0131 g\u00fc\u00e7lendirmeye ve uyarmaya yard\u0131mc\u0131 olur, b\u00f6ylece hastal\u0131klara ve enfeksiyonlara kar\u015f\u0131 daha az hassas oluruz. Bu, v\u00fccudu hastal\u0131k yap\u0131c\u0131lara kar\u015f\u0131 koruyan bir kalkan olu\u015fturmak gibidir.  &nbsp; <\/span><\/p>\n<h2>D vitamini, ba\u011f\u0131\u015f\u0131kl\u0131k sistemini solunum yolu enfeksiyonlar\u0131na kar\u015f\u0131 korumada destekler<\/h2>\n<p>\u00d6zellikle bu d\u00f6nemde D vitamini son derece \u00f6nemlidir.<\/p>\n<ul>\n<li>D vitamini ba\u011f\u0131\u015f\u0131kl\u0131k sistemini g\u00fc\u00e7lendirir, b\u00f6ylece <a href=\"https:\/\/mollersomega3.nl\/vitamine-d-is-juist-nu-heel-belangrijk\/\">enfeksiyonlar<\/a> \u00f6nlenir. Uzmanlara g\u00f6re bu sayede enfeksiyon kapma olas\u0131l\u0131\u011f\u0131n\u0131z daha d\u00fc\u015f\u00fckt\u00fcr. <\/li>\n<li>D vitamini, bir enfeksiyonun neden oldu\u011fu iltihaplanma tepkisini azalt\u0131r. Bir vir\u00fcs enfeksiyonu kapsan\u0131z bile, semptomlar daha hafif olabilir ve hastal\u0131\u011f\u0131n seyri daha az \u015fiddetli olabilir. <\/li>\n<\/ul>\n<p><em>&#8220;Ge\u00e7en y\u0131l e\u015fim \u2018R\u2019 olan t\u00fcm aylarda M\u00f6ller \u2018s bal\u0131k ya\u011f\u0131 kulland\u0131. \u00d6nceki y\u0131llar\u0131n aksine, ge\u00e7en sonbahar ve k\u0131\u015f boyunca bir g\u00fcn bile hasta olmad\u0131! Ve bu, meslekta\u015flar\u0131n\u0131n %40&#8217;\u0131 evde hasta yatarken oldu. Hi\u00e7bir grip a\u015f\u0131s\u0131 bu bal\u0131k ya\u011f\u0131yla boy \u00f6l\u00e7\u00fc\u015femez. Aile hekimimiz insanlar\u0131n eskisi gibi tekrar toplu halde bal\u0131k ya\u011f\u0131 kullanmas\u0131n\u0131 g\u00f6rmek istiyor.\u2019 \u2013 Carla.<\/em><\/p>\n<p><em>&#8220;V\u00fccudunuz, sa\u00e7\u0131n\u0131z ve beyniniz i\u00e7in iyi. Kendimi daha enerjik hissediyorum ve \u00e7ok daha iyi bir ba\u011f\u0131\u015f\u0131kl\u0131\u011f\u0131m var. Tavsiye ederim.&#8221; \u2013 Flore<\/em><\/p>\n<p><img decoding=\"async\" class=\"alignnone wp-image-459\" src=\"https:\/\/mollersomega3.nl\/wp-content\/uploads\/2020\/06\/icoontjes-groen-los_immuun.png\" alt=\"ba\u011f\u0131\u015f\u0131kl\u0131k sistemi\" width=\"150\" height=\"150\" srcset=\"https:\/\/mollersomega3.nl\/wp-content\/uploads\/2020\/06\/icoontjes-groen-los_immuun.png 418w, https:\/\/mollersomega3.nl\/wp-content\/uploads\/2020\/06\/icoontjes-groen-los_immuun-300x300.png 300w, https:\/\/mollersomega3.nl\/wp-content\/uploads\/2020\/06\/icoontjes-groen-los_immuun-100x100.png 100w\" sizes=\"(max-width: 150px) 100vw, 150px\" \/><\/p>\n<p><strong>Biliyor muydunuz&#8230; uyku eksikli\u011fi ba\u011f\u0131\u015f\u0131kl\u0131k sistemini zay\u0131flat\u0131r?<\/strong><\/p>\n","protected":false},"excerpt":{"rendered":"<p>M\u00f6ller&#8217;s Omega-3&#8217;teki A ve D vitaminleri g\u00fc\u00e7l\u00fc bir ba\u011f\u0131\u015f\u0131kl\u0131\u011fa katk\u0131da bulunur \u0130nsan v\u00fccudu, bizi hastal\u0131klardan koruyan harika bir ba\u011f\u0131\u015f\u0131kl\u0131k sistemi ile donat\u0131lm\u0131\u015ft\u0131r. \u0130stenmeyen istilac\u0131lara kar\u015f\u0131 sava\u015fabilir. M\u00f6ller \u201cs Omega-3, ba\u011f\u0131\u015f\u0131kl\u0131k sistemini b\u00fcy\u00fck \u00f6l\u00e7\u00fcde iyi durumda tutan A ve D vitaminlerini i\u00e7erir. Hem \u00e7ocuklar hem de yeti\u015fkinler y\u0131l boyunca M\u00f6ller\u201d s kullan\u0131m\u0131ndan fayda g\u00f6recektir. M\u00f6ller&#8217;s Omega-3, [&hellip;]<\/p>\n","protected":false},"author":1,"featured_media":0,"parent":0,"menu_order":0,"comment_status":"closed","ping_status":"closed","template":"","meta":{"_yoast_wpseo_focuskw":"ba\u011f\u0131\u015f\u0131kl\u0131k sistemi","_yoast_wpseo_title":"%%title%% iyi durumda %%page%% %%sitename%% ile","_yoast_wpseo_metadesc":"M\u00f6ller's Omega-3 sayesinde ba\u011f\u0131\u015f\u0131kl\u0131k sistemi iyi durumda. M\u00f6ller's do\u011fal olarak A ve D vitaminleri i\u00e7erir, ekstra destek i\u00e7in.","_monsterinsights_skip_tracking":false,"_monsterinsights_sitenote_active":false,"_monsterinsights_sitenote_note":"","_monsterinsights_sitenote_category":0,"footnotes":""},"class_list":["post-1005920","page","type-page","status-publish","hentry"],"yoast_head":"<!-- This site is optimized with the Yoast SEO Premium plugin v25.1 (Yoast SEO v25.1) - https:\/\/yoast.com\/wordpress\/plugins\/seo\/ -->\n<title>Ba\u011f\u0131\u015f\u0131kl\u0131k sistemi iyi durumda M\u00f6llers Omega-3 ile<\/title>\n<meta name=\"description\" content=\"M\u00f6ller&#039;s Omega-3 sayesinde ba\u011f\u0131\u015f\u0131kl\u0131k sistemi iyi durumda. M\u00f6ller&#039;s do\u011fal olarak A ve D vitaminleri i\u00e7erir, ekstra destek i\u00e7in.\" \/>\n<meta name=\"robots\" content=\"index, follow, max-snippet:-1, max-image-preview:large, max-video-preview:-1\" \/>\n<link rel=\"canonical\" href=\"https:\/\/mollersomega3.nl\/immuunsysteem\/\" \/>\n<meta property=\"og:locale\" content=\"tr_TR\" \/>\n<meta property=\"og:type\" content=\"article\" \/>\n<meta property=\"og:title\" content=\"Ba\u011f\u0131\u015f\u0131kl\u0131k sistemi\" \/>\n<meta property=\"og:description\" content=\"M\u00f6ller&#039;s Omega-3 sayesinde ba\u011f\u0131\u015f\u0131kl\u0131k sistemi iyi durumda. M\u00f6ller&#039;s do\u011fal olarak A ve D vitaminleri i\u00e7erir, ekstra destek i\u00e7in.\" \/>\n<meta property=\"og:url\" content=\"https:\/\/mollersomega3.nl\/immuunsysteem\/\" \/>\n<meta property=\"og:site_name\" content=\"M\u00f6llers Omega-3\" \/>\n<meta property=\"article:publisher\" content=\"https:\/\/www.facebook.com\/mollersomega3nl\" \/>\n<meta property=\"og:image\" content=\"https:\/\/mollersomega3.nl\/wp-content\/uploads\/2020\/06\/icoontjes-groen-los_immuun.png\" \/>\n<meta name=\"twitter:card\" content=\"summary_large_image\" \/>\n<meta name=\"twitter:site\" content=\"@mollersomega3nl\" \/>\n<meta name=\"twitter:label1\" content=\"Est. reading time\" \/>\n\t<meta name=\"twitter:data1\" content=\"2 minutes\" \/>\n<script type=\"application\/ld+json\" class=\"yoast-schema-graph\">{\"@context\":\"https:\/\/schema.org\",\"@graph\":[{\"@type\":\"WebPage\",\"@id\":\"https:\/\/mollersomega3.nl\/immuunsysteem\/\",\"url\":\"https:\/\/mollersomega3.nl\/immuunsysteem\/\",\"name\":\"Ba\u011f\u0131\u015f\u0131kl\u0131k sistemi iyi durumda M\u00f6llers Omega-3 ile\",\"isPartOf\":{\"@id\":\"https:\/\/mollersomega3.nl\/#website\"},\"primaryImageOfPage\":{\"@id\":\"https:\/\/mollersomega3.nl\/immuunsysteem\/#primaryimage\"},\"image\":{\"@id\":\"https:\/\/mollersomega3.nl\/immuunsysteem\/#primaryimage\"},\"thumbnailUrl\":\"https:\/\/mollersomega3.nl\/wp-content\/uploads\/2020\/06\/icoontjes-groen-los_immuun.png\",\"datePublished\":\"2020-06-06T16:52:19+00:00\",\"description\":\"M\u00f6ller's Omega-3 sayesinde ba\u011f\u0131\u015f\u0131kl\u0131k sistemi iyi durumda. M\u00f6ller's do\u011fal olarak A ve D vitaminleri i\u00e7erir, ekstra destek i\u00e7in.\",\"breadcrumb\":{\"@id\":\"https:\/\/mollersomega3.nl\/immuunsysteem\/#breadcrumb\"},\"inLanguage\":\"tr-TR\",\"potentialAction\":[{\"@type\":\"ReadAction\",\"target\":[\"https:\/\/mollersomega3.nl\/immuunsysteem\/\"]}]},{\"@type\":\"ImageObject\",\"inLanguage\":\"tr-TR\",\"@id\":\"https:\/\/mollersomega3.nl\/immuunsysteem\/#primaryimage\",\"url\":\"https:\/\/mollersomega3.nl\/wp-content\/uploads\/2020\/06\/icoontjes-groen-los_immuun.png\",\"contentUrl\":\"https:\/\/mollersomega3.nl\/wp-content\/uploads\/2020\/06\/icoontjes-groen-los_immuun.png\"},{\"@type\":\"BreadcrumbList\",\"@id\":\"https:\/\/mollersomega3.nl\/immuunsysteem\/#breadcrumb\",\"itemListElement\":[{\"@type\":\"ListItem\",\"position\":1,\"name\":\"Ana Sayfa\",\"item\":\"https:\/\/mollersomega3.nl\/tr\/\"},{\"@type\":\"ListItem\",\"position\":2,\"name\":\"Ba\u011f\u0131\u015f\u0131kl\u0131k sistemi\"}]},{\"@type\":\"WebSite\",\"@id\":\"https:\/\/mollersomega3.nl\/#website\",\"url\":\"https:\/\/mollersomega3.nl\/\",\"name\":\"M\u00f6llers Omega-3\",\"description\":\"A Spoonful of Life since 1854\",\"publisher\":{\"@id\":\"https:\/\/mollersomega3.nl\/#organization\"},\"potentialAction\":[{\"@type\":\"SearchAction\",\"target\":{\"@type\":\"EntryPoint\",\"urlTemplate\":\"https:\/\/mollersomega3.nl\/?s={search_term_string}\"},\"query-input\":{\"@type\":\"PropertyValueSpecification\",\"valueRequired\":true,\"valueName\":\"search_term_string\"}}],\"inLanguage\":\"tr-TR\"},{\"@type\":\"Organization\",\"@id\":\"https:\/\/mollersomega3.nl\/#organization\",\"name\":\"M\u00f6llers Omega-3\",\"url\":\"https:\/\/mollersomega3.nl\/\",\"logo\":{\"@type\":\"ImageObject\",\"inLanguage\":\"tr-TR\",\"@id\":\"https:\/\/mollersomega3.nl\/#\/schema\/logo\/image\/\",\"url\":\"https:\/\/mollersomega3.nl\/wp-content\/uploads\/2020\/07\/mollers-logo-bestellingen.png\",\"contentUrl\":\"https:\/\/mollersomega3.nl\/wp-content\/uploads\/2020\/07\/mollers-logo-bestellingen.png\",\"width\":250,\"height\":86,\"caption\":\"M\u00f6llers Omega-3\"},\"image\":{\"@id\":\"https:\/\/mollersomega3.nl\/#\/schema\/logo\/image\/\"},\"sameAs\":[\"https:\/\/www.facebook.com\/MollersOmega3NL\",\"https:\/\/www.instagram.com\/mollersomega3nl\/\",\"https:\/\/nl.linkedin.com\/company\/good-life-international\",\"https:\/\/www.bol.com\/nl\/nl\/m\/mollers\/\",\"https:\/\/mollersomega3.nl\/en\/\"],\"foundingDate\":\"1854\",\"areaServed\":[\"GB\",\"IE\",\"US\",\"CA\",\"AU\",\"NZ\",\"NL\"],\"knowsAbout\":[\"omega-3\",\"cod liver oil\",\"fish oil\",\"DHA\",\"EPA\",\"vitamin D\"],\"description\":\"Norwegian premium omega-3 brand since 1854. Cod liver oil and fish oil supplements with omega-3, vitamins A, D and E.\"}]}<\/script>\n<!-- \/ Yoast SEO Premium plugin. -->","yoast_head_json":{"title":"Ba\u011f\u0131\u015f\u0131kl\u0131k sistemi iyi durumda M\u00f6llers Omega-3 ile","description":"M\u00f6ller's Omega-3 sayesinde ba\u011f\u0131\u015f\u0131kl\u0131k sistemi iyi durumda. M\u00f6ller's do\u011fal olarak A ve D vitaminleri i\u00e7erir, ekstra destek i\u00e7in.","robots":{"index":"index","follow":"follow","max-snippet":"max-snippet:-1","max-image-preview":"max-image-preview:large","max-video-preview":"max-video-preview:-1"},"canonical":"https:\/\/mollersomega3.nl\/immuunsysteem\/","og_locale":"tr_TR","og_type":"article","og_title":"Ba\u011f\u0131\u015f\u0131kl\u0131k sistemi","og_description":"M\u00f6ller's Omega-3 sayesinde ba\u011f\u0131\u015f\u0131kl\u0131k sistemi iyi durumda. M\u00f6ller's do\u011fal olarak A ve D vitaminleri i\u00e7erir, ekstra destek i\u00e7in.","og_url":"https:\/\/mollersomega3.nl\/immuunsysteem\/","og_site_name":"M\u00f6llers Omega-3","article_publisher":"https:\/\/www.facebook.com\/mollersomega3nl","og_image":[{"url":"https:\/\/mollersomega3.nl\/wp-content\/uploads\/2020\/06\/icoontjes-groen-los_immuun.png","type":"","width":"","height":""}],"twitter_card":"summary_large_image","twitter_site":"@mollersomega3nl","twitter_misc":{"Est. reading time":"2 minutes"},"schema":{"@context":"https:\/\/schema.org","@graph":[{"@type":"WebPage","@id":"https:\/\/mollersomega3.nl\/immuunsysteem\/","url":"https:\/\/mollersomega3.nl\/immuunsysteem\/","name":"Ba\u011f\u0131\u015f\u0131kl\u0131k sistemi iyi durumda M\u00f6llers Omega-3 ile","isPartOf":{"@id":"https:\/\/mollersomega3.nl\/#website"},"primaryImageOfPage":{"@id":"https:\/\/mollersomega3.nl\/immuunsysteem\/#primaryimage"},"image":{"@id":"https:\/\/mollersomega3.nl\/immuunsysteem\/#primaryimage"},"thumbnailUrl":"https:\/\/mollersomega3.nl\/wp-content\/uploads\/2020\/06\/icoontjes-groen-los_immuun.png","datePublished":"2020-06-06T16:52:19+00:00","description":"M\u00f6ller's Omega-3 sayesinde ba\u011f\u0131\u015f\u0131kl\u0131k sistemi iyi durumda. M\u00f6ller's do\u011fal olarak A ve D vitaminleri i\u00e7erir, ekstra destek i\u00e7in.","breadcrumb":{"@id":"https:\/\/mollersomega3.nl\/immuunsysteem\/#breadcrumb"},"inLanguage":"tr-TR","potentialAction":[{"@type":"ReadAction","target":["https:\/\/mollersomega3.nl\/immuunsysteem\/"]}]},{"@type":"ImageObject","inLanguage":"tr-TR","@id":"https:\/\/mollersomega3.nl\/immuunsysteem\/#primaryimage","url":"https:\/\/mollersomega3.nl\/wp-content\/uploads\/2020\/06\/icoontjes-groen-los_immuun.png","contentUrl":"https:\/\/mollersomega3.nl\/wp-content\/uploads\/2020\/06\/icoontjes-groen-los_immuun.png"},{"@type":"BreadcrumbList","@id":"https:\/\/mollersomega3.nl\/immuunsysteem\/#breadcrumb","itemListElement":[{"@type":"ListItem","position":1,"name":"Ana Sayfa","item":"https:\/\/mollersomega3.nl\/tr\/"},{"@type":"ListItem","position":2,"name":"Ba\u011f\u0131\u015f\u0131kl\u0131k sistemi"}]},{"@type":"WebSite","@id":"https:\/\/mollersomega3.nl\/#website","url":"https:\/\/mollersomega3.nl\/","name":"M\u00f6llers Omega-3","description":"A Spoonful of Life since 1854","publisher":{"@id":"https:\/\/mollersomega3.nl\/#organization"},"potentialAction":[{"@type":"SearchAction","target":{"@type":"EntryPoint","urlTemplate":"https:\/\/mollersomega3.nl\/?s={search_term_string}"},"query-input":{"@type":"PropertyValueSpecification","valueRequired":true,"valueName":"search_term_string"}}],"inLanguage":"tr-TR"},{"@type":"Organization","@id":"https:\/\/mollersomega3.nl\/#organization","name":"M\u00f6llers Omega-3","url":"https:\/\/mollersomega3.nl\/","logo":{"@type":"ImageObject","inLanguage":"tr-TR","@id":"https:\/\/mollersomega3.nl\/#\/schema\/logo\/image\/","url":"https:\/\/mollersomega3.nl\/wp-content\/uploads\/2020\/07\/mollers-logo-bestellingen.png","contentUrl":"https:\/\/mollersomega3.nl\/wp-content\/uploads\/2020\/07\/mollers-logo-bestellingen.png","width":250,"height":86,"caption":"M\u00f6llers Omega-3"},"image":{"@id":"https:\/\/mollersomega3.nl\/#\/schema\/logo\/image\/"},"sameAs":["https:\/\/www.facebook.com\/MollersOmega3NL","https:\/\/www.instagram.com\/mollersomega3nl\/","https:\/\/nl.linkedin.com\/company\/good-life-international","https:\/\/www.bol.com\/nl\/nl\/m\/mollers\/","https:\/\/mollersomega3.nl\/en\/"],"foundingDate":"1854","areaServed":["GB","IE","US","CA","AU","NZ","NL"],"knowsAbout":["omega-3","cod liver oil","fish oil","DHA","EPA","vitamin D"],"description":"Norwegian premium omega-3 brand since 1854. Cod liver oil and fish oil supplements with omega-3, vitamins A, D and E."}]}},"_links":{"self":[{"href":"https:\/\/mollersomega3.nl\/tr\/wp-json\/wp\/v2\/pages\/1005920","targetHints":{"allow":["GET"]}}],"collection":[{"href":"https:\/\/mollersomega3.nl\/tr\/wp-json\/wp\/v2\/pages"}],"about":[{"href":"https:\/\/mollersomega3.nl\/tr\/wp-json\/wp\/v2\/types\/page"}],"author":[{"embeddable":true,"href":"https:\/\/mollersomega3.nl\/tr\/wp-json\/wp\/v2\/users\/1"}],"replies":[{"embeddable":true,"href":"https:\/\/mollersomega3.nl\/tr\/wp-json\/wp\/v2\/comments?post=1005920"}],"version-history":[{"count":0,"href":"https:\/\/mollersomega3.nl\/tr\/wp-json\/wp\/v2\/pages\/1005920\/revisions"}],"wp:attachment":[{"href":"https:\/\/mollersomega3.nl\/tr\/wp-json\/wp\/v2\/media?parent=1005920"}],"curies":[{"name":"wp","href":"https:\/\/api.w.org\/{rel}","templated":true}]}}