{"id":1006026,"date":"2020-05-30T15:22:40","date_gmt":"2020-05-30T13:22:40","guid":{"rendered":"https:\/\/mollersomega3.nl\/hakkimizda\/"},"modified":"2025-07-04T09:21:10","modified_gmt":"2025-07-04T07:21:10","slug":"hakkimizda","status":"publish","type":"page","link":"https:\/\/mollersomega3.nl\/tr\/hakkimizda\/","title":{"rendered":"Hakk\u0131m\u0131zda"},"content":{"rendered":"<p><\/p><h1 class=\"wp-block-heading\" id=\"h-over-moller-s-omega-3\">M\u00f6ller&#8217;s Omega-3 Hakk\u0131nda<\/h1><h2 class=\"wp-block-heading\" id=\"h-pure-omega-3-uit-noorwegen\">Norve\u00e7&#8217;ten saf omega-3 <img decoding=\"async\" width=\"32\" height=\"23\" class=\"alignnone wp-image-597\" src=\"https:\/\/mollersomega3.nl\/wp-content\/uploads\/2020\/07\/noorse-vlag.png\" alt=\"Norve&#xE7;'ten saf omega-3\" srcset=\"https:\/\/mollersomega3.nl\/wp-content\/uploads\/2020\/07\/noorse-vlag.png 2560w, https:\/\/mollersomega3.nl\/wp-content\/uploads\/2020\/07\/noorse-vlag-768x559.png 768w, https:\/\/mollersomega3.nl\/wp-content\/uploads\/2020\/07\/noorse-vlag-1536x1117.png 1536w, https:\/\/mollersomega3.nl\/wp-content\/uploads\/2020\/07\/noorse-vlag-2048x1490.png 2048w, https:\/\/mollersomega3.nl\/wp-content\/uploads\/2020\/07\/noorse-vlag-300x218.png 300w, https:\/\/mollersomega3.nl\/wp-content\/uploads\/2020\/07\/noorse-vlag-600x436.png 600w\" sizes=\"(max-width: 32px) 100vw, 32px\" \/><\/h2><p>M\u00f6ller&#8217;s Skandinavya&#8217;n\u0131n 1 numaral\u0131 omega-3 markas\u0131d\u0131r. Norve\u00e7 Sa\u011fl\u0131k Otoritesi bunu g\u00fcnl\u00fck beslenmenin standart bir par\u00e7as\u0131 olarak tavsiye eder. Ye\u015fil \u015fi\u015fedeki saf s\u0131v\u0131 omega-3!  <\/p><h2 class=\"wp-block-heading\" id=\"h-geschiedenis-van-levertraan\">Bal\u0131k karaci\u011feri ya\u011f\u0131n\u0131n tarihi<\/h2><p>Norve\u00e7liler 1.000 y\u0131ldan fazla s\u00fcredir bal\u0131k karaci\u011feri ya\u011f\u0131 \u00fcretiyor, ihra\u00e7 ediyor ve kullan\u0131yor. Ba\u015flang\u0131\u00e7ta bu sa\u011fl\u0131kl\u0131 bal\u0131k ya\u011f\u0131 lamba ya\u011f\u0131 olarak ve ah\u015fap ile deriyi emprenye etmek i\u00e7in kullan\u0131l\u0131yordu. 1645 y\u0131l\u0131nda bal\u0131k karaci\u011feri ya\u011f\u0131n\u0131n hastal\u0131klar\u0131 \u00f6nlemek ve iyile\u015ftirmek i\u00e7in iyi oldu\u011fu ke\u015ffedildi. Bunu destekleyen ilk yay\u0131nlanm\u0131\u015f bilimsel makale 18. y\u00fczy\u0131l\u0131n sonlar\u0131ndan kalma.   <\/p><p>Bal\u0131k karaci\u011feri ya\u011f\u0131n\u0131n uzun bir ge\u00e7mi\u015fi var. Rivayete g\u00f6re Vikingler bile kullan\u0131yormu\u015f. Demek ki o kadar da \u00e7\u0131lg\u0131n de\u011fillermi\u015f!  <\/p><p>&#8220;G\u00fcnde bir ka\u015f\u0131k bal\u0131k karaci\u011feri ya\u011f\u0131&#8221; yar\u0131m as\u0131r \u00f6nce Hollandal\u0131lar\u0131n da gelene\u011fiydi. O zamanlar bal\u0131k karaci\u011feri ya\u011f\u0131n\u0131n tad\u0131 ho\u015f de\u011fildi ve kalitesi genellikle de\u011fi\u015fkendi. M\u00f6ller&#8217;s Omega-3, geli\u015ftirilmi\u015f <a href=\"https:\/\/mollersomega3.nl\/tr\/norvecten-kalite-ve-saflik\/\" target=\"_blank\" rel=\"noreferrer noopener\">\u00fcretim teknikleri<\/a> sayesinde yumu\u015fak, taze bir tada sahip ve Naturel varyant\u0131n\u0131n yan\u0131 s\u0131ra taze Limon, Elma veya Tutti Frutti tad\u0131nda da mevcuttur.  <\/p><h3 class=\"wp-block-heading\" id=\"h-pure-omega-3-expertise-sinds-1854\">Saf omega-3; 1854&#8217;ten beri uzmanl\u0131k<\/h3><p>19. y\u00fczy\u0131l\u0131n ortalar\u0131nda Norve\u00e7li eczac\u0131 Peter M\u00f6ller, sahil boyunca ya\u015fayan ve d\u00fczenli olarak bal\u0131k karaci\u011feri ya\u011f\u0131 kullanan insanlar\u0131n nadiren hastaland\u0131\u011f\u0131n\u0131 fark etti. Bundan sonra kendini bu sa\u011fl\u0131kl\u0131 s\u0131v\u0131 i\u00e7in iyi bir \u00fcretim y\u00f6ntemi bulmaya adad\u0131. Sa\u011fl\u0131kl\u0131 bir ya\u015fam\u0131n iyi beslenmeyle ba\u015flad\u0131\u011f\u0131 inanc\u0131yla Peter M\u00f6ller 1854&#8217;te M\u00f6ller&#8217;s markas\u0131n\u0131 kurdu. O zamanlar bile bal\u0131k karaci\u011feri ya\u011f\u0131n\u0131n sa\u011fl\u0131k i\u00e7in \u00f6nemli faydalar\u0131na inan\u0131yordu. Art\u0131k y\u00fcksek kaliteli ve saf bal\u0131k karaci\u011feri ya\u011f\u0131 \u00fcretiminde 165 y\u0131ldan fazla deneyimimiz var.    <\/p><p>M\u00f6ller&#8217;s d\u00fcnyada 165 y\u0131ldan fazla s\u00fcredir bal\u0131k karaci\u011feri ya\u011f\u0131 \u00fcreten tek \u00fcreticidir. 1854&#8217;teki kurulu\u015fundan bu yana tarih, M\u00f6ller&#8217;s Omega-3&#8217;\u00fcn kalitesi, safl\u0131\u011f\u0131 ve tad\u0131n\u0131n s\u00fcrekli geli\u015ftirildi\u011fi \u00fcretimin s\u00fcrekli geli\u015fimiyle karakterize edilir. <\/p><h2 class=\"wp-block-heading\" id=\"h-moller-s-omega-3-in-nederland-amp-belgie\">Hollanda ve Bel\u00e7ika&#8217;da M\u00f6ller&#8217;s Omega-3<\/h2><p>2013&#8217;te M\u00f6ller&#8217;s Hollanda ve Bel\u00e7ika&#8217;da tan\u0131t\u0131ld\u0131. Art\u0131k bir\u00e7ok terapist ve sa\u011fl\u0131k uzman\u0131 M\u00f6ller&#8217;s \u00fcr\u00fcnlerini tavsiye ediyor. Ayr\u0131ca say\u0131s\u0131z sa\u011fl\u0131k ma\u011fazas\u0131, eczane ve reform ma\u011fazas\u0131n\u0131n \u00fcr\u00fcn yelpazesinin bir par\u00e7as\u0131. M\u00f6ller&#8217;s&#8217;\u0131 her g\u00fcn d\u00fczenli olarak kullanan hayran say\u0131s\u0131 istikrarl\u0131 bir \u015fekilde art\u0131yor.   <\/p><p>M\u00f6ller&#8217;s defalarca 1 numaral\u0131 omega-3 markas\u0131 oldu\u011funu kan\u0131tl\u0131yor. M\u00f6ller&#8217;s <a href=\"https:\/\/mollersomega3.nl\/tr\/neden-mollers\/\" target=\"_blank\" rel=\"noreferrer noopener\">kalite, s\u00fcrd\u00fcr\u00fclebilirlik ve saf do\u011fa<\/a> anlam\u0131na geliyor! \u00dcr\u00fcnler her y\u0131l <a href=\"https:\/\/mollersomega3.nl\/tr\/en-iyi-tada-sahip-balik-yagi\/\" target=\"_blank\" rel=\"noreferrer noopener\">Superior Taste Award<\/a> ile \u00f6d\u00fcllendiriliyor. Ayr\u0131ca s\u00fcrd\u00fcr\u00fclebilir bal\u0131k avc\u0131l\u0131\u011f\u0131 i\u00e7in Friend of the Sea kalite damgas\u0131n\u0131 ta\u015f\u0131ma hakk\u0131na sahipler.  <\/p><p>Sen de M\u00f6ller&#8217;s \u00fcr\u00fcnlerini satmak veya tavsiye etmekle ilgileniyor musun? Daha fazla bilgi mi istiyorsun? Bizimle <a href=\"https:\/\/mollersomega3.nl\/klantenservice\/\" target=\"_blank\" rel=\"noreferrer noopener\">ileti\u015fime<\/a> ge\u00e7.  <\/p><h1 class=\"wp-block-heading\" id=\"h-moller-s-omega-3-is-onderdeel-van-good-life-international\">M\u00f6ller&#8217;s Omega-3, Good Life International&#8217;\u0131n bir par\u00e7as\u0131d\u0131r<\/h1><p><a href=\"http:\/\/www.goodlifeinternational.nl\" target=\"_blank\" rel=\"noopener\">Good Life International BV<\/a> 30 y\u0131ldan fazla s\u00fcredir fonksiyonel beslenme uzman\u0131d\u0131r. Bilin\u00e7li ve aktif t\u00fcketiciye odaklanan bir pazarlama-sat\u0131\u015f organizasyonuyuz. \u00c7ocuklar\u0131m\u0131za s\u0131n\u0131rs\u0131zca vermeye cesaret etti\u011fimiz iyi beslenme konusunda tutkuluyuz.  <\/p><h2 class=\"wp-block-heading\" id=\"h-where-the-good-life-begins\">\u0130yi ya\u015fam\u0131n ba\u015flad\u0131\u011f\u0131 yer<\/h2><p><em>&#8220;Sa\u011fl\u0131kl\u0131 de\u011filse beslenmenin ne anlam\u0131 var? 1998&#8217;de Good Life International&#8217;\u0131n temellerini att\u0131\u011f\u0131mda kendime sordu\u011fum soru buydu. Ne kadar \u00e7ok sa\u011fl\u0131kl\u0131 \u00fcr\u00fcn ve fikir, o kadar b\u00fcy\u00fck d\u00fcnya etkisi inanc\u0131m\u0131zd\u0131. Art\u0131k birka\u00e7 y\u0131l ge\u00e7ti ve \u00e7e\u015fitli (kendi) markalar\u0131m\u0131z alt\u0131nda sa\u011fl\u0131kl\u0131 fonksiyonel besinler geli\u015ftirme ve pazarlama konusunda geni\u015f bir uzmanl\u0131k geli\u015ftirdik. Misyonumuz gen\u00e7 ve ya\u015fl\u0131n\u0131n ya\u015fam tarz\u0131n\u0131 daha besleyici hale getirmek, b\u00f6ylece hayatlar\u0131n\u0131 daha konforlu k\u0131lmak. Geni\u015f bir da\u011f\u0131t\u0131m\u0131m\u0131z var ve b\u00fcy\u00fck perakendecilerle \u00e7al\u0131\u015f\u0131yoruz, ancak k\u00fc\u00e7\u00fck giri\u015fimciler ve online ma\u011fazalardan da \u00e7ok enerji al\u0131yoruz. Etos&#8217;tan Holland  Barrett&#8217;a, Vitaminstore&#8217;dan Ekoplaza&#8217;ya kadar teslimat yap\u0131yoruz. Bir Food Inspiration \u015firketine d\u00f6n\u00fc\u015ft\u00fck ve insanlar\u0131n vitalite ve refah\u0131n\u0131 art\u0131rmak i\u00e7in sa\u011fl\u0131kl\u0131 bir ya\u015fam tarz\u0131n\u0131 destekliyoruz. Sadece \u00e7ocuklar\u0131m\u0131za s\u0131n\u0131rs\u0131zca vermeye cesaret etti\u011fimiz \u00fcr\u00fcnler yap\u0131yoruz ve kaliteyi garanti edebilmek ve \u00e7evreyi m\u00fcmk\u00fcn oldu\u011funca az yormak i\u00e7in \u00fcr\u00fcnlerimizi ve malzemelerimizi m\u00fcmk\u00fcn oldu\u011funca yak\u0131ndan temin ediyoruz. Bu ger\u00e7ekten iyi hissettiriyor!&#8221;<\/em><\/p><p>Paul Vaessen<br\/>Good Life International BV Kurucusu<\/p>","protected":false},"excerpt":{"rendered":"<p>M\u00f6ller&#8217;s Omega-3 Hakk\u0131nda Norve\u00e7&#8217;ten saf omega-3 M\u00f6ller&#8217;s Skandinavya&#8217;n\u0131n 1 numaral\u0131 omega-3 markas\u0131d\u0131r. Norve\u00e7 Sa\u011fl\u0131k Otoritesi bunu g\u00fcnl\u00fck beslenmenin standart bir par\u00e7as\u0131 olarak tavsiye eder. Ye\u015fil \u015fi\u015fedeki saf s\u0131v\u0131 omega-3! Bal\u0131k karaci\u011feri ya\u011f\u0131n\u0131n tarihi Norve\u00e7liler 1.000 y\u0131ldan fazla s\u00fcredir bal\u0131k karaci\u011feri ya\u011f\u0131 \u00fcretiyor, ihra\u00e7 ediyor ve kullan\u0131yor. Ba\u015flang\u0131\u00e7ta bu sa\u011fl\u0131kl\u0131 bal\u0131k ya\u011f\u0131 lamba ya\u011f\u0131 olarak ve [&hellip;]<\/p>\n","protected":false},"author":1,"featured_media":0,"parent":0,"menu_order":0,"comment_status":"closed","ping_status":"closed","template":"","meta":{"_yoast_wpseo_focuskw":"Saf omega-3","_yoast_wpseo_title":"Norve\u00e7'ten saf omega-3 %%sep%% %%title%% %%page%% %%sep%% %%sitename%%","_yoast_wpseo_metadesc":"Norve\u00e7'ten saf omega-3. M\u00f6ller's Skandinavya'n\u0131n 1 numaral\u0131 omega-3'\u00fc. G\u00fcnl\u00fck beslenmenin bir par\u00e7as\u0131. Ye\u015fil \u015fi\u015fedeki saf omega-3!","_monsterinsights_skip_tracking":false,"_monsterinsights_sitenote_active":false,"_monsterinsights_sitenote_note":"","_monsterinsights_sitenote_category":0,"footnotes":""},"class_list":["post-1006026","page","type-page","status-publish","hentry"],"yoast_head":"<!-- This site is optimized with the Yoast SEO Premium plugin v25.1 (Yoast SEO v25.1) - https:\/\/yoast.com\/wordpress\/plugins\/seo\/ -->\n<title>Norve\u00e7&#039;ten saf omega-3 - Hakk\u0131m\u0131zda - M\u00f6llers Omega-3<\/title>\n<meta name=\"description\" content=\"Norve\u00e7&#039;ten saf omega-3. M\u00f6ller&#039;s Skandinavya&#039;n\u0131n 1 numaral\u0131 omega-3&#039;\u00fc. G\u00fcnl\u00fck beslenmenin bir par\u00e7as\u0131. Ye\u015fil \u015fi\u015fedeki saf omega-3!\" \/>\n<meta name=\"robots\" content=\"index, follow, max-snippet:-1, max-image-preview:large, max-video-preview:-1\" \/>\n<link rel=\"canonical\" href=\"https:\/\/mollersomega3.nl\/over-ons\/\" \/>\n<meta property=\"og:locale\" content=\"tr_TR\" \/>\n<meta property=\"og:type\" content=\"article\" \/>\n<meta property=\"og:title\" content=\"Hakk\u0131m\u0131zda\" \/>\n<meta property=\"og:description\" content=\"Norve\u00e7&#039;ten saf omega-3. M\u00f6ller&#039;s Skandinavya&#039;n\u0131n 1 numaral\u0131 omega-3&#039;\u00fc. G\u00fcnl\u00fck beslenmenin bir par\u00e7as\u0131. Ye\u015fil \u015fi\u015fedeki saf omega-3!\" \/>\n<meta property=\"og:url\" content=\"https:\/\/mollersomega3.nl\/over-ons\/\" \/>\n<meta property=\"og:site_name\" content=\"M\u00f6llers Omega-3\" \/>\n<meta property=\"article:publisher\" content=\"https:\/\/www.facebook.com\/mollersomega3nl\" \/>\n<meta property=\"article:modified_time\" content=\"2025-07-04T07:21:10+00:00\" \/>\n<meta property=\"og:image\" content=\"https:\/\/mollersomega3.nl\/wp-content\/uploads\/2020\/07\/noorse-vlag.png\" \/>\n<meta name=\"twitter:card\" content=\"summary_large_image\" \/>\n<meta name=\"twitter:site\" content=\"@mollersomega3nl\" \/>\n<meta name=\"twitter:label1\" content=\"Est. reading time\" \/>\n\t<meta name=\"twitter:data1\" content=\"4 minutes\" \/>\n<script type=\"application\/ld+json\" class=\"yoast-schema-graph\">{\"@context\":\"https:\/\/schema.org\",\"@graph\":[{\"@type\":\"WebPage\",\"@id\":\"https:\/\/mollersomega3.nl\/over-ons\/\",\"url\":\"https:\/\/mollersomega3.nl\/over-ons\/\",\"name\":\"Norve\u00e7'ten saf omega-3 - Hakk\u0131m\u0131zda - M\u00f6llers Omega-3\",\"isPartOf\":{\"@id\":\"https:\/\/mollersomega3.nl\/#website\"},\"primaryImageOfPage\":{\"@id\":\"https:\/\/mollersomega3.nl\/over-ons\/#primaryimage\"},\"image\":{\"@id\":\"https:\/\/mollersomega3.nl\/over-ons\/#primaryimage\"},\"thumbnailUrl\":\"https:\/\/mollersomega3.nl\/wp-content\/uploads\/2020\/07\/noorse-vlag.png\",\"datePublished\":\"2020-05-30T13:22:40+00:00\",\"dateModified\":\"2025-07-04T07:21:10+00:00\",\"description\":\"Norve\u00e7'ten saf omega-3. M\u00f6ller's Skandinavya'n\u0131n 1 numaral\u0131 omega-3'\u00fc. G\u00fcnl\u00fck beslenmenin bir par\u00e7as\u0131. Ye\u015fil \u015fi\u015fedeki saf omega-3!\",\"breadcrumb\":{\"@id\":\"https:\/\/mollersomega3.nl\/over-ons\/#breadcrumb\"},\"inLanguage\":\"tr-TR\",\"potentialAction\":[{\"@type\":\"ReadAction\",\"target\":[\"https:\/\/mollersomega3.nl\/over-ons\/\"]}]},{\"@type\":\"ImageObject\",\"inLanguage\":\"tr-TR\",\"@id\":\"https:\/\/mollersomega3.nl\/over-ons\/#primaryimage\",\"url\":\"https:\/\/mollersomega3.nl\/wp-content\/uploads\/2020\/07\/noorse-vlag.png\",\"contentUrl\":\"https:\/\/mollersomega3.nl\/wp-content\/uploads\/2020\/07\/noorse-vlag.png\"},{\"@type\":\"BreadcrumbList\",\"@id\":\"https:\/\/mollersomega3.nl\/over-ons\/#breadcrumb\",\"itemListElement\":[{\"@type\":\"ListItem\",\"position\":1,\"name\":\"Ana Sayfa\",\"item\":\"https:\/\/mollersomega3.nl\/tr\/\"},{\"@type\":\"ListItem\",\"position\":2,\"name\":\"Hakk\u0131m\u0131zda\"}]},{\"@type\":\"WebSite\",\"@id\":\"https:\/\/mollersomega3.nl\/#website\",\"url\":\"https:\/\/mollersomega3.nl\/\",\"name\":\"M\u00f6llers Omega-3\",\"description\":\"A Spoonful of Life since 1854\",\"publisher\":{\"@id\":\"https:\/\/mollersomega3.nl\/#organization\"},\"potentialAction\":[{\"@type\":\"SearchAction\",\"target\":{\"@type\":\"EntryPoint\",\"urlTemplate\":\"https:\/\/mollersomega3.nl\/?s={search_term_string}\"},\"query-input\":{\"@type\":\"PropertyValueSpecification\",\"valueRequired\":true,\"valueName\":\"search_term_string\"}}],\"inLanguage\":\"tr-TR\"},{\"@type\":\"Organization\",\"@id\":\"https:\/\/mollersomega3.nl\/#organization\",\"name\":\"M\u00f6llers Omega-3\",\"url\":\"https:\/\/mollersomega3.nl\/\",\"logo\":{\"@type\":\"ImageObject\",\"inLanguage\":\"tr-TR\",\"@id\":\"https:\/\/mollersomega3.nl\/#\/schema\/logo\/image\/\",\"url\":\"https:\/\/mollersomega3.nl\/wp-content\/uploads\/2020\/07\/mollers-logo-bestellingen.png\",\"contentUrl\":\"https:\/\/mollersomega3.nl\/wp-content\/uploads\/2020\/07\/mollers-logo-bestellingen.png\",\"width\":250,\"height\":86,\"caption\":\"M\u00f6llers Omega-3\"},\"image\":{\"@id\":\"https:\/\/mollersomega3.nl\/#\/schema\/logo\/image\/\"},\"sameAs\":[\"https:\/\/www.facebook.com\/MollersOmega3NL\",\"https:\/\/www.instagram.com\/mollersomega3nl\/\",\"https:\/\/nl.linkedin.com\/company\/good-life-international\",\"https:\/\/www.bol.com\/nl\/nl\/m\/mollers\/\",\"https:\/\/mollersomega3.nl\/en\/\"],\"foundingDate\":\"1854\",\"areaServed\":[\"GB\",\"IE\",\"US\",\"CA\",\"AU\",\"NZ\",\"NL\"],\"knowsAbout\":[\"omega-3\",\"cod liver oil\",\"fish oil\",\"DHA\",\"EPA\",\"vitamin D\"],\"description\":\"Norwegian premium omega-3 brand since 1854. Cod liver oil and fish oil supplements with omega-3, vitamins A, D and E.\"}]}<\/script>\n<!-- \/ Yoast SEO Premium plugin. -->","yoast_head_json":{"title":"Norve\u00e7'ten saf omega-3 - Hakk\u0131m\u0131zda - M\u00f6llers Omega-3","description":"Norve\u00e7'ten saf omega-3. M\u00f6ller's Skandinavya'n\u0131n 1 numaral\u0131 omega-3'\u00fc. G\u00fcnl\u00fck beslenmenin bir par\u00e7as\u0131. Ye\u015fil \u015fi\u015fedeki saf omega-3!","robots":{"index":"index","follow":"follow","max-snippet":"max-snippet:-1","max-image-preview":"max-image-preview:large","max-video-preview":"max-video-preview:-1"},"canonical":"https:\/\/mollersomega3.nl\/over-ons\/","og_locale":"tr_TR","og_type":"article","og_title":"Hakk\u0131m\u0131zda","og_description":"Norve\u00e7'ten saf omega-3. M\u00f6ller's Skandinavya'n\u0131n 1 numaral\u0131 omega-3'\u00fc. G\u00fcnl\u00fck beslenmenin bir par\u00e7as\u0131. Ye\u015fil \u015fi\u015fedeki saf omega-3!","og_url":"https:\/\/mollersomega3.nl\/over-ons\/","og_site_name":"M\u00f6llers Omega-3","article_publisher":"https:\/\/www.facebook.com\/mollersomega3nl","article_modified_time":"2025-07-04T07:21:10+00:00","og_image":[{"url":"https:\/\/mollersomega3.nl\/wp-content\/uploads\/2020\/07\/noorse-vlag.png","type":"","width":"","height":""}],"twitter_card":"summary_large_image","twitter_site":"@mollersomega3nl","twitter_misc":{"Est. reading time":"4 minutes"},"schema":{"@context":"https:\/\/schema.org","@graph":[{"@type":"WebPage","@id":"https:\/\/mollersomega3.nl\/over-ons\/","url":"https:\/\/mollersomega3.nl\/over-ons\/","name":"Norve\u00e7'ten saf omega-3 - Hakk\u0131m\u0131zda - M\u00f6llers Omega-3","isPartOf":{"@id":"https:\/\/mollersomega3.nl\/#website"},"primaryImageOfPage":{"@id":"https:\/\/mollersomega3.nl\/over-ons\/#primaryimage"},"image":{"@id":"https:\/\/mollersomega3.nl\/over-ons\/#primaryimage"},"thumbnailUrl":"https:\/\/mollersomega3.nl\/wp-content\/uploads\/2020\/07\/noorse-vlag.png","datePublished":"2020-05-30T13:22:40+00:00","dateModified":"2025-07-04T07:21:10+00:00","description":"Norve\u00e7'ten saf omega-3. M\u00f6ller's Skandinavya'n\u0131n 1 numaral\u0131 omega-3'\u00fc. G\u00fcnl\u00fck beslenmenin bir par\u00e7as\u0131. Ye\u015fil \u015fi\u015fedeki saf omega-3!","breadcrumb":{"@id":"https:\/\/mollersomega3.nl\/over-ons\/#breadcrumb"},"inLanguage":"tr-TR","potentialAction":[{"@type":"ReadAction","target":["https:\/\/mollersomega3.nl\/over-ons\/"]}]},{"@type":"ImageObject","inLanguage":"tr-TR","@id":"https:\/\/mollersomega3.nl\/over-ons\/#primaryimage","url":"https:\/\/mollersomega3.nl\/wp-content\/uploads\/2020\/07\/noorse-vlag.png","contentUrl":"https:\/\/mollersomega3.nl\/wp-content\/uploads\/2020\/07\/noorse-vlag.png"},{"@type":"BreadcrumbList","@id":"https:\/\/mollersomega3.nl\/over-ons\/#breadcrumb","itemListElement":[{"@type":"ListItem","position":1,"name":"Ana Sayfa","item":"https:\/\/mollersomega3.nl\/tr\/"},{"@type":"ListItem","position":2,"name":"Hakk\u0131m\u0131zda"}]},{"@type":"WebSite","@id":"https:\/\/mollersomega3.nl\/#website","url":"https:\/\/mollersomega3.nl\/","name":"M\u00f6llers Omega-3","description":"A Spoonful of Life since 1854","publisher":{"@id":"https:\/\/mollersomega3.nl\/#organization"},"potentialAction":[{"@type":"SearchAction","target":{"@type":"EntryPoint","urlTemplate":"https:\/\/mollersomega3.nl\/?s={search_term_string}"},"query-input":{"@type":"PropertyValueSpecification","valueRequired":true,"valueName":"search_term_string"}}],"inLanguage":"tr-TR"},{"@type":"Organization","@id":"https:\/\/mollersomega3.nl\/#organization","name":"M\u00f6llers Omega-3","url":"https:\/\/mollersomega3.nl\/","logo":{"@type":"ImageObject","inLanguage":"tr-TR","@id":"https:\/\/mollersomega3.nl\/#\/schema\/logo\/image\/","url":"https:\/\/mollersomega3.nl\/wp-content\/uploads\/2020\/07\/mollers-logo-bestellingen.png","contentUrl":"https:\/\/mollersomega3.nl\/wp-content\/uploads\/2020\/07\/mollers-logo-bestellingen.png","width":250,"height":86,"caption":"M\u00f6llers Omega-3"},"image":{"@id":"https:\/\/mollersomega3.nl\/#\/schema\/logo\/image\/"},"sameAs":["https:\/\/www.facebook.com\/MollersOmega3NL","https:\/\/www.instagram.com\/mollersomega3nl\/","https:\/\/nl.linkedin.com\/company\/good-life-international","https:\/\/www.bol.com\/nl\/nl\/m\/mollers\/","https:\/\/mollersomega3.nl\/en\/"],"foundingDate":"1854","areaServed":["GB","IE","US","CA","AU","NZ","NL"],"knowsAbout":["omega-3","cod liver oil","fish oil","DHA","EPA","vitamin D"],"description":"Norwegian premium omega-3 brand since 1854. Cod liver oil and fish oil supplements with omega-3, vitamins A, D and E."}]}},"_links":{"self":[{"href":"https:\/\/mollersomega3.nl\/tr\/wp-json\/wp\/v2\/pages\/1006026","targetHints":{"allow":["GET"]}}],"collection":[{"href":"https:\/\/mollersomega3.nl\/tr\/wp-json\/wp\/v2\/pages"}],"about":[{"href":"https:\/\/mollersomega3.nl\/tr\/wp-json\/wp\/v2\/types\/page"}],"author":[{"embeddable":true,"href":"https:\/\/mollersomega3.nl\/tr\/wp-json\/wp\/v2\/users\/1"}],"replies":[{"embeddable":true,"href":"https:\/\/mollersomega3.nl\/tr\/wp-json\/wp\/v2\/comments?post=1006026"}],"version-history":[{"count":0,"href":"https:\/\/mollersomega3.nl\/tr\/wp-json\/wp\/v2\/pages\/1006026\/revisions"}],"wp:attachment":[{"href":"https:\/\/mollersomega3.nl\/tr\/wp-json\/wp\/v2\/media?parent=1006026"}],"curies":[{"name":"wp","href":"https:\/\/api.w.org\/{rel}","templated":true}]}}