{"id":1006028,"date":"2020-06-03T13:40:11","date_gmt":"2020-06-03T11:40:11","guid":{"rendered":"https:\/\/mollersomega3.nl\/balik-yagi-saglikli-midir\/"},"modified":"2020-06-03T13:40:11","modified_gmt":"2020-06-03T11:40:11","slug":"balik-yagi-saglikli-midir","status":"publish","type":"page","link":"https:\/\/mollersomega3.nl\/tr\/balik-yagi-saglikli-midir\/","title":{"rendered":"Bal\u0131k ya\u011f\u0131 sa\u011fl\u0131kl\u0131 m\u0131d\u0131r?"},"content":{"rendered":"<h2>Bal\u0131k ya\u011f\u0131 ger\u00e7ekten herkes i\u00e7in sa\u011fl\u0131kl\u0131 m\u0131d\u0131r?<\/h2>\n<p>Hepimiz biraz deste\u011fe ihtiya\u00e7 duyar\u0131z. Omega 3 ve D vitamini, bebekten ya\u015fl\u0131ya kadar herkes i\u00e7in sa\u011fl\u0131kl\u0131 bir beslenme d\u00fczeninin en \u00f6nemli bile\u015fenlerindendir. Kan\u0131tlanm\u0131\u015f bir\u00e7ok <a href=\"https:\/\/mollersomega3.nl\/voor-het-hele-lichaam\/\">sa\u011fl\u0131k etkisi<\/a> ile M\u00f6ller&#8217;s Omega-3, omega 3&#8217;\u00fcn en saf ve do\u011fal formudur. Peki kimin i\u00e7in tasarlanm\u0131\u015ft\u0131r? Ger\u00e7ekten herkes i\u00e7in midir?    <\/p>\n<ul>\n<li>\n<h4><a href=\"#ondersteuning\"><strong><span style=\"color: #ffc10a;\">Sa\u011fl\u0131kl\u0131 destek olarak M\u00f6ller&#8217;s<\/span><\/strong><\/a><\/h4>\n<\/li>\n<li>\n<h4><a href=\"#zwangerschap\"><strong><span style=\"color: #ffc10a;\">Hamilelik ve emzirme d\u00f6neminde<\/span><\/strong><\/a><\/h4>\n<\/li>\n<li>\n<h4><a href=\"#kinderen\"><strong><span style=\"color: #ffc10a;\">\u00c7ocuklar i\u00e7in M\u00f6ller&#8217;s<\/span><\/strong><\/a><\/h4>\n<\/li>\n<\/ul>\n<article id=\"ondersteuning\" class=\"anchor\">\n<h2>Herkes i\u00e7in sa\u011fl\u0131kl\u0131 destek olarak M\u00f6ller&#8217;s<\/h2>\n<\/article>\n<p>Herkes sa\u011fl\u0131kl\u0131 olmak ve sa\u011fl\u0131kl\u0131 kalmak ister. \u0130yi beslenme, yeterli egzersiz ve rahatlama, iyi bir sa\u011fl\u0131\u011f\u0131n \u00f6nemli temellerini olu\u015fturur. Ancak hi\u00e7 kimse her g\u00fcn ayn\u0131 derecede sa\u011fl\u0131kl\u0131 yemez ve ya\u015famaz. Bu durumda ek takviye gerekli olabilir. Ba\u011f\u0131\u015f\u0131kl\u0131\u011f\u0131 art\u0131rmak ve korumak i\u00e7in destek olarak, stresli bir d\u00f6nemde veya sadece her zaman sa\u011fl\u0131kl\u0131 yemek yenmedi\u011fi i\u00e7in.    <\/p>\n<p>M\u00f6ller&#8217;s bal\u0131k ya\u011f\u0131 kalp ve beyin i\u00e7in iyidir, kas fonksiyonunu ve ba\u011f\u0131\u015f\u0131kl\u0131k sistemini destekler. M\u00f6ller&#8217;s Omega-3 cilt i\u00e7in iyidir ve g\u00fc\u00e7l\u00fc kemikler ve di\u015fler sa\u011flar. Ayr\u0131ca, g\u00fcnl\u00fck bir tatl\u0131 ka\u015f\u0131\u011f\u0131 t\u00fcketmek iyi bir g\u00f6rme yetene\u011fine katk\u0131da bulunur. M\u00f6ller&#8217;s Omega-3 <a href=\"https:\/\/mollersomega3.nl\/voor-het-hele-lichaam\/\">t\u00fcm v\u00fccut i\u00e7in<\/a> iyidir.   <\/p>\n<p>M\u00f6ller&#8217;s Omega-3, temel omega 3 ya\u011f asitleri ve A, D ve E vitaminlerinin al\u0131m\u0131n\u0131 art\u0131rmak isteyen herkes i\u00e7in uygundur. Bal\u0131k ya\u011f\u0131 almak hayat\u0131n her a\u015famas\u0131nda \u00f6nemlidir: \u00e7ocuk, yeti\u015fkin, hamile, ya\u015fl\u0131. <\/p>\n<h3>\u0130yi bir ba\u011f\u0131\u015f\u0131kl\u0131\u011f\u0131 korumak herkes i\u00e7in \u00f6nemlidir<\/h3>\n<p>K\u0131\u015f aylar\u0131, iyi bir ba\u011f\u0131\u015f\u0131kl\u0131\u011f\u0131 korumak i\u00e7in D vitamini takviyesinin gereksiz bir l\u00fcks olmad\u0131\u011f\u0131 aylard\u0131r. Cilt g\u00fcne\u015f \u0131\u015f\u0131\u011f\u0131n\u0131n etkisiyle D vitamini \u00fcretir, ancak karanl\u0131k aylarda bu yeterli de\u011fildir. Yaz aylar\u0131nda bile Hollandal\u0131lar\u0131n 1\/3&#8217;\u00fcnde D vitamini eksikli\u011fi vard\u0131r. <em>&#8220;Hi\u00e7bir grip a\u015f\u0131s\u0131 bu bal\u0131k ya\u011f\u0131yla kar\u015f\u0131la\u015ft\u0131r\u0131lamaz&#8221; \u2013 Bir M\u00f6ller&#8217;s hayran\u0131n\u0131n yorumu.<\/em> <a href=\"https:\/\/mollersomega3.nl\/tr\/a-d-ve-e-vitaminleri-nelerdir\/\">D vitamininin neden \u00f6nemli oldu\u011funu buradan okuyun.<\/a>  <\/p>\n<h3>Yeterince ya\u011fl\u0131 bal\u0131k yiyor musun?<\/h3>\n<p>Hollanda&#8217;da DHA ve EPA, omega-3 bal\u0131k ya\u011f\u0131 asitlerinin al\u0131m\u0131 \u00e7ok d\u00fc\u015f\u00fckt\u00fcr. Hollandal\u0131lar g\u00fcnde ortalama 75-133 mg bal\u0131k ya\u011f\u0131 asidi t\u00fcketmektedir. Bu miktar, \u00f6nerilen minimum g\u00fcnl\u00fck miktar olan 450 mg&#8217;dan \u00e7ok daha d\u00fc\u015f\u00fckt\u00fcr. Bal\u0131k, beslenmedeki DHA ve EPA&#8217;n\u0131n en \u00f6nemli kayna\u011f\u0131d\u0131r.   <\/p>\n<p>Haftada iki kez bal\u0131k yiyor musun? Ve bu ya\u011fl\u0131 bal\u0131k m\u0131, \u00f6rne\u011fin somon, uskumru veya ringa bal\u0131\u011f\u0131? De\u011filse, omega-3 bal\u0131k ya\u011f\u0131 asitlerinde eksiklik ya\u015fama riskiniz var. Omega-3 takviyesi sadece k\u0131\u015f aylar\u0131nda de\u011fil, t\u00fcm y\u0131l boyunca gereklidir. V\u00fccudunuz y\u0131l boyunca omega-3 ya\u011f asitlerine ihtiya\u00e7 duyar.     <a href=\"https:\/\/mollersomega3.nl\/tr\/omega-3-nedir\/\">Omega-3&#8217;\u00fcn neden \u00f6nemli oldu\u011funu buradan okuyun.<\/a><\/p>\n<h3>Kaps\u00fclleri yutmakta zorlan\u0131yor musunuz?<\/h3>\n<p>Kaps\u00fcllerin saf do\u011fal olmamas\u0131n\u0131n yan\u0131 s\u0131ra, genellikle \u00e7ok b\u00fcy\u00fck olurlar. Herkes bunlar\u0131 kolayca yutamaz. Kaps\u00fclleri yutmakta zorlananlar i\u00e7in M\u00f6ller \u201cs Omega-3 ger\u00e7ek bir \u00e7\u00f6z\u00fcmd\u00fcr. Ya\u011f s\u0131v\u0131 haldedir ve bu nedenle ka\u015f\u0131kla kolayca al\u0131nabilir. Ayr\u0131ca, kaps\u00fcllere genellikle jelatin k\u0131l\u0131flar ve dolgu maddeleri gibi sa\u011fl\u0131\u011f\u0131n\u0131z i\u00e7in hi\u00e7 \u00f6nemli olmayan \u00e7e\u015fitli ek maddeler eklenir. M\u00f6ller\u201d s Omega-3 saf do\u011fald\u0131r, sadece ka\u015f\u0131kla!     <\/p>\n<p>Yine de kaps\u00fclleri tercih edenler i\u00e7in M\u00f6ller&#8217;s kaps\u00fcl formunda da mevcuttur: <a href=\"https:\/\/mollersomega3.nl\/product\/mollers-omega-3-capsules\/\">bal\u0131k ya\u011f\u0131 kaps\u00fclleri<\/a> veya <a href=\"https:\/\/mollersomega3.nl\/tr\/product\/mollers-omega-3-balik-yagi-kapsulleri-160-kapsul\/\">bal\u0131k ya\u011f\u0131 kaps\u00fclleri.<\/a><\/p>\n<h3>M\u00f6ller&#8217;s Omega-3 nas\u0131l al\u0131n\u0131r?<\/h3>\n<p><a href=\"https:\/\/mollersomega3.nl\/product\/mollers-omega-3-naturel\/\">Bal\u0131k ya\u011f\u0131<\/a> ka\u015f\u0131kla al\u0131nabilir (g\u00fcnde 1 tatl\u0131 ka\u015f\u0131\u011f\u0131), ancak bal\u0131k ya\u011f\u0131n\u0131 yo\u011furda kar\u0131\u015ft\u0131rmak veya bir shake&#8217;e eklemek de m\u00fcmk\u00fcnd\u00fcr. Her \u015fey m\u00fcmk\u00fcnd\u00fcr, yeter ki bal\u0131k ya\u011f\u0131 \u0131s\u0131t\u0131lmas\u0131n, \u00e7\u00fcnk\u00fc bu ya\u011f asitlerinin etkinli\u011fini azalt\u0131r. <\/p>\n<p><a href=\"https:\/\/mollersomega3.nl\/tr\/product\/mollers-omega-3-balik-yagi-kapsulleri-160-kapsul\/\">Kaps\u00fcller<\/a> biraz su ile al\u0131nabilir. V\u00fccutta optimal emilim i\u00e7in tercihen bir \u00f6\u011f\u00fcnle birlikte. <\/p>\n<article id=\"zwangerschap\" class=\"anchor\">\n<h2>Hamilelik ve emzirme d\u00f6neminde M\u00f6ller&#8217;s<\/h2>\n<\/article>\n<p>Hamileyken sa\u011fl\u0131kl\u0131 yemek ve sa\u011fl\u0131kl\u0131 ya\u015famak bu d\u00f6nemde ekstra \u00f6nemlidir. \u00c7ocu\u011funuz i\u00e7in en iyisini istersiniz. M\u00f6ller&#8217;s Omega-3, hamile kad\u0131nlar ve emziren kad\u0131nlar i\u00e7in tavsiye edilir. M\u00f6ller&#8217;s ile sadece kendi sa\u011fl\u0131\u011f\u0131n\u0131z\u0131 de\u011fil, ayn\u0131 zamanda bebe\u011finizin b\u00fcy\u00fcmesini ve geli\u015fimini de desteklersiniz.   <\/p>\n<h3>D Vitamini<\/h3>\n<p>Hamile kad\u0131nlar i\u00e7in tavsiye, g\u00fcnl\u00fck 10 mikrogram ekstra D vitamini almakt\u0131r. D vitamini, kalsiyumun g\u0131dalardan iyi emilmesi i\u00e7in gereklidir. Kalsiyum g\u00fc\u00e7l\u00fc bir iskeletin olu\u015fumunu ve korunmas\u0131n\u0131 sa\u011flar. Bebek, g\u00fc\u00e7l\u00fc kemikler ve di\u015fler geli\u015ftirebilmek i\u00e7in D vitaminine ihtiya\u00e7 duyar. Ayr\u0131ca D vitamini annenin ba\u011f\u0131\u015f\u0131kl\u0131\u011f\u0131n\u0131 destekler.    <\/p>\n<p>M\u00f6ller&#8217;s Omega-3, g\u00fcnl\u00fck dozaj ba\u015f\u0131na (5 ml \/ 1 tatl\u0131 ka\u015f\u0131\u011f\u0131) 10 mikrogram D vitamininin zengin bir kayna\u011f\u0131d\u0131r.<\/p>\n<h3>Omega-3 ya\u011f asidi DHA<\/h3>\n<p>Omega-3 ya\u011f asidi DHA, fet\u00fcs\u00fcn beyin* ve g\u00f6rme yetene\u011fi* geli\u015fimi i\u00e7in \u00f6nemlidir. Omega-3 ya\u011f asitleri plasenta yoluyla fet\u00fcse verilir. Daha sonra anne s\u00fct\u00fc yoluyla da bebe\u011finize aktar\u0131l\u0131rlar. DHA omega-3 ya\u011f asitleri anne s\u00fct\u00fc yoluyla bebe\u011finize aktar\u0131ld\u0131\u011f\u0131 i\u00e7in bebe\u011finizin g\u00f6z ve beyin geli\u015fimine katk\u0131da bulunur.   <\/p>\n<p>* Faydal\u0131 etki, annenin g\u00fcnl\u00fck olarak \u00f6nerilen 250 mg DHA ve EPA al\u0131m\u0131na ek olarak g\u00fcnl\u00fck 200 mg DHA almas\u0131yla elde edilir. M\u00f6ller&#8217;s Omega-3, g\u00fcnl\u00fck dozaj ba\u015f\u0131na (5 ml \/ 1 tatl\u0131 ka\u015f\u0131\u011f\u0131) 600 mg DHA sa\u011flar. <\/p>\n<h3>A Vitamini<\/h3>\n<p>A vitamini, bebe\u011fin g\u00f6rme yetene\u011finin geli\u015fimi ve solunum yollar\u0131 ile mide-ba\u011f\u0131rsak kanal\u0131n\u0131n cilt ve mukoza zarlar\u0131n\u0131n olu\u015fumu i\u00e7in gereklidir. Bu vitamin ayr\u0131ca hamile kad\u0131n\u0131n enfeksiyonlara kar\u015f\u0131 ba\u011f\u0131\u015f\u0131kl\u0131\u011f\u0131n\u0131 destekler. Hamilelik s\u0131ras\u0131nda normalden %25 daha fazla A vitaminine ihtiyac\u0131n\u0131z vard\u0131r. G\u00fcnl\u00fck \u00f6nerilen A vitamini miktar\u0131 hamilelik s\u0131ras\u0131nda 800&#8217;den 1.000 mikrograma y\u00fckseltilir.   <\/p>\n<h4>M\u00f6ller&#8217;s Omega-3 Bal\u0131k Ya\u011f\u0131 \u00e7ok fazla A vitamini i\u00e7eriyor mu?<\/h4>\n<p>Hamile kad\u0131nlar genellikle \u00e7ok fazla A vitamininin tehlikeleri konusunda uyar\u0131l\u0131r. Bu vitaminin fazlas\u0131ndan ka\u00e7\u0131n\u0131lmal\u0131d\u0131r, ancak A vitamini al\u0131m\u0131nda \u00e7ok dikkatli olmamak \u00f6nemlidir. Hamilelik ve emzirme s\u0131ras\u0131nda A vitamini ihtiyac\u0131 daha y\u00fcksektir. Hamilelik s\u0131ras\u0131nda \u00f6nerilen g\u00fcnl\u00fck A vitamini miktar\u0131 g\u00fcnde 1.000 mikrogramd\u0131r (hamile kad\u0131nlar i\u00e7in maksimum g\u00fcvenli doz g\u00fcnde 3.000 mikrogramd\u0131r). <\/p>\n<p>M\u00f6ller&#8217;s Omega-3, di\u011fer bal\u0131k ya\u011flar\u0131n\u0131n aksine, g\u00fcnl\u00fck dozaj ba\u015f\u0131na 250 mikrogram A vitamini ile arzu edilen ve g\u00fcvenli bir miktar i\u00e7erir.<\/p>\n<p>A vitamini a\u00e7\u0131s\u0131ndan zengin g\u0131dalar aras\u0131nda karaci\u011fer, pate ve karaci\u011fer sosisi bulunur. \u00d6rne\u011fin, bir dilim karaci\u011fer ezmesi 350 mikrogram A vitamini i\u00e7erir. Hamilelik s\u0131ras\u0131nda bunu dikkate al\u0131n. <\/p>\n<h4>Hamile ve emziren kad\u0131nlar i\u00e7in \u00f6nerilen g\u00fcnl\u00fck miktar (RDA)<\/h4>\n<p>5 ml (= 1 tatl\u0131 ka\u015f\u0131\u011f\u0131) M\u00f6ller&#8217;s Omega-3<\/p>\n<article id=\"kinderen\" class=\"anchor\">\n<h2>\u00c7ocuklar i\u00e7in M\u00f6ller&#8217;s<\/h2>\n<\/article>\n<p>M\u00f6ller&#8217;s Omega-3 Bal\u0131k Ya\u011f\u0131, A ve D vitaminleri ile temel omega-3 ya\u011f asitleri DHA ve EPA&#8217;n\u0131n zengin bir kombinasyonu oldu\u011fu i\u00e7in 6 ayl\u0131ktan itibaren \u00e7ocuklar i\u00e7in de \u00f6nerilir. Bal\u0131k ya\u011f\u0131 s\u0131v\u0131 formu sayesinde \u00e7ocuklara kolayca verilebilir (kaps\u00fclleri k\u0131rmaya gerek yoktur). M\u00f6ller&#8217;s Bal\u0131k Ya\u011f\u0131 ayr\u0131ca <a href=\"https:\/\/mollersomega3.nl\/tr\/omega-3-ve-cocuk-gelisimi\/\">\u00e7ocuklar\u0131n b\u00fcy\u00fcme ve geli\u015fimini desteklemek<\/a> i\u00e7in DHA ve D vitamininin \u00e7ok \u00f6nemli bir takviyesini sunar. Omega-3 ya\u011f asitleri \u00e7ocuklar\u0131n normal b\u00fcy\u00fcme ve geli\u015fimi i\u00e7in gereklidir. Omega-3 (DHA) beyin i\u00e7in \u00f6nemli bir yap\u0131 ta\u015f\u0131d\u0131r ve ayr\u0131ca g\u00f6rme yetene\u011finin geli\u015fimini destekler. D vitamini kemik ve di\u015flerin iyi geli\u015fimi i\u00e7in gereklidir. Sa\u011fl\u0131k Konseyi, 4 ya\u015f\u0131na kadar olan \u00e7ocuklara ekstra D vitamini verilmesini tavsiye eder.      <\/p>\n<h3>D Vitamini<\/h3>\n<p>D vitamini, kalsiyumun emilimi ve dolay\u0131s\u0131yla g\u00fc\u00e7l\u00fc kemik ve di\u015flerin iyi geli\u015fimi i\u00e7in gereklidir. Ayr\u0131ca D vitamini sa\u011fl\u0131kl\u0131 bir ba\u011f\u0131\u015f\u0131kl\u0131k sistemini ve iyi bir kas fonksiyonunu destekler. Sa\u011fl\u0131k Konseyi, 4 ya\u015f\u0131na kadar olan \u00e7ocuklara g\u00fcnde 10 mikrogram ekstra D vitamini verilmesini tavsiye eder. M\u00f6ller&#8217;s Omega-3&#8217;\u00fcn g\u00fcnl\u00fck \u00f6nerilen miktar\u0131 (5 ml \/ 1 tatl\u0131 ka\u015f\u0131\u011f\u0131) 10 mikrogram D vitamini i\u00e7erir.   <\/p>\n<h3>A Vitamini<\/h3>\n<p>A vitamini \u00e7ocuklar\u0131n ba\u011f\u0131\u015f\u0131kl\u0131k sistemi ve g\u00f6rme yetene\u011fi \u00fczerinde olumlu bir etkiye sahiptir. 3 ya\u015f\u0131na kadar olan \u00e7ocuklar i\u00e7in \u00f6nerilen g\u00fcnl\u00fck A vitamini miktar\u0131 g\u00fcnde 400 mikrogram ve 4-8 ya\u015f aras\u0131 \u00e7ocuklar i\u00e7in g\u00fcnde 500 mikrogramd\u0131r. M\u00f6ller&#8217;s Omega-3, g\u00fcnl\u00fck dozaj ba\u015f\u0131na (5 ml) 250 mikrogram A vitamini i\u00e7erir.  <\/p>\n<h3>Omega-3 ya\u011f asidi DHA<\/h3>\n<p>M\u00f6ller&#8217;s, omega-3 ya\u011f asidi DHA&#8217;n\u0131n ola\u011fan\u00fcst\u00fc y\u00fcksek bir dozaj\u0131na sahiptir. DHA beyin* i\u00e7in \u00f6nemli bir yap\u0131 ta\u015f\u0131d\u0131r ve g\u00f6rme yetene\u011fi* i\u00e7in iyidir. K\u00fc\u00e7\u00fck \u00e7ocuklar i\u00e7in, sinir sistemlerinin geli\u015fimine katk\u0131da bulunmak i\u00e7in ekstra DHA al\u0131m\u0131 \u00f6nerilir.  <\/p>\n<p>* Faydal\u0131 etki g\u00fcnl\u00fck 250 mg DHA al\u0131m\u0131 ile elde edilir. M\u00f6ller&#8217;s Omega-3, porsiyon ba\u015f\u0131na (5 ml) 600 mg DHA i\u00e7erir. <\/p>\n<h3>Hangi ya\u015f i\u00e7in hangi tat?<\/h3>\n<p>T\u00fcm M\u00f6ller&#8217;s Omega-3 tatlar\u0131 besin de\u011ferleri a\u00e7\u0131s\u0131ndan ayn\u0131d\u0131r. Fark sadece tattad\u0131r. M\u00f6ller&#8217;s Omega-3 <a href=\"https:\/\/mollersomega3.nl\/product\/mollers-omega-3-naturel\/\">Do\u011fal,<\/a> <a href=\"https:\/\/mollersomega3.nl\/product\/mollers-omega-3-citroen\/\">Limon<\/a> ve <a href=\"https:\/\/mollersomega3.nl\/product\/mollers-omega-3-appel\/\">Elma<\/a>, M\u00f6ller&#8217;s Omega-3 <a href=\"https:\/\/mollersomega3.nl\/product\/mollers-omega-3-tutti-frutti\/\">Tutti Frutti<\/a>&#8216;den daha yumu\u015fak, do\u011fal bir tada sahiptir. M\u00f6ller&#8217;s Tutti Frutti, Limon ve Elma \u00e7ocuklar aras\u0131nda en \u00e7ok sevilenlerdir. B\u00f6ylece herkes i\u00e7in bir M\u00f6ller&#8217;s vard\u0131r.    <\/p>\n<h3>\u00c7ocuklar i\u00e7in ipu\u00e7lar\u0131<\/h3>\n<ul>\n<li>K\u0131yafetlerde bal\u0131k ya\u011f\u0131 lekelerini \u00f6nlemek i\u00e7in, \u00e7ocu\u011funuza banyoya girmeden \u00f6nce veya k\u0131yafetlerini de\u011fi\u015ftirirken bal\u0131k ya\u011f\u0131 verebilirsiniz.<\/li>\n<li>K\u00fc\u00e7\u00fck \u00e7ocuklar i\u00e7in bal\u0131k ya\u011f\u0131 s\u00fct veya mama gibi \u015feylerle kar\u0131\u015ft\u0131r\u0131labilir.<\/li>\n<li>Bir \u00f6\u011f\u00fcnle birlikte besin maddeleri optimal \u015fekilde emilir. Bu nedenle M\u00f6ller&#8217;s&#8217;i \u00e7ocu\u011funuza \u00f6\u011f\u00fcnden \u00f6nce veya sonra verin. <\/li>\n<\/ul>\n<h4>3 ya\u015f ve \u00fczeri \u00e7ocuklar i\u00e7in \u00f6nerilen g\u00fcnl\u00fck miktar (RDA)<\/h4>\n<p><strong>5 ml<\/strong> (= 1 tatl\u0131 ka\u015f\u0131\u011f\u0131) M\u00f6ller&#8217;s Omega-3<\/p>\n<h4>6 ay ve \u00fczeri \u00e7ocuklar i\u00e7in \u00f6nerilen miktar<\/h4>\n<p><strong>2,5 ml<\/strong> (= 1\/2 tatl\u0131 ka\u015f\u0131\u011f\u0131) M\u00f6ller&#8217;s Omega-3<br \/>\nTavsiye, g\u00fcnde yar\u0131m tatl\u0131 ka\u015f\u0131\u011f\u0131 ile ba\u015flamakt\u0131r. \u00c7ocuk ya\u011fa al\u0131\u015ft\u0131ktan sonra, bu miktar g\u00fcnde 1 tatl\u0131 ka\u015f\u0131\u011f\u0131na \u00e7\u0131kar\u0131labilir. <\/p>\n<h4 style=\"text-align: right;\"><span style=\"color: #ffc100;\"><strong><a style=\"color: #ffc100;\" href=\"https:\/\/mollersomega3.nl\/tr\/neden-mollers\/\">Neden M\u00f6ller&#8217;s?<\/a><\/strong><\/span><\/h4>\n","protected":false},"excerpt":{"rendered":"<p>Bal\u0131k ya\u011f\u0131 ger\u00e7ekten herkes i\u00e7in sa\u011fl\u0131kl\u0131 m\u0131d\u0131r? Hepimiz biraz deste\u011fe ihtiya\u00e7 duyar\u0131z. Omega 3 ve D vitamini, bebekten ya\u015fl\u0131ya kadar herkes i\u00e7in sa\u011fl\u0131kl\u0131 bir beslenme d\u00fczeninin en \u00f6nemli bile\u015fenlerindendir. Kan\u0131tlanm\u0131\u015f bir\u00e7ok sa\u011fl\u0131k etkisi ile M\u00f6ller&#8217;s Omega-3, omega 3&#8217;\u00fcn en saf ve do\u011fal formudur. Peki kimin i\u00e7in tasarlanm\u0131\u015ft\u0131r? Ger\u00e7ekten herkes i\u00e7in midir? Sa\u011fl\u0131kl\u0131 destek olarak M\u00f6ller&#8217;s [&hellip;]<\/p>\n","protected":false},"author":1,"featured_media":0,"parent":0,"menu_order":0,"comment_status":"closed","ping_status":"closed","template":"","meta":{"_yoast_wpseo_focuskw":"herkes i\u00e7in","_yoast_wpseo_title":"Herkes i\u00e7in %%sep%% Bebekten ya\u015fl\u0131ya %%sep%% %%sitename%%","_yoast_wpseo_metadesc":"Omega-3 ve D vitamini herkes i\u00e7in sa\u011fl\u0131kl\u0131 bir beslenme d\u00fczeninin \u00f6nemli bile\u015fenleridir. M\u00f6ller's Omega-3 'Alt\u0131n Damla'.","_monsterinsights_skip_tracking":false,"_monsterinsights_sitenote_active":false,"_monsterinsights_sitenote_note":"","_monsterinsights_sitenote_category":0,"footnotes":""},"class_list":["post-1006028","page","type-page","status-publish","hentry"],"yoast_head":"<!-- This site is optimized with the Yoast SEO Premium plugin v25.1 (Yoast SEO v25.1) - https:\/\/yoast.com\/wordpress\/plugins\/seo\/ -->\n<title>Herkes i\u00e7in - Bebekten ya\u015fl\u0131ya - M\u00f6llers Omega-3<\/title>\n<meta name=\"description\" content=\"Omega-3 ve D vitamini herkes i\u00e7in sa\u011fl\u0131kl\u0131 bir beslenme d\u00fczeninin \u00f6nemli bile\u015fenleridir. M\u00f6ller&#039;s Omega-3 &#039;Alt\u0131n Damla&#039;.\" \/>\n<meta name=\"robots\" content=\"index, follow, max-snippet:-1, max-image-preview:large, max-video-preview:-1\" \/>\n<link rel=\"canonical\" href=\"https:\/\/mollersomega3.nl\/is-levertraan-gezond\/\" \/>\n<meta property=\"og:locale\" content=\"tr_TR\" \/>\n<meta property=\"og:type\" content=\"article\" \/>\n<meta property=\"og:title\" content=\"Bal\u0131k ya\u011f\u0131 sa\u011fl\u0131kl\u0131 m\u0131d\u0131r?\" \/>\n<meta property=\"og:description\" content=\"Omega-3 ve D vitamini herkes i\u00e7in sa\u011fl\u0131kl\u0131 bir beslenme d\u00fczeninin \u00f6nemli bile\u015fenleridir. M\u00f6ller&#039;s Omega-3 &#039;Alt\u0131n Damla&#039;.\" \/>\n<meta property=\"og:url\" content=\"https:\/\/mollersomega3.nl\/is-levertraan-gezond\/\" \/>\n<meta property=\"og:site_name\" content=\"M\u00f6llers Omega-3\" \/>\n<meta property=\"article:publisher\" content=\"https:\/\/www.facebook.com\/mollersomega3nl\" \/>\n<meta property=\"og:image\" content=\"https:\/\/mollersomega3.nl\/wp-content\/uploads\/2020\/12\/Mollers_logo_Flag_omega3_ENG_vertical_641x589_300PPI.png\" \/>\n\t<meta property=\"og:image:width\" content=\"641\" \/>\n\t<meta property=\"og:image:height\" content=\"589\" \/>\n\t<meta property=\"og:image:type\" content=\"image\/png\" \/>\n<meta name=\"twitter:card\" content=\"summary_large_image\" \/>\n<meta name=\"twitter:site\" content=\"@mollersomega3nl\" \/>\n<meta name=\"twitter:label1\" content=\"Est. reading time\" \/>\n\t<meta name=\"twitter:data1\" content=\"9 minutes\" \/>\n<script type=\"application\/ld+json\" class=\"yoast-schema-graph\">{\"@context\":\"https:\/\/schema.org\",\"@graph\":[{\"@type\":\"WebPage\",\"@id\":\"https:\/\/mollersomega3.nl\/is-levertraan-gezond\/\",\"url\":\"https:\/\/mollersomega3.nl\/is-levertraan-gezond\/\",\"name\":\"Herkes i\u00e7in - Bebekten ya\u015fl\u0131ya - M\u00f6llers Omega-3\",\"isPartOf\":{\"@id\":\"https:\/\/mollersomega3.nl\/#website\"},\"datePublished\":\"2020-06-03T11:40:11+00:00\",\"description\":\"Omega-3 ve D vitamini herkes i\u00e7in sa\u011fl\u0131kl\u0131 bir beslenme d\u00fczeninin \u00f6nemli bile\u015fenleridir. M\u00f6ller's Omega-3 'Alt\u0131n Damla'.\",\"breadcrumb\":{\"@id\":\"https:\/\/mollersomega3.nl\/is-levertraan-gezond\/#breadcrumb\"},\"inLanguage\":\"tr-TR\",\"potentialAction\":[{\"@type\":\"ReadAction\",\"target\":[\"https:\/\/mollersomega3.nl\/is-levertraan-gezond\/\"]}]},{\"@type\":\"BreadcrumbList\",\"@id\":\"https:\/\/mollersomega3.nl\/is-levertraan-gezond\/#breadcrumb\",\"itemListElement\":[{\"@type\":\"ListItem\",\"position\":1,\"name\":\"Ana Sayfa\",\"item\":\"https:\/\/mollersomega3.nl\/tr\/\"},{\"@type\":\"ListItem\",\"position\":2,\"name\":\"Bal\u0131k ya\u011f\u0131 sa\u011fl\u0131kl\u0131 m\u0131d\u0131r?\"}]},{\"@type\":\"WebSite\",\"@id\":\"https:\/\/mollersomega3.nl\/#website\",\"url\":\"https:\/\/mollersomega3.nl\/\",\"name\":\"M\u00f6llers Omega-3\",\"description\":\"A Spoonful of Life since 1854\",\"publisher\":{\"@id\":\"https:\/\/mollersomega3.nl\/#organization\"},\"potentialAction\":[{\"@type\":\"SearchAction\",\"target\":{\"@type\":\"EntryPoint\",\"urlTemplate\":\"https:\/\/mollersomega3.nl\/?s={search_term_string}\"},\"query-input\":{\"@type\":\"PropertyValueSpecification\",\"valueRequired\":true,\"valueName\":\"search_term_string\"}}],\"inLanguage\":\"tr-TR\"},{\"@type\":\"Organization\",\"@id\":\"https:\/\/mollersomega3.nl\/#organization\",\"name\":\"M\u00f6llers Omega-3\",\"url\":\"https:\/\/mollersomega3.nl\/\",\"logo\":{\"@type\":\"ImageObject\",\"inLanguage\":\"tr-TR\",\"@id\":\"https:\/\/mollersomega3.nl\/#\/schema\/logo\/image\/\",\"url\":\"https:\/\/mollersomega3.nl\/wp-content\/uploads\/2020\/07\/mollers-logo-bestellingen.png\",\"contentUrl\":\"https:\/\/mollersomega3.nl\/wp-content\/uploads\/2020\/07\/mollers-logo-bestellingen.png\",\"width\":250,\"height\":86,\"caption\":\"M\u00f6llers Omega-3\"},\"image\":{\"@id\":\"https:\/\/mollersomega3.nl\/#\/schema\/logo\/image\/\"},\"sameAs\":[\"https:\/\/www.facebook.com\/MollersOmega3NL\",\"https:\/\/www.instagram.com\/mollersomega3nl\/\",\"https:\/\/nl.linkedin.com\/company\/good-life-international\",\"https:\/\/www.bol.com\/nl\/nl\/m\/mollers\/\",\"https:\/\/mollersomega3.nl\/en\/\"],\"foundingDate\":\"1854\",\"areaServed\":[\"GB\",\"IE\",\"US\",\"CA\",\"AU\",\"NZ\",\"NL\"],\"knowsAbout\":[\"omega-3\",\"cod liver oil\",\"fish oil\",\"DHA\",\"EPA\",\"vitamin D\"],\"description\":\"Norwegian premium omega-3 brand since 1854. Cod liver oil and fish oil supplements with omega-3, vitamins A, D and E.\"}]}<\/script>\n<!-- \/ Yoast SEO Premium plugin. -->","yoast_head_json":{"title":"Herkes i\u00e7in - Bebekten ya\u015fl\u0131ya - M\u00f6llers Omega-3","description":"Omega-3 ve D vitamini herkes i\u00e7in sa\u011fl\u0131kl\u0131 bir beslenme d\u00fczeninin \u00f6nemli bile\u015fenleridir. M\u00f6ller's Omega-3 'Alt\u0131n Damla'.","robots":{"index":"index","follow":"follow","max-snippet":"max-snippet:-1","max-image-preview":"max-image-preview:large","max-video-preview":"max-video-preview:-1"},"canonical":"https:\/\/mollersomega3.nl\/is-levertraan-gezond\/","og_locale":"tr_TR","og_type":"article","og_title":"Bal\u0131k ya\u011f\u0131 sa\u011fl\u0131kl\u0131 m\u0131d\u0131r?","og_description":"Omega-3 ve D vitamini herkes i\u00e7in sa\u011fl\u0131kl\u0131 bir beslenme d\u00fczeninin \u00f6nemli bile\u015fenleridir. M\u00f6ller's Omega-3 'Alt\u0131n Damla'.","og_url":"https:\/\/mollersomega3.nl\/is-levertraan-gezond\/","og_site_name":"M\u00f6llers Omega-3","article_publisher":"https:\/\/www.facebook.com\/mollersomega3nl","og_image":[{"width":641,"height":589,"url":"https:\/\/mollersomega3.nl\/wp-content\/uploads\/2020\/12\/Mollers_logo_Flag_omega3_ENG_vertical_641x589_300PPI.png","type":"image\/png"}],"twitter_card":"summary_large_image","twitter_site":"@mollersomega3nl","twitter_misc":{"Est. reading time":"9 minutes"},"schema":{"@context":"https:\/\/schema.org","@graph":[{"@type":"WebPage","@id":"https:\/\/mollersomega3.nl\/is-levertraan-gezond\/","url":"https:\/\/mollersomega3.nl\/is-levertraan-gezond\/","name":"Herkes i\u00e7in - Bebekten ya\u015fl\u0131ya - M\u00f6llers Omega-3","isPartOf":{"@id":"https:\/\/mollersomega3.nl\/#website"},"datePublished":"2020-06-03T11:40:11+00:00","description":"Omega-3 ve D vitamini herkes i\u00e7in sa\u011fl\u0131kl\u0131 bir beslenme d\u00fczeninin \u00f6nemli bile\u015fenleridir. M\u00f6ller's Omega-3 'Alt\u0131n Damla'.","breadcrumb":{"@id":"https:\/\/mollersomega3.nl\/is-levertraan-gezond\/#breadcrumb"},"inLanguage":"tr-TR","potentialAction":[{"@type":"ReadAction","target":["https:\/\/mollersomega3.nl\/is-levertraan-gezond\/"]}]},{"@type":"BreadcrumbList","@id":"https:\/\/mollersomega3.nl\/is-levertraan-gezond\/#breadcrumb","itemListElement":[{"@type":"ListItem","position":1,"name":"Ana Sayfa","item":"https:\/\/mollersomega3.nl\/tr\/"},{"@type":"ListItem","position":2,"name":"Bal\u0131k ya\u011f\u0131 sa\u011fl\u0131kl\u0131 m\u0131d\u0131r?"}]},{"@type":"WebSite","@id":"https:\/\/mollersomega3.nl\/#website","url":"https:\/\/mollersomega3.nl\/","name":"M\u00f6llers Omega-3","description":"A Spoonful of Life since 1854","publisher":{"@id":"https:\/\/mollersomega3.nl\/#organization"},"potentialAction":[{"@type":"SearchAction","target":{"@type":"EntryPoint","urlTemplate":"https:\/\/mollersomega3.nl\/?s={search_term_string}"},"query-input":{"@type":"PropertyValueSpecification","valueRequired":true,"valueName":"search_term_string"}}],"inLanguage":"tr-TR"},{"@type":"Organization","@id":"https:\/\/mollersomega3.nl\/#organization","name":"M\u00f6llers Omega-3","url":"https:\/\/mollersomega3.nl\/","logo":{"@type":"ImageObject","inLanguage":"tr-TR","@id":"https:\/\/mollersomega3.nl\/#\/schema\/logo\/image\/","url":"https:\/\/mollersomega3.nl\/wp-content\/uploads\/2020\/07\/mollers-logo-bestellingen.png","contentUrl":"https:\/\/mollersomega3.nl\/wp-content\/uploads\/2020\/07\/mollers-logo-bestellingen.png","width":250,"height":86,"caption":"M\u00f6llers Omega-3"},"image":{"@id":"https:\/\/mollersomega3.nl\/#\/schema\/logo\/image\/"},"sameAs":["https:\/\/www.facebook.com\/MollersOmega3NL","https:\/\/www.instagram.com\/mollersomega3nl\/","https:\/\/nl.linkedin.com\/company\/good-life-international","https:\/\/www.bol.com\/nl\/nl\/m\/mollers\/","https:\/\/mollersomega3.nl\/en\/"],"foundingDate":"1854","areaServed":["GB","IE","US","CA","AU","NZ","NL"],"knowsAbout":["omega-3","cod liver oil","fish oil","DHA","EPA","vitamin D"],"description":"Norwegian premium omega-3 brand since 1854. Cod liver oil and fish oil supplements with omega-3, vitamins A, D and E."}]}},"_links":{"self":[{"href":"https:\/\/mollersomega3.nl\/tr\/wp-json\/wp\/v2\/pages\/1006028","targetHints":{"allow":["GET"]}}],"collection":[{"href":"https:\/\/mollersomega3.nl\/tr\/wp-json\/wp\/v2\/pages"}],"about":[{"href":"https:\/\/mollersomega3.nl\/tr\/wp-json\/wp\/v2\/types\/page"}],"author":[{"embeddable":true,"href":"https:\/\/mollersomega3.nl\/tr\/wp-json\/wp\/v2\/users\/1"}],"replies":[{"embeddable":true,"href":"https:\/\/mollersomega3.nl\/tr\/wp-json\/wp\/v2\/comments?post=1006028"}],"version-history":[{"count":0,"href":"https:\/\/mollersomega3.nl\/tr\/wp-json\/wp\/v2\/pages\/1006028\/revisions"}],"wp:attachment":[{"href":"https:\/\/mollersomega3.nl\/tr\/wp-json\/wp\/v2\/media?parent=1006028"}],"curies":[{"name":"wp","href":"https:\/\/api.w.org\/{rel}","templated":true}]}}