{"id":1006042,"date":"2020-06-01T11:02:23","date_gmt":"2020-06-01T09:02:23","guid":{"rendered":"https:\/\/mollersomega3.nl\/musteri-hizmetleri\/"},"modified":"2020-06-01T11:02:23","modified_gmt":"2020-06-01T09:02:23","slug":"musteri-hizmetleri","status":"publish","type":"page","link":"https:\/\/mollersomega3.nl\/tr\/musteri-hizmetleri\/","title":{"rendered":"M\u00fc\u015fteri Hizmetleri"},"content":{"rendered":"<p><a href=\"https:\/\/mollersomega3.nl\/tr\/siparis-iade\/\">\u0130ade mi etmek istiyorsunuz?<\/a><br \/>\n<a href=\"https:\/\/mollersomega3.nl\/tr\/nereden-satin-alinir\/\">M\u00f6ller&#8217;s Omega-3&#8217;\u00fc nereden temin edebilirsiniz?<\/a><\/p>\n<h2><img decoding=\"async\" class=\"alignnone wp-image-633\" src=\"https:\/\/mollersomega3.nl\/wp-content\/uploads\/2020\/07\/outline-fles-groen.png\" alt=\"Ye\u015fil \u015fi\u015fe m\u00fc\u015fteri hizmetleri\" width=\"50\" height=\"50\" srcset=\"https:\/\/mollersomega3.nl\/wp-content\/uploads\/2020\/07\/outline-fles-groen.png 2560w, https:\/\/mollersomega3.nl\/wp-content\/uploads\/2020\/07\/outline-fles-groen-768x768.png 768w, https:\/\/mollersomega3.nl\/wp-content\/uploads\/2020\/07\/outline-fles-groen-1536x1536.png 1536w, https:\/\/mollersomega3.nl\/wp-content\/uploads\/2020\/07\/outline-fles-groen-2048x2048.png 2048w, https:\/\/mollersomega3.nl\/wp-content\/uploads\/2020\/07\/outline-fles-groen-300x300.png 300w, https:\/\/mollersomega3.nl\/wp-content\/uploads\/2020\/07\/outline-fles-groen-600x600.png 600w, https:\/\/mollersomega3.nl\/wp-content\/uploads\/2020\/07\/outline-fles-groen-100x100.png 100w\" sizes=\"(max-width: 50px) 100vw, 50px\" \/>Sorular\u0131n\u0131z m\u0131 var?<\/h2>\n<p>M\u00f6ller&#8217;s Omega-3 hakk\u0131nda bir \u015fey \u00f6\u011frenmek mi istiyorsunuz veya sipari\u015finizle ilgili sorular\u0131n\u0131z m\u0131 var? O halde m\u00fc\u015fteri hizmetlerimizle ileti\u015fime ge\u00e7in. <a href=\"mailto:info@mollersomega3.nl\">info@mollersomega3.nl<\/a> adresine e-posta g\u00f6nderebilirsiniz. Bu e-postalar\u0131 1 i\u015f g\u00fcn\u00fc i\u00e7inde yan\u0131tlamaya \u00e7al\u0131\u015f\u0131yoruz. Pazartesiden cumaya 10:00-14:00 saatleri aras\u0131nda telefonla da ula\u015fabilirsiniz.    <\/p>\n<p>\u0130\u00e7erikle ilgili sorular i\u00e7in l\u00fctfen <a href=\"https:\/\/mollersomega3.nl\/veel-gestelde-vragen\/\">s\u0131k sorulan sorular<\/a> b\u00f6l\u00fcm\u00fcne de g\u00f6z at\u0131n.<br \/>\nSipari\u015finizin g\u00f6nderimi ve iadesi hakk\u0131ndaki bilgileri <a href=\"https:\/\/mollersomega3.nl\/tr\/siparis-iade\/\">burada<\/a> bulabilirsiniz.<\/p>\n<h2><img decoding=\"async\" class=\"alignnone wp-image-633\" src=\"https:\/\/mollersomega3.nl\/wp-content\/uploads\/2020\/07\/outline-fles-groen.png\" alt=\"Ye\u015fil \u015fi\u015fe m\u00fc\u015fteri hizmetleri\" width=\"50\" height=\"50\" srcset=\"https:\/\/mollersomega3.nl\/wp-content\/uploads\/2020\/07\/outline-fles-groen.png 2560w, https:\/\/mollersomega3.nl\/wp-content\/uploads\/2020\/07\/outline-fles-groen-768x768.png 768w, https:\/\/mollersomega3.nl\/wp-content\/uploads\/2020\/07\/outline-fles-groen-1536x1536.png 1536w, https:\/\/mollersomega3.nl\/wp-content\/uploads\/2020\/07\/outline-fles-groen-2048x2048.png 2048w, https:\/\/mollersomega3.nl\/wp-content\/uploads\/2020\/07\/outline-fles-groen-300x300.png 300w, https:\/\/mollersomega3.nl\/wp-content\/uploads\/2020\/07\/outline-fles-groen-600x600.png 600w, https:\/\/mollersomega3.nl\/wp-content\/uploads\/2020\/07\/outline-fles-groen-100x100.png 100w\" sizes=\"(max-width: 50px) 100vw, 50px\" \/>\u0130leti\u015fim\/m\u00fc\u015fteri hizmetleri<\/h2>\n<p>M\u00f6ller&#8217;s Omega-3<br \/>\nNedinscoplein 5<br \/>\n5912 AP Venlo<br \/>\nHollanda<\/p>\n<p>E-posta g\u00f6nderin:<br \/>\n<a title=\"M\u00f6ller's Omega 3\" href=\"mailto:info@mollersomega3.nl\" target=\"_blank\" rel=\"noopener noreferrer\">info@mollersomega3.nl<\/a><\/p>\n<p>Veya aray\u0131n:<br \/>\n+31 77 399 92 90<br \/>\n<em>(Pazartesiden cumaya 10:00 \u2013 14:00 saatleri aras\u0131 ula\u015f\u0131labilir)<\/em><\/p>\n<p>M\u00f6ller&#8217;s Omega-3, Good Life International BV&#8217;nin bir par\u00e7as\u0131d\u0131r.<\/p>\n<h2>M\u00f6ller&#8217;s&#8217;i sosyal medyada takip edin<\/h2>\n<p><a href=\"https:\/\/www.instagram.com\/mollersomega3nl\/\"><img decoding=\"async\" class=\"alignnone wp-image-754\" src=\"https:\/\/mollersomega3.nl\/wp-content\/uploads\/2020\/07\/Instagram-logo-e1594305839396.png\" alt=\"\" width=\"45\" height=\"45\"><\/a> &nbsp;<a href=\"https:\/\/www.facebook.com\/mollersnl\/\"><img decoding=\"async\" class=\"alignnone wp-image-755\" src=\"https:\/\/mollersomega3.nl\/wp-content\/uploads\/2020\/07\/fb-logo.png\" alt=\"m\u00fc\u015fteri hizmetleri\" width=\"45\" height=\"45\" srcset=\"https:\/\/mollersomega3.nl\/wp-content\/uploads\/2020\/07\/fb-logo.png 400w, https:\/\/mollersomega3.nl\/wp-content\/uploads\/2020\/07\/fb-logo-300x300.png 300w, https:\/\/mollersomega3.nl\/wp-content\/uploads\/2020\/07\/fb-logo-100x100.png 100w\" sizes=\"(max-width: 45px) 100vw, 45px\" \/><\/a><\/p>\n","protected":false},"excerpt":{"rendered":"<p>\u0130ade mi etmek istiyorsunuz? M\u00f6ller&#8217;s Omega-3&#8217;\u00fc nereden temin edebilirsiniz? Sorular\u0131n\u0131z m\u0131 var? M\u00f6ller&#8217;s Omega-3 hakk\u0131nda bir \u015fey \u00f6\u011frenmek mi istiyorsunuz veya sipari\u015finizle ilgili sorular\u0131n\u0131z m\u0131 var? O halde m\u00fc\u015fteri hizmetlerimizle ileti\u015fime ge\u00e7in. info@mollersomega3.nl adresine e-posta g\u00f6nderebilirsiniz. Bu e-postalar\u0131 1 i\u015f g\u00fcn\u00fc i\u00e7inde yan\u0131tlamaya \u00e7al\u0131\u015f\u0131yoruz. Pazartesiden cumaya 10:00-14:00 saatleri aras\u0131nda telefonla da ula\u015fabilirsiniz. \u0130\u00e7erikle ilgili sorular [&hellip;]<\/p>\n","protected":false},"author":1,"featured_media":0,"parent":0,"menu_order":0,"comment_status":"closed","ping_status":"closed","template":"","meta":{"_yoast_wpseo_focuskw":"m\u00fc\u015fteri hizmetleri","_yoast_wpseo_title":"%%title%% size yard\u0131ma haz\u0131r%%page%% %%sep%% %%sitename%%","_yoast_wpseo_metadesc":"M\u00f6ller's Omega-3 veya sipari\u015finiz hakk\u0131nda sorular\u0131n\u0131z m\u0131 var? M\u00fc\u015fteri hizmetlerimizle ileti\u015fime ge\u00e7in. Her zaman geri bildirime a\u00e7\u0131\u011f\u0131z!","_monsterinsights_skip_tracking":false,"_monsterinsights_sitenote_active":false,"_monsterinsights_sitenote_note":"","_monsterinsights_sitenote_category":0,"footnotes":""},"class_list":["post-1006042","page","type-page","status-publish","hentry"],"yoast_head":"<!-- This site is optimized with the Yoast SEO Premium plugin v25.1 (Yoast SEO v25.1) - https:\/\/yoast.com\/wordpress\/plugins\/seo\/ -->\n<title>M\u00fc\u015fteri Hizmetleri size yard\u0131ma haz\u0131r - M\u00f6llers Omega-3<\/title>\n<meta name=\"description\" content=\"M\u00f6ller&#039;s Omega-3 veya sipari\u015finiz hakk\u0131nda sorular\u0131n\u0131z m\u0131 var? M\u00fc\u015fteri hizmetlerimizle ileti\u015fime ge\u00e7in. Her zaman geri bildirime a\u00e7\u0131\u011f\u0131z!\" \/>\n<meta name=\"robots\" content=\"index, follow, max-snippet:-1, max-image-preview:large, max-video-preview:-1\" \/>\n<link rel=\"canonical\" href=\"https:\/\/mollersomega3.nl\/klantenservice\/\" \/>\n<meta property=\"og:locale\" content=\"tr_TR\" \/>\n<meta property=\"og:type\" content=\"article\" \/>\n<meta property=\"og:title\" content=\"M\u00fc\u015fteri Hizmetleri\" \/>\n<meta property=\"og:description\" content=\"M\u00f6ller&#039;s Omega-3 veya sipari\u015finiz hakk\u0131nda sorular\u0131n\u0131z m\u0131 var? M\u00fc\u015fteri hizmetlerimizle ileti\u015fime ge\u00e7in. Her zaman geri bildirime a\u00e7\u0131\u011f\u0131z!\" \/>\n<meta property=\"og:url\" content=\"https:\/\/mollersomega3.nl\/klantenservice\/\" \/>\n<meta property=\"og:site_name\" content=\"M\u00f6llers Omega-3\" \/>\n<meta property=\"article:publisher\" content=\"https:\/\/www.facebook.com\/mollersomega3nl\" \/>\n<meta property=\"og:image\" content=\"https:\/\/mollersomega3.nl\/wp-content\/uploads\/2020\/07\/outline-fles-groen.png\" \/>\n<meta name=\"twitter:card\" content=\"summary_large_image\" \/>\n<meta name=\"twitter:site\" content=\"@mollersomega3nl\" \/>\n<meta name=\"twitter:label1\" content=\"Est. reading time\" \/>\n\t<meta name=\"twitter:data1\" content=\"1 minute\" \/>\n<script type=\"application\/ld+json\" class=\"yoast-schema-graph\">{\"@context\":\"https:\/\/schema.org\",\"@graph\":[{\"@type\":\"WebPage\",\"@id\":\"https:\/\/mollersomega3.nl\/klantenservice\/\",\"url\":\"https:\/\/mollersomega3.nl\/klantenservice\/\",\"name\":\"M\u00fc\u015fteri Hizmetleri size yard\u0131ma haz\u0131r - M\u00f6llers Omega-3\",\"isPartOf\":{\"@id\":\"https:\/\/mollersomega3.nl\/#website\"},\"primaryImageOfPage\":{\"@id\":\"https:\/\/mollersomega3.nl\/klantenservice\/#primaryimage\"},\"image\":{\"@id\":\"https:\/\/mollersomega3.nl\/klantenservice\/#primaryimage\"},\"thumbnailUrl\":\"https:\/\/mollersomega3.nl\/wp-content\/uploads\/2020\/07\/outline-fles-groen.png\",\"datePublished\":\"2020-06-01T09:02:23+00:00\",\"description\":\"M\u00f6ller's Omega-3 veya sipari\u015finiz hakk\u0131nda sorular\u0131n\u0131z m\u0131 var? M\u00fc\u015fteri hizmetlerimizle ileti\u015fime ge\u00e7in. Her zaman geri bildirime a\u00e7\u0131\u011f\u0131z!\",\"breadcrumb\":{\"@id\":\"https:\/\/mollersomega3.nl\/klantenservice\/#breadcrumb\"},\"inLanguage\":\"tr-TR\",\"potentialAction\":[{\"@type\":\"ReadAction\",\"target\":[\"https:\/\/mollersomega3.nl\/klantenservice\/\"]}]},{\"@type\":\"ImageObject\",\"inLanguage\":\"tr-TR\",\"@id\":\"https:\/\/mollersomega3.nl\/klantenservice\/#primaryimage\",\"url\":\"https:\/\/mollersomega3.nl\/wp-content\/uploads\/2020\/07\/outline-fles-groen.png\",\"contentUrl\":\"https:\/\/mollersomega3.nl\/wp-content\/uploads\/2020\/07\/outline-fles-groen.png\"},{\"@type\":\"BreadcrumbList\",\"@id\":\"https:\/\/mollersomega3.nl\/klantenservice\/#breadcrumb\",\"itemListElement\":[{\"@type\":\"ListItem\",\"position\":1,\"name\":\"Ana Sayfa\",\"item\":\"https:\/\/mollersomega3.nl\/tr\/\"},{\"@type\":\"ListItem\",\"position\":2,\"name\":\"M\u00fc\u015fteri Hizmetleri\"}]},{\"@type\":\"WebSite\",\"@id\":\"https:\/\/mollersomega3.nl\/#website\",\"url\":\"https:\/\/mollersomega3.nl\/\",\"name\":\"M\u00f6llers Omega-3\",\"description\":\"A Spoonful of Life since 1854\",\"publisher\":{\"@id\":\"https:\/\/mollersomega3.nl\/#organization\"},\"potentialAction\":[{\"@type\":\"SearchAction\",\"target\":{\"@type\":\"EntryPoint\",\"urlTemplate\":\"https:\/\/mollersomega3.nl\/?s={search_term_string}\"},\"query-input\":{\"@type\":\"PropertyValueSpecification\",\"valueRequired\":true,\"valueName\":\"search_term_string\"}}],\"inLanguage\":\"tr-TR\"},{\"@type\":\"Organization\",\"@id\":\"https:\/\/mollersomega3.nl\/#organization\",\"name\":\"M\u00f6llers Omega-3\",\"url\":\"https:\/\/mollersomega3.nl\/\",\"logo\":{\"@type\":\"ImageObject\",\"inLanguage\":\"tr-TR\",\"@id\":\"https:\/\/mollersomega3.nl\/#\/schema\/logo\/image\/\",\"url\":\"https:\/\/mollersomega3.nl\/wp-content\/uploads\/2020\/07\/mollers-logo-bestellingen.png\",\"contentUrl\":\"https:\/\/mollersomega3.nl\/wp-content\/uploads\/2020\/07\/mollers-logo-bestellingen.png\",\"width\":250,\"height\":86,\"caption\":\"M\u00f6llers Omega-3\"},\"image\":{\"@id\":\"https:\/\/mollersomega3.nl\/#\/schema\/logo\/image\/\"},\"sameAs\":[\"https:\/\/www.facebook.com\/MollersOmega3NL\",\"https:\/\/www.instagram.com\/mollersomega3nl\/\",\"https:\/\/nl.linkedin.com\/company\/good-life-international\",\"https:\/\/www.bol.com\/nl\/nl\/m\/mollers\/\",\"https:\/\/mollersomega3.nl\/en\/\"],\"foundingDate\":\"1854\",\"areaServed\":[\"GB\",\"IE\",\"US\",\"CA\",\"AU\",\"NZ\",\"NL\"],\"knowsAbout\":[\"omega-3\",\"cod liver oil\",\"fish oil\",\"DHA\",\"EPA\",\"vitamin D\"],\"description\":\"Norwegian premium omega-3 brand since 1854. Cod liver oil and fish oil supplements with omega-3, vitamins A, D and E.\"}]}<\/script>\n<!-- \/ Yoast SEO Premium plugin. -->","yoast_head_json":{"title":"M\u00fc\u015fteri Hizmetleri size yard\u0131ma haz\u0131r - M\u00f6llers Omega-3","description":"M\u00f6ller's Omega-3 veya sipari\u015finiz hakk\u0131nda sorular\u0131n\u0131z m\u0131 var? M\u00fc\u015fteri hizmetlerimizle ileti\u015fime ge\u00e7in. Her zaman geri bildirime a\u00e7\u0131\u011f\u0131z!","robots":{"index":"index","follow":"follow","max-snippet":"max-snippet:-1","max-image-preview":"max-image-preview:large","max-video-preview":"max-video-preview:-1"},"canonical":"https:\/\/mollersomega3.nl\/klantenservice\/","og_locale":"tr_TR","og_type":"article","og_title":"M\u00fc\u015fteri Hizmetleri","og_description":"M\u00f6ller's Omega-3 veya sipari\u015finiz hakk\u0131nda sorular\u0131n\u0131z m\u0131 var? M\u00fc\u015fteri hizmetlerimizle ileti\u015fime ge\u00e7in. Her zaman geri bildirime a\u00e7\u0131\u011f\u0131z!","og_url":"https:\/\/mollersomega3.nl\/klantenservice\/","og_site_name":"M\u00f6llers Omega-3","article_publisher":"https:\/\/www.facebook.com\/mollersomega3nl","og_image":[{"url":"https:\/\/mollersomega3.nl\/wp-content\/uploads\/2020\/07\/outline-fles-groen.png","type":"","width":"","height":""}],"twitter_card":"summary_large_image","twitter_site":"@mollersomega3nl","twitter_misc":{"Est. reading time":"1 minute"},"schema":{"@context":"https:\/\/schema.org","@graph":[{"@type":"WebPage","@id":"https:\/\/mollersomega3.nl\/klantenservice\/","url":"https:\/\/mollersomega3.nl\/klantenservice\/","name":"M\u00fc\u015fteri Hizmetleri size yard\u0131ma haz\u0131r - M\u00f6llers Omega-3","isPartOf":{"@id":"https:\/\/mollersomega3.nl\/#website"},"primaryImageOfPage":{"@id":"https:\/\/mollersomega3.nl\/klantenservice\/#primaryimage"},"image":{"@id":"https:\/\/mollersomega3.nl\/klantenservice\/#primaryimage"},"thumbnailUrl":"https:\/\/mollersomega3.nl\/wp-content\/uploads\/2020\/07\/outline-fles-groen.png","datePublished":"2020-06-01T09:02:23+00:00","description":"M\u00f6ller's Omega-3 veya sipari\u015finiz hakk\u0131nda sorular\u0131n\u0131z m\u0131 var? M\u00fc\u015fteri hizmetlerimizle ileti\u015fime ge\u00e7in. Her zaman geri bildirime a\u00e7\u0131\u011f\u0131z!","breadcrumb":{"@id":"https:\/\/mollersomega3.nl\/klantenservice\/#breadcrumb"},"inLanguage":"tr-TR","potentialAction":[{"@type":"ReadAction","target":["https:\/\/mollersomega3.nl\/klantenservice\/"]}]},{"@type":"ImageObject","inLanguage":"tr-TR","@id":"https:\/\/mollersomega3.nl\/klantenservice\/#primaryimage","url":"https:\/\/mollersomega3.nl\/wp-content\/uploads\/2020\/07\/outline-fles-groen.png","contentUrl":"https:\/\/mollersomega3.nl\/wp-content\/uploads\/2020\/07\/outline-fles-groen.png"},{"@type":"BreadcrumbList","@id":"https:\/\/mollersomega3.nl\/klantenservice\/#breadcrumb","itemListElement":[{"@type":"ListItem","position":1,"name":"Ana Sayfa","item":"https:\/\/mollersomega3.nl\/tr\/"},{"@type":"ListItem","position":2,"name":"M\u00fc\u015fteri Hizmetleri"}]},{"@type":"WebSite","@id":"https:\/\/mollersomega3.nl\/#website","url":"https:\/\/mollersomega3.nl\/","name":"M\u00f6llers Omega-3","description":"A Spoonful of Life since 1854","publisher":{"@id":"https:\/\/mollersomega3.nl\/#organization"},"potentialAction":[{"@type":"SearchAction","target":{"@type":"EntryPoint","urlTemplate":"https:\/\/mollersomega3.nl\/?s={search_term_string}"},"query-input":{"@type":"PropertyValueSpecification","valueRequired":true,"valueName":"search_term_string"}}],"inLanguage":"tr-TR"},{"@type":"Organization","@id":"https:\/\/mollersomega3.nl\/#organization","name":"M\u00f6llers Omega-3","url":"https:\/\/mollersomega3.nl\/","logo":{"@type":"ImageObject","inLanguage":"tr-TR","@id":"https:\/\/mollersomega3.nl\/#\/schema\/logo\/image\/","url":"https:\/\/mollersomega3.nl\/wp-content\/uploads\/2020\/07\/mollers-logo-bestellingen.png","contentUrl":"https:\/\/mollersomega3.nl\/wp-content\/uploads\/2020\/07\/mollers-logo-bestellingen.png","width":250,"height":86,"caption":"M\u00f6llers Omega-3"},"image":{"@id":"https:\/\/mollersomega3.nl\/#\/schema\/logo\/image\/"},"sameAs":["https:\/\/www.facebook.com\/MollersOmega3NL","https:\/\/www.instagram.com\/mollersomega3nl\/","https:\/\/nl.linkedin.com\/company\/good-life-international","https:\/\/www.bol.com\/nl\/nl\/m\/mollers\/","https:\/\/mollersomega3.nl\/en\/"],"foundingDate":"1854","areaServed":["GB","IE","US","CA","AU","NZ","NL"],"knowsAbout":["omega-3","cod liver oil","fish oil","DHA","EPA","vitamin D"],"description":"Norwegian premium omega-3 brand since 1854. Cod liver oil and fish oil supplements with omega-3, vitamins A, D and E."}]}},"_links":{"self":[{"href":"https:\/\/mollersomega3.nl\/tr\/wp-json\/wp\/v2\/pages\/1006042","targetHints":{"allow":["GET"]}}],"collection":[{"href":"https:\/\/mollersomega3.nl\/tr\/wp-json\/wp\/v2\/pages"}],"about":[{"href":"https:\/\/mollersomega3.nl\/tr\/wp-json\/wp\/v2\/types\/page"}],"author":[{"embeddable":true,"href":"https:\/\/mollersomega3.nl\/tr\/wp-json\/wp\/v2\/users\/1"}],"replies":[{"embeddable":true,"href":"https:\/\/mollersomega3.nl\/tr\/wp-json\/wp\/v2\/comments?post=1006042"}],"version-history":[{"count":0,"href":"https:\/\/mollersomega3.nl\/tr\/wp-json\/wp\/v2\/pages\/1006042\/revisions"}],"wp:attachment":[{"href":"https:\/\/mollersomega3.nl\/tr\/wp-json\/wp\/v2\/media?parent=1006042"}],"curies":[{"name":"wp","href":"https:\/\/api.w.org\/{rel}","templated":true}]}}