{"id":1005828,"date":"2020-06-10T13:59:14","date_gmt":"2020-06-10T11:59:14","guid":{"rendered":"https:\/\/mollersomega3.nl\/product\/mollers-omega-3-balik-yagi-kapsulleri\/"},"modified":"2026-04-07T10:31:32","modified_gmt":"2026-04-07T08:31:32","slug":"mollers-omega-3-balik-yagi-kapsulleri","status":"publish","type":"product","link":"https:\/\/mollersomega3.nl\/tr\/product\/mollers-omega-3-balik-yagi-kapsulleri\/","title":{"rendered":"M\u00f6ller&#8217;s Omega-3 Bal\u0131k Ya\u011f\u0131 Kaps\u00fclleri"},"content":{"rendered":"<p><strong>Yeterince ya\u011fl\u0131 bal\u0131k yiyor musunuz? Omega-3 ve A, D ve E vitaminleri i\u00e7eren bu konsantre bal\u0131k ya\u011f\u0131, eksikliklerin giderilmesini ve seviyelerin korunmas\u0131n\u0131 sa\u011flar. Kalp ve damarlar, sa\u011fl\u0131kl\u0131 beyin ve g\u00fc\u00e7l\u00fc bir ba\u011f\u0131\u015f\u0131kl\u0131k sistemi i\u00e7in faydal\u0131d\u0131r.  <\/strong><\/p>\n<h2>M\u00f6ller&#8217;s Omega-3 Bal\u0131k Ya\u011f\u0131 Kaps\u00fclleri nedir?<\/h2>\n<p><img decoding=\"async\" class=\"alignright wp-image-3418\" src=\"https:\/\/mollersomega3.nl\/wp-content\/uploads\/2020\/06\/FOS_mandatory_RGB.png\" alt=\"Friend of the Sea M\u00f6ller's Omega-3 Bal\u0131k Ya\u011f\u0131 Kaps\u00fclleri\" width=\"150\" height=\"150\" srcset=\"https:\/\/mollersomega3.nl\/wp-content\/uploads\/2020\/06\/FOS_mandatory_RGB.png 392w, https:\/\/mollersomega3.nl\/wp-content\/uploads\/2020\/06\/FOS_mandatory_RGB-300x301.png 300w, https:\/\/mollersomega3.nl\/wp-content\/uploads\/2020\/06\/FOS_mandatory_RGB-100x100.png 100w\" sizes=\"(max-width: 150px) 100vw, 150px\" \/>M\u00f6ller&#8217;s Omega-3 Bal\u0131k Ya\u011f\u0131 Kaps\u00fclleri, yan\u0131n\u0131zda ta\u015f\u0131mas\u0131 kolay veya <a href=\"https:\/\/mollersomega3.nl\/product\/mollers-omega-3-citroen\/\">s\u0131v\u0131 bal\u0131k ya\u011f\u0131<\/a> yerine kaps\u00fcl almay\u0131 tercih edenler i\u00e7in konsantre bal\u0131k ya\u011f\u0131 kaps\u00fclleridir. Do\u011fal omega-3 (2 kaps\u00fclde 530 mg DHA ve EPA) ve A, D ve E vitaminlerinin \u00f6zel bir kombinasyonudur. <\/p>\n<ul>\n<li>Hafif vanilya aromal\u0131 saf konsantre bal\u0131k ya\u011f\u0131 kaps\u00fclleri.<\/li>\n<li>G\u00fcney Pasifik Okyanusu&#8217;nun temiz sular\u0131nda s\u00fcrd\u00fcr\u00fclebilir \u015fekilde avlanan sardalye ve hamsi bal\u0131klar\u0131ndan elde edilmi\u015ftir (Friend of the Sea sertifikal\u0131).<\/li>\n<li>\u00dcretim, safla\u015ft\u0131rma ve s\u0131k\u0131 kontroller, t\u0131pk\u0131 M\u00f6ller&#8217;s Omega-3 Bal\u0131k Karaci\u011fer Ya\u011f\u0131 gibi Norve\u00e7&#8217;teki kendi fabrikam\u0131zda yap\u0131lmaktad\u0131r.<\/li>\n<li>Y\u00fcksek kaliteli omega-3 (530 mg DHA + EPA), A, D3 ve E vitaminleriyle tamamlanm\u0131\u015ft\u0131r.<\/li>\n<li>\u00c7ok d\u00fc\u015f\u00fck oksidasyon de\u011ferine sahip (totox &lt; 4) taze bal\u0131k ya\u011f\u0131; bu nedenle mide yanmas\u0131 yapmaz.<\/li>\n<li>Omega-3 ya\u011f asitleri do\u011fal trigliserit formundad\u0131r, bu sayede v\u00fccut taraf\u0131ndan daha iyi emilir.<\/li>\n<\/ul>\n<p>M\u00f6ller&#8217;s Omega-3 ayr\u0131ca <a href=\"https:\/\/mollersomega3.nl\/producten\/\">4 farkl\u0131 tada sahip s\u0131v\u0131 bal\u0131k karaci\u011fer ya\u011f\u0131<\/a> ve <a href=\"https:\/\/mollersomega3.nl\/product\/mollers-omega-3-levertraancapsules\/\">bal\u0131k karaci\u011fer ya\u011f\u0131 kaps\u00fclleri<\/a> olarak da mevcuttur.<\/p>\n<p><a href=\"https:\/\/mollersomega3.nl\/wat-is-het-verschil-tussen-mollers-levertraancapsules-en-mollers-visoliecapsules\/\">M\u00f6ller&#8217;s Bal\u0131k Karaci\u011fer Ya\u011f\u0131 Kaps\u00fclleri ve Bal\u0131k Ya\u011f\u0131 Kaps\u00fclleri aras\u0131ndaki farklar hakk\u0131nda daha fazla bilgi i\u00e7in buraya t\u0131klay\u0131n.<\/a><\/p>\n<h3>\u0130\u00e7erik<\/h3>\n<p>112 kaps\u00fcl = 56 g\u00fcnl\u00fck porsiyon.<\/p>\n<h3>\u0130\u00e7indekiler<\/h3>\n<p>Hamsi ve sardalyeden elde edilen <strong>bal\u0131k ya\u011f\u0131<\/strong> (trigliseritler), gliserol, s\u0131\u011f\u0131r jelatini (kaps\u00fcl), retinilpalmitat (A vitamini), kolekalsiferol (D vitamini), dl-\u03b1-tokoferil asetat (E vitamini), vanilya aromas\u0131 ve do\u011fal tokoferol (antioksidan).  <\/p>\n<p>M\u00f6ller&#8217;s Omega-3 Bal\u0131k Ya\u011f\u0131 Kaps\u00fclleri koruyucu maddeler, yapay renklendirici ve tatland\u0131r\u0131c\u0131lar, \u015feker veya tatland\u0131r\u0131c\u0131lar i\u00e7ermez. Kaps\u00fcllerin jelatini helal sertifikal\u0131d\u0131r. <\/p>\n<table dir=\"ltr\" border=\"2\" rules=\"all\" cellspacing=\"2\" cellpadding=\"1\">\n<tbody>\n<tr align=\"left\" valign=\"top\">\n<td align=\"left\" valign=\"middle\">\n<h3>Besin De\u011feri<\/h3>\n<\/td>\n<td align=\"left\" valign=\"middle\">\n<h3>2 kaps\u00fcl ba\u015f\u0131na<\/h3>\n<\/td>\n<\/tr>\n<tr align=\"left\" valign=\"top\">\n<td align=\"left\" valign=\"middle\">Omega-3 ya\u011f asitleri<\/td>\n<td align=\"left\" valign=\"middle\">640 mg<\/td>\n<\/tr>\n<tr align=\"left\" valign=\"top\">\n<td align=\"left\" valign=\"middle\">\u2013 EPA\/DHA<\/td>\n<td align=\"left\" valign=\"middle\">530 mg<\/td>\n<\/tr>\n<tr align=\"left\" valign=\"top\">\n<td align=\"left\" valign=\"middle\">D vitamini<\/td>\n<td align=\"left\" valign=\"middle\">15 mcg (%300*)<\/td>\n<\/tr>\n<tr align=\"left\" valign=\"top\">\n<td align=\"left\" valign=\"middle\">A vitamini<\/td>\n<td align=\"left\" valign=\"middle\">250 mcg (%31*)<\/td>\n<\/tr>\n<tr align=\"left\" valign=\"top\">\n<td align=\"left\" valign=\"middle\">E vitamini<\/td>\n<td align=\"left\" valign=\"middle\">10 mg (%83*)<\/td>\n<\/tr>\n<\/tbody>\n<\/table>\n<p>* Referans al\u0131m de\u011ferinin y\u00fczdesi.<\/p>\n<h3>\u00d6nerilen G\u00fcnl\u00fck Miktar<\/h3>\n<p>G\u00fcnde bir kez <strong>2 kaps\u00fcl<\/strong> su ile al\u0131n\u0131p yutulmal\u0131, tercihen yemek s\u0131ras\u0131nda.<br \/>\nKaps\u00fclleri b\u00fct\u00fcn olarak yutabilen yeti\u015fkinler ve \u00e7ocuklar i\u00e7indir. Hamile kad\u0131nlar ve emziren anneler i\u00e7in de \u00f6nerilir. <\/p>\n<h3>Serin ve kuru yerde saklay\u0131n<\/h3>\n<p>Serin ve kuru yerde saklay\u0131n. Besin takviyelerini her zaman k\u00fc\u00e7\u00fck \u00e7ocuklar\u0131n eri\u015femeyece\u011fi yerlerde saklamak ak\u0131ll\u0131cad\u0131r.<\/p>\n","protected":false},"excerpt":{"rendered":"<ul>\n<li>Kullan\u0131m\u0131 kolay kaps\u00fcl formunda konsantre bal\u0131k ya\u011f\u0131<\/li>\n<li>2 kaps\u00fclde 530 mg EPA ve DHA<\/li>\n<li>A, D3 ve E vitaminleriyle tam<\/li>\n<li>G\u00fcnde sadece 2 kaps\u00fcl<\/li>\n<\/ul>\n","protected":false},"featured_media":1005829,"comment_status":"open","ping_status":"closed","template":"","meta":{"_yoast_wpseo_focuskw":"kaps\u00fcller","_yoast_wpseo_title":"A, D ve E vitaminli M\u00f6ller's Omega-3 Bal\u0131k Ya\u011f\u0131 Kaps\u00fclleri","_yoast_wpseo_metadesc":"M\u00f6ller's Omega-3 Bal\u0131k Ya\u011f\u0131 Kaps\u00fclleri seyahatte kullan\u0131\u015fl\u0131d\u0131r veya s\u0131v\u0131 bal\u0131k ya\u011f\u0131 yerine kaps\u00fcl almay\u0131 tercih edenler i\u00e7indir.","_monsterinsights_skip_tracking":false,"_monsterinsights_sitenote_active":false,"_monsterinsights_sitenote_note":"","_monsterinsights_sitenote_category":0},"product_brand":[],"product_cat":[538],"product_tag":[],"class_list":{"0":"post-1005828","1":"product","2":"type-product","3":"status-publish","4":"has-post-thumbnail","6":"product_cat-kapsuller","8":"first","9":"outofstock","10":"taxable","11":"shipping-taxable","12":"purchasable","13":"product-type-simple"},"wcpa_form_fields":null,"yoast_head":"<!-- This site is optimized with the Yoast SEO Premium plugin v25.1 (Yoast SEO v25.1) - https:\/\/yoast.com\/wordpress\/plugins\/seo\/ -->\n<title>A, D ve E vitaminli M\u00f6ller&#039;s Omega-3 Bal\u0131k Ya\u011f\u0131 Kaps\u00fclleri<\/title>\n<meta name=\"description\" content=\"M\u00f6ller&#039;s Omega-3 Bal\u0131k Ya\u011f\u0131 Kaps\u00fclleri seyahatte kullan\u0131\u015fl\u0131d\u0131r veya s\u0131v\u0131 bal\u0131k ya\u011f\u0131 yerine kaps\u00fcl almay\u0131 tercih edenler i\u00e7indir.\" \/>\n<meta name=\"robots\" content=\"index, follow, max-snippet:-1, max-image-preview:large, max-video-preview:-1\" \/>\n<link rel=\"canonical\" href=\"https:\/\/mollersomega3.nl\/tr\/product\/mollers-omega-3-balik-yagi-kapsulleri\/\" \/>\n<meta property=\"og:locale\" content=\"tr_TR\" \/>\n<meta property=\"og:type\" content=\"article\" \/>\n<meta property=\"og:title\" content=\"M\u00f6ller&#039;s Omega-3 Bal\u0131k Ya\u011f\u0131 Kaps\u00fclleri\" \/>\n<meta property=\"og:description\" content=\"M\u00f6ller&#039;s Omega-3 Bal\u0131k Ya\u011f\u0131 Kaps\u00fclleri seyahatte kullan\u0131\u015fl\u0131d\u0131r veya s\u0131v\u0131 bal\u0131k ya\u011f\u0131 yerine kaps\u00fcl almay\u0131 tercih edenler i\u00e7indir.\" \/>\n<meta property=\"og:url\" content=\"https:\/\/mollersomega3.nl\/tr\/product\/mollers-omega-3-balik-yagi-kapsulleri\/\" \/>\n<meta property=\"og:site_name\" content=\"M\u00f6llers Omega-3\" \/>\n<meta property=\"article:publisher\" content=\"https:\/\/www.facebook.com\/mollersomega3nl\" \/>\n<meta property=\"article:modified_time\" content=\"2026-04-07T08:31:32+00:00\" \/>\n<meta property=\"og:image\" content=\"https:\/\/mollersomega3.nl\/tr\/wp-content\/uploads\/2020\/06\/Visoliecapsules_1594x1062.png\" \/>\n\t<meta property=\"og:image:width\" content=\"1062\" \/>\n\t<meta property=\"og:image:height\" content=\"1594\" \/>\n\t<meta property=\"og:image:type\" content=\"image\/png\" \/>\n<meta name=\"twitter:card\" content=\"summary_large_image\" \/>\n<meta name=\"twitter:site\" content=\"@mollersomega3nl\" \/>\n<meta name=\"twitter:label1\" content=\"Est. reading time\" \/>\n\t<meta name=\"twitter:data1\" content=\"2 minutes\" \/>\n<script type=\"application\/ld+json\" class=\"yoast-schema-graph\">{\"@context\":\"https:\/\/schema.org\",\"@graph\":[{\"@type\":\"WebPage\",\"@id\":\"https:\/\/mollersomega3.nl\/tr\/product\/mollers-omega-3-balik-yagi-kapsulleri\/\",\"url\":\"https:\/\/mollersomega3.nl\/tr\/product\/mollers-omega-3-balik-yagi-kapsulleri\/\",\"name\":\"A, D ve E vitaminli M\u00f6ller's Omega-3 Bal\u0131k Ya\u011f\u0131 Kaps\u00fclleri\",\"isPartOf\":{\"@id\":\"https:\/\/mollersomega3.nl\/#website\"},\"primaryImageOfPage\":{\"@id\":\"https:\/\/mollersomega3.nl\/tr\/product\/mollers-omega-3-balik-yagi-kapsulleri\/#primaryimage\"},\"image\":{\"@id\":\"https:\/\/mollersomega3.nl\/tr\/product\/mollers-omega-3-balik-yagi-kapsulleri\/#primaryimage\"},\"thumbnailUrl\":\"https:\/\/mollersomega3.nl\/wp-content\/uploads\/2020\/06\/Visoliecapsules_1594x1062.png\",\"datePublished\":\"2020-06-10T11:59:14+00:00\",\"dateModified\":\"2026-04-07T08:31:32+00:00\",\"description\":\"M\u00f6ller's Omega-3 Bal\u0131k Ya\u011f\u0131 Kaps\u00fclleri seyahatte kullan\u0131\u015fl\u0131d\u0131r veya s\u0131v\u0131 bal\u0131k ya\u011f\u0131 yerine kaps\u00fcl almay\u0131 tercih edenler i\u00e7indir.\",\"breadcrumb\":{\"@id\":\"https:\/\/mollersomega3.nl\/tr\/product\/mollers-omega-3-balik-yagi-kapsulleri\/#breadcrumb\"},\"inLanguage\":\"tr-TR\",\"potentialAction\":[{\"@type\":\"ReadAction\",\"target\":[\"https:\/\/mollersomega3.nl\/tr\/product\/mollers-omega-3-balik-yagi-kapsulleri\/\"]}]},{\"@type\":\"ImageObject\",\"inLanguage\":\"tr-TR\",\"@id\":\"https:\/\/mollersomega3.nl\/tr\/product\/mollers-omega-3-balik-yagi-kapsulleri\/#primaryimage\",\"url\":\"https:\/\/mollersomega3.nl\/wp-content\/uploads\/2020\/06\/Visoliecapsules_1594x1062.png\",\"contentUrl\":\"https:\/\/mollersomega3.nl\/wp-content\/uploads\/2020\/06\/Visoliecapsules_1594x1062.png\",\"width\":1062,\"height\":1594,\"caption\":\"M\u00f6ller's Omega-3 Bal\u0131k Ya\u011f\u0131 Kaps\u00fclleri\"},{\"@type\":\"BreadcrumbList\",\"@id\":\"https:\/\/mollersomega3.nl\/tr\/product\/mollers-omega-3-balik-yagi-kapsulleri\/#breadcrumb\",\"itemListElement\":[{\"@type\":\"ListItem\",\"position\":1,\"name\":\"Ana Sayfa\",\"item\":\"https:\/\/mollersomega3.nl\/tr\/\"},{\"@type\":\"ListItem\",\"position\":2,\"name\":\"\u00dcr\u00fcnler\",\"item\":\"https:\/\/mollersomega3.nl\/tr\/urunler\/\"},{\"@type\":\"ListItem\",\"position\":3,\"name\":\"M\u00f6ller&#8217;s Omega-3 Bal\u0131k Ya\u011f\u0131 Kaps\u00fclleri\"}]},{\"@type\":\"WebSite\",\"@id\":\"https:\/\/mollersomega3.nl\/#website\",\"url\":\"https:\/\/mollersomega3.nl\/\",\"name\":\"M\u00f6llers Omega-3\",\"description\":\"A Spoonful of Life since 1854\",\"publisher\":{\"@id\":\"https:\/\/mollersomega3.nl\/#organization\"},\"potentialAction\":[{\"@type\":\"SearchAction\",\"target\":{\"@type\":\"EntryPoint\",\"urlTemplate\":\"https:\/\/mollersomega3.nl\/?s={search_term_string}\"},\"query-input\":{\"@type\":\"PropertyValueSpecification\",\"valueRequired\":true,\"valueName\":\"search_term_string\"}}],\"inLanguage\":\"tr-TR\"},{\"@type\":\"Organization\",\"@id\":\"https:\/\/mollersomega3.nl\/#organization\",\"name\":\"M\u00f6llers Omega-3\",\"url\":\"https:\/\/mollersomega3.nl\/\",\"logo\":{\"@type\":\"ImageObject\",\"inLanguage\":\"tr-TR\",\"@id\":\"https:\/\/mollersomega3.nl\/#\/schema\/logo\/image\/\",\"url\":\"https:\/\/mollersomega3.nl\/wp-content\/uploads\/2020\/07\/mollers-logo-bestellingen.png\",\"contentUrl\":\"https:\/\/mollersomega3.nl\/wp-content\/uploads\/2020\/07\/mollers-logo-bestellingen.png\",\"width\":250,\"height\":86,\"caption\":\"M\u00f6llers Omega-3\"},\"image\":{\"@id\":\"https:\/\/mollersomega3.nl\/#\/schema\/logo\/image\/\"},\"sameAs\":[\"https:\/\/www.facebook.com\/MollersOmega3NL\",\"https:\/\/www.instagram.com\/mollersomega3nl\/\",\"https:\/\/nl.linkedin.com\/company\/good-life-international\",\"https:\/\/www.bol.com\/nl\/nl\/m\/mollers\/\",\"https:\/\/mollersomega3.nl\/en\/\"],\"foundingDate\":\"1854\",\"areaServed\":[\"GB\",\"IE\",\"US\",\"CA\",\"AU\",\"NZ\",\"NL\"],\"knowsAbout\":[\"omega-3\",\"cod liver oil\",\"fish oil\",\"DHA\",\"EPA\",\"vitamin D\"],\"description\":\"Norwegian premium omega-3 brand since 1854. Cod liver oil and fish oil supplements with omega-3, vitamins A, D and E.\"}]}<\/script>\n<!-- \/ Yoast SEO Premium plugin. -->","yoast_head_json":{"title":"A, D ve E vitaminli M\u00f6ller's Omega-3 Bal\u0131k Ya\u011f\u0131 Kaps\u00fclleri","description":"M\u00f6ller's Omega-3 Bal\u0131k Ya\u011f\u0131 Kaps\u00fclleri seyahatte kullan\u0131\u015fl\u0131d\u0131r veya s\u0131v\u0131 bal\u0131k ya\u011f\u0131 yerine kaps\u00fcl almay\u0131 tercih edenler i\u00e7indir.","robots":{"index":"index","follow":"follow","max-snippet":"max-snippet:-1","max-image-preview":"max-image-preview:large","max-video-preview":"max-video-preview:-1"},"canonical":"https:\/\/mollersomega3.nl\/tr\/product\/mollers-omega-3-balik-yagi-kapsulleri\/","og_locale":"tr_TR","og_type":"article","og_title":"M\u00f6ller's Omega-3 Bal\u0131k Ya\u011f\u0131 Kaps\u00fclleri","og_description":"M\u00f6ller's Omega-3 Bal\u0131k Ya\u011f\u0131 Kaps\u00fclleri seyahatte kullan\u0131\u015fl\u0131d\u0131r veya s\u0131v\u0131 bal\u0131k ya\u011f\u0131 yerine kaps\u00fcl almay\u0131 tercih edenler i\u00e7indir.","og_url":"https:\/\/mollersomega3.nl\/tr\/product\/mollers-omega-3-balik-yagi-kapsulleri\/","og_site_name":"M\u00f6llers Omega-3","article_publisher":"https:\/\/www.facebook.com\/mollersomega3nl","article_modified_time":"2026-04-07T08:31:32+00:00","og_image":[{"width":1062,"height":1594,"url":"https:\/\/mollersomega3.nl\/tr\/wp-content\/uploads\/2020\/06\/Visoliecapsules_1594x1062.png","type":"image\/png"}],"twitter_card":"summary_large_image","twitter_site":"@mollersomega3nl","twitter_misc":{"Est. reading time":"2 minutes"},"schema":{"@context":"https:\/\/schema.org","@graph":[{"@type":"WebPage","@id":"https:\/\/mollersomega3.nl\/tr\/product\/mollers-omega-3-balik-yagi-kapsulleri\/","url":"https:\/\/mollersomega3.nl\/tr\/product\/mollers-omega-3-balik-yagi-kapsulleri\/","name":"A, D ve E vitaminli M\u00f6ller's Omega-3 Bal\u0131k Ya\u011f\u0131 Kaps\u00fclleri","isPartOf":{"@id":"https:\/\/mollersomega3.nl\/#website"},"primaryImageOfPage":{"@id":"https:\/\/mollersomega3.nl\/tr\/product\/mollers-omega-3-balik-yagi-kapsulleri\/#primaryimage"},"image":{"@id":"https:\/\/mollersomega3.nl\/tr\/product\/mollers-omega-3-balik-yagi-kapsulleri\/#primaryimage"},"thumbnailUrl":"https:\/\/mollersomega3.nl\/wp-content\/uploads\/2020\/06\/Visoliecapsules_1594x1062.png","datePublished":"2020-06-10T11:59:14+00:00","dateModified":"2026-04-07T08:31:32+00:00","description":"M\u00f6ller's Omega-3 Bal\u0131k Ya\u011f\u0131 Kaps\u00fclleri seyahatte kullan\u0131\u015fl\u0131d\u0131r veya s\u0131v\u0131 bal\u0131k ya\u011f\u0131 yerine kaps\u00fcl almay\u0131 tercih edenler i\u00e7indir.","breadcrumb":{"@id":"https:\/\/mollersomega3.nl\/tr\/product\/mollers-omega-3-balik-yagi-kapsulleri\/#breadcrumb"},"inLanguage":"tr-TR","potentialAction":[{"@type":"ReadAction","target":["https:\/\/mollersomega3.nl\/tr\/product\/mollers-omega-3-balik-yagi-kapsulleri\/"]}]},{"@type":"ImageObject","inLanguage":"tr-TR","@id":"https:\/\/mollersomega3.nl\/tr\/product\/mollers-omega-3-balik-yagi-kapsulleri\/#primaryimage","url":"https:\/\/mollersomega3.nl\/wp-content\/uploads\/2020\/06\/Visoliecapsules_1594x1062.png","contentUrl":"https:\/\/mollersomega3.nl\/wp-content\/uploads\/2020\/06\/Visoliecapsules_1594x1062.png","width":1062,"height":1594,"caption":"M\u00f6ller's Omega-3 Bal\u0131k Ya\u011f\u0131 Kaps\u00fclleri"},{"@type":"BreadcrumbList","@id":"https:\/\/mollersomega3.nl\/tr\/product\/mollers-omega-3-balik-yagi-kapsulleri\/#breadcrumb","itemListElement":[{"@type":"ListItem","position":1,"name":"Ana Sayfa","item":"https:\/\/mollersomega3.nl\/tr\/"},{"@type":"ListItem","position":2,"name":"\u00dcr\u00fcnler","item":"https:\/\/mollersomega3.nl\/tr\/urunler\/"},{"@type":"ListItem","position":3,"name":"M\u00f6ller&#8217;s Omega-3 Bal\u0131k Ya\u011f\u0131 Kaps\u00fclleri"}]},{"@type":"WebSite","@id":"https:\/\/mollersomega3.nl\/#website","url":"https:\/\/mollersomega3.nl\/","name":"M\u00f6llers Omega-3","description":"A Spoonful of Life since 1854","publisher":{"@id":"https:\/\/mollersomega3.nl\/#organization"},"potentialAction":[{"@type":"SearchAction","target":{"@type":"EntryPoint","urlTemplate":"https:\/\/mollersomega3.nl\/?s={search_term_string}"},"query-input":{"@type":"PropertyValueSpecification","valueRequired":true,"valueName":"search_term_string"}}],"inLanguage":"tr-TR"},{"@type":"Organization","@id":"https:\/\/mollersomega3.nl\/#organization","name":"M\u00f6llers Omega-3","url":"https:\/\/mollersomega3.nl\/","logo":{"@type":"ImageObject","inLanguage":"tr-TR","@id":"https:\/\/mollersomega3.nl\/#\/schema\/logo\/image\/","url":"https:\/\/mollersomega3.nl\/wp-content\/uploads\/2020\/07\/mollers-logo-bestellingen.png","contentUrl":"https:\/\/mollersomega3.nl\/wp-content\/uploads\/2020\/07\/mollers-logo-bestellingen.png","width":250,"height":86,"caption":"M\u00f6llers Omega-3"},"image":{"@id":"https:\/\/mollersomega3.nl\/#\/schema\/logo\/image\/"},"sameAs":["https:\/\/www.facebook.com\/MollersOmega3NL","https:\/\/www.instagram.com\/mollersomega3nl\/","https:\/\/nl.linkedin.com\/company\/good-life-international","https:\/\/www.bol.com\/nl\/nl\/m\/mollers\/","https:\/\/mollersomega3.nl\/en\/"],"foundingDate":"1854","areaServed":["GB","IE","US","CA","AU","NZ","NL"],"knowsAbout":["omega-3","cod liver oil","fish oil","DHA","EPA","vitamin D"],"description":"Norwegian premium omega-3 brand since 1854. Cod liver oil and fish oil supplements with omega-3, vitamins A, D and E."}]}},"_links":{"self":[{"href":"https:\/\/mollersomega3.nl\/tr\/wp-json\/wp\/v2\/product\/1005828","targetHints":{"allow":["GET"]}}],"collection":[{"href":"https:\/\/mollersomega3.nl\/tr\/wp-json\/wp\/v2\/product"}],"about":[{"href":"https:\/\/mollersomega3.nl\/tr\/wp-json\/wp\/v2\/types\/product"}],"replies":[{"embeddable":true,"href":"https:\/\/mollersomega3.nl\/tr\/wp-json\/wp\/v2\/comments?post=1005828"}],"wp:featuredmedia":[{"embeddable":true,"href":"https:\/\/mollersomega3.nl\/tr\/wp-json\/wp\/v2\/media\/1005829"}],"wp:attachment":[{"href":"https:\/\/mollersomega3.nl\/tr\/wp-json\/wp\/v2\/media?parent=1005828"}],"wp:term":[{"taxonomy":"product_brand","embeddable":true,"href":"https:\/\/mollersomega3.nl\/tr\/wp-json\/wp\/v2\/product_brand?post=1005828"},{"taxonomy":"product_cat","embeddable":true,"href":"https:\/\/mollersomega3.nl\/tr\/wp-json\/wp\/v2\/product_cat?post=1005828"},{"taxonomy":"product_tag","embeddable":true,"href":"https:\/\/mollersomega3.nl\/tr\/wp-json\/wp\/v2\/product_tag?post=1005828"}],"curies":[{"name":"wp","href":"https:\/\/api.w.org\/{rel}","templated":true}]}}