{"id":1005854,"date":"2020-11-03T14:39:20","date_gmt":"2020-11-03T13:39:20","guid":{"rendered":"https:\/\/mollersomega3.nl\/product\/mollers-bagisiklik-guclendirici-paketi-3x-250ml\/"},"modified":"2025-10-14T13:17:38","modified_gmt":"2025-10-14T11:17:38","slug":"mollers-bagisiklik-guclendirici-paketi-3x-250ml","status":"publish","type":"product","link":"https:\/\/mollersomega3.nl\/tr\/product\/mollers-bagisiklik-guclendirici-paketi-3x-250ml\/","title":{"rendered":"M\u00f6ller&#8217;s Ba\u011f\u0131\u015f\u0131kl\u0131k G\u00fc\u00e7lendirici Paketi 3x 250ml"},"content":{"rendered":"<p><strong>Omega-3 ve D vitamini ba\u011f\u0131\u015f\u0131kl\u0131\u011f\u0131n\u0131z\u0131 ciddi \u015fekilde g\u00fc\u00e7lendirir! G\u00fcnde bir ka\u015f\u0131k M\u00f6ller&#8217;s Omega-3 sa\u011fl\u0131kl\u0131 kalman\u0131za yard\u0131mc\u0131 olur ve sa\u011fl\u0131kl\u0131 bir ba\u011f\u0131\u015f\u0131kl\u0131k sistemine katk\u0131da bulunur. <\/strong><\/p>\n<p>Ba\u011f\u0131\u015f\u0131kl\u0131\u011f\u0131n\u0131z\u0131 g\u00fc\u00e7lendirin!<\/p>\n<h3>Ba\u011f\u0131\u015f\u0131kl\u0131k G\u00fc\u00e7lendirici paketin i\u00e7eri\u011fi<\/h3>\n<ul>\n<li>\u0130stedi\u011finiz tatlarda 3 \u015fi\u015fe M\u00f6ller&#8217;s Omega-3 (250 ml): Do\u011fal, Limon, Elma, Tutti Frutti<\/li>\n<\/ul>\n<h2>M\u00f6ller&#8217;s Omega-3 nedir?<\/h2>\n<p><img decoding=\"async\" class=\"wp-image-811 alignright\" style=\"margin: 0.5em 0px 0.5em 1em; height: 39px; text-align: left; color: #333333; text-transform: none; text-indent: 0px; letter-spacing: normal; font-size: 16px; font-style: normal; font-variant: normal; font-weight: 400; text-decoration: none; max-width: 100%; float: right;\" src=\"https:\/\/mollersomega3.nl\/wp-content\/uploads\/2020\/06\/noorse-vlag.png\" alt=\"\" width=\"54\" height=\"59\" \/>M\u00f6ller&#8217;s Omega-3 saf Norve\u00e7 bal\u0131k ya\u011f\u0131d\u0131r. Do\u011fal omega-3&#8217;\u00fcn (tatl\u0131 ka\u015f\u0131\u011f\u0131 ba\u015f\u0131na 900 mg DHA ve EPA) ve A, D ve E vitaminlerinin e\u015fsiz kombinasyonu.<\/p>\n<ul>\n<li>Do\u011fal olarak yumu\u015fak bal\u0131k tad\u0131na sahip saf karaci\u011fer ya\u011f\u0131 (Do\u011fal), taze limon tad\u0131 (Limon), yumu\u015fak Elma tad\u0131 (Elma) veya lezzetli meyve tad\u0131 (Tutti Frutti); t\u00fcm tatlar ola\u011fan\u00fcst\u00fc iyi tat i\u00e7in <a href=\"https:\/\/mollersomega3.nl\/tr\/en-iyi-tada-sahip-balik-yagi\/\">Superior Taste Award<\/a> ile \u00f6d\u00fcllendirilmi\u015ftir.<\/li>\n<li>Norve\u00e7&#8217;in Lofoten b\u00f6lgesinde s\u00fcrd\u00fcr\u00fclebilir \u015fekilde avlanan %100 yabani Arktik morinadan elde edilmi\u015ftir.<\/li>\n<li>En saf haliyle y\u00fcksek kaliteli omega-3, A, D3 ve E vitaminleri ile tamamlanm\u0131\u015ft\u0131r.<\/li>\n<li>\u00c7ok d\u00fc\u015f\u00fck oksidasyon de\u011ferine sahip (totox &lt; 5) taze bal\u0131k ya\u011f\u0131; bu nedenle mide yanmas\u0131 yapmaz.<\/li>\n<li>Omega-3 ya\u011f asitleri do\u011fal trigliserit formundad\u0131r, bu nedenle etil esterlerine g\u00f6re v\u00fccut taraf\u0131ndan daha iyi emilirler.<\/li>\n<li>S\u0131v\u0131 oldu\u011fu i\u00e7in al\u0131m\u0131 kolayd\u0131r; g\u00fcnde sadece bir tatl\u0131 ka\u015f\u0131\u011f\u0131 yeterlidir.<\/li>\n<\/ul>\n<p>M\u00f6ller \u201cs ya\u011f\u0131, \u00e7ok benzersiz ve \u00f6zenli bir <a href=\"https:\/\/mollersomega3.nl\/tr\/norvecten-kalite-ve-saflik\/\">\u00fcretim s\u00fcreci<\/a> sayesinde \u00e7ok y\u00fcksek kalitededir. M\u00f6ller\u201d s Omega-3, <a href=\"https:\/\/mollersomega3.nl\/producten\/\">4 farkl\u0131 lezzette<\/a> ve <a href=\"https:\/\/mollersomega3.nl\/producten\/\">kaps\u00fcl<\/a> formunda mevcuttur.<\/p>\n<h3>1 \u015fi\u015fe i\u00e7eri\u011fi<\/h3>\n<p>250 ml = 50 g\u00fcnl\u00fck porsiyon.<\/p>\n<h3>\u0130\u00e7indekiler<\/h3>\n<p>S\u00fcrd\u00fcr\u00fclebilir \u015fekilde avlanan Arktik morinadan elde edilen bal\u0131k ya\u011f\u0131 (<strong>bal\u0131k<\/strong>), dl-\u03b1-tokoferil asetat (E vitamini) ve do\u011fal tokoferol (antioksidan).<\/p>\n<p>M\u00f6ller&#8217;s Omega-3 Limon do\u011fal limon aromas\u0131 i\u00e7erir. M\u00f6ller&#8217;s Omega-3 Elma do\u011fal elma aromas\u0131 i\u00e7erir. M\u00f6ller&#8217;s Omega-3 Tutti Frutti do\u011fal meyve aromas\u0131 i\u00e7erir.<\/p>\n<p>M\u00f6ller&#8217;s Omega-3 koruyucu madde, yapay renklendirici veya tatland\u0131r\u0131c\u0131, \u015feker veya tatland\u0131r\u0131c\u0131 i\u00e7ermez.<\/p>\n<table dir=\"ltr\" border=\"2\" rules=\"all\" cellspacing=\"2\" cellpadding=\"1\">\n<tbody>\n<tr align=\"left\" valign=\"top\">\n<td align=\"left\" valign=\"middle\">\n<h3>Besin De\u011feri<\/h3>\n<\/td>\n<td align=\"left\" valign=\"middle\">\n<h3>5 ml ba\u015f\u0131na<\/h3>\n<\/td>\n<\/tr>\n<tr align=\"left\" valign=\"top\">\n<td align=\"left\" valign=\"middle\">Omega-3 ya\u011f asitleri<\/td>\n<td align=\"left\" valign=\"middle\">1,1 g<\/td>\n<\/tr>\n<tr align=\"left\" valign=\"top\">\n<td align=\"left\" valign=\"middle\">\u2013 DHA<\/td>\n<td align=\"left\" valign=\"middle\">0,5 g<\/td>\n<\/tr>\n<tr align=\"left\" valign=\"top\">\n<td align=\"left\" valign=\"middle\">\u2013 EPA<\/td>\n<td align=\"left\" valign=\"middle\">0,4 g<\/td>\n<\/tr>\n<tr align=\"left\" valign=\"top\">\n<td align=\"left\" valign=\"middle\">D vitamini<\/td>\n<td align=\"left\" valign=\"middle\">10 mcg (%200*)<\/td>\n<\/tr>\n<tr align=\"left\" valign=\"top\">\n<td align=\"left\" valign=\"middle\">A vitamini<\/td>\n<td align=\"left\" valign=\"middle\">250 mcg (%31*)<\/td>\n<\/tr>\n<tr align=\"left\" valign=\"top\">\n<td align=\"left\" valign=\"middle\">E vitamini<\/td>\n<td align=\"left\" valign=\"middle\">3 mg (%25*)<\/td>\n<\/tr>\n<\/tbody>\n<\/table>\n<p>* Referans al\u0131m de\u011ferinin y\u00fczdesi.<\/p>\n<h3>\u00d6nerilen G\u00fcnl\u00fck Miktar<\/h3>\n<h4>Yeti\u015fkinler ve 3 ya\u015f \u00fcst\u00fc \u00e7ocuklar i\u00e7in \u00f6nerilen miktar<\/h4>\n<p>3 ya\u015f ve \u00fczeri \u00e7ocuklar ve yeti\u015fkinler i\u00e7in \u00f6nerilen g\u00fcnl\u00fck miktar: <strong>5 ml<\/strong> (= 1 tatl\u0131 ka\u015f\u0131\u011f\u0131).<br \/>\nHamile ve emziren kad\u0131nlar i\u00e7in de \u00f6nerilir.<\/p>\n<p>Besin maddelerinin optimal emilimi i\u00e7in ya\u011f\u0131 tercihen yemekle birlikte al\u0131n.<\/p>\n<h4>6 ay ve \u00fczeri \u00e7ocuklar i\u00e7in \u00f6nerilen miktar<\/h4>\n<p>6 ay ve \u00fczeri \u00e7ocuklar i\u00e7in \u00f6nerilen g\u00fcnl\u00fck miktar: <strong>2,5 ml <\/strong>(= 1\/2 tatl\u0131 ka\u015f\u0131\u011f\u0131).<br \/>\nG\u00fcnde yar\u0131m tatl\u0131 ka\u015f\u0131\u011f\u0131 ile ba\u015flaman\u0131z \u00f6nerilir. \u00c7ocuk ya\u011fa al\u0131\u015ft\u0131ktan sonra, bu miktar g\u00fcnde 1 tatl\u0131 ka\u015f\u0131\u011f\u0131na kadar art\u0131r\u0131labilir.<\/p>\n<p>6 aydan b\u00fcy\u00fck \u00e7ocuklar da bal\u0131k ya\u011f\u0131ndan fayda g\u00f6r\u00fcr. Omega-3 ya\u011f asitleri \u00e7ocuklar\u0131n normal b\u00fcy\u00fcmesi ve geli\u015fimi i\u00e7in gereklidir. Omega-3 (DHA) beyin i\u00e7in \u00f6nemli bir yap\u0131 ta\u015f\u0131d\u0131r ve ayr\u0131ca g\u00f6rme yetene\u011finin geli\u015fimini destekler. D vitamini kemik ve di\u015f geli\u015fimi i\u00e7in esast\u0131r (bkz. \u201cKimler \u0130\u00e7in\u201d). Sa\u011fl\u0131k Kurulu, 4 ya\u015f\u0131na kadar olan \u00e7ocuklara ek D vitamini verilmesini \u00f6nermektedir.<\/p>\n<h3>Buzdolab\u0131nda saklay\u0131n<\/h3>\n<p><span style=\"text-decoration: underline;\">A\u00e7\u0131lmam\u0131\u015f<\/span> \u015fi\u015feyi oda s\u0131cakl\u0131\u011f\u0131nda saklaman\u0131z\u0131 \u00f6neririz.<br \/>\nOptimal tazelik i\u00e7in <span style=\"text-decoration: underline;\">a\u00e7\u0131lm\u0131\u015f<\/span> \u015fi\u015feyi buzdolab\u0131nda saklay\u0131n. A\u00e7\u0131ld\u0131ktan sonra M\u00f6ller&#8217;s 3 ay dayan\u0131kl\u0131d\u0131r. Besin takviyelerini her zaman k\u00fc\u00e7\u00fck \u00e7ocuklar\u0131n eri\u015femeyece\u011fi yerlerde saklamak ak\u0131ll\u0131ca olacakt\u0131r.<\/p>\n","protected":false},"excerpt":{"rendered":"<ul>\n<li>\u0130stedi\u011finiz tatta 3 \u015fi\u015feli avantaj paketi<\/li>\n<li>%20 indirim<\/li>\n<li>Ba\u011f\u0131\u015f\u0131kl\u0131\u011f\u0131n\u0131z\u0131 g\u00fc\u00e7lendirin<\/li>\n<\/ul>\n<p><strong>Omega-3 ve D vitamini ba\u011f\u0131\u015f\u0131kl\u0131\u011f\u0131n\u0131z\u0131 ciddi \u015fekilde g\u00fc\u00e7lendirir! M\u00f6ller&#8217;s Omega-3, do\u011fal omega-3 ve A ve D vitaminleri i\u00e7eren saf Norve\u00e7 bal\u0131k ya\u011f\u0131d\u0131r. Ka\u015f\u0131kla kolayca al\u0131nabilir. M\u00f6ller&#8217;s ile kendinizi iyi hissedin! <\/strong><\/p>\n<p><strong>Ad\u0131m 1: <\/strong>A\u015fa\u011f\u0131daki se\u00e7im men\u00fcs\u00fcnden hangi tatlar\u0131 almak istedi\u011finizi belirtebilirsiniz. <strong>Toplamda 3 \u015fi\u015fe se\u00e7in<\/strong>.<\/p>\n<p><strong>Ad\u0131m 2: <\/strong>3 \u015fi\u015fe se\u00e7ildi\u011finde, &#8220;Sepete ekle&#8221; d\u00fc\u011fmesi <strong>koyu ye\u015fil<\/strong> renkte olacakt\u0131r. Art\u0131k sepetinize ekleyebilirsiniz!<\/p>\n","protected":false},"featured_media":1006915,"comment_status":"open","ping_status":"closed","template":"","meta":{"_yoast_wpseo_focuskw":"ba\u011f\u0131\u015f\u0131kl\u0131k g\u00fc\u00e7lendirici","_yoast_wpseo_title":"","_yoast_wpseo_metadesc":"Ba\u011f\u0131\u015f\u0131kl\u0131\u011f\u0131n\u0131z\u0131 g\u00fc\u00e7lendirin! \u0130stedi\u011finiz tatlarda 3 \u015fi\u015fe M\u00f6ller's Omega-3 (250 ml): Do\u011fal, Limon, Elma, Tutti Frutti","_monsterinsights_skip_tracking":false,"_monsterinsights_sitenote_active":false,"_monsterinsights_sitenote_note":"","_monsterinsights_sitenote_category":0},"product_brand":[],"product_cat":[539],"product_tag":[],"class_list":{"0":"post-1005854","1":"product","2":"type-product","3":"status-publish","4":"has-post-thumbnail","6":"product_cat-paketler","8":"first","9":"instock","10":"sale","11":"taxable","12":"shipping-taxable","13":"purchasable","14":"product-type-woosb"},"wcpa_form_fields":null,"yoast_head":"<!-- This site is optimized with the Yoast SEO Premium plugin v25.1 (Yoast SEO v25.1) - https:\/\/yoast.com\/wordpress\/plugins\/seo\/ -->\n<title>M\u00f6ller&#039;s Ba\u011f\u0131\u015f\u0131kl\u0131k G\u00fc\u00e7lendirici Paketi 3x 250ml - M\u00f6llers Omega-3<\/title>\n<meta name=\"description\" content=\"Ba\u011f\u0131\u015f\u0131kl\u0131\u011f\u0131n\u0131z\u0131 g\u00fc\u00e7lendirin! \u0130stedi\u011finiz tatlarda 3 \u015fi\u015fe M\u00f6ller&#039;s Omega-3 (250 ml): Do\u011fal, Limon, Elma, Tutti Frutti\" \/>\n<meta name=\"robots\" content=\"index, follow, max-snippet:-1, max-image-preview:large, max-video-preview:-1\" \/>\n<link rel=\"canonical\" href=\"https:\/\/mollersomega3.nl\/tr\/product\/mollers-bagisiklik-guclendirici-paketi-3x-250ml\/\" \/>\n<meta property=\"og:locale\" content=\"tr_TR\" \/>\n<meta property=\"og:type\" content=\"article\" \/>\n<meta property=\"og:title\" content=\"M\u00f6ller&#039;s Ba\u011f\u0131\u015f\u0131kl\u0131k G\u00fc\u00e7lendirici Paketi 3x 250ml\" \/>\n<meta property=\"og:description\" content=\"Ba\u011f\u0131\u015f\u0131kl\u0131\u011f\u0131n\u0131z\u0131 g\u00fc\u00e7lendirin! \u0130stedi\u011finiz tatlarda 3 \u015fi\u015fe M\u00f6ller&#039;s Omega-3 (250 ml): Do\u011fal, Limon, Elma, Tutti Frutti\" \/>\n<meta property=\"og:url\" content=\"https:\/\/mollersomega3.nl\/tr\/product\/mollers-bagisiklik-guclendirici-paketi-3x-250ml\/\" \/>\n<meta property=\"og:site_name\" content=\"M\u00f6llers Omega-3\" \/>\n<meta property=\"article:publisher\" content=\"https:\/\/www.facebook.com\/mollersomega3nl\" \/>\n<meta property=\"article:modified_time\" content=\"2025-10-14T11:17:38+00:00\" \/>\n<meta property=\"og:image\" content=\"https:\/\/mollersomega3.nl\/tr\/wp-content\/uploads\/2020\/11\/Mollers-weerstandbooster-pakket-3-smaken_RGB_600x600.png\" \/>\n\t<meta property=\"og:image:width\" content=\"600\" \/>\n\t<meta property=\"og:image:height\" content=\"600\" \/>\n\t<meta property=\"og:image:type\" content=\"image\/png\" \/>\n<meta name=\"twitter:card\" content=\"summary_large_image\" \/>\n<meta name=\"twitter:site\" content=\"@mollersomega3nl\" \/>\n<meta name=\"twitter:label1\" content=\"Est. reading time\" \/>\n\t<meta name=\"twitter:data1\" content=\"3 minutes\" \/>\n<script type=\"application\/ld+json\" class=\"yoast-schema-graph\">{\"@context\":\"https:\/\/schema.org\",\"@graph\":[{\"@type\":\"WebPage\",\"@id\":\"https:\/\/mollersomega3.nl\/tr\/product\/mollers-bagisiklik-guclendirici-paketi-3x-250ml\/\",\"url\":\"https:\/\/mollersomega3.nl\/tr\/product\/mollers-bagisiklik-guclendirici-paketi-3x-250ml\/\",\"name\":\"M\u00f6ller's Ba\u011f\u0131\u015f\u0131kl\u0131k G\u00fc\u00e7lendirici Paketi 3x 250ml - M\u00f6llers Omega-3\",\"isPartOf\":{\"@id\":\"https:\/\/mollersomega3.nl\/#website\"},\"primaryImageOfPage\":{\"@id\":\"https:\/\/mollersomega3.nl\/tr\/product\/mollers-bagisiklik-guclendirici-paketi-3x-250ml\/#primaryimage\"},\"image\":{\"@id\":\"https:\/\/mollersomega3.nl\/tr\/product\/mollers-bagisiklik-guclendirici-paketi-3x-250ml\/#primaryimage\"},\"thumbnailUrl\":\"https:\/\/mollersomega3.nl\/wp-content\/uploads\/2020\/11\/Mollers-weerstandbooster-pakket-3-smaken_RGB_600x600.png\",\"datePublished\":\"2020-11-03T13:39:20+00:00\",\"dateModified\":\"2025-10-14T11:17:38+00:00\",\"description\":\"Ba\u011f\u0131\u015f\u0131kl\u0131\u011f\u0131n\u0131z\u0131 g\u00fc\u00e7lendirin! \u0130stedi\u011finiz tatlarda 3 \u015fi\u015fe M\u00f6ller's Omega-3 (250 ml): Do\u011fal, Limon, Elma, Tutti Frutti\",\"breadcrumb\":{\"@id\":\"https:\/\/mollersomega3.nl\/tr\/product\/mollers-bagisiklik-guclendirici-paketi-3x-250ml\/#breadcrumb\"},\"inLanguage\":\"tr-TR\",\"potentialAction\":[{\"@type\":\"ReadAction\",\"target\":[\"https:\/\/mollersomega3.nl\/tr\/product\/mollers-bagisiklik-guclendirici-paketi-3x-250ml\/\"]}]},{\"@type\":\"ImageObject\",\"inLanguage\":\"tr-TR\",\"@id\":\"https:\/\/mollersomega3.nl\/tr\/product\/mollers-bagisiklik-guclendirici-paketi-3x-250ml\/#primaryimage\",\"url\":\"https:\/\/mollersomega3.nl\/wp-content\/uploads\/2020\/11\/Mollers-weerstandbooster-pakket-3-smaken_RGB_600x600.png\",\"contentUrl\":\"https:\/\/mollersomega3.nl\/wp-content\/uploads\/2020\/11\/Mollers-weerstandbooster-pakket-3-smaken_RGB_600x600.png\",\"width\":600,\"height\":600},{\"@type\":\"BreadcrumbList\",\"@id\":\"https:\/\/mollersomega3.nl\/tr\/product\/mollers-bagisiklik-guclendirici-paketi-3x-250ml\/#breadcrumb\",\"itemListElement\":[{\"@type\":\"ListItem\",\"position\":1,\"name\":\"Ana Sayfa\",\"item\":\"https:\/\/mollersomega3.nl\/tr\/\"},{\"@type\":\"ListItem\",\"position\":2,\"name\":\"\u00dcr\u00fcnler\",\"item\":\"https:\/\/mollersomega3.nl\/tr\/urunler\/\"},{\"@type\":\"ListItem\",\"position\":3,\"name\":\"M\u00f6ller&#8217;s Ba\u011f\u0131\u015f\u0131kl\u0131k G\u00fc\u00e7lendirici Paketi 3x 250ml\"}]},{\"@type\":\"WebSite\",\"@id\":\"https:\/\/mollersomega3.nl\/#website\",\"url\":\"https:\/\/mollersomega3.nl\/\",\"name\":\"M\u00f6llers Omega-3\",\"description\":\"A Spoonful of Life since 1854\",\"publisher\":{\"@id\":\"https:\/\/mollersomega3.nl\/#organization\"},\"potentialAction\":[{\"@type\":\"SearchAction\",\"target\":{\"@type\":\"EntryPoint\",\"urlTemplate\":\"https:\/\/mollersomega3.nl\/?s={search_term_string}\"},\"query-input\":{\"@type\":\"PropertyValueSpecification\",\"valueRequired\":true,\"valueName\":\"search_term_string\"}}],\"inLanguage\":\"tr-TR\"},{\"@type\":\"Organization\",\"@id\":\"https:\/\/mollersomega3.nl\/#organization\",\"name\":\"M\u00f6llers Omega-3\",\"url\":\"https:\/\/mollersomega3.nl\/\",\"logo\":{\"@type\":\"ImageObject\",\"inLanguage\":\"tr-TR\",\"@id\":\"https:\/\/mollersomega3.nl\/#\/schema\/logo\/image\/\",\"url\":\"https:\/\/mollersomega3.nl\/wp-content\/uploads\/2020\/07\/mollers-logo-bestellingen.png\",\"contentUrl\":\"https:\/\/mollersomega3.nl\/wp-content\/uploads\/2020\/07\/mollers-logo-bestellingen.png\",\"width\":250,\"height\":86,\"caption\":\"M\u00f6llers Omega-3\"},\"image\":{\"@id\":\"https:\/\/mollersomega3.nl\/#\/schema\/logo\/image\/\"},\"sameAs\":[\"https:\/\/www.facebook.com\/MollersOmega3NL\",\"https:\/\/www.instagram.com\/mollersomega3nl\/\",\"https:\/\/nl.linkedin.com\/company\/good-life-international\",\"https:\/\/www.bol.com\/nl\/nl\/m\/mollers\/\",\"https:\/\/mollersomega3.nl\/en\/\"],\"foundingDate\":\"1854\",\"areaServed\":[\"GB\",\"IE\",\"US\",\"CA\",\"AU\",\"NZ\",\"NL\"],\"knowsAbout\":[\"omega-3\",\"cod liver oil\",\"fish oil\",\"DHA\",\"EPA\",\"vitamin D\"],\"description\":\"Norwegian premium omega-3 brand since 1854. Cod liver oil and fish oil supplements with omega-3, vitamins A, D and E.\"}]}<\/script>\n<!-- \/ Yoast SEO Premium plugin. -->","yoast_head_json":{"title":"M\u00f6ller's Ba\u011f\u0131\u015f\u0131kl\u0131k G\u00fc\u00e7lendirici Paketi 3x 250ml - M\u00f6llers Omega-3","description":"Ba\u011f\u0131\u015f\u0131kl\u0131\u011f\u0131n\u0131z\u0131 g\u00fc\u00e7lendirin! \u0130stedi\u011finiz tatlarda 3 \u015fi\u015fe M\u00f6ller's Omega-3 (250 ml): Do\u011fal, Limon, Elma, Tutti Frutti","robots":{"index":"index","follow":"follow","max-snippet":"max-snippet:-1","max-image-preview":"max-image-preview:large","max-video-preview":"max-video-preview:-1"},"canonical":"https:\/\/mollersomega3.nl\/tr\/product\/mollers-bagisiklik-guclendirici-paketi-3x-250ml\/","og_locale":"tr_TR","og_type":"article","og_title":"M\u00f6ller's Ba\u011f\u0131\u015f\u0131kl\u0131k G\u00fc\u00e7lendirici Paketi 3x 250ml","og_description":"Ba\u011f\u0131\u015f\u0131kl\u0131\u011f\u0131n\u0131z\u0131 g\u00fc\u00e7lendirin! \u0130stedi\u011finiz tatlarda 3 \u015fi\u015fe M\u00f6ller's Omega-3 (250 ml): Do\u011fal, Limon, Elma, Tutti Frutti","og_url":"https:\/\/mollersomega3.nl\/tr\/product\/mollers-bagisiklik-guclendirici-paketi-3x-250ml\/","og_site_name":"M\u00f6llers Omega-3","article_publisher":"https:\/\/www.facebook.com\/mollersomega3nl","article_modified_time":"2025-10-14T11:17:38+00:00","og_image":[{"width":600,"height":600,"url":"https:\/\/mollersomega3.nl\/tr\/wp-content\/uploads\/2020\/11\/Mollers-weerstandbooster-pakket-3-smaken_RGB_600x600.png","type":"image\/png"}],"twitter_card":"summary_large_image","twitter_site":"@mollersomega3nl","twitter_misc":{"Est. reading time":"3 minutes"},"schema":{"@context":"https:\/\/schema.org","@graph":[{"@type":"WebPage","@id":"https:\/\/mollersomega3.nl\/tr\/product\/mollers-bagisiklik-guclendirici-paketi-3x-250ml\/","url":"https:\/\/mollersomega3.nl\/tr\/product\/mollers-bagisiklik-guclendirici-paketi-3x-250ml\/","name":"M\u00f6ller's Ba\u011f\u0131\u015f\u0131kl\u0131k G\u00fc\u00e7lendirici Paketi 3x 250ml - M\u00f6llers Omega-3","isPartOf":{"@id":"https:\/\/mollersomega3.nl\/#website"},"primaryImageOfPage":{"@id":"https:\/\/mollersomega3.nl\/tr\/product\/mollers-bagisiklik-guclendirici-paketi-3x-250ml\/#primaryimage"},"image":{"@id":"https:\/\/mollersomega3.nl\/tr\/product\/mollers-bagisiklik-guclendirici-paketi-3x-250ml\/#primaryimage"},"thumbnailUrl":"https:\/\/mollersomega3.nl\/wp-content\/uploads\/2020\/11\/Mollers-weerstandbooster-pakket-3-smaken_RGB_600x600.png","datePublished":"2020-11-03T13:39:20+00:00","dateModified":"2025-10-14T11:17:38+00:00","description":"Ba\u011f\u0131\u015f\u0131kl\u0131\u011f\u0131n\u0131z\u0131 g\u00fc\u00e7lendirin! \u0130stedi\u011finiz tatlarda 3 \u015fi\u015fe M\u00f6ller's Omega-3 (250 ml): Do\u011fal, Limon, Elma, Tutti Frutti","breadcrumb":{"@id":"https:\/\/mollersomega3.nl\/tr\/product\/mollers-bagisiklik-guclendirici-paketi-3x-250ml\/#breadcrumb"},"inLanguage":"tr-TR","potentialAction":[{"@type":"ReadAction","target":["https:\/\/mollersomega3.nl\/tr\/product\/mollers-bagisiklik-guclendirici-paketi-3x-250ml\/"]}]},{"@type":"ImageObject","inLanguage":"tr-TR","@id":"https:\/\/mollersomega3.nl\/tr\/product\/mollers-bagisiklik-guclendirici-paketi-3x-250ml\/#primaryimage","url":"https:\/\/mollersomega3.nl\/wp-content\/uploads\/2020\/11\/Mollers-weerstandbooster-pakket-3-smaken_RGB_600x600.png","contentUrl":"https:\/\/mollersomega3.nl\/wp-content\/uploads\/2020\/11\/Mollers-weerstandbooster-pakket-3-smaken_RGB_600x600.png","width":600,"height":600},{"@type":"BreadcrumbList","@id":"https:\/\/mollersomega3.nl\/tr\/product\/mollers-bagisiklik-guclendirici-paketi-3x-250ml\/#breadcrumb","itemListElement":[{"@type":"ListItem","position":1,"name":"Ana Sayfa","item":"https:\/\/mollersomega3.nl\/tr\/"},{"@type":"ListItem","position":2,"name":"\u00dcr\u00fcnler","item":"https:\/\/mollersomega3.nl\/tr\/urunler\/"},{"@type":"ListItem","position":3,"name":"M\u00f6ller&#8217;s Ba\u011f\u0131\u015f\u0131kl\u0131k G\u00fc\u00e7lendirici Paketi 3x 250ml"}]},{"@type":"WebSite","@id":"https:\/\/mollersomega3.nl\/#website","url":"https:\/\/mollersomega3.nl\/","name":"M\u00f6llers Omega-3","description":"A Spoonful of Life since 1854","publisher":{"@id":"https:\/\/mollersomega3.nl\/#organization"},"potentialAction":[{"@type":"SearchAction","target":{"@type":"EntryPoint","urlTemplate":"https:\/\/mollersomega3.nl\/?s={search_term_string}"},"query-input":{"@type":"PropertyValueSpecification","valueRequired":true,"valueName":"search_term_string"}}],"inLanguage":"tr-TR"},{"@type":"Organization","@id":"https:\/\/mollersomega3.nl\/#organization","name":"M\u00f6llers Omega-3","url":"https:\/\/mollersomega3.nl\/","logo":{"@type":"ImageObject","inLanguage":"tr-TR","@id":"https:\/\/mollersomega3.nl\/#\/schema\/logo\/image\/","url":"https:\/\/mollersomega3.nl\/wp-content\/uploads\/2020\/07\/mollers-logo-bestellingen.png","contentUrl":"https:\/\/mollersomega3.nl\/wp-content\/uploads\/2020\/07\/mollers-logo-bestellingen.png","width":250,"height":86,"caption":"M\u00f6llers Omega-3"},"image":{"@id":"https:\/\/mollersomega3.nl\/#\/schema\/logo\/image\/"},"sameAs":["https:\/\/www.facebook.com\/MollersOmega3NL","https:\/\/www.instagram.com\/mollersomega3nl\/","https:\/\/nl.linkedin.com\/company\/good-life-international","https:\/\/www.bol.com\/nl\/nl\/m\/mollers\/","https:\/\/mollersomega3.nl\/en\/"],"foundingDate":"1854","areaServed":["GB","IE","US","CA","AU","NZ","NL"],"knowsAbout":["omega-3","cod liver oil","fish oil","DHA","EPA","vitamin D"],"description":"Norwegian premium omega-3 brand since 1854. Cod liver oil and fish oil supplements with omega-3, vitamins A, D and E."}]}},"_links":{"self":[{"href":"https:\/\/mollersomega3.nl\/tr\/wp-json\/wp\/v2\/product\/1005854","targetHints":{"allow":["GET"]}}],"collection":[{"href":"https:\/\/mollersomega3.nl\/tr\/wp-json\/wp\/v2\/product"}],"about":[{"href":"https:\/\/mollersomega3.nl\/tr\/wp-json\/wp\/v2\/types\/product"}],"replies":[{"embeddable":true,"href":"https:\/\/mollersomega3.nl\/tr\/wp-json\/wp\/v2\/comments?post=1005854"}],"wp:featuredmedia":[{"embeddable":true,"href":"https:\/\/mollersomega3.nl\/tr\/wp-json\/wp\/v2\/media\/1006915"}],"wp:attachment":[{"href":"https:\/\/mollersomega3.nl\/tr\/wp-json\/wp\/v2\/media?parent=1005854"}],"wp:term":[{"taxonomy":"product_brand","embeddable":true,"href":"https:\/\/mollersomega3.nl\/tr\/wp-json\/wp\/v2\/product_brand?post=1005854"},{"taxonomy":"product_cat","embeddable":true,"href":"https:\/\/mollersomega3.nl\/tr\/wp-json\/wp\/v2\/product_cat?post=1005854"},{"taxonomy":"product_tag","embeddable":true,"href":"https:\/\/mollersomega3.nl\/tr\/wp-json\/wp\/v2\/product_tag?post=1005854"}],"curies":[{"name":"wp","href":"https:\/\/api.w.org\/{rel}","templated":true}]}}