{"id":1005958,"date":"2025-02-17T16:26:47","date_gmt":"2025-02-17T15:26:47","guid":{"rendered":"https:\/\/mollersomega3.nl\/product\/mollers-omega-3-test-paketi-4x-5ml\/"},"modified":"2025-02-17T16:26:47","modified_gmt":"2025-02-17T15:26:47","slug":"mollers-omega-3-test-paketi-4x-5ml","status":"publish","type":"product","link":"https:\/\/mollersomega3.nl\/tr\/product\/mollers-omega-3-test-paketi-4x-5ml\/","title":{"rendered":"M\u00f6ller&#8217;s Omega-3 Test Paketi 4x 5ml"},"content":{"rendered":"<h2 data-start=\"180\" data-end=\"262\">Yeterince omega-3 al\u0131yor musunuz?<\/h2>\n<p data-start=\"264\" data-end=\"604\">Siz (ve aileniz) yeterince omega-3 al\u0131yor musunuz? Haftada iki kez somon, uskumru veya ringa bal\u0131\u011f\u0131 gibi ya\u011fl\u0131 bal\u0131k yiyor musunuz? Harika! O zaman iyi durumdas\u0131n\u0131z. De\u011filse, kaliteli bir takviye ak\u0131ll\u0131ca bir se\u00e7imdir.    <\/p>\n<p data-start=\"1029\" data-end=\"1128\">Hollandal\u0131lar\u0131n %80&#8217;inden fazlas\u0131 yeterince ya\u011fl\u0131 bal\u0131k yemiyor. Bu genellikle omega-3 eksikli\u011fi anlam\u0131na gelir, oysa omega-3 \u015funlar i\u00e7in elzemdir: <\/p>\n<p data-start=\"1130\" data-end=\"1500\">\u2714 <strong data-start=\"1132\" data-end=\"1159\">Beyin ve konsantrasyon: <\/strong>\u00e7ocuklarda bili\u015fsel i\u015flevlere ve geli\u015fime yard\u0131mc\u0131 olur<br data-start=\"1220\" data-end=\"1223\">\u2714 <strong data-start=\"1225\" data-end=\"1246\">Kalp ve damarlar: <\/strong>normal kalp fonksiyonuna katk\u0131da bulunur<br data-start=\"1287\" data-end=\"1290\">\u2714 <strong data-start=\"1292\" data-end=\"1300\">G\u00f6zler: <\/strong>sa\u011fl\u0131kl\u0131 g\u00f6rme yetisini destekler<br data-start=\"1342\" data-end=\"1345\">\u2714 <strong data-start=\"1347\" data-end=\"1364\">Ba\u011f\u0131\u015f\u0131kl\u0131k sistemi: <\/strong>sa\u011fl\u0131kl\u0131 ba\u011f\u0131\u015f\u0131kl\u0131k sistemine katk\u0131da bulunur<br data-start=\"1406\" data-end=\"1409\">\u2714 <strong data-start=\"1411\" data-end=\"1438\">Eklemler ve hareketlilik: <\/strong>eklem ve kaslar\u0131n esnek kalmas\u0131na yard\u0131mc\u0131 olur ve sertli\u011fi azalt\u0131r<br \/>\n\u2714 <strong data-start=\"1411\" data-end=\"1438\">B\u00fcy\u00fcme ve geli\u015fim: <\/strong>\u00e7ocuklar\u0131n geli\u015fimini destekler<\/p>\n<h2 data-start=\"180\" data-end=\"262\"><strong data-start=\"184\" data-end=\"260\">Omega-3&#8217;\u00fcn saf g\u00fcc\u00fcn\u00fc deneyin<\/strong><\/h2>\n<p data-start=\"264\" data-end=\"604\">M\u00f6ller&#8217;s Omega-3&#8217;\u00fcn sizin i\u00e7in ne yapt\u0131\u011f\u0131n\u0131 ke\u015ffetmek ister misiniz? Bu deneme paketi, omega-3 ya\u011f asitleri (DHA ve EPA) ile A, D ve E vitaminleri a\u00e7\u0131s\u0131ndan zengin, \u00f6d\u00fcll\u00fc, %100 saf Norve\u00e7 karaci\u011fer ya\u011f\u0131m\u0131zla tan\u0131\u015fman\u0131n m\u00fckemmel yoludur. <\/p>\n<p>\u2705 <strong data-start=\"608\" data-end=\"676\">Hemen b\u00fcy\u00fck bir \u015fi\u015fe almadan denemenin kolay yolu<\/strong><br data-start=\"676\" data-end=\"679\">\u2705 <strong data-start=\"681\" data-end=\"757\">Gen\u00e7 ve ya\u015fl\u0131 i\u00e7in uygun \u2013 ya\u015fam\u0131n her d\u00f6neminde sa\u011fl\u0131\u011f\u0131 destekler<\/strong><br data-start=\"838\" data-end=\"841\">\u2705 <strong data-start=\"843\" data-end=\"901\">\u00dcst\u00fcn lezzet, Superior Taste Award ile \u00f6d\u00fcllendirilmi\u015ftir<\/strong><br data-start=\"901\" data-end=\"904\">\u2705 <strong data-start=\"906\" data-end=\"982\">S\u0131v\u0131 form \u2013 almas\u0131 kolay, g\u00fcnde sadece 5 ml (bir tatl\u0131 ka\u015f\u0131\u011f\u0131)<\/strong><\/p>\n<p>Bu paket iki nefis lezzette <strong data-start=\"514\" data-end=\"543\">d\u00f6rt kullan\u0131\u015fl\u0131 5 ml sa\u015fe<\/strong> i\u00e7erir: <strong data-start=\"570\" data-end=\"581\">limon<\/strong> ve <strong data-start=\"585\" data-end=\"601\">tutti frutti<\/strong>.<\/p>\n<h2 data-start=\"1806\" data-end=\"1852\"><strong data-start=\"1810\" data-end=\"1850\">Neden M\u00f6ller&#8217;s Omega-3&#8217;\u00fc se\u00e7melisiniz?<\/strong><\/h2>\n<p data-start=\"1853\" data-end=\"2328\">\u2714 <strong data-start=\"1855\" data-end=\"1895\">Superior Taste Award ile \u00f6d\u00fcllendirilmi\u015ftir<\/strong> do\u011fal, lezzetli tatlar\u0131 sayesinde<br data-start=\"1941\" data-end=\"1944\">\u2714 <strong data-start=\"1946\" data-end=\"1984\">%100 yaban\u00ee Arktik morinas\u0131<\/strong>, Norve\u00e7&#8217;teki Lofoten&#8217;de s\u00fcrd\u00fcr\u00fclebilir \u015fekilde avlanm\u0131\u015ft\u0131r<br data-start=\"2030\" data-end=\"2033\">\u2714 <strong data-start=\"2035\" data-end=\"2094\">\u00c7ok d\u00fc\u015f\u00fck oksidasyon de\u011ferine sahip taze bal\u0131k ya\u011f\u0131 (totox &lt; 5): <\/strong>ola\u011fan\u00fcst\u00fc taze ve saf<br data-start=\"2123\" data-end=\"2126\">\u2714 <strong>O<\/strong><strong data-start=\"2128\" data-end=\"2176\">mega-3 do\u011fal trigliserit formunda<\/strong> sentetik formlara g\u00f6re v\u00fccutta daha iyi emilim i\u00e7in<br data-start=\"2235\" data-end=\"2238\">\u2714 <strong data-start=\"2240\" data-end=\"2277\">A, D3 ve E vitaminleriyle komple<\/strong> g\u00fc\u00e7l\u00fc ba\u011f\u0131\u015f\u0131kl\u0131k sistemi ve sa\u011fl\u0131kl\u0131 kemikler i\u00e7in<br \/>\n\u2714 <b>S\u0131v\u0131<\/b> oldu\u011fu i\u00e7in gen\u00e7 ve ya\u015fl\u0131 i\u00e7in almas\u0131 kolay<\/p>\n<h3>Deneme paketi neden \u00fccretsiz de\u011fil?<\/h3>\n<p>M\u00fcmk\u00fcn oldu\u011funca \u00e7ok ki\u015fiye M\u00f6ller&#8217;s Omega-3&#8217;\u00fc kendilerinin deneyimlemesi \u015fans\u0131n\u0131 vermek istiyoruz. Yine de 2,50 \u20ac gibi k\u00fc\u00e7\u00fck bir katk\u0131 istiyoruz. Bu miktar, k\u00fc\u00e7\u00fck paketler i\u00e7in nispeten y\u00fcksek olan kargo masraflar\u0131n\u0131 kar\u015f\u0131lamam\u0131za yard\u0131mc\u0131 oluyor. B\u00f6ylece kalite ve hizmetten \u00f6d\u00fcn vermeden bu deneme paketini sunmaya devam edebiliyoruz. Anlay\u0131\u015f\u0131n\u0131z\u0131 umuyoruz ve daha sa\u011fl\u0131kl\u0131 bir ya\u015fam tarz\u0131na olan ilginizi takdir ediyoruz!    <\/p>\n<h2><strong>\u0130\u00e7indekiler<\/strong><\/h2>\n<h3 data-start=\"2376\" data-end=\"2410\"><strong data-start=\"2380\" data-end=\"2408\">M\u00f6ller&#8217;s Omega-3 Limon<\/strong><\/h3>\n<p data-start=\"2411\" data-end=\"2600\"><strong data-start=\"2411\" data-end=\"2428\">\u0130\u00e7indekiler:<\/strong> S\u00fcrd\u00fcr\u00fclebilir \u015fekilde avlanan Arktik morinas\u0131ndan elde edilen karaci\u011fer ya\u011f\u0131 (bal\u0131k), do\u011fal limon aromas\u0131, dl-\u03b1-tokoferil asetat (E vitamini) ve do\u011fal tokoferol (antioksidan).<\/p>\n<h3 data-start=\"2602\" data-end=\"2641\"><strong data-start=\"2606\" data-end=\"2639\">M\u00f6ller&#8217;s Omega-3 Tutti Frutti<\/strong><\/h3>\n<p data-start=\"2642\" data-end=\"2837\"><strong data-start=\"2642\" data-end=\"2659\">\u0130\u00e7indekiler:<\/strong> S\u00fcrd\u00fcr\u00fclebilir \u015fekilde avlanan Arktik morinas\u0131ndan elde edilen karaci\u011fer ya\u011f\u0131 (bal\u0131k), do\u011fal meyve aromas\u0131, dl-\u03b1-tokoferil asetat (E vitamini) ve do\u011fal tokoferol (antioksidan).<\/p>\n<p data-start=\"2839\" data-end=\"2967\"><strong data-start=\"2839\" data-end=\"2965\">M\u00f6ller&#8217;s Omega-3 koruyucu madde, yapay renk veya aroma maddesi ve \u015feker veya tatland\u0131r\u0131c\u0131 i\u00e7ermez.<\/strong><\/p>\n<h2 data-start=\"2969\" data-end=\"3033\"><strong data-start=\"2973\" data-end=\"3031\">5 ml ba\u015f\u0131na besin de\u011ferleri<\/strong><\/h2>\n<table data-start=\"3034\" data-end=\"3531\">\n<thead data-start=\"3034\" data-end=\"3097\">\n<tr data-start=\"3034\" data-end=\"3097\">\n<th data-start=\"3034\" data-end=\"3055\"><\/th>\n<th data-start=\"3055\" data-end=\"3069\">Limon<\/th>\n<th data-start=\"3069\" data-end=\"3097\">Tutti Frutti<\/th>\n<\/tr>\n<\/thead>\n<tbody data-start=\"3160\" data-end=\"3531\">\n<tr data-start=\"3160\" data-end=\"3221\">\n<td>Omega-3 ya\u011f asitleri<\/td>\n<td>1110 mg<\/td>\n<td>1120 mg<\/td>\n<\/tr>\n<tr data-start=\"3222\" data-end=\"3283\">\n<td>\u2013 DHA<\/td>\n<td>500 mg<\/td>\n<td>510 mg<\/td>\n<\/tr>\n<tr data-start=\"3284\" data-end=\"3345\">\n<td>\u2013 EPA<\/td>\n<td>360 mg<\/td>\n<td>370 mg<\/td>\n<\/tr>\n<tr data-start=\"3346\" data-end=\"3407\">\n<td>D Vitamini<\/td>\n<td>10 mcg (%200*)<\/td>\n<td>10 mcg (%200*)<\/td>\n<\/tr>\n<tr data-start=\"3408\" data-end=\"3469\">\n<td>A Vitamini<\/td>\n<td>250 mcg (%31*)<\/td>\n<td>250 mcg (%31*)<\/td>\n<\/tr>\n<tr data-start=\"3470\" data-end=\"3531\">\n<td>E Vitamini<\/td>\n<td>3 mg (%25*)<\/td>\n<td>3 mg (%25*)<\/td>\n<\/tr>\n<\/tbody>\n<\/table>\n<p data-start=\"3533\" data-end=\"3558\">* Referans al\u0131m\u0131ndan<\/p>\n<h2 data-start=\"3565\" data-end=\"3607\"><strong data-start=\"3568\" data-end=\"3605\">Nas\u0131l kullan\u0131l\u0131r?<\/strong><\/h2>\n<h3 data-start=\"3609\" data-end=\"3660\"><strong data-start=\"3613\" data-end=\"3658\">3 ya\u015f ve \u00fczeri yeti\u015fkinler ve \u00e7ocuklar i\u00e7in<\/strong><\/h3>\n<ul>\n<li data-start=\"3661\" data-end=\"3898\"><strong data-start=\"3663\" data-end=\"3687\">G\u00fcnl\u00fck doz:<\/strong> 5 ml (= 1 tatl\u0131 ka\u015f\u0131\u011f\u0131).<\/li>\n<li data-start=\"3661\" data-end=\"3898\"><strong data-start=\"3717\" data-end=\"3792\">Hamile ve emziren kad\u0131nlar i\u00e7in de \u00f6nerilir.<\/strong><\/li>\n<li data-start=\"3661\" data-end=\"3898\"><strong data-start=\"3797\" data-end=\"3847\">Ya\u011f\u0131 tercihen yemek s\u0131ras\u0131nda al\u0131n<\/strong> besin maddelerinin optimal emilimi i\u00e7in.<\/li>\n<\/ul>\n<h3 data-start=\"3900\" data-end=\"3939\"><strong data-start=\"3904\" data-end=\"3937\">6 ayl\u0131k ve \u00fczeri \u00e7ocuklar i\u00e7in<\/strong><\/h3>\n<ul>\n<li data-start=\"3940\" data-end=\"4289\"><strong data-start=\"3942\" data-end=\"3966\">G\u00fcnl\u00fck doz:<\/strong> 2,5 ml (= 1\/2 tatl\u0131 ka\u015f\u0131\u011f\u0131).<\/li>\n<li data-start=\"3940\" data-end=\"4289\">G\u00fcnde yar\u0131m tatl\u0131 ka\u015f\u0131\u011f\u0131 ile ba\u015flay\u0131n ve kademeli olarak <strong data-start=\"4069\" data-end=\"4095\">g\u00fcnde 1 tatl\u0131 ka\u015f\u0131\u011f\u0131na<\/strong> \u00e7\u0131kar\u0131n.<\/li>\n<li data-start=\"3940\" data-end=\"4289\"><strong data-start=\"4101\" data-end=\"4220\">Omega-3 (DHA) beyin i\u00e7in temel bir yap\u0131 ta\u015f\u0131d\u0131r ve g\u00f6rme yetisinin geli\u015fimini destekler.<\/strong><\/li>\n<li data-start=\"3940\" data-end=\"4289\"><strong data-start=\"4225\" data-end=\"4287\">D vitamini sa\u011fl\u0131kl\u0131 kemik ve di\u015f geli\u015fimine yard\u0131mc\u0131 olur.<\/strong><\/li>\n<\/ul>\n<p data-start=\"4291\" data-end=\"4368\"><strong data-start=\"4294\" data-end=\"4340\">Sa\u011fl\u0131k Konseyi 4 ya\u015f\u0131na kadar \u00e7ocuklar i\u00e7in ekstra D vitamini \u00f6nerir<\/strong>.<\/p>\n<h2 data-start=\"4375\" data-end=\"4415\"><strong data-start=\"4379\" data-end=\"4413\">Deneme paketinde neler var?<\/strong><\/h2>\n<p data-start=\"4416\" data-end=\"4530\"><strong data-start=\"4418\" data-end=\"4468\">\u2714 2 x 5 ml M\u00f6ller \u201cs Omega-3 Karaci\u011fer Ya\u011f\u0131 \u2013 Limon\u201d<\/strong><br data-start=\"4468\" data-end=\"4471\"><strong data-start=\"4473\" data-end=\"4528\">\u2714 2 x 5 ml M\u00f6llers Omega-3 Karaci\u011fer Ya\u011f\u0131 \u2013 Tutti Frutti<\/strong><\/p>\n<p data-start=\"4532\" data-end=\"4619\">Bu deneme paketiyle omega-3&#8217;\u00fcn ne kadar kolay ve lezzetli olabilece\u011fini kendiniz deneyimleyin!<\/p>\n<h2 data-start=\"4621\" data-end=\"4666\"><strong data-start=\"4625\" data-end=\"4664\">Eskiden ve \u015fimdi sa\u011fl\u0131kl\u0131 bir al\u0131\u015fkanl\u0131k<\/strong><\/h2>\n<p data-start=\"4667\" data-end=\"5053\">Eskiden her g\u00fcn bir ka\u015f\u0131k bal\u0131k ya\u011f\u0131 almak \u00e7ok normaldi. Diren\u00e7 kazanman\u0131n ve sa\u011fl\u0131kl\u0131 kalman\u0131n yoluydu. Bug\u00fcn bu al\u0131\u015fkanl\u0131k kaybolmu\u015f gibi g\u00f6r\u00fcn\u00fcyor, oysa omega-3 sa\u011fl\u0131kl\u0131 bir v\u00fccut i\u00e7in h\u00e2l\u00e2 vazge\u00e7ilmez.  <\/p>\n<p data-start=\"4667\" data-end=\"5053\">\u0130\u015finizi kolayla\u015ft\u0131r\u0131n. <strong data-start=\"5027\" data-end=\"5149\">M\u00f6ller&#8217;s Omega-3 ile siz (ve aileniz) g\u00fcnl\u00fck yeterli omega-3&#8217;\u00fc al\u0131rs\u0131n\u0131z \u2013 u\u011fra\u015f olmadan, lezzetli bir \u015fekilde.<\/strong><\/p>\n","protected":false},"excerpt":{"rendered":"<p>M\u00f6ller&#8217;s Omega-3 ile tan\u0131\u015fmak ister misiniz? Bu deneme paketi gen\u00e7 ve ya\u015fl\u0131 i\u00e7in iki favori lezzetimizden olu\u015fur: <strong>L<\/strong><strong data-start=\"200\" data-end=\"227\">imon ve Tutti Frutti<\/strong> (4 x 5 ml). Omega-3 ya\u011f asitleri (DHA ve EPA) ile A, D ve E vitaminleri a\u00e7\u0131s\u0131ndan zengin olup kalp, beyin ve ba\u011f\u0131\u015f\u0131kl\u0131k sistemini destekler. Norve\u00e7 karaci\u011fer ya\u011f\u0131n\u0131n yumu\u015fak tad\u0131n\u0131 ve y\u00fcksek kalitesini kendiniz ke\u015ffedin!   <\/p>\n<p><strong>Dikkat:<\/strong> Bu deneme paketini sadece Hollanda ve Bel\u00e7ika i\u00e7inde sunabiliyoruz. M\u00fc\u015fteri ba\u015f\u0131na maksimum 1 adet. Bu \u00fcr\u00fcn di\u011fer \u00fcr\u00fcnlerle birlikte sipari\u015f edilemez.  <\/p>\n","protected":false},"featured_media":1007369,"comment_status":"open","ping_status":"closed","template":"","meta":{"_yoast_wpseo_focuskw":"M\u00f6ller's'\u0131 deneyin","_yoast_wpseo_title":"","_yoast_wpseo_metadesc":"M\u00f6ller's Omega-3'\u00fc bu deneme paketiyle deneyin! Omega-3 ve A, D, E vitaminleri a\u00e7\u0131s\u0131ndan zengin d\u00f6rt kullan\u0131\u015fl\u0131 5 ml sa\u015fe. Favori tad\u0131n\u0131z\u0131 ke\u015ffedin!","_monsterinsights_skip_tracking":false,"_monsterinsights_sitenote_active":false,"_monsterinsights_sitenote_note":"","_monsterinsights_sitenote_category":0},"product_brand":[],"product_cat":[569],"product_tag":[],"class_list":{"0":"post-1005958","1":"product","2":"type-product","3":"status-publish","4":"has-post-thumbnail","6":"product_cat-test-paketi","8":"first","9":"instock","10":"sale","11":"sold-individually","12":"purchasable","13":"product-type-simple"},"wcpa_form_fields":null,"yoast_head":"<!-- This site is optimized with the Yoast SEO Premium plugin v25.1 (Yoast SEO v25.1) - https:\/\/yoast.com\/wordpress\/plugins\/seo\/ -->\n<title>M\u00f6ller&#039;s Omega-3 Test Paketi 4x 5ml - M\u00f6llers Omega-3<\/title>\n<meta name=\"description\" content=\"M\u00f6ller&#039;s Omega-3&#039;\u00fc bu deneme paketiyle deneyin! Omega-3 ve A, D, E vitaminleri a\u00e7\u0131s\u0131ndan zengin d\u00f6rt kullan\u0131\u015fl\u0131 5 ml sa\u015fe. Favori tad\u0131n\u0131z\u0131 ke\u015ffedin!\" \/>\n<meta name=\"robots\" content=\"index, follow, max-snippet:-1, max-image-preview:large, max-video-preview:-1\" \/>\n<link rel=\"canonical\" href=\"https:\/\/mollersomega3.nl\/tr\/product\/mollers-omega-3-test-paketi-4x-5ml\/\" \/>\n<meta property=\"og:locale\" content=\"tr_TR\" \/>\n<meta property=\"og:type\" content=\"article\" \/>\n<meta property=\"og:title\" content=\"M\u00f6ller&#039;s Omega-3 Test Paketi 4x 5ml\" \/>\n<meta property=\"og:description\" content=\"M\u00f6ller&#039;s Omega-3&#039;\u00fc bu deneme paketiyle deneyin! Omega-3 ve A, D, E vitaminleri a\u00e7\u0131s\u0131ndan zengin d\u00f6rt kullan\u0131\u015fl\u0131 5 ml sa\u015fe. Favori tad\u0131n\u0131z\u0131 ke\u015ffedin!\" \/>\n<meta property=\"og:url\" content=\"https:\/\/mollersomega3.nl\/tr\/product\/mollers-omega-3-test-paketi-4x-5ml\/\" \/>\n<meta property=\"og:site_name\" content=\"M\u00f6llers Omega-3\" \/>\n<meta property=\"article:publisher\" content=\"https:\/\/www.facebook.com\/mollersomega3nl\" \/>\n<meta property=\"og:image\" content=\"https:\/\/mollersomega3.nl\/tr\/wp-content\/uploads\/2025\/02\/basisdoc-packshots-samples_1000x1000.png\" \/>\n\t<meta property=\"og:image:width\" content=\"1000\" \/>\n\t<meta property=\"og:image:height\" content=\"1000\" \/>\n\t<meta property=\"og:image:type\" content=\"image\/png\" \/>\n<meta name=\"twitter:card\" content=\"summary_large_image\" \/>\n<meta name=\"twitter:site\" content=\"@mollersomega3nl\" \/>\n<meta name=\"twitter:label1\" content=\"Est. reading time\" \/>\n\t<meta name=\"twitter:data1\" content=\"4 minutes\" \/>\n<script type=\"application\/ld+json\" class=\"yoast-schema-graph\">{\"@context\":\"https:\/\/schema.org\",\"@graph\":[{\"@type\":\"WebPage\",\"@id\":\"https:\/\/mollersomega3.nl\/tr\/product\/mollers-omega-3-test-paketi-4x-5ml\/\",\"url\":\"https:\/\/mollersomega3.nl\/tr\/product\/mollers-omega-3-test-paketi-4x-5ml\/\",\"name\":\"M\u00f6ller's Omega-3 Test Paketi 4x 5ml - M\u00f6llers Omega-3\",\"isPartOf\":{\"@id\":\"https:\/\/mollersomega3.nl\/#website\"},\"primaryImageOfPage\":{\"@id\":\"https:\/\/mollersomega3.nl\/tr\/product\/mollers-omega-3-test-paketi-4x-5ml\/#primaryimage\"},\"image\":{\"@id\":\"https:\/\/mollersomega3.nl\/tr\/product\/mollers-omega-3-test-paketi-4x-5ml\/#primaryimage\"},\"thumbnailUrl\":\"https:\/\/mollersomega3.nl\/wp-content\/uploads\/2025\/02\/basisdoc-packshots-samples_1000x1000.png\",\"datePublished\":\"2025-02-17T15:26:47+00:00\",\"description\":\"M\u00f6ller's Omega-3'\u00fc bu deneme paketiyle deneyin! Omega-3 ve A, D, E vitaminleri a\u00e7\u0131s\u0131ndan zengin d\u00f6rt kullan\u0131\u015fl\u0131 5 ml sa\u015fe. Favori tad\u0131n\u0131z\u0131 ke\u015ffedin!\",\"breadcrumb\":{\"@id\":\"https:\/\/mollersomega3.nl\/tr\/product\/mollers-omega-3-test-paketi-4x-5ml\/#breadcrumb\"},\"inLanguage\":\"tr-TR\",\"potentialAction\":[{\"@type\":\"ReadAction\",\"target\":[\"https:\/\/mollersomega3.nl\/tr\/product\/mollers-omega-3-test-paketi-4x-5ml\/\"]}]},{\"@type\":\"ImageObject\",\"inLanguage\":\"tr-TR\",\"@id\":\"https:\/\/mollersomega3.nl\/tr\/product\/mollers-omega-3-test-paketi-4x-5ml\/#primaryimage\",\"url\":\"https:\/\/mollersomega3.nl\/wp-content\/uploads\/2025\/02\/basisdoc-packshots-samples_1000x1000.png\",\"contentUrl\":\"https:\/\/mollersomega3.nl\/wp-content\/uploads\/2025\/02\/basisdoc-packshots-samples_1000x1000.png\",\"width\":1000,\"height\":1000},{\"@type\":\"BreadcrumbList\",\"@id\":\"https:\/\/mollersomega3.nl\/tr\/product\/mollers-omega-3-test-paketi-4x-5ml\/#breadcrumb\",\"itemListElement\":[{\"@type\":\"ListItem\",\"position\":1,\"name\":\"Ana Sayfa\",\"item\":\"https:\/\/mollersomega3.nl\/tr\/\"},{\"@type\":\"ListItem\",\"position\":2,\"name\":\"\u00dcr\u00fcnler\",\"item\":\"https:\/\/mollersomega3.nl\/tr\/urunler\/\"},{\"@type\":\"ListItem\",\"position\":3,\"name\":\"M\u00f6ller&#8217;s Omega-3 Test Paketi 4x 5ml\"}]},{\"@type\":\"WebSite\",\"@id\":\"https:\/\/mollersomega3.nl\/#website\",\"url\":\"https:\/\/mollersomega3.nl\/\",\"name\":\"M\u00f6llers Omega-3\",\"description\":\"A Spoonful of Life since 1854\",\"publisher\":{\"@id\":\"https:\/\/mollersomega3.nl\/#organization\"},\"potentialAction\":[{\"@type\":\"SearchAction\",\"target\":{\"@type\":\"EntryPoint\",\"urlTemplate\":\"https:\/\/mollersomega3.nl\/?s={search_term_string}\"},\"query-input\":{\"@type\":\"PropertyValueSpecification\",\"valueRequired\":true,\"valueName\":\"search_term_string\"}}],\"inLanguage\":\"tr-TR\"},{\"@type\":\"Organization\",\"@id\":\"https:\/\/mollersomega3.nl\/#organization\",\"name\":\"M\u00f6llers Omega-3\",\"url\":\"https:\/\/mollersomega3.nl\/\",\"logo\":{\"@type\":\"ImageObject\",\"inLanguage\":\"tr-TR\",\"@id\":\"https:\/\/mollersomega3.nl\/#\/schema\/logo\/image\/\",\"url\":\"https:\/\/mollersomega3.nl\/wp-content\/uploads\/2020\/07\/mollers-logo-bestellingen.png\",\"contentUrl\":\"https:\/\/mollersomega3.nl\/wp-content\/uploads\/2020\/07\/mollers-logo-bestellingen.png\",\"width\":250,\"height\":86,\"caption\":\"M\u00f6llers Omega-3\"},\"image\":{\"@id\":\"https:\/\/mollersomega3.nl\/#\/schema\/logo\/image\/\"},\"sameAs\":[\"https:\/\/www.facebook.com\/MollersOmega3NL\",\"https:\/\/www.instagram.com\/mollersomega3nl\/\",\"https:\/\/nl.linkedin.com\/company\/good-life-international\",\"https:\/\/www.bol.com\/nl\/nl\/m\/mollers\/\",\"https:\/\/mollersomega3.nl\/en\/\"],\"foundingDate\":\"1854\",\"areaServed\":[\"GB\",\"IE\",\"US\",\"CA\",\"AU\",\"NZ\",\"NL\"],\"knowsAbout\":[\"omega-3\",\"cod liver oil\",\"fish oil\",\"DHA\",\"EPA\",\"vitamin D\"],\"description\":\"Norwegian premium omega-3 brand since 1854. Cod liver oil and fish oil supplements with omega-3, vitamins A, D and E.\"}]}<\/script>\n<!-- \/ Yoast SEO Premium plugin. -->","yoast_head_json":{"title":"M\u00f6ller's Omega-3 Test Paketi 4x 5ml - M\u00f6llers Omega-3","description":"M\u00f6ller's Omega-3'\u00fc bu deneme paketiyle deneyin! Omega-3 ve A, D, E vitaminleri a\u00e7\u0131s\u0131ndan zengin d\u00f6rt kullan\u0131\u015fl\u0131 5 ml sa\u015fe. Favori tad\u0131n\u0131z\u0131 ke\u015ffedin!","robots":{"index":"index","follow":"follow","max-snippet":"max-snippet:-1","max-image-preview":"max-image-preview:large","max-video-preview":"max-video-preview:-1"},"canonical":"https:\/\/mollersomega3.nl\/tr\/product\/mollers-omega-3-test-paketi-4x-5ml\/","og_locale":"tr_TR","og_type":"article","og_title":"M\u00f6ller's Omega-3 Test Paketi 4x 5ml","og_description":"M\u00f6ller's Omega-3'\u00fc bu deneme paketiyle deneyin! Omega-3 ve A, D, E vitaminleri a\u00e7\u0131s\u0131ndan zengin d\u00f6rt kullan\u0131\u015fl\u0131 5 ml sa\u015fe. Favori tad\u0131n\u0131z\u0131 ke\u015ffedin!","og_url":"https:\/\/mollersomega3.nl\/tr\/product\/mollers-omega-3-test-paketi-4x-5ml\/","og_site_name":"M\u00f6llers Omega-3","article_publisher":"https:\/\/www.facebook.com\/mollersomega3nl","og_image":[{"width":1000,"height":1000,"url":"https:\/\/mollersomega3.nl\/tr\/wp-content\/uploads\/2025\/02\/basisdoc-packshots-samples_1000x1000.png","type":"image\/png"}],"twitter_card":"summary_large_image","twitter_site":"@mollersomega3nl","twitter_misc":{"Est. reading time":"4 minutes"},"schema":{"@context":"https:\/\/schema.org","@graph":[{"@type":"WebPage","@id":"https:\/\/mollersomega3.nl\/tr\/product\/mollers-omega-3-test-paketi-4x-5ml\/","url":"https:\/\/mollersomega3.nl\/tr\/product\/mollers-omega-3-test-paketi-4x-5ml\/","name":"M\u00f6ller's Omega-3 Test Paketi 4x 5ml - M\u00f6llers Omega-3","isPartOf":{"@id":"https:\/\/mollersomega3.nl\/#website"},"primaryImageOfPage":{"@id":"https:\/\/mollersomega3.nl\/tr\/product\/mollers-omega-3-test-paketi-4x-5ml\/#primaryimage"},"image":{"@id":"https:\/\/mollersomega3.nl\/tr\/product\/mollers-omega-3-test-paketi-4x-5ml\/#primaryimage"},"thumbnailUrl":"https:\/\/mollersomega3.nl\/wp-content\/uploads\/2025\/02\/basisdoc-packshots-samples_1000x1000.png","datePublished":"2025-02-17T15:26:47+00:00","description":"M\u00f6ller's Omega-3'\u00fc bu deneme paketiyle deneyin! Omega-3 ve A, D, E vitaminleri a\u00e7\u0131s\u0131ndan zengin d\u00f6rt kullan\u0131\u015fl\u0131 5 ml sa\u015fe. Favori tad\u0131n\u0131z\u0131 ke\u015ffedin!","breadcrumb":{"@id":"https:\/\/mollersomega3.nl\/tr\/product\/mollers-omega-3-test-paketi-4x-5ml\/#breadcrumb"},"inLanguage":"tr-TR","potentialAction":[{"@type":"ReadAction","target":["https:\/\/mollersomega3.nl\/tr\/product\/mollers-omega-3-test-paketi-4x-5ml\/"]}]},{"@type":"ImageObject","inLanguage":"tr-TR","@id":"https:\/\/mollersomega3.nl\/tr\/product\/mollers-omega-3-test-paketi-4x-5ml\/#primaryimage","url":"https:\/\/mollersomega3.nl\/wp-content\/uploads\/2025\/02\/basisdoc-packshots-samples_1000x1000.png","contentUrl":"https:\/\/mollersomega3.nl\/wp-content\/uploads\/2025\/02\/basisdoc-packshots-samples_1000x1000.png","width":1000,"height":1000},{"@type":"BreadcrumbList","@id":"https:\/\/mollersomega3.nl\/tr\/product\/mollers-omega-3-test-paketi-4x-5ml\/#breadcrumb","itemListElement":[{"@type":"ListItem","position":1,"name":"Ana Sayfa","item":"https:\/\/mollersomega3.nl\/tr\/"},{"@type":"ListItem","position":2,"name":"\u00dcr\u00fcnler","item":"https:\/\/mollersomega3.nl\/tr\/urunler\/"},{"@type":"ListItem","position":3,"name":"M\u00f6ller&#8217;s Omega-3 Test Paketi 4x 5ml"}]},{"@type":"WebSite","@id":"https:\/\/mollersomega3.nl\/#website","url":"https:\/\/mollersomega3.nl\/","name":"M\u00f6llers Omega-3","description":"A Spoonful of Life since 1854","publisher":{"@id":"https:\/\/mollersomega3.nl\/#organization"},"potentialAction":[{"@type":"SearchAction","target":{"@type":"EntryPoint","urlTemplate":"https:\/\/mollersomega3.nl\/?s={search_term_string}"},"query-input":{"@type":"PropertyValueSpecification","valueRequired":true,"valueName":"search_term_string"}}],"inLanguage":"tr-TR"},{"@type":"Organization","@id":"https:\/\/mollersomega3.nl\/#organization","name":"M\u00f6llers Omega-3","url":"https:\/\/mollersomega3.nl\/","logo":{"@type":"ImageObject","inLanguage":"tr-TR","@id":"https:\/\/mollersomega3.nl\/#\/schema\/logo\/image\/","url":"https:\/\/mollersomega3.nl\/wp-content\/uploads\/2020\/07\/mollers-logo-bestellingen.png","contentUrl":"https:\/\/mollersomega3.nl\/wp-content\/uploads\/2020\/07\/mollers-logo-bestellingen.png","width":250,"height":86,"caption":"M\u00f6llers Omega-3"},"image":{"@id":"https:\/\/mollersomega3.nl\/#\/schema\/logo\/image\/"},"sameAs":["https:\/\/www.facebook.com\/MollersOmega3NL","https:\/\/www.instagram.com\/mollersomega3nl\/","https:\/\/nl.linkedin.com\/company\/good-life-international","https:\/\/www.bol.com\/nl\/nl\/m\/mollers\/","https:\/\/mollersomega3.nl\/en\/"],"foundingDate":"1854","areaServed":["GB","IE","US","CA","AU","NZ","NL"],"knowsAbout":["omega-3","cod liver oil","fish oil","DHA","EPA","vitamin D"],"description":"Norwegian premium omega-3 brand since 1854. Cod liver oil and fish oil supplements with omega-3, vitamins A, D and E."}]}},"_links":{"self":[{"href":"https:\/\/mollersomega3.nl\/tr\/wp-json\/wp\/v2\/product\/1005958","targetHints":{"allow":["GET"]}}],"collection":[{"href":"https:\/\/mollersomega3.nl\/tr\/wp-json\/wp\/v2\/product"}],"about":[{"href":"https:\/\/mollersomega3.nl\/tr\/wp-json\/wp\/v2\/types\/product"}],"replies":[{"embeddable":true,"href":"https:\/\/mollersomega3.nl\/tr\/wp-json\/wp\/v2\/comments?post=1005958"}],"wp:featuredmedia":[{"embeddable":true,"href":"https:\/\/mollersomega3.nl\/tr\/wp-json\/wp\/v2\/media\/1007369"}],"wp:attachment":[{"href":"https:\/\/mollersomega3.nl\/tr\/wp-json\/wp\/v2\/media?parent=1005958"}],"wp:term":[{"taxonomy":"product_brand","embeddable":true,"href":"https:\/\/mollersomega3.nl\/tr\/wp-json\/wp\/v2\/product_brand?post=1005958"},{"taxonomy":"product_cat","embeddable":true,"href":"https:\/\/mollersomega3.nl\/tr\/wp-json\/wp\/v2\/product_cat?post=1005958"},{"taxonomy":"product_tag","embeddable":true,"href":"https:\/\/mollersomega3.nl\/tr\/wp-json\/wp\/v2\/product_tag?post=1005958"}],"curies":[{"name":"wp","href":"https:\/\/api.w.org\/{rel}","templated":true}]}}