{"id":1005960,"date":"2020-11-03T15:21:53","date_gmt":"2020-11-03T14:21:53","guid":{"rendered":"https:\/\/mollersomega3.nl\/product\/mollers-altin-kasik\/"},"modified":"2026-04-11T16:01:16","modified_gmt":"2026-04-11T14:01:16","slug":"mollers-altin-kasik","status":"publish","type":"product","link":"https:\/\/mollersomega3.nl\/tr\/product\/mollers-altin-kasik\/","title":{"rendered":"M\u00f6ller&#8217;s Alt\u0131n Ka\u015f\u0131k"},"content":{"rendered":"<p><strong>Bu g\u00fczel <a href=\"https:\/\/mollersomega3.nl\/heb-jij-al-een-gouden-lepel-voor-je-dagelijkse-portie-mollers\/\">alt\u0131n ka\u015f\u0131k<\/a> \u00e7ekmecenizde durarak <a href=\"https:\/\/mollersomega3.nl\/producten\/\">M\u00f6ller&#8217;s&#8217;i<\/a> her g\u00fcn hat\u0131rlaman\u0131z\u0131 ve g\u00fcnl\u00fck dozunuzu unutmaman\u0131z\u0131 sa\u011flar. \u00d6nerilen g\u00fcnl\u00fck miktar bir tatl\u0131 ka\u015f\u0131\u011f\u0131d\u0131r. Ka\u015f\u0131k tatl\u0131 ka\u015f\u0131\u011f\u0131ndan biraz daha b\u00fcy\u00fck oldu\u011fundan, tamamen doldurman\u0131z gerekmez ve d\u00f6k\u00fclme riski azal\u0131r.  <\/strong><\/p>\n<p>Malzeme: alt\u0131n renkli paslanmaz \u00e7elik, bula\u015f\u0131k makinesinde y\u0131kanabilir.<\/p>\n<h2>M\u00f6ller&#8217;s Omega-3 i\u00e7in Alt\u0131n Ka\u015f\u0131k<\/h2>\n<p>M\u00f6ller&#8217;s <a href=\"https:\/\/mollersomega3.nl\/natuurlijke-omega-3\/\">Omega-3<\/a>, saf Norve\u00e7 <a href=\"https:\/\/mollersomega3.nl\/tr\/product\/mollers-omega-3-balik-yagi-kapsulleri\/\">bal\u0131k ya\u011f\u0131d\u0131r<\/a>. Do\u011fal omega-3&#8217;\u00fcn (her tatl\u0131 ka\u015f\u0131\u011f\u0131nda 900 mg DHA ve EPA) ve <a href=\"https:\/\/mollersomega3.nl\/tr\/a-d-ve-e-vitaminleri-nelerdir\/\">A, D ve E vitaminlerinin<\/a> e\u015fsiz bir kombinasyonudur. <\/p>\n<p>M\u00f6ller&#8217;s Omega-3, <a href=\"https:\/\/mollersomega3.nl\/producten\/\">4 farkl\u0131 aromada<\/a> ve <a href=\"https:\/\/mollersomega3.nl\/producten\/\">kaps\u00fcl<\/a> formunda mevcuttur.<\/p>\n","protected":false},"excerpt":{"rendered":"<ul>\n<li>G\u00fcnl\u00fck M\u00f6ller&#8217;s dozunuz i\u00e7in alt\u0131n ka\u015f\u0131k<\/li>\n<li>\u00c7ekmecenizdeki alt\u0131n ka\u015f\u0131k size M\u00f6ller&#8217;s&#8217;i hat\u0131rlat\u0131r<\/li>\n<li>G\u00fcnl\u00fck dozdan biraz daha b\u00fcy\u00fck oldu\u011fundan d\u00f6k\u00fclme riski azal\u0131r<\/li>\n<\/ul>\n<p><strong>Bu g\u00fczel alt\u0131n ka\u015f\u0131k \u00e7ekmecenizde durarak M\u00f6ller&#8217;s&#8217;i her g\u00fcn hat\u0131rlaman\u0131z\u0131 ve g\u00fcnl\u00fck dozunuzu unutmaman\u0131z\u0131 sa\u011flar. G\u00fcnde bir ka\u015f\u0131k! <\/strong><\/p>\n","protected":false},"featured_media":1006488,"comment_status":"open","ping_status":"closed","template":"","meta":{"_yoast_wpseo_focuskw":"alt\u0131n ka\u015f\u0131k","_yoast_wpseo_title":"%%title%% %%sep%% Hat\u0131rlat\u0131c\u0131 %%sep%% %%sitename%%","_yoast_wpseo_metadesc":"Bu g\u00fczel alt\u0131n ka\u015f\u0131k \u00e7ekmecenizde durarak M\u00f6ller's'i her g\u00fcn hat\u0131rlaman\u0131z\u0131 ve g\u00fcnl\u00fck dozunuzu unutmaman\u0131z\u0131 sa\u011flar. G\u00fcnde bir ka\u015f\u0131k!","_monsterinsights_skip_tracking":false,"_monsterinsights_sitenote_active":false,"_monsterinsights_sitenote_note":"","_monsterinsights_sitenote_category":0},"product_brand":[],"product_cat":[571],"product_tag":[],"class_list":{"0":"post-1005960","1":"product","2":"type-product","3":"status-publish","4":"has-post-thumbnail","6":"product_cat-aksesuarlar","8":"first","9":"instock","10":"taxable","11":"shipping-taxable","12":"purchasable","13":"product-type-simple"},"wcpa_form_fields":null,"yoast_head":"<!-- This site is optimized with the Yoast SEO Premium plugin v25.1 (Yoast SEO v25.1) - https:\/\/yoast.com\/wordpress\/plugins\/seo\/ -->\n<title>M\u00f6ller&#039;s Alt\u0131n Ka\u015f\u0131k - Hat\u0131rlat\u0131c\u0131 - M\u00f6llers Omega-3<\/title>\n<meta name=\"description\" content=\"Bu g\u00fczel alt\u0131n ka\u015f\u0131k \u00e7ekmecenizde durarak M\u00f6ller&#039;s&#039;i her g\u00fcn hat\u0131rlaman\u0131z\u0131 ve g\u00fcnl\u00fck dozunuzu unutmaman\u0131z\u0131 sa\u011flar. G\u00fcnde bir ka\u015f\u0131k!\" \/>\n<meta name=\"robots\" content=\"index, follow, max-snippet:-1, max-image-preview:large, max-video-preview:-1\" \/>\n<link rel=\"canonical\" href=\"https:\/\/mollersomega3.nl\/tr\/product\/mollers-altin-kasik\/\" \/>\n<meta property=\"og:locale\" content=\"tr_TR\" \/>\n<meta property=\"og:type\" content=\"article\" \/>\n<meta property=\"og:title\" content=\"M\u00f6ller&#039;s Alt\u0131n Ka\u015f\u0131k\" \/>\n<meta property=\"og:description\" content=\"Bu g\u00fczel alt\u0131n ka\u015f\u0131k \u00e7ekmecenizde durarak M\u00f6ller&#039;s&#039;i her g\u00fcn hat\u0131rlaman\u0131z\u0131 ve g\u00fcnl\u00fck dozunuzu unutmaman\u0131z\u0131 sa\u011flar. G\u00fcnde bir ka\u015f\u0131k!\" \/>\n<meta property=\"og:url\" content=\"https:\/\/mollersomega3.nl\/tr\/product\/mollers-altin-kasik\/\" \/>\n<meta property=\"og:site_name\" content=\"M\u00f6llers Omega-3\" \/>\n<meta property=\"article:publisher\" content=\"https:\/\/www.facebook.com\/mollersomega3nl\" \/>\n<meta property=\"article:modified_time\" content=\"2026-04-11T14:01:16+00:00\" \/>\n<meta property=\"og:image\" content=\"https:\/\/mollersomega3.nl\/tr\/wp-content\/uploads\/2020\/11\/Gouden-lepel.png\" \/>\n\t<meta property=\"og:image:width\" content=\"600\" \/>\n\t<meta property=\"og:image:height\" content=\"600\" \/>\n\t<meta property=\"og:image:type\" content=\"image\/png\" \/>\n<meta name=\"twitter:card\" content=\"summary_large_image\" \/>\n<meta name=\"twitter:site\" content=\"@mollersomega3nl\" \/>\n<meta name=\"twitter:label1\" content=\"Est. reading time\" \/>\n\t<meta name=\"twitter:data1\" content=\"1 minute\" \/>\n<script type=\"application\/ld+json\" class=\"yoast-schema-graph\">{\"@context\":\"https:\/\/schema.org\",\"@graph\":[{\"@type\":\"WebPage\",\"@id\":\"https:\/\/mollersomega3.nl\/tr\/product\/mollers-altin-kasik\/\",\"url\":\"https:\/\/mollersomega3.nl\/tr\/product\/mollers-altin-kasik\/\",\"name\":\"M\u00f6ller's Alt\u0131n Ka\u015f\u0131k - Hat\u0131rlat\u0131c\u0131 - M\u00f6llers Omega-3\",\"isPartOf\":{\"@id\":\"https:\/\/mollersomega3.nl\/#website\"},\"primaryImageOfPage\":{\"@id\":\"https:\/\/mollersomega3.nl\/tr\/product\/mollers-altin-kasik\/#primaryimage\"},\"image\":{\"@id\":\"https:\/\/mollersomega3.nl\/tr\/product\/mollers-altin-kasik\/#primaryimage\"},\"thumbnailUrl\":\"https:\/\/mollersomega3.nl\/wp-content\/uploads\/2020\/11\/Gouden-lepel.png\",\"datePublished\":\"2020-11-03T14:21:53+00:00\",\"dateModified\":\"2026-04-11T14:01:16+00:00\",\"description\":\"Bu g\u00fczel alt\u0131n ka\u015f\u0131k \u00e7ekmecenizde durarak M\u00f6ller's'i her g\u00fcn hat\u0131rlaman\u0131z\u0131 ve g\u00fcnl\u00fck dozunuzu unutmaman\u0131z\u0131 sa\u011flar. G\u00fcnde bir ka\u015f\u0131k!\",\"breadcrumb\":{\"@id\":\"https:\/\/mollersomega3.nl\/tr\/product\/mollers-altin-kasik\/#breadcrumb\"},\"inLanguage\":\"tr-TR\",\"potentialAction\":[{\"@type\":\"ReadAction\",\"target\":[\"https:\/\/mollersomega3.nl\/tr\/product\/mollers-altin-kasik\/\"]}]},{\"@type\":\"ImageObject\",\"inLanguage\":\"tr-TR\",\"@id\":\"https:\/\/mollersomega3.nl\/tr\/product\/mollers-altin-kasik\/#primaryimage\",\"url\":\"https:\/\/mollersomega3.nl\/wp-content\/uploads\/2020\/11\/Gouden-lepel.png\",\"contentUrl\":\"https:\/\/mollersomega3.nl\/wp-content\/uploads\/2020\/11\/Gouden-lepel.png\",\"width\":600,\"height\":600},{\"@type\":\"BreadcrumbList\",\"@id\":\"https:\/\/mollersomega3.nl\/tr\/product\/mollers-altin-kasik\/#breadcrumb\",\"itemListElement\":[{\"@type\":\"ListItem\",\"position\":1,\"name\":\"Ana Sayfa\",\"item\":\"https:\/\/mollersomega3.nl\/tr\/\"},{\"@type\":\"ListItem\",\"position\":2,\"name\":\"\u00dcr\u00fcnler\",\"item\":\"https:\/\/mollersomega3.nl\/tr\/urunler\/\"},{\"@type\":\"ListItem\",\"position\":3,\"name\":\"M\u00f6ller&#8217;s Alt\u0131n Ka\u015f\u0131k\"}]},{\"@type\":\"WebSite\",\"@id\":\"https:\/\/mollersomega3.nl\/#website\",\"url\":\"https:\/\/mollersomega3.nl\/\",\"name\":\"M\u00f6llers Omega-3\",\"description\":\"A Spoonful of Life since 1854\",\"publisher\":{\"@id\":\"https:\/\/mollersomega3.nl\/#organization\"},\"potentialAction\":[{\"@type\":\"SearchAction\",\"target\":{\"@type\":\"EntryPoint\",\"urlTemplate\":\"https:\/\/mollersomega3.nl\/?s={search_term_string}\"},\"query-input\":{\"@type\":\"PropertyValueSpecification\",\"valueRequired\":true,\"valueName\":\"search_term_string\"}}],\"inLanguage\":\"tr-TR\"},{\"@type\":\"Organization\",\"@id\":\"https:\/\/mollersomega3.nl\/#organization\",\"name\":\"M\u00f6llers Omega-3\",\"url\":\"https:\/\/mollersomega3.nl\/\",\"logo\":{\"@type\":\"ImageObject\",\"inLanguage\":\"tr-TR\",\"@id\":\"https:\/\/mollersomega3.nl\/#\/schema\/logo\/image\/\",\"url\":\"https:\/\/mollersomega3.nl\/wp-content\/uploads\/2020\/07\/mollers-logo-bestellingen.png\",\"contentUrl\":\"https:\/\/mollersomega3.nl\/wp-content\/uploads\/2020\/07\/mollers-logo-bestellingen.png\",\"width\":250,\"height\":86,\"caption\":\"M\u00f6llers Omega-3\"},\"image\":{\"@id\":\"https:\/\/mollersomega3.nl\/#\/schema\/logo\/image\/\"},\"sameAs\":[\"https:\/\/www.facebook.com\/MollersOmega3NL\",\"https:\/\/www.instagram.com\/mollersomega3nl\/\",\"https:\/\/nl.linkedin.com\/company\/good-life-international\",\"https:\/\/www.bol.com\/nl\/nl\/m\/mollers\/\",\"https:\/\/mollersomega3.nl\/en\/\"],\"foundingDate\":\"1854\",\"areaServed\":[\"GB\",\"IE\",\"US\",\"CA\",\"AU\",\"NZ\",\"NL\"],\"knowsAbout\":[\"omega-3\",\"cod liver oil\",\"fish oil\",\"DHA\",\"EPA\",\"vitamin D\"],\"description\":\"Norwegian premium omega-3 brand since 1854. Cod liver oil and fish oil supplements with omega-3, vitamins A, D and E.\"}]}<\/script>\n<!-- \/ Yoast SEO Premium plugin. -->","yoast_head_json":{"title":"M\u00f6ller's Alt\u0131n Ka\u015f\u0131k - Hat\u0131rlat\u0131c\u0131 - M\u00f6llers Omega-3","description":"Bu g\u00fczel alt\u0131n ka\u015f\u0131k \u00e7ekmecenizde durarak M\u00f6ller's'i her g\u00fcn hat\u0131rlaman\u0131z\u0131 ve g\u00fcnl\u00fck dozunuzu unutmaman\u0131z\u0131 sa\u011flar. G\u00fcnde bir ka\u015f\u0131k!","robots":{"index":"index","follow":"follow","max-snippet":"max-snippet:-1","max-image-preview":"max-image-preview:large","max-video-preview":"max-video-preview:-1"},"canonical":"https:\/\/mollersomega3.nl\/tr\/product\/mollers-altin-kasik\/","og_locale":"tr_TR","og_type":"article","og_title":"M\u00f6ller's Alt\u0131n Ka\u015f\u0131k","og_description":"Bu g\u00fczel alt\u0131n ka\u015f\u0131k \u00e7ekmecenizde durarak M\u00f6ller's'i her g\u00fcn hat\u0131rlaman\u0131z\u0131 ve g\u00fcnl\u00fck dozunuzu unutmaman\u0131z\u0131 sa\u011flar. G\u00fcnde bir ka\u015f\u0131k!","og_url":"https:\/\/mollersomega3.nl\/tr\/product\/mollers-altin-kasik\/","og_site_name":"M\u00f6llers Omega-3","article_publisher":"https:\/\/www.facebook.com\/mollersomega3nl","article_modified_time":"2026-04-11T14:01:16+00:00","og_image":[{"width":600,"height":600,"url":"https:\/\/mollersomega3.nl\/tr\/wp-content\/uploads\/2020\/11\/Gouden-lepel.png","type":"image\/png"}],"twitter_card":"summary_large_image","twitter_site":"@mollersomega3nl","twitter_misc":{"Est. reading time":"1 minute"},"schema":{"@context":"https:\/\/schema.org","@graph":[{"@type":"WebPage","@id":"https:\/\/mollersomega3.nl\/tr\/product\/mollers-altin-kasik\/","url":"https:\/\/mollersomega3.nl\/tr\/product\/mollers-altin-kasik\/","name":"M\u00f6ller's Alt\u0131n Ka\u015f\u0131k - Hat\u0131rlat\u0131c\u0131 - M\u00f6llers Omega-3","isPartOf":{"@id":"https:\/\/mollersomega3.nl\/#website"},"primaryImageOfPage":{"@id":"https:\/\/mollersomega3.nl\/tr\/product\/mollers-altin-kasik\/#primaryimage"},"image":{"@id":"https:\/\/mollersomega3.nl\/tr\/product\/mollers-altin-kasik\/#primaryimage"},"thumbnailUrl":"https:\/\/mollersomega3.nl\/wp-content\/uploads\/2020\/11\/Gouden-lepel.png","datePublished":"2020-11-03T14:21:53+00:00","dateModified":"2026-04-11T14:01:16+00:00","description":"Bu g\u00fczel alt\u0131n ka\u015f\u0131k \u00e7ekmecenizde durarak M\u00f6ller's'i her g\u00fcn hat\u0131rlaman\u0131z\u0131 ve g\u00fcnl\u00fck dozunuzu unutmaman\u0131z\u0131 sa\u011flar. G\u00fcnde bir ka\u015f\u0131k!","breadcrumb":{"@id":"https:\/\/mollersomega3.nl\/tr\/product\/mollers-altin-kasik\/#breadcrumb"},"inLanguage":"tr-TR","potentialAction":[{"@type":"ReadAction","target":["https:\/\/mollersomega3.nl\/tr\/product\/mollers-altin-kasik\/"]}]},{"@type":"ImageObject","inLanguage":"tr-TR","@id":"https:\/\/mollersomega3.nl\/tr\/product\/mollers-altin-kasik\/#primaryimage","url":"https:\/\/mollersomega3.nl\/wp-content\/uploads\/2020\/11\/Gouden-lepel.png","contentUrl":"https:\/\/mollersomega3.nl\/wp-content\/uploads\/2020\/11\/Gouden-lepel.png","width":600,"height":600},{"@type":"BreadcrumbList","@id":"https:\/\/mollersomega3.nl\/tr\/product\/mollers-altin-kasik\/#breadcrumb","itemListElement":[{"@type":"ListItem","position":1,"name":"Ana Sayfa","item":"https:\/\/mollersomega3.nl\/tr\/"},{"@type":"ListItem","position":2,"name":"\u00dcr\u00fcnler","item":"https:\/\/mollersomega3.nl\/tr\/urunler\/"},{"@type":"ListItem","position":3,"name":"M\u00f6ller&#8217;s Alt\u0131n Ka\u015f\u0131k"}]},{"@type":"WebSite","@id":"https:\/\/mollersomega3.nl\/#website","url":"https:\/\/mollersomega3.nl\/","name":"M\u00f6llers Omega-3","description":"A Spoonful of Life since 1854","publisher":{"@id":"https:\/\/mollersomega3.nl\/#organization"},"potentialAction":[{"@type":"SearchAction","target":{"@type":"EntryPoint","urlTemplate":"https:\/\/mollersomega3.nl\/?s={search_term_string}"},"query-input":{"@type":"PropertyValueSpecification","valueRequired":true,"valueName":"search_term_string"}}],"inLanguage":"tr-TR"},{"@type":"Organization","@id":"https:\/\/mollersomega3.nl\/#organization","name":"M\u00f6llers Omega-3","url":"https:\/\/mollersomega3.nl\/","logo":{"@type":"ImageObject","inLanguage":"tr-TR","@id":"https:\/\/mollersomega3.nl\/#\/schema\/logo\/image\/","url":"https:\/\/mollersomega3.nl\/wp-content\/uploads\/2020\/07\/mollers-logo-bestellingen.png","contentUrl":"https:\/\/mollersomega3.nl\/wp-content\/uploads\/2020\/07\/mollers-logo-bestellingen.png","width":250,"height":86,"caption":"M\u00f6llers Omega-3"},"image":{"@id":"https:\/\/mollersomega3.nl\/#\/schema\/logo\/image\/"},"sameAs":["https:\/\/www.facebook.com\/MollersOmega3NL","https:\/\/www.instagram.com\/mollersomega3nl\/","https:\/\/nl.linkedin.com\/company\/good-life-international","https:\/\/www.bol.com\/nl\/nl\/m\/mollers\/","https:\/\/mollersomega3.nl\/en\/"],"foundingDate":"1854","areaServed":["GB","IE","US","CA","AU","NZ","NL"],"knowsAbout":["omega-3","cod liver oil","fish oil","DHA","EPA","vitamin D"],"description":"Norwegian premium omega-3 brand since 1854. Cod liver oil and fish oil supplements with omega-3, vitamins A, D and E."}]}},"_links":{"self":[{"href":"https:\/\/mollersomega3.nl\/tr\/wp-json\/wp\/v2\/product\/1005960","targetHints":{"allow":["GET"]}}],"collection":[{"href":"https:\/\/mollersomega3.nl\/tr\/wp-json\/wp\/v2\/product"}],"about":[{"href":"https:\/\/mollersomega3.nl\/tr\/wp-json\/wp\/v2\/types\/product"}],"replies":[{"embeddable":true,"href":"https:\/\/mollersomega3.nl\/tr\/wp-json\/wp\/v2\/comments?post=1005960"}],"wp:featuredmedia":[{"embeddable":true,"href":"https:\/\/mollersomega3.nl\/tr\/wp-json\/wp\/v2\/media\/1006488"}],"wp:attachment":[{"href":"https:\/\/mollersomega3.nl\/tr\/wp-json\/wp\/v2\/media?parent=1005960"}],"wp:term":[{"taxonomy":"product_brand","embeddable":true,"href":"https:\/\/mollersomega3.nl\/tr\/wp-json\/wp\/v2\/product_brand?post=1005960"},{"taxonomy":"product_cat","embeddable":true,"href":"https:\/\/mollersomega3.nl\/tr\/wp-json\/wp\/v2\/product_cat?post=1005960"},{"taxonomy":"product_tag","embeddable":true,"href":"https:\/\/mollersomega3.nl\/tr\/wp-json\/wp\/v2\/product_tag?post=1005960"}],"curies":[{"name":"wp","href":"https:\/\/api.w.org\/{rel}","templated":true}]}}