{"id":1005962,"date":"2022-06-21T15:05:33","date_gmt":"2022-06-21T13:05:33","guid":{"rendered":"https:\/\/mollersomega3.nl\/product\/mollers-olcu-kasigi\/"},"modified":"2022-06-21T15:05:33","modified_gmt":"2022-06-21T13:05:33","slug":"mollers-olcu-kasigi","status":"publish","type":"product","link":"https:\/\/mollersomega3.nl\/tr\/product\/mollers-olcu-kasigi\/","title":{"rendered":"M\u00f6ller&#8217;s \u00d6l\u00e7\u00fc Ka\u015f\u0131\u011f\u0131"},"content":{"rendered":"<p><strong>Bu 5 ml&#8217;lik \u00f6l\u00e7\u00fc ka\u015f\u0131\u011f\u0131, M\u00f6ller \u201cs Omega-3 Bal\u0131k Ya\u011f\u0131&#8217;n\u0131 kolayca dozlamak i\u00e7in idealdir. Ka\u015f\u0131\u011f\u0131 5 ml \u00e7izgisine kadar doldurun ve garanti edilmi\u015f do\u011fru miktarda omega-3 ya\u011f asidi al\u0131n. <a href=\"https:\/\/mollersomega3.nl\/producten\/\">M\u00f6ller<\/a>\u201d s Omega-3 Bal\u0131k Ya\u011f\u0131&#8217;n\u0131n \u00f6nerilen g\u00fcnl\u00fck dozu 5 ml&#8217;dir.  <\/strong><\/p>\n<h2>Dozlama<\/h2>\n<p>Yeti\u015fkinler ve 3 ya\u015f \u00fcst\u00fc \u00e7ocuklar i\u00e7in \u00f6nerilen miktar:<strong> 5 ml<\/strong><\/p>\n<p>6 aydan b\u00fcy\u00fck \u00e7ocuklar i\u00e7in \u00f6nerilen miktar: <strong>2,5 ml<br \/>\n<\/strong><em>Tavsiye, g\u00fcnde yar\u0131m tatl\u0131 ka\u015f\u0131\u011f\u0131 ile ba\u015flamakt\u0131r. \u00c7ocuk ya\u011fa al\u0131\u015ft\u0131ktan sonra, bu miktar g\u00fcnde 5 ml&#8217;ye kadar art\u0131r\u0131labilir. <\/em><\/p>\n<p>Bu \u00f6l\u00e7\u00fc ka\u015f\u0131\u011f\u0131 ile 2,5 ml&#8217;yi de kolayca dozlamak m\u00fcmk\u00fcnd\u00fcr.<\/p>\n<h2>\u00d6zellikler<\/h2>\n<ul>\n<li>0,5 ml, 2,5 ml ve 5 ml&#8217;de \u00f6l\u00e7\u00fc \u00e7izgileri.<\/li>\n<li>Malzeme PP (polipropilen)&#8217;dir.<\/li>\n<\/ul>\n","protected":false},"excerpt":{"rendered":"<ul>\n<li>M\u00f6ller&#8217;s \u00fcr\u00fcn\u00fcn\u00fc kolayca dozlamak i\u00e7in ideal<\/li>\n<li>2,5 ve 5 ml dozlama i\u00e7in uygundur<\/li>\n<li>Garanti edilmi\u015f do\u011fru omega-3 miktar\u0131<\/li>\n<\/ul>\n<p><strong>Bu \u00f6l\u00e7\u00fc ka\u015f\u0131\u011f\u0131 ile M\u00f6ller&#8217;s Omega-3 Bal\u0131k Ya\u011f\u0131&#8217;n\u0131n g\u00fcnl\u00fck dozunu do\u011fru bir \u015fekilde \u00f6l\u00e7ebilirsiniz. Hem 2,5 hem de 5 ml bu \u015fekilde kolayca dozlanabilir. <\/strong><\/p>\n","protected":false},"featured_media":1006925,"comment_status":"open","ping_status":"closed","template":"","meta":{"_yoast_wpseo_focuskw":"\u00f6l\u00e7\u00fc ka\u015f\u0131\u011f\u0131","_yoast_wpseo_title":"","_yoast_wpseo_metadesc":"Bu \u00f6l\u00e7\u00fc ka\u015f\u0131\u011f\u0131 ile M\u00f6ller's Omega-3 Bal\u0131k Ya\u011f\u0131'n\u0131n g\u00fcnl\u00fck dozunu do\u011fru bir \u015fekilde \u00f6l\u00e7ebilirsiniz. 2,5 ve 5 ml'lik kolay dozlama i\u00e7in.","_monsterinsights_skip_tracking":false,"_monsterinsights_sitenote_active":false,"_monsterinsights_sitenote_note":"","_monsterinsights_sitenote_category":0},"product_brand":[],"product_cat":[571],"product_tag":[],"class_list":{"0":"post-1005962","1":"product","2":"type-product","3":"status-publish","4":"has-post-thumbnail","6":"product_cat-aksesuarlar","8":"first","9":"instock","10":"taxable","11":"shipping-taxable","12":"purchasable","13":"product-type-simple"},"wcpa_form_fields":null,"yoast_head":"<!-- This site is optimized with the Yoast SEO Premium plugin v25.1 (Yoast SEO v25.1) - https:\/\/yoast.com\/wordpress\/plugins\/seo\/ -->\n<title>M\u00f6ller&#039;s \u00d6l\u00e7\u00fc Ka\u015f\u0131\u011f\u0131 - M\u00f6llers Omega-3<\/title>\n<meta name=\"description\" content=\"Bu \u00f6l\u00e7\u00fc ka\u015f\u0131\u011f\u0131 ile M\u00f6ller&#039;s Omega-3 Bal\u0131k Ya\u011f\u0131&#039;n\u0131n g\u00fcnl\u00fck dozunu do\u011fru bir \u015fekilde \u00f6l\u00e7ebilirsiniz. 2,5 ve 5 ml&#039;lik kolay dozlama i\u00e7in.\" \/>\n<meta name=\"robots\" content=\"index, follow, max-snippet:-1, max-image-preview:large, max-video-preview:-1\" \/>\n<link rel=\"canonical\" href=\"https:\/\/mollersomega3.nl\/product\/mollers-maatlepel\/\" \/>\n<meta property=\"og:locale\" content=\"tr_TR\" \/>\n<meta property=\"og:type\" content=\"article\" \/>\n<meta property=\"og:title\" content=\"M\u00f6ller&#039;s \u00d6l\u00e7\u00fc Ka\u015f\u0131\u011f\u0131\" \/>\n<meta property=\"og:description\" content=\"Bu \u00f6l\u00e7\u00fc ka\u015f\u0131\u011f\u0131 ile M\u00f6ller&#039;s Omega-3 Bal\u0131k Ya\u011f\u0131&#039;n\u0131n g\u00fcnl\u00fck dozunu do\u011fru bir \u015fekilde \u00f6l\u00e7ebilirsiniz. 2,5 ve 5 ml&#039;lik kolay dozlama i\u00e7in.\" \/>\n<meta property=\"og:url\" content=\"https:\/\/mollersomega3.nl\/product\/mollers-maatlepel\/\" \/>\n<meta property=\"og:site_name\" content=\"M\u00f6llers Omega-3\" \/>\n<meta property=\"article:publisher\" content=\"https:\/\/www.facebook.com\/mollersomega3nl\" \/>\n<meta property=\"og:image\" content=\"https:\/\/mollersomega3.nl\/wp-content\/uploads\/2022\/06\/Maatlepel-transparant-1.png\" \/>\n\t<meta property=\"og:image:width\" content=\"744\" \/>\n\t<meta property=\"og:image:height\" content=\"744\" \/>\n\t<meta property=\"og:image:type\" content=\"image\/png\" \/>\n<meta name=\"twitter:card\" content=\"summary_large_image\" \/>\n<meta name=\"twitter:site\" content=\"@mollersomega3nl\" \/>\n<meta name=\"twitter:label1\" content=\"Est. reading time\" \/>\n\t<meta name=\"twitter:data1\" content=\"1 minute\" \/>\n<script type=\"application\/ld+json\" class=\"yoast-schema-graph\">{\"@context\":\"https:\/\/schema.org\",\"@graph\":[{\"@type\":\"WebPage\",\"@id\":\"https:\/\/mollersomega3.nl\/product\/mollers-maatlepel\/\",\"url\":\"https:\/\/mollersomega3.nl\/product\/mollers-maatlepel\/\",\"name\":\"M\u00f6ller's \u00d6l\u00e7\u00fc Ka\u015f\u0131\u011f\u0131 - M\u00f6llers Omega-3\",\"isPartOf\":{\"@id\":\"https:\/\/mollersomega3.nl\/#website\"},\"primaryImageOfPage\":{\"@id\":\"https:\/\/mollersomega3.nl\/product\/mollers-maatlepel\/#primaryimage\"},\"image\":{\"@id\":\"https:\/\/mollersomega3.nl\/product\/mollers-maatlepel\/#primaryimage\"},\"thumbnailUrl\":\"https:\/\/mollersomega3.nl\/wp-content\/uploads\/2022\/06\/Maatlepel-transparant-1.png\",\"datePublished\":\"2022-06-21T13:05:33+00:00\",\"description\":\"Bu \u00f6l\u00e7\u00fc ka\u015f\u0131\u011f\u0131 ile M\u00f6ller's Omega-3 Bal\u0131k Ya\u011f\u0131'n\u0131n g\u00fcnl\u00fck dozunu do\u011fru bir \u015fekilde \u00f6l\u00e7ebilirsiniz. 2,5 ve 5 ml'lik kolay dozlama i\u00e7in.\",\"breadcrumb\":{\"@id\":\"https:\/\/mollersomega3.nl\/product\/mollers-maatlepel\/#breadcrumb\"},\"inLanguage\":\"tr-TR\",\"potentialAction\":[{\"@type\":\"ReadAction\",\"target\":[\"https:\/\/mollersomega3.nl\/product\/mollers-maatlepel\/\"]}]},{\"@type\":\"ImageObject\",\"inLanguage\":\"tr-TR\",\"@id\":\"https:\/\/mollersomega3.nl\/product\/mollers-maatlepel\/#primaryimage\",\"url\":\"https:\/\/mollersomega3.nl\/wp-content\/uploads\/2022\/06\/Maatlepel-transparant-1.png\",\"contentUrl\":\"https:\/\/mollersomega3.nl\/wp-content\/uploads\/2022\/06\/Maatlepel-transparant-1.png\",\"width\":744,\"height\":744},{\"@type\":\"BreadcrumbList\",\"@id\":\"https:\/\/mollersomega3.nl\/product\/mollers-maatlepel\/#breadcrumb\",\"itemListElement\":[{\"@type\":\"ListItem\",\"position\":1,\"name\":\"Ana Sayfa\",\"item\":\"https:\/\/mollersomega3.nl\/tr\/\"},{\"@type\":\"ListItem\",\"position\":2,\"name\":\"\u00dcr\u00fcnler\",\"item\":\"https:\/\/mollersomega3.nl\/tr\/urunler\/\"},{\"@type\":\"ListItem\",\"position\":3,\"name\":\"M\u00f6ller&#8217;s \u00d6l\u00e7\u00fc Ka\u015f\u0131\u011f\u0131\"}]},{\"@type\":\"WebSite\",\"@id\":\"https:\/\/mollersomega3.nl\/#website\",\"url\":\"https:\/\/mollersomega3.nl\/\",\"name\":\"M\u00f6llers Omega-3\",\"description\":\"A Spoonful of Life since 1854\",\"publisher\":{\"@id\":\"https:\/\/mollersomega3.nl\/#organization\"},\"potentialAction\":[{\"@type\":\"SearchAction\",\"target\":{\"@type\":\"EntryPoint\",\"urlTemplate\":\"https:\/\/mollersomega3.nl\/?s={search_term_string}\"},\"query-input\":{\"@type\":\"PropertyValueSpecification\",\"valueRequired\":true,\"valueName\":\"search_term_string\"}}],\"inLanguage\":\"tr-TR\"},{\"@type\":\"Organization\",\"@id\":\"https:\/\/mollersomega3.nl\/#organization\",\"name\":\"M\u00f6llers Omega-3\",\"url\":\"https:\/\/mollersomega3.nl\/\",\"logo\":{\"@type\":\"ImageObject\",\"inLanguage\":\"tr-TR\",\"@id\":\"https:\/\/mollersomega3.nl\/#\/schema\/logo\/image\/\",\"url\":\"https:\/\/mollersomega3.nl\/wp-content\/uploads\/2020\/07\/mollers-logo-bestellingen.png\",\"contentUrl\":\"https:\/\/mollersomega3.nl\/wp-content\/uploads\/2020\/07\/mollers-logo-bestellingen.png\",\"width\":250,\"height\":86,\"caption\":\"M\u00f6llers Omega-3\"},\"image\":{\"@id\":\"https:\/\/mollersomega3.nl\/#\/schema\/logo\/image\/\"},\"sameAs\":[\"https:\/\/www.facebook.com\/MollersOmega3NL\",\"https:\/\/www.instagram.com\/mollersomega3nl\/\",\"https:\/\/nl.linkedin.com\/company\/good-life-international\",\"https:\/\/www.bol.com\/nl\/nl\/m\/mollers\/\",\"https:\/\/mollersomega3.nl\/en\/\"],\"foundingDate\":\"1854\",\"areaServed\":[\"GB\",\"IE\",\"US\",\"CA\",\"AU\",\"NZ\",\"NL\"],\"knowsAbout\":[\"omega-3\",\"cod liver oil\",\"fish oil\",\"DHA\",\"EPA\",\"vitamin D\"],\"description\":\"Norwegian premium omega-3 brand since 1854. Cod liver oil and fish oil supplements with omega-3, vitamins A, D and E.\"}]}<\/script>\n<!-- \/ Yoast SEO Premium plugin. -->","yoast_head_json":{"title":"M\u00f6ller's \u00d6l\u00e7\u00fc Ka\u015f\u0131\u011f\u0131 - M\u00f6llers Omega-3","description":"Bu \u00f6l\u00e7\u00fc ka\u015f\u0131\u011f\u0131 ile M\u00f6ller's Omega-3 Bal\u0131k Ya\u011f\u0131'n\u0131n g\u00fcnl\u00fck dozunu do\u011fru bir \u015fekilde \u00f6l\u00e7ebilirsiniz. 2,5 ve 5 ml'lik kolay dozlama i\u00e7in.","robots":{"index":"index","follow":"follow","max-snippet":"max-snippet:-1","max-image-preview":"max-image-preview:large","max-video-preview":"max-video-preview:-1"},"canonical":"https:\/\/mollersomega3.nl\/product\/mollers-maatlepel\/","og_locale":"tr_TR","og_type":"article","og_title":"M\u00f6ller's \u00d6l\u00e7\u00fc Ka\u015f\u0131\u011f\u0131","og_description":"Bu \u00f6l\u00e7\u00fc ka\u015f\u0131\u011f\u0131 ile M\u00f6ller's Omega-3 Bal\u0131k Ya\u011f\u0131'n\u0131n g\u00fcnl\u00fck dozunu do\u011fru bir \u015fekilde \u00f6l\u00e7ebilirsiniz. 2,5 ve 5 ml'lik kolay dozlama i\u00e7in.","og_url":"https:\/\/mollersomega3.nl\/product\/mollers-maatlepel\/","og_site_name":"M\u00f6llers Omega-3","article_publisher":"https:\/\/www.facebook.com\/mollersomega3nl","og_image":[{"width":744,"height":744,"url":"https:\/\/mollersomega3.nl\/wp-content\/uploads\/2022\/06\/Maatlepel-transparant-1.png","type":"image\/png"}],"twitter_card":"summary_large_image","twitter_site":"@mollersomega3nl","twitter_misc":{"Est. reading time":"1 minute"},"schema":{"@context":"https:\/\/schema.org","@graph":[{"@type":"WebPage","@id":"https:\/\/mollersomega3.nl\/product\/mollers-maatlepel\/","url":"https:\/\/mollersomega3.nl\/product\/mollers-maatlepel\/","name":"M\u00f6ller's \u00d6l\u00e7\u00fc Ka\u015f\u0131\u011f\u0131 - M\u00f6llers Omega-3","isPartOf":{"@id":"https:\/\/mollersomega3.nl\/#website"},"primaryImageOfPage":{"@id":"https:\/\/mollersomega3.nl\/product\/mollers-maatlepel\/#primaryimage"},"image":{"@id":"https:\/\/mollersomega3.nl\/product\/mollers-maatlepel\/#primaryimage"},"thumbnailUrl":"https:\/\/mollersomega3.nl\/wp-content\/uploads\/2022\/06\/Maatlepel-transparant-1.png","datePublished":"2022-06-21T13:05:33+00:00","description":"Bu \u00f6l\u00e7\u00fc ka\u015f\u0131\u011f\u0131 ile M\u00f6ller's Omega-3 Bal\u0131k Ya\u011f\u0131'n\u0131n g\u00fcnl\u00fck dozunu do\u011fru bir \u015fekilde \u00f6l\u00e7ebilirsiniz. 2,5 ve 5 ml'lik kolay dozlama i\u00e7in.","breadcrumb":{"@id":"https:\/\/mollersomega3.nl\/product\/mollers-maatlepel\/#breadcrumb"},"inLanguage":"tr-TR","potentialAction":[{"@type":"ReadAction","target":["https:\/\/mollersomega3.nl\/product\/mollers-maatlepel\/"]}]},{"@type":"ImageObject","inLanguage":"tr-TR","@id":"https:\/\/mollersomega3.nl\/product\/mollers-maatlepel\/#primaryimage","url":"https:\/\/mollersomega3.nl\/wp-content\/uploads\/2022\/06\/Maatlepel-transparant-1.png","contentUrl":"https:\/\/mollersomega3.nl\/wp-content\/uploads\/2022\/06\/Maatlepel-transparant-1.png","width":744,"height":744},{"@type":"BreadcrumbList","@id":"https:\/\/mollersomega3.nl\/product\/mollers-maatlepel\/#breadcrumb","itemListElement":[{"@type":"ListItem","position":1,"name":"Ana Sayfa","item":"https:\/\/mollersomega3.nl\/tr\/"},{"@type":"ListItem","position":2,"name":"\u00dcr\u00fcnler","item":"https:\/\/mollersomega3.nl\/tr\/urunler\/"},{"@type":"ListItem","position":3,"name":"M\u00f6ller&#8217;s \u00d6l\u00e7\u00fc Ka\u015f\u0131\u011f\u0131"}]},{"@type":"WebSite","@id":"https:\/\/mollersomega3.nl\/#website","url":"https:\/\/mollersomega3.nl\/","name":"M\u00f6llers Omega-3","description":"A Spoonful of Life since 1854","publisher":{"@id":"https:\/\/mollersomega3.nl\/#organization"},"potentialAction":[{"@type":"SearchAction","target":{"@type":"EntryPoint","urlTemplate":"https:\/\/mollersomega3.nl\/?s={search_term_string}"},"query-input":{"@type":"PropertyValueSpecification","valueRequired":true,"valueName":"search_term_string"}}],"inLanguage":"tr-TR"},{"@type":"Organization","@id":"https:\/\/mollersomega3.nl\/#organization","name":"M\u00f6llers Omega-3","url":"https:\/\/mollersomega3.nl\/","logo":{"@type":"ImageObject","inLanguage":"tr-TR","@id":"https:\/\/mollersomega3.nl\/#\/schema\/logo\/image\/","url":"https:\/\/mollersomega3.nl\/wp-content\/uploads\/2020\/07\/mollers-logo-bestellingen.png","contentUrl":"https:\/\/mollersomega3.nl\/wp-content\/uploads\/2020\/07\/mollers-logo-bestellingen.png","width":250,"height":86,"caption":"M\u00f6llers Omega-3"},"image":{"@id":"https:\/\/mollersomega3.nl\/#\/schema\/logo\/image\/"},"sameAs":["https:\/\/www.facebook.com\/MollersOmega3NL","https:\/\/www.instagram.com\/mollersomega3nl\/","https:\/\/nl.linkedin.com\/company\/good-life-international","https:\/\/www.bol.com\/nl\/nl\/m\/mollers\/","https:\/\/mollersomega3.nl\/en\/"],"foundingDate":"1854","areaServed":["GB","IE","US","CA","AU","NZ","NL"],"knowsAbout":["omega-3","cod liver oil","fish oil","DHA","EPA","vitamin D"],"description":"Norwegian premium omega-3 brand since 1854. Cod liver oil and fish oil supplements with omega-3, vitamins A, D and E."}]}},"_links":{"self":[{"href":"https:\/\/mollersomega3.nl\/tr\/wp-json\/wp\/v2\/product\/1005962","targetHints":{"allow":["GET"]}}],"collection":[{"href":"https:\/\/mollersomega3.nl\/tr\/wp-json\/wp\/v2\/product"}],"about":[{"href":"https:\/\/mollersomega3.nl\/tr\/wp-json\/wp\/v2\/types\/product"}],"replies":[{"embeddable":true,"href":"https:\/\/mollersomega3.nl\/tr\/wp-json\/wp\/v2\/comments?post=1005962"}],"wp:featuredmedia":[{"embeddable":true,"href":"https:\/\/mollersomega3.nl\/tr\/wp-json\/wp\/v2\/media\/1006925"}],"wp:attachment":[{"href":"https:\/\/mollersomega3.nl\/tr\/wp-json\/wp\/v2\/media?parent=1005962"}],"wp:term":[{"taxonomy":"product_brand","embeddable":true,"href":"https:\/\/mollersomega3.nl\/tr\/wp-json\/wp\/v2\/product_brand?post=1005962"},{"taxonomy":"product_cat","embeddable":true,"href":"https:\/\/mollersomega3.nl\/tr\/wp-json\/wp\/v2\/product_cat?post=1005962"},{"taxonomy":"product_tag","embeddable":true,"href":"https:\/\/mollersomega3.nl\/tr\/wp-json\/wp\/v2\/product_tag?post=1005962"}],"curies":[{"name":"wp","href":"https:\/\/api.w.org\/{rel}","templated":true}]}}