{"id":1005963,"date":"2024-08-27T16:11:07","date_gmt":"2024-08-27T14:11:07","guid":{"rendered":"https:\/\/mollersomega3.nl\/product\/mollers-omega-3-aile-avantaj-paketi-3x-250ml-balik-yagi-kapsulleri\/"},"modified":"2025-10-14T13:04:37","modified_gmt":"2025-10-14T11:04:37","slug":"mollers-omega-3-aile-avantaj-paketi-3x-250ml-balik-yagi-kapsulleri","status":"publish","type":"product","link":"https:\/\/mollersomega3.nl\/tr\/product\/mollers-omega-3-aile-avantaj-paketi-3x-250ml-balik-yagi-kapsulleri\/","title":{"rendered":"M\u00f6ller&#8217;s Omega-3 Aile Avantaj Paketi 3x 250ml + Bal\u0131k Ya\u011f\u0131 Kaps\u00fclleri"},"content":{"rendered":"<p><strong>Omega-3 ba\u011f\u0131\u015f\u0131kl\u0131\u011f\u0131n\u0131z, kalbiniz ve beyniniz i\u00e7in iyidir. \u00c7ocuklar i\u00e7in ise iyi omega-3 EKSTRA \u00f6nemlidir! \u00d6rne\u011fin beyinlerinin iyi geli\u015fimi i\u00e7in gereklidir. Bu nedenle Sa\u011fl\u0131k Konseyi haftada 1-2 kez ya\u011fl\u0131 bal\u0131k yemeyi tavsiye eder. Ama&#8230; tabii ki bu her zaman m\u00fcmk\u00fcn olmaz. <\/strong><\/p>\n<p>Bu paket \u00fc\u00e7 \u015fi\u015fe M\u00f6ller&#8217;s Omega-3 y\u00fcksek kaliteli bal\u0131k ya\u011f\u0131 i\u00e7erir, omega-3 ya\u011f asitleri ve A, D ve E vitaminleri ile doludur, ve ekstra olarak bir kutu bal\u0131k ya\u011f\u0131 kaps\u00fcl\u00fc al\u0131rs\u0131n\u0131z. Bu kaps\u00fcller yolculukta ve s\u0131v\u0131 ya\u011f almay\u0131 tercih etmedi\u011finizde idealdir, b\u00f6ylece her zaman ve her yerde M\u00f6ller&#8217;s&#8217;\u0131n sa\u011fl\u0131k faydalar\u0131ndan yararlanabilirsiniz.<\/p>\n<h3>M\u00f6ller&#8217;s Omega-3 Aile Avantaj Paketi \u0130\u00e7eri\u011fi<\/h3>\n<ul>\n<li>Se\u00e7ti\u011finiz 3 \u015fi\u015fe lezzet: do\u011fal, limon, tutti frutti, elma<\/li>\n<li>M\u00f6ller&#8217;s Omega-3 Bal\u0131k Ya\u011f\u0131 Kaps\u00fclleri<\/li>\n<\/ul>\n<h2>Neden ailem i\u00e7in omega-3?<\/h2>\n<p><strong>M\u00f6ller&#8217;s Omega-3 \u00e7ocu\u011funuzun geli\u015fimini destekler:<\/strong><\/p>\n<ul>\n<li>Beyin i\u00e7in temel yap\u0131 ta\u015flar\u0131<\/li>\n<li>Keskin g\u00f6rme yetisinin geli\u015fimi<\/li>\n<li>Ba\u011f\u0131\u015f\u0131kl\u0131k i\u00e7in g\u00fc\u00e7l\u00fc bir destek<\/li>\n<\/ul>\n<p><strong>Sizin i\u00e7in de g\u00fcnl\u00fck enerji ve ba\u011f\u0131\u015f\u0131kl\u0131k ka\u015f\u0131\u011f\u0131:<\/strong><\/p>\n<ul>\n<li>Beyin i\u00e7in besin<\/li>\n<li>Sa\u011fl\u0131kl\u0131 kalp fonksiyonu ve kan damarlar\u0131<\/li>\n<li>G\u00fc\u00e7l\u00fc ba\u011f\u0131\u015f\u0131kl\u0131k sistemi<\/li>\n<\/ul>\n<p><em>G\u00fcnl\u00fck 250 mg DHA ve EPA al\u0131m\u0131 beyin, kalp ve g\u00f6zleri destekler. D vitamini sa\u011fl\u0131kl\u0131 ba\u011f\u0131\u015f\u0131kl\u0131k ve g\u00fc\u00e7l\u00fc kemikler, di\u015fler ve kaslar\u0131n korunmas\u0131n\u0131 destekler. <\/em><\/p>\n<h2>M\u00f6ller&#8217;s Omega-3 nedir?<\/h2>\n<p><img decoding=\"async\" class=\"wp-image-811 alignright\" style=\"margin: 0.5em 0px 0.5em 1em; height: 39px; text-align: left; color: #333333; text-transform: none; text-indent: 0px; letter-spacing: normal; font-size: 16px; font-style: normal; font-variant: normal; font-weight: 400; text-decoration: none; max-width: 100%; float: right;\" src=\"https:\/\/mollersomega3.nl\/wp-content\/uploads\/2020\/06\/noorse-vlag.png\" alt=\"\" width=\"54\" height=\"59\" \/>M\u00f6ller&#8217;s Omega-3 saf Norve\u00e7 bal\u0131k ya\u011f\u0131d\u0131r. Do\u011fal omega-3 (her tatl\u0131 ka\u015f\u0131kta 900 mg DHA ve EPA) ve A, D ve E vitaminlerinin e\u015fsiz bir kombinasyonudur.<\/p>\n<ul>\n<li>Do\u011fal olarak yumu\u015fak bal\u0131k tad\u0131na sahip saf bal\u0131k ya\u011f\u0131 (Do\u011fal), ferah bir limon tad\u0131 (Limon), yumu\u015fak bir elma tad\u0131 (Elma) veya lezzetli bir meyve tad\u0131 (Tutti Frutti); t\u00fcm tatlar ola\u011fan\u00fcst\u00fc lezzet i\u00e7in <a href=\"https:\/\/mollersomega3.nl\/tr\/en-iyi-tada-sahip-balik-yagi\/\">Superior Taste Award<\/a> ile \u00f6d\u00fcllendirilmi\u015ftir.<\/li>\n<li>Norve\u00e7&#8217;in Lofoten b\u00f6lgesinde s\u00fcrd\u00fcr\u00fclebilir \u015fekilde avlanan %100 yabani Arktik morinadan elde edilmi\u015ftir.<\/li>\n<li>En saf haliyle y\u00fcksek kaliteli omega-3, A, D3 ve E vitaminleri ile tamamlanm\u0131\u015ft\u0131r.<\/li>\n<li>\u00c7ok d\u00fc\u015f\u00fck oksidasyon de\u011ferine sahip (totox &lt; 5) taze bal\u0131k ya\u011f\u0131; bu nedenle mide yanmas\u0131 yapmaz.<\/li>\n<li>Omega-3 ya\u011f asitleri do\u011fal trigliserit formundad\u0131r, bu nedenle etil esterlerine g\u00f6re v\u00fccut taraf\u0131ndan daha iyi emilirler.<\/li>\n<li>S\u0131v\u0131 oldu\u011fu i\u00e7in al\u0131m\u0131 kolayd\u0131r; g\u00fcnde sadece bir tatl\u0131 ka\u015f\u0131\u011f\u0131 yeterlidir.<\/li>\n<\/ul>\n<p>M\u00f6ller \u201cs ya\u011f\u0131, \u00e7ok benzersiz ve \u00f6zenli bir <a href=\"https:\/\/mollersomega3.nl\/tr\/norvecten-kalite-ve-saflik\/\">\u00fcretim s\u00fcreci<\/a> sayesinde \u00e7ok y\u00fcksek kalitededir. M\u00f6ller\u201d s Omega-3, <a href=\"https:\/\/mollersomega3.nl\/producten\/\">4 farkl\u0131 lezzette<\/a> ve <a href=\"https:\/\/mollersomega3.nl\/producten\/\">kaps\u00fcl<\/a> formunda mevcuttur.<\/p>\n<h3>1 \u015fi\u015fenin i\u00e7eri\u011fi<\/h3>\n<p>Bir \u015fi\u015fe M\u00f6ller&#8217;s Omega-3, 250 ml = 50 g\u00fcnl\u00fck porsiyon i\u00e7erir.<\/p>\n<h3>\u0130\u00e7indekiler<\/h3>\n<p>S\u00fcrd\u00fcr\u00fclebilir \u015fekilde avlanan Arktik morinadan elde edilen bal\u0131k ya\u011f\u0131 (<strong>bal\u0131k<\/strong>), dl-\u03b1-tokoferil asetat (E vitamini) ve do\u011fal tokoferol (antioksidan).<\/p>\n<p>M\u00f6ller&#8217;s Omega-3 Limon do\u011fal limon aromas\u0131 i\u00e7erir. M\u00f6ller&#8217;s Omega-3 Elma do\u011fal elma aromas\u0131 i\u00e7erir. M\u00f6ller&#8217;s Omega-3 Tutti Frutti do\u011fal meyve aromas\u0131 i\u00e7erir.<\/p>\n<p>M\u00f6ller&#8217;s Omega-3 koruyucu madde, yapay renklendirici veya tatland\u0131r\u0131c\u0131, \u015feker veya tatland\u0131r\u0131c\u0131 i\u00e7ermez.<\/p>\n<table dir=\"ltr\" border=\"2\" rules=\"all\" cellspacing=\"2\" cellpadding=\"1\">\n<tbody>\n<tr align=\"left\" valign=\"top\">\n<td align=\"left\" valign=\"middle\">\n<h3>Besin De\u011feri<\/h3>\n<\/td>\n<td align=\"left\" valign=\"middle\">\n<h3>5 ml ba\u015f\u0131na<\/h3>\n<\/td>\n<\/tr>\n<tr align=\"left\" valign=\"top\">\n<td align=\"left\" valign=\"middle\">Omega-3 ya\u011f asitleri<\/td>\n<td align=\"left\" valign=\"middle\">1,1 g<\/td>\n<\/tr>\n<tr align=\"left\" valign=\"top\">\n<td align=\"left\" valign=\"middle\">\u2013 DHA<\/td>\n<td align=\"left\" valign=\"middle\">0,5 g<\/td>\n<\/tr>\n<tr align=\"left\" valign=\"top\">\n<td align=\"left\" valign=\"middle\">\u2013 EPA<\/td>\n<td align=\"left\" valign=\"middle\">0,4 g<\/td>\n<\/tr>\n<tr align=\"left\" valign=\"top\">\n<td align=\"left\" valign=\"middle\">D vitamini<\/td>\n<td align=\"left\" valign=\"middle\">10 mcg (%200*)<\/td>\n<\/tr>\n<tr align=\"left\" valign=\"top\">\n<td align=\"left\" valign=\"middle\">A vitamini<\/td>\n<td align=\"left\" valign=\"middle\">250 mcg (%31*)<\/td>\n<\/tr>\n<tr align=\"left\" valign=\"top\">\n<td align=\"left\" valign=\"middle\">E vitamini<\/td>\n<td align=\"left\" valign=\"middle\">3 mg (%25*)<\/td>\n<\/tr>\n<\/tbody>\n<\/table>\n<p>* Referans al\u0131m de\u011ferinin y\u00fczdesi.<\/p>\n<h3>\u00d6nerilen G\u00fcnl\u00fck Miktar<\/h3>\n<h4>Yeti\u015fkinler ve 3 ya\u015f \u00fcst\u00fc \u00e7ocuklar i\u00e7in \u00f6nerilen miktar<\/h4>\n<p>3 ya\u015f ve \u00fczeri \u00e7ocuklar ve yeti\u015fkinler i\u00e7in \u00f6nerilen g\u00fcnl\u00fck miktar: <strong>5 ml<\/strong> (= 1 tatl\u0131 ka\u015f\u0131\u011f\u0131).<br \/>\nHamile ve emziren kad\u0131nlar i\u00e7in de \u00f6nerilir.<\/p>\n<p>Besin maddelerinin optimal emilimi i\u00e7in ya\u011f\u0131 tercihen yemekle birlikte al\u0131n.<\/p>\n<h3>Buzdolab\u0131nda saklay\u0131n<\/h3>\n<p><span style=\"text-decoration: underline;\">A\u00e7\u0131lmam\u0131\u015f<\/span> \u015fi\u015feyi oda s\u0131cakl\u0131\u011f\u0131nda saklaman\u0131z\u0131 \u00f6neririz.<br \/>\nOptimal tazelik i\u00e7in <span style=\"text-decoration: underline;\">a\u00e7\u0131lm\u0131\u015f<\/span> \u015fi\u015feyi buzdolab\u0131nda saklay\u0131n. A\u00e7\u0131ld\u0131ktan sonra M\u00f6ller&#8217;s 3 ay dayan\u0131kl\u0131d\u0131r. Besin takviyelerini her zaman k\u00fc\u00e7\u00fck \u00e7ocuklar\u0131n eri\u015femeyece\u011fi yerlerde saklamak ak\u0131ll\u0131ca olacakt\u0131r.<\/p>\n<p><em><strong>Bal\u0131k Ya\u011f\u0131 Kaps\u00fcllerinin besin de\u011ferleri ve i\u00e7erikleri i\u00e7in: <a href=\"https:\/\/mollersomega3.nl\/tr\/product\/mollers-omega-3-balik-yagi-kapsulleri-160-kapsul\/\">buraya t\u0131klay\u0131n<\/a>.<\/strong><\/em><\/p>\n","protected":false},"excerpt":{"rendered":"<p>Aileniz yeterli omega-3 al\u0131yor mu? Omega-3 sa\u011fl\u0131kl\u0131 beyin, kalp ve ba\u011f\u0131\u015f\u0131kl\u0131k sistemi i\u00e7in \u00f6nemlidir ve \u00e7ocuklar\u0131n b\u00fcy\u00fcme ve geli\u015fimine katk\u0131da bulunur. Bu M\u00f6ller&#8217;s Aile Avantaj Paketi ile tamamen do\u011fru se\u00e7imi yap\u0131yorsunuz!<\/p>\n<p><strong>Ad\u0131m 1: <\/strong>A\u015fa\u011f\u0131daki se\u00e7im men\u00fcs\u00fcnden hangi lezzetleri almak istedi\u011finizi belirtebilirsiniz. <strong>Toplamda 3 \u015fi\u015fe se\u00e7in<\/strong>.<\/p>\n<p><strong>Ad\u0131m 2: <\/strong>3 \u015fi\u015fe se\u00e7ildi\u011finde, \u201cSepete ekle\u201d d\u00fc\u011fmesi <strong>koyu ye\u015fil<\/strong> renk alacakt\u0131r. Art\u0131k sepetinize ekleyebilirsiniz!<\/p>\n","protected":false},"featured_media":1007289,"comment_status":"open","ping_status":"closed","template":"","meta":{"_yoast_wpseo_focuskw":"M\u00f6ller's omega-3 aile avantaj paketi","_yoast_wpseo_title":"M\u00f6ller's Omega-3 Aile Avantaj Paketi","_yoast_wpseo_metadesc":"Kendinize ve ailenize iyi bak\u0131n. M\u00f6ller's beyin, kalp ve ba\u011f\u0131\u015f\u0131kl\u0131k i\u00e7in D vitamini i\u00e7eren saf omega-3't\u00fcr. \u015eimdi 40 \u20ac'dan fazla avantajdan yararlan\u0131n!","_monsterinsights_skip_tracking":false,"_monsterinsights_sitenote_active":false,"_monsterinsights_sitenote_note":"","_monsterinsights_sitenote_category":0},"product_brand":[],"product_cat":[539],"product_tag":[568],"class_list":{"0":"post-1005963","1":"product","2":"type-product","3":"status-publish","4":"has-post-thumbnail","6":"product_cat-paketler","7":"product_tag-karaciger","9":"first","10":"instock","11":"sale","12":"taxable","13":"shipping-taxable","14":"purchasable","15":"product-type-woosb"},"wcpa_form_fields":null,"yoast_head":"<!-- This site is optimized with the Yoast SEO Premium plugin v25.1 (Yoast SEO v25.1) - https:\/\/yoast.com\/wordpress\/plugins\/seo\/ -->\n<title>M\u00f6ller&#039;s Omega-3 Aile Avantaj Paketi<\/title>\n<meta name=\"description\" content=\"Kendinize ve ailenize iyi bak\u0131n. M\u00f6ller&#039;s beyin, kalp ve ba\u011f\u0131\u015f\u0131kl\u0131k i\u00e7in D vitamini i\u00e7eren saf omega-3&#039;t\u00fcr. \u015eimdi 40 \u20ac&#039;dan fazla avantajdan yararlan\u0131n!\" \/>\n<meta name=\"robots\" content=\"index, follow, max-snippet:-1, max-image-preview:large, max-video-preview:-1\" \/>\n<link rel=\"canonical\" href=\"https:\/\/mollersomega3.nl\/product\/mollers-omega-3-familie-voordeelpakket-3x-250ml-levertraancapsules\/\" \/>\n<meta property=\"og:locale\" content=\"tr_TR\" \/>\n<meta property=\"og:type\" content=\"article\" \/>\n<meta property=\"og:title\" content=\"M\u00f6ller&#039;s Omega-3 Aile Avantaj Paketi 3x 250ml + Bal\u0131k Ya\u011f\u0131 Kaps\u00fclleri\" \/>\n<meta property=\"og:description\" content=\"Kendinize ve ailenize iyi bak\u0131n. M\u00f6ller&#039;s beyin, kalp ve ba\u011f\u0131\u015f\u0131kl\u0131k i\u00e7in D vitamini i\u00e7eren saf omega-3&#039;t\u00fcr. \u015eimdi 40 \u20ac&#039;dan fazla avantajdan yararlan\u0131n!\" \/>\n<meta property=\"og:url\" content=\"https:\/\/mollersomega3.nl\/product\/mollers-omega-3-familie-voordeelpakket-3x-250ml-levertraancapsules\/\" \/>\n<meta property=\"og:site_name\" content=\"M\u00f6llers Omega-3\" \/>\n<meta property=\"article:publisher\" content=\"https:\/\/www.facebook.com\/mollersomega3nl\" \/>\n<meta property=\"article:modified_time\" content=\"2025-10-14T11:04:37+00:00\" \/>\n<meta property=\"og:image\" content=\"https:\/\/mollersomega3.nl\/wp-content\/uploads\/2024\/08\/Mollers_familiepakket_1000x1000.jpg\" \/>\n\t<meta property=\"og:image:width\" content=\"1000\" \/>\n\t<meta property=\"og:image:height\" content=\"1000\" \/>\n\t<meta property=\"og:image:type\" content=\"image\/jpeg\" \/>\n<meta name=\"twitter:card\" content=\"summary_large_image\" \/>\n<meta name=\"twitter:site\" content=\"@mollersomega3nl\" \/>\n<meta name=\"twitter:label1\" content=\"Est. reading time\" \/>\n\t<meta name=\"twitter:data1\" content=\"3 minutes\" \/>\n<script type=\"application\/ld+json\" class=\"yoast-schema-graph\">{\"@context\":\"https:\/\/schema.org\",\"@graph\":[{\"@type\":\"WebPage\",\"@id\":\"https:\/\/mollersomega3.nl\/product\/mollers-omega-3-familie-voordeelpakket-3x-250ml-levertraancapsules\/\",\"url\":\"https:\/\/mollersomega3.nl\/product\/mollers-omega-3-familie-voordeelpakket-3x-250ml-levertraancapsules\/\",\"name\":\"M\u00f6ller's Omega-3 Aile Avantaj Paketi\",\"isPartOf\":{\"@id\":\"https:\/\/mollersomega3.nl\/#website\"},\"primaryImageOfPage\":{\"@id\":\"https:\/\/mollersomega3.nl\/product\/mollers-omega-3-familie-voordeelpakket-3x-250ml-levertraancapsules\/#primaryimage\"},\"image\":{\"@id\":\"https:\/\/mollersomega3.nl\/product\/mollers-omega-3-familie-voordeelpakket-3x-250ml-levertraancapsules\/#primaryimage\"},\"thumbnailUrl\":\"https:\/\/mollersomega3.nl\/wp-content\/uploads\/2024\/08\/Mollers_familiepakket_1000x1000.jpg\",\"datePublished\":\"2024-08-27T14:11:07+00:00\",\"dateModified\":\"2025-10-14T11:04:37+00:00\",\"description\":\"Kendinize ve ailenize iyi bak\u0131n. M\u00f6ller's beyin, kalp ve ba\u011f\u0131\u015f\u0131kl\u0131k i\u00e7in D vitamini i\u00e7eren saf omega-3't\u00fcr. \u015eimdi 40 \u20ac'dan fazla avantajdan yararlan\u0131n!\",\"breadcrumb\":{\"@id\":\"https:\/\/mollersomega3.nl\/product\/mollers-omega-3-familie-voordeelpakket-3x-250ml-levertraancapsules\/#breadcrumb\"},\"inLanguage\":\"tr-TR\",\"potentialAction\":[{\"@type\":\"ReadAction\",\"target\":[\"https:\/\/mollersomega3.nl\/product\/mollers-omega-3-familie-voordeelpakket-3x-250ml-levertraancapsules\/\"]}]},{\"@type\":\"ImageObject\",\"inLanguage\":\"tr-TR\",\"@id\":\"https:\/\/mollersomega3.nl\/product\/mollers-omega-3-familie-voordeelpakket-3x-250ml-levertraancapsules\/#primaryimage\",\"url\":\"https:\/\/mollersomega3.nl\/wp-content\/uploads\/2024\/08\/Mollers_familiepakket_1000x1000.jpg\",\"contentUrl\":\"https:\/\/mollersomega3.nl\/wp-content\/uploads\/2024\/08\/Mollers_familiepakket_1000x1000.jpg\",\"width\":1000,\"height\":1000},{\"@type\":\"BreadcrumbList\",\"@id\":\"https:\/\/mollersomega3.nl\/product\/mollers-omega-3-familie-voordeelpakket-3x-250ml-levertraancapsules\/#breadcrumb\",\"itemListElement\":[{\"@type\":\"ListItem\",\"position\":1,\"name\":\"Ana Sayfa\",\"item\":\"https:\/\/mollersomega3.nl\/tr\/\"},{\"@type\":\"ListItem\",\"position\":2,\"name\":\"\u00dcr\u00fcnler\",\"item\":\"https:\/\/mollersomega3.nl\/tr\/urunler\/\"},{\"@type\":\"ListItem\",\"position\":3,\"name\":\"M\u00f6ller&#8217;s Omega-3 Aile Avantaj Paketi 3x 250ml + Bal\u0131k Ya\u011f\u0131 Kaps\u00fclleri\"}]},{\"@type\":\"WebSite\",\"@id\":\"https:\/\/mollersomega3.nl\/#website\",\"url\":\"https:\/\/mollersomega3.nl\/\",\"name\":\"M\u00f6llers Omega-3\",\"description\":\"A Spoonful of Life since 1854\",\"publisher\":{\"@id\":\"https:\/\/mollersomega3.nl\/#organization\"},\"potentialAction\":[{\"@type\":\"SearchAction\",\"target\":{\"@type\":\"EntryPoint\",\"urlTemplate\":\"https:\/\/mollersomega3.nl\/?s={search_term_string}\"},\"query-input\":{\"@type\":\"PropertyValueSpecification\",\"valueRequired\":true,\"valueName\":\"search_term_string\"}}],\"inLanguage\":\"tr-TR\"},{\"@type\":\"Organization\",\"@id\":\"https:\/\/mollersomega3.nl\/#organization\",\"name\":\"M\u00f6llers Omega-3\",\"url\":\"https:\/\/mollersomega3.nl\/\",\"logo\":{\"@type\":\"ImageObject\",\"inLanguage\":\"tr-TR\",\"@id\":\"https:\/\/mollersomega3.nl\/#\/schema\/logo\/image\/\",\"url\":\"https:\/\/mollersomega3.nl\/wp-content\/uploads\/2020\/07\/mollers-logo-bestellingen.png\",\"contentUrl\":\"https:\/\/mollersomega3.nl\/wp-content\/uploads\/2020\/07\/mollers-logo-bestellingen.png\",\"width\":250,\"height\":86,\"caption\":\"M\u00f6llers Omega-3\"},\"image\":{\"@id\":\"https:\/\/mollersomega3.nl\/#\/schema\/logo\/image\/\"},\"sameAs\":[\"https:\/\/www.facebook.com\/MollersOmega3NL\",\"https:\/\/www.instagram.com\/mollersomega3nl\/\",\"https:\/\/nl.linkedin.com\/company\/good-life-international\",\"https:\/\/www.bol.com\/nl\/nl\/m\/mollers\/\",\"https:\/\/mollersomega3.nl\/en\/\"],\"foundingDate\":\"1854\",\"areaServed\":[\"GB\",\"IE\",\"US\",\"CA\",\"AU\",\"NZ\",\"NL\"],\"knowsAbout\":[\"omega-3\",\"cod liver oil\",\"fish oil\",\"DHA\",\"EPA\",\"vitamin D\"],\"description\":\"Norwegian premium omega-3 brand since 1854. Cod liver oil and fish oil supplements with omega-3, vitamins A, D and E.\"}]}<\/script>\n<!-- \/ Yoast SEO Premium plugin. -->","yoast_head_json":{"title":"M\u00f6ller's Omega-3 Aile Avantaj Paketi","description":"Kendinize ve ailenize iyi bak\u0131n. M\u00f6ller's beyin, kalp ve ba\u011f\u0131\u015f\u0131kl\u0131k i\u00e7in D vitamini i\u00e7eren saf omega-3't\u00fcr. \u015eimdi 40 \u20ac'dan fazla avantajdan yararlan\u0131n!","robots":{"index":"index","follow":"follow","max-snippet":"max-snippet:-1","max-image-preview":"max-image-preview:large","max-video-preview":"max-video-preview:-1"},"canonical":"https:\/\/mollersomega3.nl\/product\/mollers-omega-3-familie-voordeelpakket-3x-250ml-levertraancapsules\/","og_locale":"tr_TR","og_type":"article","og_title":"M\u00f6ller's Omega-3 Aile Avantaj Paketi 3x 250ml + Bal\u0131k Ya\u011f\u0131 Kaps\u00fclleri","og_description":"Kendinize ve ailenize iyi bak\u0131n. M\u00f6ller's beyin, kalp ve ba\u011f\u0131\u015f\u0131kl\u0131k i\u00e7in D vitamini i\u00e7eren saf omega-3't\u00fcr. \u015eimdi 40 \u20ac'dan fazla avantajdan yararlan\u0131n!","og_url":"https:\/\/mollersomega3.nl\/product\/mollers-omega-3-familie-voordeelpakket-3x-250ml-levertraancapsules\/","og_site_name":"M\u00f6llers Omega-3","article_publisher":"https:\/\/www.facebook.com\/mollersomega3nl","article_modified_time":"2025-10-14T11:04:37+00:00","og_image":[{"width":1000,"height":1000,"url":"https:\/\/mollersomega3.nl\/wp-content\/uploads\/2024\/08\/Mollers_familiepakket_1000x1000.jpg","type":"image\/jpeg"}],"twitter_card":"summary_large_image","twitter_site":"@mollersomega3nl","twitter_misc":{"Est. reading time":"3 minutes"},"schema":{"@context":"https:\/\/schema.org","@graph":[{"@type":"WebPage","@id":"https:\/\/mollersomega3.nl\/product\/mollers-omega-3-familie-voordeelpakket-3x-250ml-levertraancapsules\/","url":"https:\/\/mollersomega3.nl\/product\/mollers-omega-3-familie-voordeelpakket-3x-250ml-levertraancapsules\/","name":"M\u00f6ller's Omega-3 Aile Avantaj Paketi","isPartOf":{"@id":"https:\/\/mollersomega3.nl\/#website"},"primaryImageOfPage":{"@id":"https:\/\/mollersomega3.nl\/product\/mollers-omega-3-familie-voordeelpakket-3x-250ml-levertraancapsules\/#primaryimage"},"image":{"@id":"https:\/\/mollersomega3.nl\/product\/mollers-omega-3-familie-voordeelpakket-3x-250ml-levertraancapsules\/#primaryimage"},"thumbnailUrl":"https:\/\/mollersomega3.nl\/wp-content\/uploads\/2024\/08\/Mollers_familiepakket_1000x1000.jpg","datePublished":"2024-08-27T14:11:07+00:00","dateModified":"2025-10-14T11:04:37+00:00","description":"Kendinize ve ailenize iyi bak\u0131n. M\u00f6ller's beyin, kalp ve ba\u011f\u0131\u015f\u0131kl\u0131k i\u00e7in D vitamini i\u00e7eren saf omega-3't\u00fcr. \u015eimdi 40 \u20ac'dan fazla avantajdan yararlan\u0131n!","breadcrumb":{"@id":"https:\/\/mollersomega3.nl\/product\/mollers-omega-3-familie-voordeelpakket-3x-250ml-levertraancapsules\/#breadcrumb"},"inLanguage":"tr-TR","potentialAction":[{"@type":"ReadAction","target":["https:\/\/mollersomega3.nl\/product\/mollers-omega-3-familie-voordeelpakket-3x-250ml-levertraancapsules\/"]}]},{"@type":"ImageObject","inLanguage":"tr-TR","@id":"https:\/\/mollersomega3.nl\/product\/mollers-omega-3-familie-voordeelpakket-3x-250ml-levertraancapsules\/#primaryimage","url":"https:\/\/mollersomega3.nl\/wp-content\/uploads\/2024\/08\/Mollers_familiepakket_1000x1000.jpg","contentUrl":"https:\/\/mollersomega3.nl\/wp-content\/uploads\/2024\/08\/Mollers_familiepakket_1000x1000.jpg","width":1000,"height":1000},{"@type":"BreadcrumbList","@id":"https:\/\/mollersomega3.nl\/product\/mollers-omega-3-familie-voordeelpakket-3x-250ml-levertraancapsules\/#breadcrumb","itemListElement":[{"@type":"ListItem","position":1,"name":"Ana Sayfa","item":"https:\/\/mollersomega3.nl\/tr\/"},{"@type":"ListItem","position":2,"name":"\u00dcr\u00fcnler","item":"https:\/\/mollersomega3.nl\/tr\/urunler\/"},{"@type":"ListItem","position":3,"name":"M\u00f6ller&#8217;s Omega-3 Aile Avantaj Paketi 3x 250ml + Bal\u0131k Ya\u011f\u0131 Kaps\u00fclleri"}]},{"@type":"WebSite","@id":"https:\/\/mollersomega3.nl\/#website","url":"https:\/\/mollersomega3.nl\/","name":"M\u00f6llers Omega-3","description":"A Spoonful of Life since 1854","publisher":{"@id":"https:\/\/mollersomega3.nl\/#organization"},"potentialAction":[{"@type":"SearchAction","target":{"@type":"EntryPoint","urlTemplate":"https:\/\/mollersomega3.nl\/?s={search_term_string}"},"query-input":{"@type":"PropertyValueSpecification","valueRequired":true,"valueName":"search_term_string"}}],"inLanguage":"tr-TR"},{"@type":"Organization","@id":"https:\/\/mollersomega3.nl\/#organization","name":"M\u00f6llers Omega-3","url":"https:\/\/mollersomega3.nl\/","logo":{"@type":"ImageObject","inLanguage":"tr-TR","@id":"https:\/\/mollersomega3.nl\/#\/schema\/logo\/image\/","url":"https:\/\/mollersomega3.nl\/wp-content\/uploads\/2020\/07\/mollers-logo-bestellingen.png","contentUrl":"https:\/\/mollersomega3.nl\/wp-content\/uploads\/2020\/07\/mollers-logo-bestellingen.png","width":250,"height":86,"caption":"M\u00f6llers Omega-3"},"image":{"@id":"https:\/\/mollersomega3.nl\/#\/schema\/logo\/image\/"},"sameAs":["https:\/\/www.facebook.com\/MollersOmega3NL","https:\/\/www.instagram.com\/mollersomega3nl\/","https:\/\/nl.linkedin.com\/company\/good-life-international","https:\/\/www.bol.com\/nl\/nl\/m\/mollers\/","https:\/\/mollersomega3.nl\/en\/"],"foundingDate":"1854","areaServed":["GB","IE","US","CA","AU","NZ","NL"],"knowsAbout":["omega-3","cod liver oil","fish oil","DHA","EPA","vitamin D"],"description":"Norwegian premium omega-3 brand since 1854. Cod liver oil and fish oil supplements with omega-3, vitamins A, D and E."}]}},"_links":{"self":[{"href":"https:\/\/mollersomega3.nl\/tr\/wp-json\/wp\/v2\/product\/1005963","targetHints":{"allow":["GET"]}}],"collection":[{"href":"https:\/\/mollersomega3.nl\/tr\/wp-json\/wp\/v2\/product"}],"about":[{"href":"https:\/\/mollersomega3.nl\/tr\/wp-json\/wp\/v2\/types\/product"}],"replies":[{"embeddable":true,"href":"https:\/\/mollersomega3.nl\/tr\/wp-json\/wp\/v2\/comments?post=1005963"}],"wp:featuredmedia":[{"embeddable":true,"href":"https:\/\/mollersomega3.nl\/tr\/wp-json\/wp\/v2\/media\/1007289"}],"wp:attachment":[{"href":"https:\/\/mollersomega3.nl\/tr\/wp-json\/wp\/v2\/media?parent=1005963"}],"wp:term":[{"taxonomy":"product_brand","embeddable":true,"href":"https:\/\/mollersomega3.nl\/tr\/wp-json\/wp\/v2\/product_brand?post=1005963"},{"taxonomy":"product_cat","embeddable":true,"href":"https:\/\/mollersomega3.nl\/tr\/wp-json\/wp\/v2\/product_cat?post=1005963"},{"taxonomy":"product_tag","embeddable":true,"href":"https:\/\/mollersomega3.nl\/tr\/wp-json\/wp\/v2\/product_tag?post=1005963"}],"curies":[{"name":"wp","href":"https:\/\/api.w.org\/{rel}","templated":true}]}}