{"id":1005964,"date":"2021-03-03T14:29:55","date_gmt":"2021-03-03T13:29:55","guid":{"rendered":"https:\/\/mollersomega3.nl\/product\/mollers-omega-3-balik-yagi-kapsulleri-160-kapsul\/"},"modified":"2025-07-04T09:26:23","modified_gmt":"2025-07-04T07:26:23","slug":"mollers-omega-3-balik-yagi-kapsulleri-160-kapsul","status":"publish","type":"product","link":"https:\/\/mollersomega3.nl\/tr\/product\/mollers-omega-3-balik-yagi-kapsulleri-160-kapsul\/","title":{"rendered":"M\u00f6ller&#8217;s Omega-3 Bal\u0131k Ya\u011f\u0131 Kaps\u00fclleri \u2013 160 kaps\u00fcl"},"content":{"rendered":"<h2>Art\u0131k bal\u0131k ya\u011f\u0131 kaps\u00fcl formunda da mevcut!<\/h2>\n<p><strong>S\u0131v\u0131 bal\u0131k ya\u011f\u0131 yerine kaps\u00fcl almay\u0131 m\u0131 tercih ediyorsunuz? O zaman M\u00f6ller&#8217;s Omega-3&#8217;\u00fcn bu Bal\u0131k Ya\u011f\u0131 Kaps\u00fclleri tam size g\u00f6re.  <\/strong><\/p>\n<h2>M\u00f6ller&#8217;s Omega-3 Bal\u0131k Ya\u011f\u0131 Kaps\u00fclleri nedir?<\/h2>\n<p><img decoding=\"async\" class=\"wp-image-811 alignright\" style=\"margin: 0.5em 0px 0.5em 1em; height: 39px; text-align: left; color: #333333; text-transform: none; text-indent: 0px; letter-spacing: normal; font-size: 16px; font-style: normal; font-variant: normal; font-weight: 400; text-decoration: none; max-width: 100%; float: right;\" src=\"https:\/\/mollersomega3.nl\/wp-content\/uploads\/2020\/06\/noorse-vlag.png\" alt=\"\" width=\"54\" height=\"59\">Yabani Norve\u00e7 morina bal\u0131\u011f\u0131ndan M\u00f6ller&#8217;s Omega-3 Bal\u0131k Ya\u011f\u0131 Kaps\u00fclleri: saf bal\u0131k ya\u011f\u0131 kolay kaps\u00fcl formunda. Do\u011fal omega-3 ile A, D ve E vitaminlerinin e\u015fsiz bir kombinasyonu. <\/p>\n<ul>\n<li>Hafif vanilya aromal\u0131 kaps\u00fcllerde saf Norve\u00e7 bal\u0131k ya\u011f\u0131: bal\u0131k ya\u011f\u0131 arayan ancak kaps\u00fcl formunu tercih eden herkes i\u00e7in.<\/li>\n<li>Norve\u00e7&#8217;in Lofoten b\u00f6lgesinde s\u00fcrd\u00fcr\u00fclebilir \u015fekilde avlanan %100 yabani Arktik morinadan elde edilmi\u015ftir.<\/li>\n<li>A, D3 ve E vitaminleri ile tamamlanm\u0131\u015f y\u00fcksek kaliteli omega-3.<\/li>\n<li>\u00c7ok d\u00fc\u015f\u00fck oksidasyon de\u011ferine sahip (totox &lt; 5) taze bal\u0131k ya\u011f\u0131; bu nedenle mide yanmas\u0131 yapmaz.<\/li>\n<li>Omega-3 ya\u011f asitleri do\u011fal trigliserit formundad\u0131r, bu nedenle etil esterlerine g\u00f6re v\u00fccut taraf\u0131ndan daha iyi emilirler.<\/li>\n<\/ul>\n<p>M\u00f6ller \u201cs bal\u0131k ya\u011f\u0131 kaps\u00fcllerindeki ya\u011f, \u00e7ok benzersiz ve dikkatli bir <a href=\"https:\/\/mollersomega3.nl\/tr\/norvecten-kalite-ve-saflik\/\">\u00fcretim s\u00fcreci<\/a> sayesinde \u00e7ok y\u00fcksek kalitededir. M\u00f6ller\u201d s Omega-3 ayr\u0131ca <a href=\"https:\/\/mollersomega3.nl\/producten\/\">4 farkl\u0131 s\u0131v\u0131 bal\u0131k ya\u011f\u0131 tad\u0131nda<\/a> mevcuttur. <\/p>\n<h3>\u0130\u00e7erik<\/h3>\n<p>160 kaps\u00fcl<\/p>\n<h3>\u0130\u00e7indekiler<\/h3>\n<p><strong>Bal\u0131k ya\u011f\u0131,<\/strong> s\u0131\u011f\u0131r jelatini (kaps\u00fcl), gliserol, dl-\u03b1-tokoferil asetat (E vitamini), do\u011fal tokoferol (antioksidan), vanilya aromas\u0131, retinilpalmitat (A vitamini), kolekalsiferol (D vitamini). <\/p>\n<p>M\u00f6ller&#8217;s Omega-3 Bal\u0131k Ya\u011f\u0131 Kaps\u00fclleri koruyucu madde, yapay renklendirici veya tatland\u0131r\u0131c\u0131, \u015feker veya tatland\u0131r\u0131c\u0131 i\u00e7ermez. Kaps\u00fcllerin etraf\u0131ndaki jelatin helal sertifikal\u0131d\u0131r. <\/p>\n<table dir=\"ltr\" border=\"2\" rules=\"all\" cellspacing=\"2\" cellpadding=\"1\">\n<tbody>\n<tr align=\"left\" valign=\"top\">\n<td align=\"left\" valign=\"middle\">\n<h3>Besin De\u011feri<\/h3>\n<\/td>\n<td align=\"left\" valign=\"middle\">\n<h3>2 kaps\u00fcl ba\u015f\u0131na<\/h3>\n<\/td>\n<td align=\"left\" valign=\"middle\">\n<h3>4 kaps\u00fcl ba\u015f\u0131na<\/h3>\n<\/td>\n<\/tr>\n<tr align=\"left\" valign=\"top\">\n<td align=\"left\" valign=\"middle\">Omega-3 ya\u011f asitleri<\/td>\n<td align=\"left\" valign=\"middle\">310 mg<\/td>\n<td align=\"left\" valign=\"middle\">620 mg<\/td>\n<\/tr>\n<tr align=\"left\" valign=\"top\">\n<td align=\"left\" valign=\"middle\">\u2013 DHA<\/td>\n<td align=\"left\" valign=\"middle\">150 mg<\/td>\n<td align=\"left\" valign=\"middle\">300 mg<\/td>\n<\/tr>\n<tr align=\"left\" valign=\"top\">\n<td align=\"left\" valign=\"middle\">\u2013 EPA<\/td>\n<td align=\"left\" valign=\"middle\">100 mg<\/td>\n<td align=\"left\" valign=\"middle\">200 mg<\/td>\n<\/tr>\n<tr align=\"left\" valign=\"top\">\n<td align=\"left\" valign=\"middle\">D vitamini<\/td>\n<td align=\"left\" valign=\"middle\">7,5 mcg (%150*)<\/td>\n<td align=\"left\" valign=\"middle\">15 mcg (%300*)<\/td>\n<\/tr>\n<tr align=\"left\" valign=\"top\">\n<td align=\"left\" valign=\"middle\">A vitamini<\/td>\n<td align=\"left\" valign=\"middle\">125 mcg (%16*)<\/td>\n<td align=\"left\" valign=\"middle\">250 mcg (%31*)<\/td>\n<\/tr>\n<tr align=\"left\" valign=\"top\">\n<td align=\"left\" valign=\"middle\">E vitamini<\/td>\n<td align=\"left\" valign=\"middle\">\u2013<\/td>\n<td align=\"left\" valign=\"middle\">3 mg (%25*)<\/td>\n<\/tr>\n<\/tbody>\n<\/table>\n<p>* Referans al\u0131m de\u011ferinin y\u00fczdesi.<\/p>\n<p><em>2 kaps\u00fclde E vitamini g\u00f6sterilmemektedir \u00e7\u00fcnk\u00fc bu miktar referans al\u0131m\u0131n %15&#8217;inden azd\u0131r.<\/em><\/p>\n<h3>\u00d6nerilen G\u00fcnl\u00fck Miktar<\/h3>\n<p>G\u00fcnde bir kez <strong>2-4 kaps\u00fcl<\/strong> su ile al\u0131n ve yutun, tercihen yemek s\u0131ras\u0131nda.<br \/>\nKaps\u00fclleri b\u00fct\u00fcn olarak yutabilen yeti\u015fkinler ve \u00e7ocuklar i\u00e7in. Hamile kad\u0131nlar ve emziren kad\u0131nlar i\u00e7in de \u00f6nerilir. <\/p>\n<h3>Serin ve kuru yerde saklay\u0131n<\/h3>\n<p>Serin ve kuru yerde saklay\u0131n. Besin takviyelerini her zaman k\u00fc\u00e7\u00fck \u00e7ocuklar\u0131n eri\u015femeyece\u011fi yerde saklamak ak\u0131ll\u0131ca olacakt\u0131r. <\/p>\n<h2>M\u00f6ller&#8217;s Bal\u0131k Ya\u011f\u0131 Kaps\u00fclleri ile M\u00f6ller&#8217;s Omega-3 Bal\u0131k Ya\u011f\u0131 Kaps\u00fclleri aras\u0131ndaki fark nedir?<\/h2>\n<p>Bu ikisi aras\u0131ndaki en \u00f6nemli fark, Bal\u0131k Ya\u011f\u0131 Kaps\u00fcllerinin <strong>bal\u0131k ya\u011f\u0131<\/strong> i\u00e7ermesi ve Omega-3 Kaps\u00fcllerinin <strong>bal\u0131k ya\u011f\u0131<\/strong> i\u00e7ermesidir. Bal\u0131k ya\u011f\u0131 ve bal\u0131k ya\u011f\u0131 aras\u0131ndaki farklar\u0131 <a href=\"https:\/\/mollersomega3.nl\/tr\/balik-karacigeri-yagi-vs-balik-yagi-aralarindaki-farklar-neler-ve-hangisi-sizin-icin-daha-iyi\/\">burada<\/a> bulabilirsiniz. <\/p>\n<p>T\u00fcm farklar \u015funlard\u0131r:<\/p>\n<table dir=\"ltr\" border=\"2\" rules=\"all\" cellspacing=\"2\" cellpadding=\"1\">\n<tbody>\n<tr align=\"left\" valign=\"top\">\n<td align=\"left\" valign=\"middle\">\n<h3>M\u00f6ller&#8217;s Omega-3 Bal\u0131k Ya\u011f\u0131 Kaps\u00fclleri<\/h3>\n<\/td>\n<td align=\"left\" valign=\"middle\">\n<h3>M\u00f6ller&#8217;s Omega-3 Kaps\u00fclleri<\/h3>\n<\/td>\n<\/tr>\n<tr align=\"left\" valign=\"top\">\n<td align=\"left\" valign=\"middle\"><strong>Bal\u0131k ya\u011f\u0131,<\/strong> Norve\u00e7&#8217;teki yabani Arktik morinas\u0131ndan elde edilir.<\/td>\n<td align=\"left\" valign=\"middle\"><strong>Bal\u0131k ya\u011f\u0131,<\/strong> G\u00fcney Pasifik Okyanusu&#8217;nun temiz sular\u0131ndan elde edilen sardalya ve an\u00e7\u00fcezden elde edilir.<\/td>\n<\/tr>\n<tr align=\"left\" valign=\"top\">\n<td align=\"left\" valign=\"middle\">Kaps\u00fcl ba\u015f\u0131na 155 mg omega-3 i\u00e7eri\u011fine sahip saf bal\u0131k ya\u011f\u0131.<\/td>\n<td align=\"left\" valign=\"middle\">Olduk\u00e7a konsantre bal\u0131k ya\u011f\u0131, bu nedenle kaps\u00fcl ba\u015f\u0131na omega-3 i\u00e7eri\u011fi ola\u011fan\u00fcst\u00fc y\u00fcksektir (320 mg).<\/td>\n<\/tr>\n<tr align=\"left\" valign=\"top\">\n<td align=\"left\" valign=\"middle\">Oransal olarak EPA&#8217;dan daha fazla DHA i\u00e7erir.<\/td>\n<td align=\"left\" valign=\"middle\">Oransal olarak DHA&#8217;dan daha fazla EPA i\u00e7erir.<\/td>\n<\/tr>\n<tr align=\"left\" valign=\"top\">\n<td align=\"left\" valign=\"middle\">A ve D vitaminleri k\u0131smen do\u011fal olarak ya\u011fda bulunur, ancak takviye edilir.<\/td>\n<td align=\"left\" valign=\"middle\">Do\u011fal olarak A ve D vitamini i\u00e7ermez, ancak A ve D vitamini eklenir.<\/td>\n<\/tr>\n<tr align=\"left\" valign=\"top\">\n<td align=\"left\" valign=\"middle\">Ambalaj ba\u015f\u0131na 160 kaps\u00fcl.<\/td>\n<td align=\"left\" valign=\"middle\">Ambalaj ba\u015f\u0131na 112 kaps\u00fcl.<\/td>\n<\/tr>\n<\/tbody>\n<\/table>\n<p>Her iki kaps\u00fcl de y\u00fcksek kaliteli, omega-3 a\u00e7\u0131s\u0131ndan zengin ve A, D ve E vitaminleri a\u00e7\u0131s\u0131ndan zengindir. Ayr\u0131ca, kaps\u00fcller ayn\u0131 boyuttad\u0131r ve her ikisi de kolayca al\u0131nabilir.<\/p>\n<p><a href=\"https:\/\/mollersomega3.nl\/wat-is-het-verschil-tussen-mollers-levertraancapsules-en-mollers-visoliecapsules\/\">M\u00f6ller&#8217;s Bal\u0131k Ya\u011f\u0131 Kaps\u00fclleri ve Bal\u0131k Ya\u011f\u0131 Kaps\u00fclleri aras\u0131ndaki farklar hakk\u0131nda daha fazla bilgiyi burada okuyun.<\/a><\/p>\n","protected":false},"excerpt":{"rendered":"<ul>\n<li>Kolay kaps\u00fcl formunda bal\u0131k ya\u011f\u0131<\/li>\n<li>Bal\u0131k ya\u011f\u0131 arayan ancak kaps\u00fclleri tercih eden herkes i\u00e7in<\/li>\n<li>2 kaps\u00fclde 250 mg DHA ve EPA<\/li>\n<li>A, D3 ve E vitaminleri ile tamamlanm\u0131\u015f<\/li>\n<\/ul>\n","protected":false},"featured_media":1006867,"comment_status":"open","ping_status":"closed","template":"","meta":{"_yoast_wpseo_focuskw":"bal\u0131k ya\u011f\u0131 kaps\u00fclleri","_yoast_wpseo_title":"%%title%% %%sep%% Norve\u00e7 morina bal\u0131\u011f\u0131 karaci\u011fer ya\u011f\u0131 %%page%%","_yoast_wpseo_metadesc":"M\u00f6ller's Omega-3 Bal\u0131k Ya\u011f\u0131 Kaps\u00fclleri yabani Norve\u00e7 morina bal\u0131\u011f\u0131ndan: saf bal\u0131k ya\u011f\u0131 kolay kaps\u00fcl formunda. A, D ve E vitaminli Omega-3.","_monsterinsights_skip_tracking":false,"_monsterinsights_sitenote_active":false,"_monsterinsights_sitenote_note":"","_monsterinsights_sitenote_category":0},"product_brand":[],"product_cat":[538],"product_tag":[],"class_list":{"0":"post-1005964","1":"product","2":"type-product","3":"status-publish","4":"has-post-thumbnail","6":"product_cat-kapsuller","8":"first","9":"instock","10":"taxable","11":"shipping-taxable","12":"purchasable","13":"product-type-simple"},"wcpa_form_fields":null,"yoast_head":"<!-- This site is optimized with the Yoast SEO Premium plugin v25.1 (Yoast SEO v25.1) - https:\/\/yoast.com\/wordpress\/plugins\/seo\/ -->\n<title>M\u00f6ller&#039;s Omega-3 Bal\u0131k Ya\u011f\u0131 Kaps\u00fclleri - 160 kaps\u00fcl - Norve\u00e7 morina bal\u0131\u011f\u0131 karaci\u011fer ya\u011f\u0131<\/title>\n<meta name=\"description\" content=\"M\u00f6ller&#039;s Omega-3 Bal\u0131k Ya\u011f\u0131 Kaps\u00fclleri yabani Norve\u00e7 morina bal\u0131\u011f\u0131ndan: saf bal\u0131k ya\u011f\u0131 kolay kaps\u00fcl formunda. A, D ve E vitaminli Omega-3.\" \/>\n<meta name=\"robots\" content=\"index, follow, max-snippet:-1, max-image-preview:large, max-video-preview:-1\" \/>\n<link rel=\"canonical\" href=\"https:\/\/mollersomega3.nl\/tr\/product\/mollers-omega-3-balik-yagi-kapsulleri-160-kapsul\/\" \/>\n<meta property=\"og:locale\" content=\"tr_TR\" \/>\n<meta property=\"og:type\" content=\"article\" \/>\n<meta property=\"og:title\" content=\"M\u00f6ller&#039;s Omega-3 Bal\u0131k Ya\u011f\u0131 Kaps\u00fclleri - 160 kaps\u00fcl\" \/>\n<meta property=\"og:description\" content=\"M\u00f6ller&#039;s Omega-3 Bal\u0131k Ya\u011f\u0131 Kaps\u00fclleri yabani Norve\u00e7 morina bal\u0131\u011f\u0131ndan: saf bal\u0131k ya\u011f\u0131 kolay kaps\u00fcl formunda. A, D ve E vitaminli Omega-3.\" \/>\n<meta property=\"og:url\" content=\"https:\/\/mollersomega3.nl\/tr\/product\/mollers-omega-3-balik-yagi-kapsulleri-160-kapsul\/\" \/>\n<meta property=\"og:site_name\" content=\"M\u00f6llers Omega-3\" \/>\n<meta property=\"article:publisher\" content=\"https:\/\/www.facebook.com\/mollersomega3nl\" \/>\n<meta property=\"article:modified_time\" content=\"2025-07-04T07:26:23+00:00\" \/>\n<meta property=\"og:image\" content=\"https:\/\/mollersomega3.nl\/tr\/wp-content\/uploads\/2021\/03\/Mo\u0308llers_Tran_120caps.png\" \/>\n\t<meta property=\"og:image:width\" content=\"1062\" \/>\n\t<meta property=\"og:image:height\" content=\"1594\" \/>\n\t<meta property=\"og:image:type\" content=\"image\/png\" \/>\n<meta name=\"twitter:card\" content=\"summary_large_image\" \/>\n<meta name=\"twitter:site\" content=\"@mollersomega3nl\" \/>\n<meta name=\"twitter:label1\" content=\"Est. reading time\" \/>\n\t<meta name=\"twitter:data1\" content=\"3 minutes\" \/>\n<script type=\"application\/ld+json\" class=\"yoast-schema-graph\">{\"@context\":\"https:\/\/schema.org\",\"@graph\":[{\"@type\":\"WebPage\",\"@id\":\"https:\/\/mollersomega3.nl\/tr\/product\/mollers-omega-3-balik-yagi-kapsulleri-160-kapsul\/\",\"url\":\"https:\/\/mollersomega3.nl\/tr\/product\/mollers-omega-3-balik-yagi-kapsulleri-160-kapsul\/\",\"name\":\"M\u00f6ller's Omega-3 Bal\u0131k Ya\u011f\u0131 Kaps\u00fclleri - 160 kaps\u00fcl - Norve\u00e7 morina bal\u0131\u011f\u0131 karaci\u011fer ya\u011f\u0131\",\"isPartOf\":{\"@id\":\"https:\/\/mollersomega3.nl\/#website\"},\"primaryImageOfPage\":{\"@id\":\"https:\/\/mollersomega3.nl\/tr\/product\/mollers-omega-3-balik-yagi-kapsulleri-160-kapsul\/#primaryimage\"},\"image\":{\"@id\":\"https:\/\/mollersomega3.nl\/tr\/product\/mollers-omega-3-balik-yagi-kapsulleri-160-kapsul\/#primaryimage\"},\"thumbnailUrl\":\"https:\/\/mollersomega3.nl\/wp-content\/uploads\/2021\/03\/Mo\u0308llers_Tran_120caps.png\",\"datePublished\":\"2021-03-03T13:29:55+00:00\",\"dateModified\":\"2025-07-04T07:26:23+00:00\",\"description\":\"M\u00f6ller's Omega-3 Bal\u0131k Ya\u011f\u0131 Kaps\u00fclleri yabani Norve\u00e7 morina bal\u0131\u011f\u0131ndan: saf bal\u0131k ya\u011f\u0131 kolay kaps\u00fcl formunda. A, D ve E vitaminli Omega-3.\",\"breadcrumb\":{\"@id\":\"https:\/\/mollersomega3.nl\/tr\/product\/mollers-omega-3-balik-yagi-kapsulleri-160-kapsul\/#breadcrumb\"},\"inLanguage\":\"tr-TR\",\"potentialAction\":[{\"@type\":\"ReadAction\",\"target\":[\"https:\/\/mollersomega3.nl\/tr\/product\/mollers-omega-3-balik-yagi-kapsulleri-160-kapsul\/\"]}]},{\"@type\":\"ImageObject\",\"inLanguage\":\"tr-TR\",\"@id\":\"https:\/\/mollersomega3.nl\/tr\/product\/mollers-omega-3-balik-yagi-kapsulleri-160-kapsul\/#primaryimage\",\"url\":\"https:\/\/mollersomega3.nl\/wp-content\/uploads\/2021\/03\/Mo\u0308llers_Tran_120caps.png\",\"contentUrl\":\"https:\/\/mollersomega3.nl\/wp-content\/uploads\/2021\/03\/Mo\u0308llers_Tran_120caps.png\",\"width\":1062,\"height\":1594},{\"@type\":\"BreadcrumbList\",\"@id\":\"https:\/\/mollersomega3.nl\/tr\/product\/mollers-omega-3-balik-yagi-kapsulleri-160-kapsul\/#breadcrumb\",\"itemListElement\":[{\"@type\":\"ListItem\",\"position\":1,\"name\":\"Ana Sayfa\",\"item\":\"https:\/\/mollersomega3.nl\/tr\/\"},{\"@type\":\"ListItem\",\"position\":2,\"name\":\"\u00dcr\u00fcnler\",\"item\":\"https:\/\/mollersomega3.nl\/tr\/urunler\/\"},{\"@type\":\"ListItem\",\"position\":3,\"name\":\"M\u00f6ller&#8217;s Omega-3 Bal\u0131k Ya\u011f\u0131 Kaps\u00fclleri \u2013 160 kaps\u00fcl\"}]},{\"@type\":\"WebSite\",\"@id\":\"https:\/\/mollersomega3.nl\/#website\",\"url\":\"https:\/\/mollersomega3.nl\/\",\"name\":\"M\u00f6llers Omega-3\",\"description\":\"A Spoonful of Life since 1854\",\"publisher\":{\"@id\":\"https:\/\/mollersomega3.nl\/#organization\"},\"potentialAction\":[{\"@type\":\"SearchAction\",\"target\":{\"@type\":\"EntryPoint\",\"urlTemplate\":\"https:\/\/mollersomega3.nl\/?s={search_term_string}\"},\"query-input\":{\"@type\":\"PropertyValueSpecification\",\"valueRequired\":true,\"valueName\":\"search_term_string\"}}],\"inLanguage\":\"tr-TR\"},{\"@type\":\"Organization\",\"@id\":\"https:\/\/mollersomega3.nl\/#organization\",\"name\":\"M\u00f6llers Omega-3\",\"url\":\"https:\/\/mollersomega3.nl\/\",\"logo\":{\"@type\":\"ImageObject\",\"inLanguage\":\"tr-TR\",\"@id\":\"https:\/\/mollersomega3.nl\/#\/schema\/logo\/image\/\",\"url\":\"https:\/\/mollersomega3.nl\/wp-content\/uploads\/2020\/07\/mollers-logo-bestellingen.png\",\"contentUrl\":\"https:\/\/mollersomega3.nl\/wp-content\/uploads\/2020\/07\/mollers-logo-bestellingen.png\",\"width\":250,\"height\":86,\"caption\":\"M\u00f6llers Omega-3\"},\"image\":{\"@id\":\"https:\/\/mollersomega3.nl\/#\/schema\/logo\/image\/\"},\"sameAs\":[\"https:\/\/www.facebook.com\/MollersOmega3NL\",\"https:\/\/www.instagram.com\/mollersomega3nl\/\",\"https:\/\/nl.linkedin.com\/company\/good-life-international\",\"https:\/\/www.bol.com\/nl\/nl\/m\/mollers\/\",\"https:\/\/mollersomega3.nl\/en\/\"],\"foundingDate\":\"1854\",\"areaServed\":[\"GB\",\"IE\",\"US\",\"CA\",\"AU\",\"NZ\",\"NL\"],\"knowsAbout\":[\"omega-3\",\"cod liver oil\",\"fish oil\",\"DHA\",\"EPA\",\"vitamin D\"],\"description\":\"Norwegian premium omega-3 brand since 1854. Cod liver oil and fish oil supplements with omega-3, vitamins A, D and E.\"}]}<\/script>\n<!-- \/ Yoast SEO Premium plugin. -->","yoast_head_json":{"title":"M\u00f6ller's Omega-3 Bal\u0131k Ya\u011f\u0131 Kaps\u00fclleri - 160 kaps\u00fcl - Norve\u00e7 morina bal\u0131\u011f\u0131 karaci\u011fer ya\u011f\u0131","description":"M\u00f6ller's Omega-3 Bal\u0131k Ya\u011f\u0131 Kaps\u00fclleri yabani Norve\u00e7 morina bal\u0131\u011f\u0131ndan: saf bal\u0131k ya\u011f\u0131 kolay kaps\u00fcl formunda. A, D ve E vitaminli Omega-3.","robots":{"index":"index","follow":"follow","max-snippet":"max-snippet:-1","max-image-preview":"max-image-preview:large","max-video-preview":"max-video-preview:-1"},"canonical":"https:\/\/mollersomega3.nl\/tr\/product\/mollers-omega-3-balik-yagi-kapsulleri-160-kapsul\/","og_locale":"tr_TR","og_type":"article","og_title":"M\u00f6ller's Omega-3 Bal\u0131k Ya\u011f\u0131 Kaps\u00fclleri - 160 kaps\u00fcl","og_description":"M\u00f6ller's Omega-3 Bal\u0131k Ya\u011f\u0131 Kaps\u00fclleri yabani Norve\u00e7 morina bal\u0131\u011f\u0131ndan: saf bal\u0131k ya\u011f\u0131 kolay kaps\u00fcl formunda. A, D ve E vitaminli Omega-3.","og_url":"https:\/\/mollersomega3.nl\/tr\/product\/mollers-omega-3-balik-yagi-kapsulleri-160-kapsul\/","og_site_name":"M\u00f6llers Omega-3","article_publisher":"https:\/\/www.facebook.com\/mollersomega3nl","article_modified_time":"2025-07-04T07:26:23+00:00","og_image":[{"width":1062,"height":1594,"url":"https:\/\/mollersomega3.nl\/tr\/wp-content\/uploads\/2021\/03\/Mo\u0308llers_Tran_120caps.png","type":"image\/png"}],"twitter_card":"summary_large_image","twitter_site":"@mollersomega3nl","twitter_misc":{"Est. reading time":"3 minutes"},"schema":{"@context":"https:\/\/schema.org","@graph":[{"@type":"WebPage","@id":"https:\/\/mollersomega3.nl\/tr\/product\/mollers-omega-3-balik-yagi-kapsulleri-160-kapsul\/","url":"https:\/\/mollersomega3.nl\/tr\/product\/mollers-omega-3-balik-yagi-kapsulleri-160-kapsul\/","name":"M\u00f6ller's Omega-3 Bal\u0131k Ya\u011f\u0131 Kaps\u00fclleri - 160 kaps\u00fcl - Norve\u00e7 morina bal\u0131\u011f\u0131 karaci\u011fer ya\u011f\u0131","isPartOf":{"@id":"https:\/\/mollersomega3.nl\/#website"},"primaryImageOfPage":{"@id":"https:\/\/mollersomega3.nl\/tr\/product\/mollers-omega-3-balik-yagi-kapsulleri-160-kapsul\/#primaryimage"},"image":{"@id":"https:\/\/mollersomega3.nl\/tr\/product\/mollers-omega-3-balik-yagi-kapsulleri-160-kapsul\/#primaryimage"},"thumbnailUrl":"https:\/\/mollersomega3.nl\/wp-content\/uploads\/2021\/03\/Mo\u0308llers_Tran_120caps.png","datePublished":"2021-03-03T13:29:55+00:00","dateModified":"2025-07-04T07:26:23+00:00","description":"M\u00f6ller's Omega-3 Bal\u0131k Ya\u011f\u0131 Kaps\u00fclleri yabani Norve\u00e7 morina bal\u0131\u011f\u0131ndan: saf bal\u0131k ya\u011f\u0131 kolay kaps\u00fcl formunda. A, D ve E vitaminli Omega-3.","breadcrumb":{"@id":"https:\/\/mollersomega3.nl\/tr\/product\/mollers-omega-3-balik-yagi-kapsulleri-160-kapsul\/#breadcrumb"},"inLanguage":"tr-TR","potentialAction":[{"@type":"ReadAction","target":["https:\/\/mollersomega3.nl\/tr\/product\/mollers-omega-3-balik-yagi-kapsulleri-160-kapsul\/"]}]},{"@type":"ImageObject","inLanguage":"tr-TR","@id":"https:\/\/mollersomega3.nl\/tr\/product\/mollers-omega-3-balik-yagi-kapsulleri-160-kapsul\/#primaryimage","url":"https:\/\/mollersomega3.nl\/wp-content\/uploads\/2021\/03\/Mo\u0308llers_Tran_120caps.png","contentUrl":"https:\/\/mollersomega3.nl\/wp-content\/uploads\/2021\/03\/Mo\u0308llers_Tran_120caps.png","width":1062,"height":1594},{"@type":"BreadcrumbList","@id":"https:\/\/mollersomega3.nl\/tr\/product\/mollers-omega-3-balik-yagi-kapsulleri-160-kapsul\/#breadcrumb","itemListElement":[{"@type":"ListItem","position":1,"name":"Ana Sayfa","item":"https:\/\/mollersomega3.nl\/tr\/"},{"@type":"ListItem","position":2,"name":"\u00dcr\u00fcnler","item":"https:\/\/mollersomega3.nl\/tr\/urunler\/"},{"@type":"ListItem","position":3,"name":"M\u00f6ller&#8217;s Omega-3 Bal\u0131k Ya\u011f\u0131 Kaps\u00fclleri \u2013 160 kaps\u00fcl"}]},{"@type":"WebSite","@id":"https:\/\/mollersomega3.nl\/#website","url":"https:\/\/mollersomega3.nl\/","name":"M\u00f6llers Omega-3","description":"A Spoonful of Life since 1854","publisher":{"@id":"https:\/\/mollersomega3.nl\/#organization"},"potentialAction":[{"@type":"SearchAction","target":{"@type":"EntryPoint","urlTemplate":"https:\/\/mollersomega3.nl\/?s={search_term_string}"},"query-input":{"@type":"PropertyValueSpecification","valueRequired":true,"valueName":"search_term_string"}}],"inLanguage":"tr-TR"},{"@type":"Organization","@id":"https:\/\/mollersomega3.nl\/#organization","name":"M\u00f6llers Omega-3","url":"https:\/\/mollersomega3.nl\/","logo":{"@type":"ImageObject","inLanguage":"tr-TR","@id":"https:\/\/mollersomega3.nl\/#\/schema\/logo\/image\/","url":"https:\/\/mollersomega3.nl\/wp-content\/uploads\/2020\/07\/mollers-logo-bestellingen.png","contentUrl":"https:\/\/mollersomega3.nl\/wp-content\/uploads\/2020\/07\/mollers-logo-bestellingen.png","width":250,"height":86,"caption":"M\u00f6llers Omega-3"},"image":{"@id":"https:\/\/mollersomega3.nl\/#\/schema\/logo\/image\/"},"sameAs":["https:\/\/www.facebook.com\/MollersOmega3NL","https:\/\/www.instagram.com\/mollersomega3nl\/","https:\/\/nl.linkedin.com\/company\/good-life-international","https:\/\/www.bol.com\/nl\/nl\/m\/mollers\/","https:\/\/mollersomega3.nl\/en\/"],"foundingDate":"1854","areaServed":["GB","IE","US","CA","AU","NZ","NL"],"knowsAbout":["omega-3","cod liver oil","fish oil","DHA","EPA","vitamin D"],"description":"Norwegian premium omega-3 brand since 1854. Cod liver oil and fish oil supplements with omega-3, vitamins A, D and E."}]}},"_links":{"self":[{"href":"https:\/\/mollersomega3.nl\/tr\/wp-json\/wp\/v2\/product\/1005964","targetHints":{"allow":["GET"]}}],"collection":[{"href":"https:\/\/mollersomega3.nl\/tr\/wp-json\/wp\/v2\/product"}],"about":[{"href":"https:\/\/mollersomega3.nl\/tr\/wp-json\/wp\/v2\/types\/product"}],"replies":[{"embeddable":true,"href":"https:\/\/mollersomega3.nl\/tr\/wp-json\/wp\/v2\/comments?post=1005964"}],"wp:featuredmedia":[{"embeddable":true,"href":"https:\/\/mollersomega3.nl\/tr\/wp-json\/wp\/v2\/media\/1006867"}],"wp:attachment":[{"href":"https:\/\/mollersomega3.nl\/tr\/wp-json\/wp\/v2\/media?parent=1005964"}],"wp:term":[{"taxonomy":"product_brand","embeddable":true,"href":"https:\/\/mollersomega3.nl\/tr\/wp-json\/wp\/v2\/product_brand?post=1005964"},{"taxonomy":"product_cat","embeddable":true,"href":"https:\/\/mollersomega3.nl\/tr\/wp-json\/wp\/v2\/product_cat?post=1005964"},{"taxonomy":"product_tag","embeddable":true,"href":"https:\/\/mollersomega3.nl\/tr\/wp-json\/wp\/v2\/product_tag?post=1005964"}],"curies":[{"name":"wp","href":"https:\/\/api.w.org\/{rel}","templated":true}]}}