{"id":1006030,"date":"2025-05-20T15:17:14","date_gmt":"2025-05-20T13:17:14","guid":{"rendered":"https:\/\/mollersomega3.nl\/product\/mollers-omega-3-to-go-limon-7-x-5ml\/"},"modified":"2025-05-20T15:17:14","modified_gmt":"2025-05-20T13:17:14","slug":"mollers-omega-3-to-go-limon-7-x-5ml","status":"publish","type":"product","link":"https:\/\/mollersomega3.nl\/tr\/product\/mollers-omega-3-to-go-limon-7-x-5ml\/","title":{"rendered":"M\u00f6ller&#8217;s Omega-3 To-Go \u2013 Limon \u2013 7 x 5ml"},"content":{"rendered":"<p data-start=\"288\" data-end=\"454\"><strong>Hafta sonu bir yere mi gidiyorsun, tatile mi \u00e7\u0131k\u0131yorsun veya sadece \u015fi\u015felerle u\u011fra\u015fmadan sa\u011fl\u0131kl\u0131 al\u0131\u015fkanl\u0131\u011f\u0131n\u0131 s\u00fcrd\u00fcrmek mi istiyorsun? O zaman M\u00f6ller&#8217;s Omega-3 To Go tam olarak arad\u0131\u011f\u0131n \u015fey. <\/strong><\/p>\n<p data-start=\"456\" data-end=\"715\">Limon To Go Paketi, ferah limon aromal\u0131 saf Norve\u00e7 bal\u0131k ya\u011f\u0131 i\u00e7eren 7 g\u00fcnl\u00fck 5 ml&#8217;lik porsiyon i\u00e7erir. Her porsiyon omega-3 ya\u011f asitleri (DHA ve EPA) ve A, D ve E vitaminleri bak\u0131m\u0131ndan zengindir. Ferah limon aromas\u0131 sayesinde, bal\u0131k tad\u0131 olmadan kullan\u0131m\u0131 keyiflidir. <span class=\"relative -mx-px my-[-0.2rem] rounded px-px py-[0.2rem] transition-colors duration-100 ease-in-out\">Tatil i\u00e7in veya \u00e7antan\u0131zda ideal seyahat boyutu.<\/span>  <\/p>\n<h3>Kullan\u0131m<\/h3>\n<p>Bir paket, 5 ml&#8217;lik bir g\u00fcnl\u00fck omega-3 porsiyonu i\u00e7erir. Besin maddelerinin optimal emilimi i\u00e7in ya\u011f\u0131 bir \u00f6\u011f\u00fcn ile birlikte al\u0131n. Yolda, bavulunuzda veya \u00e7antan\u0131zda kullanmak i\u00e7in m\u00fckemmel.  <\/p>\n<h3>\u0130\u00e7indekiler<\/h3>\n<p>S\u00fcrd\u00fcr\u00fclebilir \u015fekilde avlanan Arktik morinadan elde edilen bal\u0131k ya\u011f\u0131 (<strong>bal\u0131k<\/strong>), do\u011fal limon aromas\u0131, dl-\u03b1-tokoferil asetat (E vitamini) ve do\u011fal tokoferol (antioksidan).<\/p>\n<p>M\u00f6ller&#8217;s Omega-3 koruyucu madde, yapay renklendirici veya tatland\u0131r\u0131c\u0131, \u015feker veya tatland\u0131r\u0131c\u0131 i\u00e7ermez.<\/p>\n<table dir=\"ltr\" border=\"2\" rules=\"all\" cellspacing=\"2\" cellpadding=\"1\">\n<tbody>\n<tr align=\"left\" valign=\"top\">\n<td align=\"left\" valign=\"middle\">\n<h3>Besin De\u011feri<\/h3>\n<\/td>\n<td align=\"left\" valign=\"middle\">\n<h3>5 ml ba\u015f\u0131na<\/h3>\n<\/td>\n<\/tr>\n<tr align=\"left\" valign=\"top\">\n<td align=\"left\" valign=\"middle\">Omega-3 ya\u011f asitleri<\/td>\n<td align=\"left\" valign=\"middle\">1110 mg<\/td>\n<\/tr>\n<tr align=\"left\" valign=\"top\">\n<td align=\"left\" valign=\"middle\">\u2013 DHA<\/td>\n<td align=\"left\" valign=\"middle\">500 mg<\/td>\n<\/tr>\n<tr align=\"left\" valign=\"top\">\n<td align=\"left\" valign=\"middle\">\u2013 EPA<\/td>\n<td align=\"left\" valign=\"middle\">360 mg<\/td>\n<\/tr>\n<tr align=\"left\" valign=\"top\">\n<td align=\"left\" valign=\"middle\">D vitamini<\/td>\n<td align=\"left\" valign=\"middle\">10 mcg (%200*)<\/td>\n<\/tr>\n<tr align=\"left\" valign=\"top\">\n<td align=\"left\" valign=\"middle\">A vitamini<\/td>\n<td align=\"left\" valign=\"middle\">250 mcg (%31*)<\/td>\n<\/tr>\n<tr align=\"left\" valign=\"top\">\n<td align=\"left\" valign=\"middle\">E vitamini<\/td>\n<td align=\"left\" valign=\"middle\">3 mg (%25*)<\/td>\n<\/tr>\n<\/tbody>\n<\/table>\n<p>* Referans al\u0131m de\u011ferinin y\u00fczdesi.<\/p>\n<h3>\u00d6nerilen G\u00fcnl\u00fck Miktar<\/h3>\n<h4>Yeti\u015fkinler ve 3 ya\u015f \u00fcst\u00fc \u00e7ocuklar i\u00e7in \u00f6nerilen miktar<\/h4>\n<p>3 ya\u015f ve \u00fczeri \u00e7ocuklar ve yeti\u015fkinler i\u00e7in \u00f6nerilen g\u00fcnl\u00fck miktar: <strong>5 ml<\/strong> (= 1 tatl\u0131 ka\u015f\u0131\u011f\u0131).<br \/>\nHamile ve emziren kad\u0131nlar i\u00e7in de \u00f6nerilir.<\/p>\n<p>Besin maddelerinin optimal emilimi i\u00e7in ya\u011f\u0131 tercihen yemekle birlikte al\u0131n.<\/p>\n<h4>6 ay ve \u00fczeri \u00e7ocuklar i\u00e7in \u00f6nerilen miktar<\/h4>\n<p>6 ay ve \u00fczeri \u00e7ocuklar i\u00e7in \u00f6nerilen g\u00fcnl\u00fck miktar: <strong>2,5 ml <\/strong>(= 1\/2 tatl\u0131 ka\u015f\u0131\u011f\u0131).<br \/>\nG\u00fcnde yar\u0131m tatl\u0131 ka\u015f\u0131\u011f\u0131 ile ba\u015flaman\u0131z \u00f6nerilir. \u00c7ocuk ya\u011fa al\u0131\u015ft\u0131ktan sonra, bu miktar g\u00fcnde 1 tatl\u0131 ka\u015f\u0131\u011f\u0131na kadar art\u0131r\u0131labilir. <\/p>\n<p>6 aydan b\u00fcy\u00fck \u00e7ocuklar da bal\u0131k ya\u011f\u0131ndan fayda g\u00f6r\u00fcr. Omega-3 ya\u011f asitleri \u00e7ocuklar\u0131n normal b\u00fcy\u00fcmesi ve geli\u015fimi i\u00e7in gereklidir. Omega-3 (DHA) beyin i\u00e7in \u00f6nemli bir yap\u0131 ta\u015f\u0131d\u0131r ve ayr\u0131ca g\u00f6rme yetene\u011finin geli\u015fimini destekler. D vitamini kemik ve di\u015f geli\u015fimi i\u00e7in esast\u0131r (bkz. \u201cKimler \u0130\u00e7in\u201d). Sa\u011fl\u0131k Kurulu, 4 ya\u015f\u0131na kadar olan \u00e7ocuklara ek D vitamini verilmesini \u00f6nermektedir.<\/p>\n","protected":false},"excerpt":{"rendered":"<p data-start=\"1156\" data-end=\"1365\">\u2714 Yolda veya tatilde kullan\u0131m i\u00e7in ideal<br data-start=\"1221\" data-end=\"1224\">\u2714 Ferah limon aromal\u0131<br \/>\n\u2714 G\u00fcnde sadece bir paket (5 ml)<br \/>\n\u2714 Omega-3 ve A, D3 ve E vitaminleri bak\u0131m\u0131ndan zengin<\/p>\n<p data-start=\"1367\" data-end=\"1488\"><strong data-start=\"1367\" data-end=\"1488\">\u015eimdi Limon To Go Paketini sipari\u015f edin ve sa\u011fl\u0131\u011f\u0131n\u0131z\u0131 kolayca yan\u0131n\u0131zda ta\u015f\u0131y\u0131n. \u0130htiyac\u0131n\u0131z olan her \u015fey g\u00fcnde bir paket. <\/strong><\/p>\n","protected":false},"featured_media":1007429,"comment_status":"open","ping_status":"closed","template":"","meta":{"_yoast_wpseo_focuskw":"to go ambalaj limon","_yoast_wpseo_title":"","_yoast_wpseo_metadesc":"Hafta sonu bir yere mi gidiyorsun veya tatile mi \u00e7\u0131k\u0131yorsun? O zaman M\u00f6ller's Omega-3 to-go tam olarak arad\u0131\u011f\u0131n \u015fey. Yan\u0131n\u0131zda ta\u015f\u0131mak i\u00e7in kullan\u0131\u015fl\u0131 paketlerde 7 g\u00fcnl\u00fck limon aromal\u0131 porsiyon.","_monsterinsights_skip_tracking":false,"_monsterinsights_sitenote_active":false,"_monsterinsights_sitenote_note":"","_monsterinsights_sitenote_category":0},"product_brand":[],"product_cat":[539],"product_tag":[],"class_list":{"0":"post-1006030","1":"product","2":"type-product","3":"status-publish","4":"has-post-thumbnail","6":"product_cat-paketler","8":"first","9":"instock","10":"sale","11":"taxable","12":"shipping-taxable","13":"purchasable","14":"product-type-simple"},"wcpa_form_fields":null,"yoast_head":"<!-- This site is optimized with the Yoast SEO Premium plugin v25.1 (Yoast SEO v25.1) - https:\/\/yoast.com\/wordpress\/plugins\/seo\/ -->\n<title>M\u00f6ller&#039;s Omega-3 To-Go - Limon - 7 x 5ml - M\u00f6llers Omega-3<\/title>\n<meta name=\"description\" content=\"Hafta sonu bir yere mi gidiyorsun veya tatile mi \u00e7\u0131k\u0131yorsun? O zaman M\u00f6ller&#039;s Omega-3 to-go tam olarak arad\u0131\u011f\u0131n \u015fey. Yan\u0131n\u0131zda ta\u015f\u0131mak i\u00e7in kullan\u0131\u015fl\u0131 paketlerde 7 g\u00fcnl\u00fck limon aromal\u0131 porsiyon.\" \/>\n<meta name=\"robots\" content=\"index, follow, max-snippet:-1, max-image-preview:large, max-video-preview:-1\" \/>\n<link rel=\"canonical\" href=\"https:\/\/mollersomega3.nl\/tr\/product\/mollers-omega-3-to-go-limon-7-x-5ml\/\" \/>\n<meta property=\"og:locale\" content=\"tr_TR\" \/>\n<meta property=\"og:type\" content=\"article\" \/>\n<meta property=\"og:title\" content=\"M\u00f6ller&#039;s Omega-3 To-Go - Limon - 7 x 5ml\" \/>\n<meta property=\"og:description\" content=\"Hafta sonu bir yere mi gidiyorsun veya tatile mi \u00e7\u0131k\u0131yorsun? O zaman M\u00f6ller&#039;s Omega-3 to-go tam olarak arad\u0131\u011f\u0131n \u015fey. Yan\u0131n\u0131zda ta\u015f\u0131mak i\u00e7in kullan\u0131\u015fl\u0131 paketlerde 7 g\u00fcnl\u00fck limon aromal\u0131 porsiyon.\" \/>\n<meta property=\"og:url\" content=\"https:\/\/mollersomega3.nl\/tr\/product\/mollers-omega-3-to-go-limon-7-x-5ml\/\" \/>\n<meta property=\"og:site_name\" content=\"M\u00f6llers Omega-3\" \/>\n<meta property=\"article:publisher\" content=\"https:\/\/www.facebook.com\/mollersomega3nl\" \/>\n<meta property=\"og:image\" content=\"https:\/\/mollersomega3.nl\/tr\/wp-content\/uploads\/2025\/05\/To-go-verpakking-citroen.png\" \/>\n\t<meta property=\"og:image:width\" content=\"1000\" \/>\n\t<meta property=\"og:image:height\" content=\"1000\" \/>\n\t<meta property=\"og:image:type\" content=\"image\/png\" \/>\n<meta name=\"twitter:card\" content=\"summary_large_image\" \/>\n<meta name=\"twitter:site\" content=\"@mollersomega3nl\" \/>\n<meta name=\"twitter:label1\" content=\"Est. reading time\" \/>\n\t<meta name=\"twitter:data1\" content=\"2 minutes\" \/>\n<script type=\"application\/ld+json\" class=\"yoast-schema-graph\">{\"@context\":\"https:\/\/schema.org\",\"@graph\":[{\"@type\":\"WebPage\",\"@id\":\"https:\/\/mollersomega3.nl\/tr\/product\/mollers-omega-3-to-go-limon-7-x-5ml\/\",\"url\":\"https:\/\/mollersomega3.nl\/tr\/product\/mollers-omega-3-to-go-limon-7-x-5ml\/\",\"name\":\"M\u00f6ller's Omega-3 To-Go - Limon - 7 x 5ml - M\u00f6llers Omega-3\",\"isPartOf\":{\"@id\":\"https:\/\/mollersomega3.nl\/#website\"},\"primaryImageOfPage\":{\"@id\":\"https:\/\/mollersomega3.nl\/tr\/product\/mollers-omega-3-to-go-limon-7-x-5ml\/#primaryimage\"},\"image\":{\"@id\":\"https:\/\/mollersomega3.nl\/tr\/product\/mollers-omega-3-to-go-limon-7-x-5ml\/#primaryimage\"},\"thumbnailUrl\":\"https:\/\/mollersomega3.nl\/wp-content\/uploads\/2025\/05\/To-go-verpakking-citroen.png\",\"datePublished\":\"2025-05-20T13:17:14+00:00\",\"description\":\"Hafta sonu bir yere mi gidiyorsun veya tatile mi \u00e7\u0131k\u0131yorsun? O zaman M\u00f6ller's Omega-3 to-go tam olarak arad\u0131\u011f\u0131n \u015fey. Yan\u0131n\u0131zda ta\u015f\u0131mak i\u00e7in kullan\u0131\u015fl\u0131 paketlerde 7 g\u00fcnl\u00fck limon aromal\u0131 porsiyon.\",\"breadcrumb\":{\"@id\":\"https:\/\/mollersomega3.nl\/tr\/product\/mollers-omega-3-to-go-limon-7-x-5ml\/#breadcrumb\"},\"inLanguage\":\"tr-TR\",\"potentialAction\":[{\"@type\":\"ReadAction\",\"target\":[\"https:\/\/mollersomega3.nl\/tr\/product\/mollers-omega-3-to-go-limon-7-x-5ml\/\"]}]},{\"@type\":\"ImageObject\",\"inLanguage\":\"tr-TR\",\"@id\":\"https:\/\/mollersomega3.nl\/tr\/product\/mollers-omega-3-to-go-limon-7-x-5ml\/#primaryimage\",\"url\":\"https:\/\/mollersomega3.nl\/wp-content\/uploads\/2025\/05\/To-go-verpakking-citroen.png\",\"contentUrl\":\"https:\/\/mollersomega3.nl\/wp-content\/uploads\/2025\/05\/To-go-verpakking-citroen.png\",\"width\":1000,\"height\":1000},{\"@type\":\"BreadcrumbList\",\"@id\":\"https:\/\/mollersomega3.nl\/tr\/product\/mollers-omega-3-to-go-limon-7-x-5ml\/#breadcrumb\",\"itemListElement\":[{\"@type\":\"ListItem\",\"position\":1,\"name\":\"Ana Sayfa\",\"item\":\"https:\/\/mollersomega3.nl\/tr\/\"},{\"@type\":\"ListItem\",\"position\":2,\"name\":\"\u00dcr\u00fcnler\",\"item\":\"https:\/\/mollersomega3.nl\/tr\/urunler\/\"},{\"@type\":\"ListItem\",\"position\":3,\"name\":\"M\u00f6ller&#8217;s Omega-3 To-Go \u2013 Limon \u2013 7 x 5ml\"}]},{\"@type\":\"WebSite\",\"@id\":\"https:\/\/mollersomega3.nl\/#website\",\"url\":\"https:\/\/mollersomega3.nl\/\",\"name\":\"M\u00f6llers Omega-3\",\"description\":\"A Spoonful of Life since 1854\",\"publisher\":{\"@id\":\"https:\/\/mollersomega3.nl\/#organization\"},\"potentialAction\":[{\"@type\":\"SearchAction\",\"target\":{\"@type\":\"EntryPoint\",\"urlTemplate\":\"https:\/\/mollersomega3.nl\/?s={search_term_string}\"},\"query-input\":{\"@type\":\"PropertyValueSpecification\",\"valueRequired\":true,\"valueName\":\"search_term_string\"}}],\"inLanguage\":\"tr-TR\"},{\"@type\":\"Organization\",\"@id\":\"https:\/\/mollersomega3.nl\/#organization\",\"name\":\"M\u00f6llers Omega-3\",\"url\":\"https:\/\/mollersomega3.nl\/\",\"logo\":{\"@type\":\"ImageObject\",\"inLanguage\":\"tr-TR\",\"@id\":\"https:\/\/mollersomega3.nl\/#\/schema\/logo\/image\/\",\"url\":\"https:\/\/mollersomega3.nl\/wp-content\/uploads\/2020\/07\/mollers-logo-bestellingen.png\",\"contentUrl\":\"https:\/\/mollersomega3.nl\/wp-content\/uploads\/2020\/07\/mollers-logo-bestellingen.png\",\"width\":250,\"height\":86,\"caption\":\"M\u00f6llers Omega-3\"},\"image\":{\"@id\":\"https:\/\/mollersomega3.nl\/#\/schema\/logo\/image\/\"},\"sameAs\":[\"https:\/\/www.facebook.com\/MollersOmega3NL\",\"https:\/\/www.instagram.com\/mollersomega3nl\/\",\"https:\/\/nl.linkedin.com\/company\/good-life-international\",\"https:\/\/www.bol.com\/nl\/nl\/m\/mollers\/\",\"https:\/\/mollersomega3.nl\/en\/\"],\"foundingDate\":\"1854\",\"areaServed\":[\"GB\",\"IE\",\"US\",\"CA\",\"AU\",\"NZ\",\"NL\"],\"knowsAbout\":[\"omega-3\",\"cod liver oil\",\"fish oil\",\"DHA\",\"EPA\",\"vitamin D\"],\"description\":\"Norwegian premium omega-3 brand since 1854. Cod liver oil and fish oil supplements with omega-3, vitamins A, D and E.\"}]}<\/script>\n<!-- \/ Yoast SEO Premium plugin. -->","yoast_head_json":{"title":"M\u00f6ller's Omega-3 To-Go - Limon - 7 x 5ml - M\u00f6llers Omega-3","description":"Hafta sonu bir yere mi gidiyorsun veya tatile mi \u00e7\u0131k\u0131yorsun? O zaman M\u00f6ller's Omega-3 to-go tam olarak arad\u0131\u011f\u0131n \u015fey. Yan\u0131n\u0131zda ta\u015f\u0131mak i\u00e7in kullan\u0131\u015fl\u0131 paketlerde 7 g\u00fcnl\u00fck limon aromal\u0131 porsiyon.","robots":{"index":"index","follow":"follow","max-snippet":"max-snippet:-1","max-image-preview":"max-image-preview:large","max-video-preview":"max-video-preview:-1"},"canonical":"https:\/\/mollersomega3.nl\/tr\/product\/mollers-omega-3-to-go-limon-7-x-5ml\/","og_locale":"tr_TR","og_type":"article","og_title":"M\u00f6ller's Omega-3 To-Go - Limon - 7 x 5ml","og_description":"Hafta sonu bir yere mi gidiyorsun veya tatile mi \u00e7\u0131k\u0131yorsun? O zaman M\u00f6ller's Omega-3 to-go tam olarak arad\u0131\u011f\u0131n \u015fey. Yan\u0131n\u0131zda ta\u015f\u0131mak i\u00e7in kullan\u0131\u015fl\u0131 paketlerde 7 g\u00fcnl\u00fck limon aromal\u0131 porsiyon.","og_url":"https:\/\/mollersomega3.nl\/tr\/product\/mollers-omega-3-to-go-limon-7-x-5ml\/","og_site_name":"M\u00f6llers Omega-3","article_publisher":"https:\/\/www.facebook.com\/mollersomega3nl","og_image":[{"width":1000,"height":1000,"url":"https:\/\/mollersomega3.nl\/tr\/wp-content\/uploads\/2025\/05\/To-go-verpakking-citroen.png","type":"image\/png"}],"twitter_card":"summary_large_image","twitter_site":"@mollersomega3nl","twitter_misc":{"Est. reading time":"2 minutes"},"schema":{"@context":"https:\/\/schema.org","@graph":[{"@type":"WebPage","@id":"https:\/\/mollersomega3.nl\/tr\/product\/mollers-omega-3-to-go-limon-7-x-5ml\/","url":"https:\/\/mollersomega3.nl\/tr\/product\/mollers-omega-3-to-go-limon-7-x-5ml\/","name":"M\u00f6ller's Omega-3 To-Go - Limon - 7 x 5ml - M\u00f6llers Omega-3","isPartOf":{"@id":"https:\/\/mollersomega3.nl\/#website"},"primaryImageOfPage":{"@id":"https:\/\/mollersomega3.nl\/tr\/product\/mollers-omega-3-to-go-limon-7-x-5ml\/#primaryimage"},"image":{"@id":"https:\/\/mollersomega3.nl\/tr\/product\/mollers-omega-3-to-go-limon-7-x-5ml\/#primaryimage"},"thumbnailUrl":"https:\/\/mollersomega3.nl\/wp-content\/uploads\/2025\/05\/To-go-verpakking-citroen.png","datePublished":"2025-05-20T13:17:14+00:00","description":"Hafta sonu bir yere mi gidiyorsun veya tatile mi \u00e7\u0131k\u0131yorsun? O zaman M\u00f6ller's Omega-3 to-go tam olarak arad\u0131\u011f\u0131n \u015fey. Yan\u0131n\u0131zda ta\u015f\u0131mak i\u00e7in kullan\u0131\u015fl\u0131 paketlerde 7 g\u00fcnl\u00fck limon aromal\u0131 porsiyon.","breadcrumb":{"@id":"https:\/\/mollersomega3.nl\/tr\/product\/mollers-omega-3-to-go-limon-7-x-5ml\/#breadcrumb"},"inLanguage":"tr-TR","potentialAction":[{"@type":"ReadAction","target":["https:\/\/mollersomega3.nl\/tr\/product\/mollers-omega-3-to-go-limon-7-x-5ml\/"]}]},{"@type":"ImageObject","inLanguage":"tr-TR","@id":"https:\/\/mollersomega3.nl\/tr\/product\/mollers-omega-3-to-go-limon-7-x-5ml\/#primaryimage","url":"https:\/\/mollersomega3.nl\/wp-content\/uploads\/2025\/05\/To-go-verpakking-citroen.png","contentUrl":"https:\/\/mollersomega3.nl\/wp-content\/uploads\/2025\/05\/To-go-verpakking-citroen.png","width":1000,"height":1000},{"@type":"BreadcrumbList","@id":"https:\/\/mollersomega3.nl\/tr\/product\/mollers-omega-3-to-go-limon-7-x-5ml\/#breadcrumb","itemListElement":[{"@type":"ListItem","position":1,"name":"Ana Sayfa","item":"https:\/\/mollersomega3.nl\/tr\/"},{"@type":"ListItem","position":2,"name":"\u00dcr\u00fcnler","item":"https:\/\/mollersomega3.nl\/tr\/urunler\/"},{"@type":"ListItem","position":3,"name":"M\u00f6ller&#8217;s Omega-3 To-Go \u2013 Limon \u2013 7 x 5ml"}]},{"@type":"WebSite","@id":"https:\/\/mollersomega3.nl\/#website","url":"https:\/\/mollersomega3.nl\/","name":"M\u00f6llers Omega-3","description":"A Spoonful of Life since 1854","publisher":{"@id":"https:\/\/mollersomega3.nl\/#organization"},"potentialAction":[{"@type":"SearchAction","target":{"@type":"EntryPoint","urlTemplate":"https:\/\/mollersomega3.nl\/?s={search_term_string}"},"query-input":{"@type":"PropertyValueSpecification","valueRequired":true,"valueName":"search_term_string"}}],"inLanguage":"tr-TR"},{"@type":"Organization","@id":"https:\/\/mollersomega3.nl\/#organization","name":"M\u00f6llers Omega-3","url":"https:\/\/mollersomega3.nl\/","logo":{"@type":"ImageObject","inLanguage":"tr-TR","@id":"https:\/\/mollersomega3.nl\/#\/schema\/logo\/image\/","url":"https:\/\/mollersomega3.nl\/wp-content\/uploads\/2020\/07\/mollers-logo-bestellingen.png","contentUrl":"https:\/\/mollersomega3.nl\/wp-content\/uploads\/2020\/07\/mollers-logo-bestellingen.png","width":250,"height":86,"caption":"M\u00f6llers Omega-3"},"image":{"@id":"https:\/\/mollersomega3.nl\/#\/schema\/logo\/image\/"},"sameAs":["https:\/\/www.facebook.com\/MollersOmega3NL","https:\/\/www.instagram.com\/mollersomega3nl\/","https:\/\/nl.linkedin.com\/company\/good-life-international","https:\/\/www.bol.com\/nl\/nl\/m\/mollers\/","https:\/\/mollersomega3.nl\/en\/"],"foundingDate":"1854","areaServed":["GB","IE","US","CA","AU","NZ","NL"],"knowsAbout":["omega-3","cod liver oil","fish oil","DHA","EPA","vitamin D"],"description":"Norwegian premium omega-3 brand since 1854. Cod liver oil and fish oil supplements with omega-3, vitamins A, D and E."}]}},"_links":{"self":[{"href":"https:\/\/mollersomega3.nl\/tr\/wp-json\/wp\/v2\/product\/1006030","targetHints":{"allow":["GET"]}}],"collection":[{"href":"https:\/\/mollersomega3.nl\/tr\/wp-json\/wp\/v2\/product"}],"about":[{"href":"https:\/\/mollersomega3.nl\/tr\/wp-json\/wp\/v2\/types\/product"}],"replies":[{"embeddable":true,"href":"https:\/\/mollersomega3.nl\/tr\/wp-json\/wp\/v2\/comments?post=1006030"}],"wp:featuredmedia":[{"embeddable":true,"href":"https:\/\/mollersomega3.nl\/tr\/wp-json\/wp\/v2\/media\/1007429"}],"wp:attachment":[{"href":"https:\/\/mollersomega3.nl\/tr\/wp-json\/wp\/v2\/media?parent=1006030"}],"wp:term":[{"taxonomy":"product_brand","embeddable":true,"href":"https:\/\/mollersomega3.nl\/tr\/wp-json\/wp\/v2\/product_brand?post=1006030"},{"taxonomy":"product_cat","embeddable":true,"href":"https:\/\/mollersomega3.nl\/tr\/wp-json\/wp\/v2\/product_cat?post=1006030"},{"taxonomy":"product_tag","embeddable":true,"href":"https:\/\/mollersomega3.nl\/tr\/wp-json\/wp\/v2\/product_tag?post=1006030"}],"curies":[{"name":"wp","href":"https:\/\/api.w.org\/{rel}","templated":true}]}}